{"id":9352,"date":"2025-10-08T16:07:56","date_gmt":"2025-10-08T14:07:56","guid":{"rendered":"https:\/\/quicklearning.academy\/?post_type=product&#038;p=9352"},"modified":"2025-10-11T19:11:52","modified_gmt":"2025-10-11T17:11:52","slug":"under-60-ml","status":"publish","type":"product","link":"https:\/\/quicklearning.academy\/fr\/produit\/under-60-ml\/","title":{"rendered":"UNDER 60 g"},"content":{"rendered":"<h3>B\u00c9N\u00c9FICES<\/h3>\n<p>Copertura al 100% che non satura eccessivamente. Massimo potere colorante. Chiarezza, tono e luminosit\u00e0 assoluti. Tecnologia ibrida per maggiore affidabilit\u00e0, precisione e controllo. Doppia pigmentazione. Eccezionale qualit\u00e0 dei capelli. Progettato per tutti i tipi di capelli.<\/p>\n<h3>MODE D'EMPLOI<\/h3>\n<p>Utilizzando un rapporto 1:1,5, miscelare con il 4,5% (15 vol)\/ 7,5% (25 vol)\/ 10,5% (35 vol) di Under Activating Cream, a seconda della diagnosi. Applicare sui capelli asciutti. Tempo di posa 25-45 minuti. Insaponare la tinta con un po&#8217; di acqua tiepida e risciacquare abbondantemente. Lavare i capelli con uno shampoo adatto. Risciacquare con abbondante acqua tiepida e asciugare come di consueto. Riservato ai professionisti.<\/p>\n<h3>TECNOLOGIA<\/h3>\n<p>Glucamine Nature Tech, la nostra nuova tecnologia ibrida altamente efficace che vanta il primo agente alcalinizzante di origine naturale, ottenuto da zuccheri vegetali biodegradabili, e un basso contenuto di ammoniaca per risultati di colore eccezionali: massima copertura, lunga durata e maggiore realismo del colore; protezione anti-metallo per prevenire i danni da ossidazione; e una formula pi\u00f9 sostenibile e naturale. Vegan Collagen Care, un nuovo complesso di origine biotecnologica che fornisce elasticit\u00e0 e protezione al cuoio capelluto e ai capelli.<\/p>\n<h3>INGREDIENTI<\/h3>\n<p>Acqua (Aqua) (Eau), Alcol cetearilico, Propandiolo, Cocamide MEA, Etanolammina, Acido stearico, Acido oleico, Ottildodecanolo, Trioleina, Ammoniaca, Sodio lauriletere solfato, 2-metilresorcinolo, 4-ammino-2-idrossitoluene, 4-clororesorcinolo, Gomma di Caesalpinia Spinosa, Ceteareth-23, Estratto di semi di Chenopodium Quinoa, Acido citrico, Dimetilglucamina, EDTA disodico, Estratto di semi di Glycine Max (soia), Estratto di semi di Adansonia Digitata idrolizzato, Proteine \u200b\u200bdi riso idrolizzate, Proteine \u200b\u200bdi soia idrolizzate, Estratto di semi di Lens Esculenta (lenticchie), m-amminofenolo, Polyquaternium-22, Sorbato di potassio, Prolina, Aminoacidi del riso, Filtrato di lisato di fermentazione di Saccharomyces, Ascorbato di sodio, benzoato di sodio, idrosolfito di sodio, solfito di sodio, etidronato di tetrasodio, tocoferolo, solfato di toluene-2,5-diammina, estratto di radice di Zingiber officinale (zenzero), fragranza (profumo), acetil cedrene, tetrametil acetiloctaidronaftalene.<\/p>\n<h3>FORMAT<\/h3>\n<p>60 g<\/p>","protected":false},"excerpt":{"rendered":"<p><span dir=\"auto\">La crema colorante con copertura ad alta definizione e tecnologia ibrida per un boost di colore ultra-reale e ultra-naturale senza limiti. <\/span><strong><span dir=\"auto\">TECNOLOGIA IBRIDA INNOVATIVA<\/span><\/strong><span dir=\"auto\"> Una formula innovativa con Glucamine Nature Tech, una tecnologia ibrida che offre massima copertura e colore ultra-reale. <\/span><strong><span dir=\"auto\">DOPPIO POTERE DI PIGMENTAZIONE<\/span><\/strong><span dir=\"auto\"> Maggiore penetrazione e nitidezza del colore grazie a una nuova evoluzione nel sistema di rilascio dei pigmenti. <\/span><strong><span dir=\"auto\">COLLAGENE VEGANO<\/span><\/strong><span dir=\"auto\">\u00a0Un innovativo complesso biotecnologico per donare ai capelli e al cuoio capelluto ulteriore resistenza e protezione.<\/span><\/p>\n<h4><strong>\u00a01\/A ASH &#8211; 2\/P PEARL &#8211; 3\/G GOLD &#8211; 4\/C COOPER &#8211; 5\/M MOGANO &#8211; 6\/B BRUNETTE &#8211; 7\/R RED &#8211; 8\/VR PURPLE &#8211; x0\/N NATURAL<\/strong><\/h4>","protected":false},"featured_media":9346,"comment_status":"closed","ping_status":"closed","template":"","meta":{"_joinchat":[]},"product_brand":[],"product_cat":[262],"product_tag":[],"class_list":{"0":"post-9352","1":"product","2":"type-product","3":"status-publish","4":"has-post-thumbnail","6":"product_cat-under","8":"first","9":"instock","10":"sale","11":"taxable","12":"shipping-taxable","13":"purchasable","14":"product-type-variable"},"yoast_head":"<!-- This site is optimized with the Yoast SEO plugin v27.4 - https:\/\/yoast.com\/product\/yoast-seo-wordpress\/ -->\n<title>UNDER 60 g - Quick Learning Academy<\/title>\n<meta name=\"robots\" content=\"index, follow, max-snippet:-1, max-image-preview:large, max-video-preview:-1\" \/>\n<link rel=\"canonical\" href=\"https:\/\/quicklearning.academy\/fr\/produit\/under-60-ml\/\" \/>\n<meta property=\"og:locale\" content=\"fr_FR\" \/>\n<meta property=\"og:type\" content=\"article\" \/>\n<meta property=\"og:title\" content=\"UNDER 60 g - Quick Learning Academy\" \/>\n<meta property=\"og:description\" content=\"La crema colorante con copertura ad alta definizione e tecnologia ibrida per un boost di colore ultra-reale e ultra-naturale senza limiti. TECNOLOGIA IBRIDA INNOVATIVA Una formula innovativa con Glucamine Nature Tech, una tecnologia ibrida che offre massima copertura e colore ultra-reale. DOPPIO POTERE DI PIGMENTAZIONE Maggiore penetrazione e nitidezza del colore grazie a una nuova evoluzione nel sistema di rilascio dei pigmenti. COLLAGENE VEGANO\u00a0Un innovativo complesso biotecnologico per donare ai capelli e al cuoio capelluto ulteriore resistenza e protezione. \u00a01\/A ASH - 2\/P PEARL - 3\/G GOLD - 4\/C COOPER - 5\/M MOGANO - 6\/B BRUNETTE - 7\/R RED - 8\/VR PURPLE - x0\/N NATURAL\" \/>\n<meta property=\"og:url\" content=\"https:\/\/quicklearning.academy\/fr\/produit\/under-60-ml\/\" \/>\n<meta property=\"og:site_name\" content=\"Quick Learning Academy\" \/>\n<meta property=\"article:modified_time\" content=\"2025-10-11T17:11:52+00:00\" \/>\n<meta property=\"og:image\" content=\"https:\/\/quicklearning.academy\/wp-content\/uploads\/2025\/10\/Under_banner_1855x2560-C.webp\" \/>\n\t<meta property=\"og:image:width\" content=\"1855\" \/>\n\t<meta property=\"og:image:height\" content=\"2560\" \/>\n\t<meta property=\"og:image:type\" content=\"image\/webp\" \/>\n<meta name=\"twitter:card\" content=\"summary_large_image\" \/>\n<meta name=\"twitter:label1\" content=\"Dur\u00e9e de lecture estim\u00e9e\" \/>\n\t<meta name=\"twitter:data1\" content=\"2 minutes\" \/>\n<script type=\"application\/ld+json\" class=\"yoast-schema-graph\">{\"@context\":\"https:\\\/\\\/schema.org\",\"@graph\":[{\"@type\":\"WebPage\",\"@id\":\"https:\\\/\\\/quicklearning.academy\\\/prodotto\\\/under-60-ml\\\/\",\"url\":\"https:\\\/\\\/quicklearning.academy\\\/prodotto\\\/under-60-ml\\\/\",\"name\":\"UNDER 60 g - Quick Learning Academy\",\"isPartOf\":{\"@id\":\"https:\\\/\\\/quicklearning.academy\\\/#website\"},\"primaryImageOfPage\":{\"@id\":\"https:\\\/\\\/quicklearning.academy\\\/prodotto\\\/under-60-ml\\\/#primaryimage\"},\"image\":{\"@id\":\"https:\\\/\\\/quicklearning.academy\\\/prodotto\\\/under-60-ml\\\/#primaryimage\"},\"thumbnailUrl\":\"https:\\\/\\\/quicklearning.academy\\\/wp-content\\\/uploads\\\/2025\\\/10\\\/Under_banner_1855x2560-C.webp\",\"datePublished\":\"2025-10-08T14:07:56+00:00\",\"dateModified\":\"2025-10-11T17:11:52+00:00\",\"breadcrumb\":{\"@id\":\"https:\\\/\\\/quicklearning.academy\\\/prodotto\\\/under-60-ml\\\/#breadcrumb\"},\"inLanguage\":\"fr-FR\",\"potentialAction\":[{\"@type\":\"ReadAction\",\"target\":[\"https:\\\/\\\/quicklearning.academy\\\/prodotto\\\/under-60-ml\\\/\"]}]},{\"@type\":\"ImageObject\",\"inLanguage\":\"fr-FR\",\"@id\":\"https:\\\/\\\/quicklearning.academy\\\/prodotto\\\/under-60-ml\\\/#primaryimage\",\"url\":\"https:\\\/\\\/quicklearning.academy\\\/wp-content\\\/uploads\\\/2025\\\/10\\\/Under_banner_1855x2560-C.webp\",\"contentUrl\":\"https:\\\/\\\/quicklearning.academy\\\/wp-content\\\/uploads\\\/2025\\\/10\\\/Under_banner_1855x2560-C.webp\",\"width\":1855,\"height\":2560},{\"@type\":\"BreadcrumbList\",\"@id\":\"https:\\\/\\\/quicklearning.academy\\\/prodotto\\\/under-60-ml\\\/#breadcrumb\",\"itemListElement\":[{\"@type\":\"ListItem\",\"position\":1,\"name\":\"Home\",\"item\":\"https:\\\/\\\/quicklearning.academy\\\/home\\\/\"},{\"@type\":\"ListItem\",\"position\":2,\"name\":\"Shop\",\"item\":\"https:\\\/\\\/quicklearning.academy\\\/negozio\\\/\"},{\"@type\":\"ListItem\",\"position\":3,\"name\":\"UNDER 60 g\"}]},{\"@type\":\"WebSite\",\"@id\":\"https:\\\/\\\/quicklearning.academy\\\/#website\",\"url\":\"https:\\\/\\\/quicklearning.academy\\\/\",\"name\":\"Quick Learning Academy\",\"description\":\"Prodotti e Formazione per Parrucchieri\",\"publisher\":{\"@id\":\"https:\\\/\\\/quicklearning.academy\\\/#organization\"},\"potentialAction\":[{\"@type\":\"SearchAction\",\"target\":{\"@type\":\"EntryPoint\",\"urlTemplate\":\"https:\\\/\\\/quicklearning.academy\\\/?s={search_term_string}\"},\"query-input\":{\"@type\":\"PropertyValueSpecification\",\"valueRequired\":true,\"valueName\":\"search_term_string\"}}],\"inLanguage\":\"fr-FR\"},{\"@type\":\"Organization\",\"@id\":\"https:\\\/\\\/quicklearning.academy\\\/#organization\",\"name\":\"Quick Learning\",\"url\":\"https:\\\/\\\/quicklearning.academy\\\/\",\"logo\":{\"@type\":\"ImageObject\",\"inLanguage\":\"fr-FR\",\"@id\":\"https:\\\/\\\/quicklearning.academy\\\/#\\\/schema\\\/logo\\\/image\\\/\",\"url\":\"https:\\\/\\\/quicklearning.academy\\\/wp-content\\\/uploads\\\/2021\\\/12\\\/LOGO-11.png\",\"contentUrl\":\"https:\\\/\\\/quicklearning.academy\\\/wp-content\\\/uploads\\\/2021\\\/12\\\/LOGO-11.png\",\"width\":841,\"height\":595,\"caption\":\"Quick Learning\"},\"image\":{\"@id\":\"https:\\\/\\\/quicklearning.academy\\\/#\\\/schema\\\/logo\\\/image\\\/\"}}]}<\/script>\n<!-- \/ Yoast SEO plugin. -->","yoast_head_json":{"title":"UNDER 60 g - Quick Learning Academy","robots":{"index":"index","follow":"follow","max-snippet":"max-snippet:-1","max-image-preview":"max-image-preview:large","max-video-preview":"max-video-preview:-1"},"canonical":"https:\/\/quicklearning.academy\/fr\/produit\/under-60-ml\/","og_locale":"fr_FR","og_type":"article","og_title":"UNDER 60 g - Quick Learning Academy","og_description":"La crema colorante con copertura ad alta definizione e tecnologia ibrida per un boost di colore ultra-reale e ultra-naturale senza limiti. TECNOLOGIA IBRIDA INNOVATIVA Una formula innovativa con Glucamine Nature Tech, una tecnologia ibrida che offre massima copertura e colore ultra-reale. DOPPIO POTERE DI PIGMENTAZIONE Maggiore penetrazione e nitidezza del colore grazie a una nuova evoluzione nel sistema di rilascio dei pigmenti. COLLAGENE VEGANO\u00a0Un innovativo complesso biotecnologico per donare ai capelli e al cuoio capelluto ulteriore resistenza e protezione. \u00a01\/A ASH - 2\/P PEARL - 3\/G GOLD - 4\/C COOPER - 5\/M MOGANO - 6\/B BRUNETTE - 7\/R RED - 8\/VR PURPLE - x0\/N NATURAL","og_url":"https:\/\/quicklearning.academy\/fr\/produit\/under-60-ml\/","og_site_name":"Quick Learning Academy","article_modified_time":"2025-10-11T17:11:52+00:00","og_image":[{"width":1855,"height":2560,"url":"https:\/\/quicklearning.academy\/wp-content\/uploads\/2025\/10\/Under_banner_1855x2560-C.webp","type":"image\/webp"}],"twitter_card":"summary_large_image","twitter_misc":{"Dur\u00e9e de lecture estim\u00e9e":"2 minutes"},"schema":{"@context":"https:\/\/schema.org","@graph":[{"@type":"WebPage","@id":"https:\/\/quicklearning.academy\/prodotto\/under-60-ml\/","url":"https:\/\/quicklearning.academy\/prodotto\/under-60-ml\/","name":"UNDER 60 g - Quick Learning Academy","isPartOf":{"@id":"https:\/\/quicklearning.academy\/#website"},"primaryImageOfPage":{"@id":"https:\/\/quicklearning.academy\/prodotto\/under-60-ml\/#primaryimage"},"image":{"@id":"https:\/\/quicklearning.academy\/prodotto\/under-60-ml\/#primaryimage"},"thumbnailUrl":"https:\/\/quicklearning.academy\/wp-content\/uploads\/2025\/10\/Under_banner_1855x2560-C.webp","datePublished":"2025-10-08T14:07:56+00:00","dateModified":"2025-10-11T17:11:52+00:00","breadcrumb":{"@id":"https:\/\/quicklearning.academy\/prodotto\/under-60-ml\/#breadcrumb"},"inLanguage":"fr-FR","potentialAction":[{"@type":"ReadAction","target":["https:\/\/quicklearning.academy\/prodotto\/under-60-ml\/"]}]},{"@type":"ImageObject","inLanguage":"fr-FR","@id":"https:\/\/quicklearning.academy\/prodotto\/under-60-ml\/#primaryimage","url":"https:\/\/quicklearning.academy\/wp-content\/uploads\/2025\/10\/Under_banner_1855x2560-C.webp","contentUrl":"https:\/\/quicklearning.academy\/wp-content\/uploads\/2025\/10\/Under_banner_1855x2560-C.webp","width":1855,"height":2560},{"@type":"BreadcrumbList","@id":"https:\/\/quicklearning.academy\/prodotto\/under-60-ml\/#breadcrumb","itemListElement":[{"@type":"ListItem","position":1,"name":"Home","item":"https:\/\/quicklearning.academy\/home\/"},{"@type":"ListItem","position":2,"name":"Shop","item":"https:\/\/quicklearning.academy\/negozio\/"},{"@type":"ListItem","position":3,"name":"UNDER 60 g"}]},{"@type":"WebSite","@id":"https:\/\/quicklearning.academy\/#website","url":"https:\/\/quicklearning.academy\/","name":"Acad\u00e9mie d'apprentissage rapide","description":"Produits et formations pour les coiffeurs","publisher":{"@id":"https:\/\/quicklearning.academy\/#organization"},"potentialAction":[{"@type":"SearchAction","target":{"@type":"EntryPoint","urlTemplate":"https:\/\/quicklearning.academy\/?s={search_term_string}"},"query-input":{"@type":"PropertyValueSpecification","valueRequired":true,"valueName":"search_term_string"}}],"inLanguage":"fr-FR"},{"@type":"Organization","@id":"https:\/\/quicklearning.academy\/#organization","name":"Apprentissage rapide","url":"https:\/\/quicklearning.academy\/","logo":{"@type":"ImageObject","inLanguage":"fr-FR","@id":"https:\/\/quicklearning.academy\/#\/schema\/logo\/image\/","url":"https:\/\/quicklearning.academy\/wp-content\/uploads\/2021\/12\/LOGO-11.png","contentUrl":"https:\/\/quicklearning.academy\/wp-content\/uploads\/2021\/12\/LOGO-11.png","width":841,"height":595,"caption":"Quick Learning"},"image":{"@id":"https:\/\/quicklearning.academy\/#\/schema\/logo\/image\/"}}]}},"_links":{"self":[{"href":"https:\/\/quicklearning.academy\/fr\/wp-json\/wp\/v2\/product\/9352","targetHints":{"allow":["GET"]}}],"collection":[{"href":"https:\/\/quicklearning.academy\/fr\/wp-json\/wp\/v2\/product"}],"about":[{"href":"https:\/\/quicklearning.academy\/fr\/wp-json\/wp\/v2\/types\/product"}],"replies":[{"embeddable":true,"href":"https:\/\/quicklearning.academy\/fr\/wp-json\/wp\/v2\/comments?post=9352"}],"wp:featuredmedia":[{"embeddable":true,"href":"https:\/\/quicklearning.academy\/fr\/wp-json\/wp\/v2\/media\/9346"}],"wp:attachment":[{"href":"https:\/\/quicklearning.academy\/fr\/wp-json\/wp\/v2\/media?parent=9352"}],"wp:term":[{"taxonomy":"product_brand","embeddable":true,"href":"https:\/\/quicklearning.academy\/fr\/wp-json\/wp\/v2\/product_brand?post=9352"},{"taxonomy":"product_cat","embeddable":true,"href":"https:\/\/quicklearning.academy\/fr\/wp-json\/wp\/v2\/product_cat?post=9352"},{"taxonomy":"product_tag","embeddable":true,"href":"https:\/\/quicklearning.academy\/fr\/wp-json\/wp\/v2\/product_tag?post=9352"}],"curies":[{"name":"wp","href":"https:\/\/api.w.org\/{rel}","templated":true}]}}