{"id":9292,"date":"2025-10-08T12:25:30","date_gmt":"2025-10-08T10:25:30","guid":{"rendered":"https:\/\/quicklearning.academy\/?post_type=product&#038;p=9292"},"modified":"2025-10-08T12:27:49","modified_gmt":"2025-10-08T10:27:49","slug":"eclat-clear-250ml","status":"publish","type":"product","link":"https:\/\/quicklearning.academy\/fr\/produit\/eclat-clear-250ml\/","title":{"rendered":"ECLAT CLEAR 250 ML"},"content":{"rendered":"<h3>B\u00c9N\u00c9FICES<\/h3>\n<p>Crea un velo di luce istantaneo. Personalizza tutte le tonalit\u00e0 \u00e9clat. Senza ammoniaca, senza MEA, senza PPD. Dura fino a 25 lavaggi. Brillantezza sublime. Inverte i danni dopo un solo utilizzo*. 3 volte pi\u00f9 morbidezza*. Capelli pi\u00f9 forti pi\u00f9 a lungo**. * Rispetto ai capelli decolorati non trattati. ** I capelli decolorati trattati con \u00e9clat rimangono resistenti alla rottura al 93% anche dopo 30 lavaggi.<\/p>\n<h3>MODE D'EMPLOI<\/h3>\n<p>Applicare sui capelli asciutti o umidi, a seconda del risultato desiderato. Lasciare in posa per 20 minuti. Risciacquare, lavare e applicare il balsamo.<\/p>\n<h3>TECNOLOGIA<\/h3>\n<p>1. pH ACIDO 6,9: permette al colore di svilupparsi in modo pi\u00f9 delicato, confortevole e rispettoso senza danneggiare i capelli. 2. AMP: agente alcalinizzante biodegradabile che attiva i pigmenti senza alterare la struttura originale del capello. Sostituto biodegradabile di Amonio e MEA. 3. TECNOLOGIA TECH BONDER E PROTEINE VEGETALI: complesso proteico di origine vegetale che rende i capelli pi\u00f9 forti e corposi. 4. VITAMINA C: antiossidanti agrumati che ringiovaniscono i capelli, donando istantaneamente una lucentezza incredibile e duratura.<\/p>\n<h3>INGREDIENTI<\/h3>\n<p>Acqua, Alcohol Denat, Laureth-3, Acido oleico, Aminometil propanolo, Propanediolo, Acido benzoico, Benzoato di benzile, Estratto di semi di Chenopodium quinoa, Acido citrico, Decil glucoside, Dicaprilil etere, EDTA disodico, Geraniolo, Gliceril oleato, Estratto di semi di Glycine Max, Proteine \u200b\u200bdi riso idrolizzate, Proteine \u200b\u200bvegetali idrolizzate PG-propil silanetriolo, Estratto di semi di Lens esculenta, Limonene, Linalolo, Pantenolo, Profumo, Fenossietanolo, Sorbato di potassio, Filtrato di lisato di fermento di Saccharomyces, Ascorbato di sodio, Benzoato di sodio, Solfito di sodio, Etidronato tetrasodio, Estratto di radice di Zingiber officinale.<\/p>\n<h3>FORMAT<\/h3>\n<p>250 ML<\/p>","protected":false},"excerpt":{"rendered":"<p><span dir=\"auto\">Clear \u00e8 una tonalit\u00e0 trasparente versatile,<\/span><br \/>\n<span dir=\"auto\">1 prodotto, 2 utilizzi:<\/span><\/p>\n<p><span dir=\"auto\">1. INTENSIT\u00c0 CONTROLLATA Regola l&#8217;intensit\u00e0 di qualsiasi tonalit\u00e0 \u00e9clat per risultati personalizzati o delicate tonalit\u00e0 pastello.<\/span><\/p>\n<p><span dir=\"auto\">2. LUCENTEZZA SUBLIME: Dona ai capelli una lucentezza sublime e un trattamento proteico nutriente.<\/span><\/p>\n<p><b><span dir=\"auto\">I vantaggi<\/span><\/b><span dir=\"auto\">\u00a0:<\/span><br \/>\n<span dir=\"auto\">&#8211; Crea un velo di luce istantaneo.<\/span><br \/>\n<span dir=\"auto\">&#8211; Personalizza tutte le tonalit\u00e0 \u00e9clat.<\/span><br \/>\n<span dir=\"auto\">&#8211; Senza ammoniaca, senza MEA, senza PPD.<\/span><br \/>\n<span dir=\"auto\">&#8211; Dura fino a 25 lavaggi.<\/span><br \/>\n<span dir=\"auto\">&#8211; Lucentezza sublime.<\/span><br \/>\n<span dir=\"auto\">&#8211; Inverte i danni dopo un solo utilizzo.*<\/span><br \/>\n<span dir=\"auto\">&#8211; 3 volte pi\u00f9 morbidezza*<\/span><br \/>\n<span dir=\"auto\">&#8211; Capelli pi\u00f9 forti pi\u00f9 a lungo.**<\/span><\/p>\n<p><span dir=\"auto\">* Rispetto ai capelli decolorati non trattati.<\/span><br \/>\n<span dir=\"auto\">** I capelli decolorati trattati con \u00c9clat rimangono resistenti alla rottura al 93% anche dopo 30 lavaggi.<\/span><\/p>","protected":false},"featured_media":9238,"comment_status":"closed","ping_status":"closed","template":"","meta":{"_joinchat":[]},"product_brand":[],"product_cat":[261],"product_tag":[],"class_list":{"0":"post-9292","1":"product","2":"type-product","3":"status-publish","4":"has-post-thumbnail","6":"product_cat-eclat","8":"first","9":"instock","10":"sale","11":"taxable","12":"shipping-taxable","13":"purchasable","14":"product-type-simple"},"yoast_head":"<!-- This site is optimized with the Yoast SEO plugin v27.4 - https:\/\/yoast.com\/product\/yoast-seo-wordpress\/ -->\n<title>ECLAT CLEAR 250 ML - Quick Learning Academy<\/title>\n<meta name=\"robots\" content=\"index, follow, max-snippet:-1, max-image-preview:large, max-video-preview:-1\" \/>\n<link rel=\"canonical\" href=\"https:\/\/quicklearning.academy\/fr\/produit\/eclat-clear-250ml\/\" \/>\n<meta property=\"og:locale\" content=\"fr_FR\" \/>\n<meta property=\"og:type\" content=\"article\" \/>\n<meta property=\"og:title\" content=\"ECLAT CLEAR 250 ML - Quick Learning Academy\" \/>\n<meta property=\"og:description\" content=\"Clear \u00e8 una tonalit\u00e0 trasparente versatile, 1 prodotto, 2 utilizzi:  1. INTENSIT\u00c0 CONTROLLATA Regola l&#039;intensit\u00e0 di qualsiasi tonalit\u00e0 \u00e9clat per risultati personalizzati o delicate tonalit\u00e0 pastello.  2. LUCENTEZZA SUBLIME: Dona ai capelli una lucentezza sublime e un trattamento proteico nutriente.  I vantaggi\u00a0: - Crea un velo di luce istantaneo. - Personalizza tutte le tonalit\u00e0 \u00e9clat. - Senza ammoniaca, senza MEA, senza PPD. - Dura fino a 25 lavaggi. - Lucentezza sublime. - Inverte i danni dopo un solo utilizzo.* - 3 volte pi\u00f9 morbidezza* - Capelli pi\u00f9 forti pi\u00f9 a lungo.**  * Rispetto ai capelli decolorati non trattati. ** I capelli decolorati trattati con \u00c9clat rimangono resistenti alla rottura al 93% anche dopo 30 lavaggi.\" \/>\n<meta property=\"og:url\" content=\"https:\/\/quicklearning.academy\/fr\/produit\/eclat-clear-250ml\/\" \/>\n<meta property=\"og:site_name\" content=\"Quick Learning Academy\" \/>\n<meta property=\"article:modified_time\" content=\"2025-10-08T10:27:49+00:00\" \/>\n<meta property=\"og:image\" content=\"https:\/\/quicklearning.academy\/wp-content\/uploads\/2025\/10\/eclat-Clear.webp\" \/>\n\t<meta property=\"og:image:width\" content=\"1855\" \/>\n\t<meta property=\"og:image:height\" content=\"2560\" \/>\n\t<meta property=\"og:image:type\" content=\"image\/webp\" \/>\n<meta name=\"twitter:card\" content=\"summary_large_image\" \/>\n<meta name=\"twitter:label1\" content=\"Dur\u00e9e de lecture estim\u00e9e\" \/>\n\t<meta name=\"twitter:data1\" content=\"2 minutes\" \/>\n<script type=\"application\/ld+json\" class=\"yoast-schema-graph\">{\"@context\":\"https:\\\/\\\/schema.org\",\"@graph\":[{\"@type\":\"WebPage\",\"@id\":\"https:\\\/\\\/quicklearning.academy\\\/prodotto\\\/eclat-clear-250ml\\\/\",\"url\":\"https:\\\/\\\/quicklearning.academy\\\/prodotto\\\/eclat-clear-250ml\\\/\",\"name\":\"ECLAT CLEAR 250 ML - Quick Learning Academy\",\"isPartOf\":{\"@id\":\"https:\\\/\\\/quicklearning.academy\\\/#website\"},\"primaryImageOfPage\":{\"@id\":\"https:\\\/\\\/quicklearning.academy\\\/prodotto\\\/eclat-clear-250ml\\\/#primaryimage\"},\"image\":{\"@id\":\"https:\\\/\\\/quicklearning.academy\\\/prodotto\\\/eclat-clear-250ml\\\/#primaryimage\"},\"thumbnailUrl\":\"https:\\\/\\\/quicklearning.academy\\\/wp-content\\\/uploads\\\/2025\\\/10\\\/eclat-Clear.webp\",\"datePublished\":\"2025-10-08T10:25:30+00:00\",\"dateModified\":\"2025-10-08T10:27:49+00:00\",\"breadcrumb\":{\"@id\":\"https:\\\/\\\/quicklearning.academy\\\/prodotto\\\/eclat-clear-250ml\\\/#breadcrumb\"},\"inLanguage\":\"fr-FR\",\"potentialAction\":[{\"@type\":\"ReadAction\",\"target\":[\"https:\\\/\\\/quicklearning.academy\\\/prodotto\\\/eclat-clear-250ml\\\/\"]}]},{\"@type\":\"ImageObject\",\"inLanguage\":\"fr-FR\",\"@id\":\"https:\\\/\\\/quicklearning.academy\\\/prodotto\\\/eclat-clear-250ml\\\/#primaryimage\",\"url\":\"https:\\\/\\\/quicklearning.academy\\\/wp-content\\\/uploads\\\/2025\\\/10\\\/eclat-Clear.webp\",\"contentUrl\":\"https:\\\/\\\/quicklearning.academy\\\/wp-content\\\/uploads\\\/2025\\\/10\\\/eclat-Clear.webp\",\"width\":1855,\"height\":2560},{\"@type\":\"BreadcrumbList\",\"@id\":\"https:\\\/\\\/quicklearning.academy\\\/prodotto\\\/eclat-clear-250ml\\\/#breadcrumb\",\"itemListElement\":[{\"@type\":\"ListItem\",\"position\":1,\"name\":\"Home\",\"item\":\"https:\\\/\\\/quicklearning.academy\\\/home\\\/\"},{\"@type\":\"ListItem\",\"position\":2,\"name\":\"Shop\",\"item\":\"https:\\\/\\\/quicklearning.academy\\\/negozio\\\/\"},{\"@type\":\"ListItem\",\"position\":3,\"name\":\"ECLAT CLEAR 250 ML\"}]},{\"@type\":\"WebSite\",\"@id\":\"https:\\\/\\\/quicklearning.academy\\\/#website\",\"url\":\"https:\\\/\\\/quicklearning.academy\\\/\",\"name\":\"Quick Learning Academy\",\"description\":\"Prodotti e Formazione per Parrucchieri\",\"publisher\":{\"@id\":\"https:\\\/\\\/quicklearning.academy\\\/#organization\"},\"potentialAction\":[{\"@type\":\"SearchAction\",\"target\":{\"@type\":\"EntryPoint\",\"urlTemplate\":\"https:\\\/\\\/quicklearning.academy\\\/?s={search_term_string}\"},\"query-input\":{\"@type\":\"PropertyValueSpecification\",\"valueRequired\":true,\"valueName\":\"search_term_string\"}}],\"inLanguage\":\"fr-FR\"},{\"@type\":\"Organization\",\"@id\":\"https:\\\/\\\/quicklearning.academy\\\/#organization\",\"name\":\"Quick Learning\",\"url\":\"https:\\\/\\\/quicklearning.academy\\\/\",\"logo\":{\"@type\":\"ImageObject\",\"inLanguage\":\"fr-FR\",\"@id\":\"https:\\\/\\\/quicklearning.academy\\\/#\\\/schema\\\/logo\\\/image\\\/\",\"url\":\"https:\\\/\\\/quicklearning.academy\\\/wp-content\\\/uploads\\\/2021\\\/12\\\/LOGO-11.png\",\"contentUrl\":\"https:\\\/\\\/quicklearning.academy\\\/wp-content\\\/uploads\\\/2021\\\/12\\\/LOGO-11.png\",\"width\":841,\"height\":595,\"caption\":\"Quick Learning\"},\"image\":{\"@id\":\"https:\\\/\\\/quicklearning.academy\\\/#\\\/schema\\\/logo\\\/image\\\/\"}}]}<\/script>\n<!-- \/ Yoast SEO plugin. -->","yoast_head_json":{"title":"ECLAT CLEAR 250 ML - Quick Learning Academy","robots":{"index":"index","follow":"follow","max-snippet":"max-snippet:-1","max-image-preview":"max-image-preview:large","max-video-preview":"max-video-preview:-1"},"canonical":"https:\/\/quicklearning.academy\/fr\/produit\/eclat-clear-250ml\/","og_locale":"fr_FR","og_type":"article","og_title":"ECLAT CLEAR 250 ML - Quick Learning Academy","og_description":"Clear \u00e8 una tonalit\u00e0 trasparente versatile, 1 prodotto, 2 utilizzi:  1. INTENSIT\u00c0 CONTROLLATA Regola l'intensit\u00e0 di qualsiasi tonalit\u00e0 \u00e9clat per risultati personalizzati o delicate tonalit\u00e0 pastello.  2. LUCENTEZZA SUBLIME: Dona ai capelli una lucentezza sublime e un trattamento proteico nutriente.  I vantaggi\u00a0: - Crea un velo di luce istantaneo. - Personalizza tutte le tonalit\u00e0 \u00e9clat. - Senza ammoniaca, senza MEA, senza PPD. - Dura fino a 25 lavaggi. - Lucentezza sublime. - Inverte i danni dopo un solo utilizzo.* - 3 volte pi\u00f9 morbidezza* - Capelli pi\u00f9 forti pi\u00f9 a lungo.**  * Rispetto ai capelli decolorati non trattati. ** I capelli decolorati trattati con \u00c9clat rimangono resistenti alla rottura al 93% anche dopo 30 lavaggi.","og_url":"https:\/\/quicklearning.academy\/fr\/produit\/eclat-clear-250ml\/","og_site_name":"Quick Learning Academy","article_modified_time":"2025-10-08T10:27:49+00:00","og_image":[{"width":1855,"height":2560,"url":"https:\/\/quicklearning.academy\/wp-content\/uploads\/2025\/10\/eclat-Clear.webp","type":"image\/webp"}],"twitter_card":"summary_large_image","twitter_misc":{"Dur\u00e9e de lecture estim\u00e9e":"2 minutes"},"schema":{"@context":"https:\/\/schema.org","@graph":[{"@type":"WebPage","@id":"https:\/\/quicklearning.academy\/prodotto\/eclat-clear-250ml\/","url":"https:\/\/quicklearning.academy\/prodotto\/eclat-clear-250ml\/","name":"ECLAT CLEAR 250 ML - Quick Learning Academy","isPartOf":{"@id":"https:\/\/quicklearning.academy\/#website"},"primaryImageOfPage":{"@id":"https:\/\/quicklearning.academy\/prodotto\/eclat-clear-250ml\/#primaryimage"},"image":{"@id":"https:\/\/quicklearning.academy\/prodotto\/eclat-clear-250ml\/#primaryimage"},"thumbnailUrl":"https:\/\/quicklearning.academy\/wp-content\/uploads\/2025\/10\/eclat-Clear.webp","datePublished":"2025-10-08T10:25:30+00:00","dateModified":"2025-10-08T10:27:49+00:00","breadcrumb":{"@id":"https:\/\/quicklearning.academy\/prodotto\/eclat-clear-250ml\/#breadcrumb"},"inLanguage":"fr-FR","potentialAction":[{"@type":"ReadAction","target":["https:\/\/quicklearning.academy\/prodotto\/eclat-clear-250ml\/"]}]},{"@type":"ImageObject","inLanguage":"fr-FR","@id":"https:\/\/quicklearning.academy\/prodotto\/eclat-clear-250ml\/#primaryimage","url":"https:\/\/quicklearning.academy\/wp-content\/uploads\/2025\/10\/eclat-Clear.webp","contentUrl":"https:\/\/quicklearning.academy\/wp-content\/uploads\/2025\/10\/eclat-Clear.webp","width":1855,"height":2560},{"@type":"BreadcrumbList","@id":"https:\/\/quicklearning.academy\/prodotto\/eclat-clear-250ml\/#breadcrumb","itemListElement":[{"@type":"ListItem","position":1,"name":"Home","item":"https:\/\/quicklearning.academy\/home\/"},{"@type":"ListItem","position":2,"name":"Shop","item":"https:\/\/quicklearning.academy\/negozio\/"},{"@type":"ListItem","position":3,"name":"ECLAT CLEAR 250 ML"}]},{"@type":"WebSite","@id":"https:\/\/quicklearning.academy\/#website","url":"https:\/\/quicklearning.academy\/","name":"Acad\u00e9mie d'apprentissage rapide","description":"Produits et formations pour les coiffeurs","publisher":{"@id":"https:\/\/quicklearning.academy\/#organization"},"potentialAction":[{"@type":"SearchAction","target":{"@type":"EntryPoint","urlTemplate":"https:\/\/quicklearning.academy\/?s={search_term_string}"},"query-input":{"@type":"PropertyValueSpecification","valueRequired":true,"valueName":"search_term_string"}}],"inLanguage":"fr-FR"},{"@type":"Organization","@id":"https:\/\/quicklearning.academy\/#organization","name":"Apprentissage rapide","url":"https:\/\/quicklearning.academy\/","logo":{"@type":"ImageObject","inLanguage":"fr-FR","@id":"https:\/\/quicklearning.academy\/#\/schema\/logo\/image\/","url":"https:\/\/quicklearning.academy\/wp-content\/uploads\/2021\/12\/LOGO-11.png","contentUrl":"https:\/\/quicklearning.academy\/wp-content\/uploads\/2021\/12\/LOGO-11.png","width":841,"height":595,"caption":"Quick Learning"},"image":{"@id":"https:\/\/quicklearning.academy\/#\/schema\/logo\/image\/"}}]}},"_links":{"self":[{"href":"https:\/\/quicklearning.academy\/fr\/wp-json\/wp\/v2\/product\/9292","targetHints":{"allow":["GET"]}}],"collection":[{"href":"https:\/\/quicklearning.academy\/fr\/wp-json\/wp\/v2\/product"}],"about":[{"href":"https:\/\/quicklearning.academy\/fr\/wp-json\/wp\/v2\/types\/product"}],"replies":[{"embeddable":true,"href":"https:\/\/quicklearning.academy\/fr\/wp-json\/wp\/v2\/comments?post=9292"}],"wp:featuredmedia":[{"embeddable":true,"href":"https:\/\/quicklearning.academy\/fr\/wp-json\/wp\/v2\/media\/9238"}],"wp:attachment":[{"href":"https:\/\/quicklearning.academy\/fr\/wp-json\/wp\/v2\/media?parent=9292"}],"wp:term":[{"taxonomy":"product_brand","embeddable":true,"href":"https:\/\/quicklearning.academy\/fr\/wp-json\/wp\/v2\/product_brand?post=9292"},{"taxonomy":"product_cat","embeddable":true,"href":"https:\/\/quicklearning.academy\/fr\/wp-json\/wp\/v2\/product_cat?post=9292"},{"taxonomy":"product_tag","embeddable":true,"href":"https:\/\/quicklearning.academy\/fr\/wp-json\/wp\/v2\/product_tag?post=9292"}],"curies":[{"name":"wp","href":"https:\/\/api.w.org\/{rel}","templated":true}]}}