{"id":9200,"date":"2025-10-06T23:33:33","date_gmt":"2025-10-06T21:33:33","guid":{"rendered":"https:\/\/quicklearning.academy\/?post_type=product&#038;p=9200"},"modified":"2025-10-11T19:18:21","modified_gmt":"2025-10-11T17:18:21","slug":"eclat","status":"publish","type":"product","link":"https:\/\/quicklearning.academy\/fr\/produit\/eclat\/","title":{"rendered":"ECLAT 60 ML"},"content":{"rendered":"<h2><span dir=\"auto\">Il gloss colorato semipermanente a pH acido che tonifica e ripara.<\/span><\/h2>\n<p><b><span dir=\"auto\">I vantaggi<\/span><\/b><span dir=\"auto\">\u00a0:<\/span><br \/>\n<span dir=\"auto\">&#8211; Senza ammoniaca, senza MEA, senza PPD.<\/span><br \/>\n<span dir=\"auto\">&#8211; Dura fino a 25 lavaggi.<\/span><br \/>\n<span dir=\"auto\">&#8211; Zero danni, zero schiariture, zero impegno.<\/span><br \/>\n<span dir=\"auto\">&#8211; Brillantezza sublime.<\/span><br \/>\n<span dir=\"auto\">&#8211; Inverte i danni in 1 utilizzo.*<\/span><br \/>\n<span dir=\"auto\">&#8211; Colore 3 volte pi\u00f9 duraturo rispetto alle principali colorazioni liquide acide.<\/span><br \/>\n<span dir=\"auto\">&#8211; Capelli 3 volte pi\u00f9 lisci.*<\/span><br \/>\n<span dir=\"auto\">&#8211; Capelli pi\u00f9 forti a lungo.**<\/span><br \/>\n<span dir=\"auto\">&#8211; Risultati fedeli al tono.<\/span><\/p>\n<p><span dir=\"auto\">*rispetto ai capelli decolorati non trattati.<\/span><br \/>\n<span dir=\"auto\">**I capelli decolorati trattati con \u00e9clat rimangono resistenti alla rottura al 93% anche dopo 30 lavaggi.<\/span><\/p>\n<h3>B\u00c9N\u00c9FICES<\/h3>\n<p>Zero danni, zero schiariture, zero impegno. Brillantezza sublime. Inverte i danni dopo un solo utilizzo*. Colore 3 volte pi\u00f9 duraturo rispetto alle principali marche di colorazioni liquide acide. 3 volte pi\u00f9 liscio*. Capelli pi\u00f9 forti pi\u00f9 a lungo**. Risultati fedeli al tono. * Rispetto ai capelli decolorati non trattati. ** I capelli decolorati trattati con \u00c9clat rimangono resistenti alla rottura al 93% anche dopo 30 lavaggi<\/p>\n<h3>MODE D'EMPLOI<\/h3>\n<p>Applicare sui capelli asciutti o umidi, a seconda del risultato desiderato. Lasciare in posa per 20 minuti. Risciacquare, lavare e applicare il balsamo.<\/p>\n<h3>TECNOLOGIA<\/h3>\n<p>La fusione definitiva tra colore e cura: 1. pH ACIDO 6,9: consente al colore di svilupparsi in modo pi\u00f9 delicato, confortevole e rispettoso senza danneggiare i capelli. 2. AMP: un agente alcalinizzante biodegradabile che attiva i pigmenti senza alterare la struttura originale del capello. Sostituto biodegradabile di Amonio e MEA. 3. TECNOLOGIA TECH BONDER E PROTEINE VEGETALI: complesso proteico di origine vegetale che rende i capelli pi\u00f9 forti e corposi. 4. VITAMINA C: antiossidanti agrumati che ringiovaniscono i capelli, donando istantaneamente una lucentezza incredibile e duratura.<\/p>\n<h3>INGREDIENTI<\/h3>\n<p>Acqua, Alcol Denat., Laureth-3, Acido Oleico, Aminometil Propanolo, 2,4-Diaminofenossietanolo HCl, Toluene-2,5-Diammina Solfato, Propandiolo, Acido Benzoico, Benzoato di Benzile, Estratto di Semi di Chenopodium Quinoa, Acido Citrico, Decil Glucoside, Dicaprilil Etere, EDTA Disodio, Geraniolo, Gliceril Oleato, Estratto di Semi di Glycine Max, Proteine \u200b\u200bdi Riso Idrolizzate, Proteine \u200b\u200bVegetali Idrolizzate PG-Propil Silanetriolo, Estratto di Semi di Lens Esculenta, Limonene, Linalolo, m-Aminofenolo, N,N-Bis(2-Idrossietil)-p-Fenilendiammina Solfato, Pantenolo, Profumo, Fenossietanolo, Sorbato di Potassio, Filtrato di Saccharomyces Ferment Lisato, Ascorbato di Sodio, Sodio Benzoato, solfito di sodio, etidronato tetrasodio, estratto di radice di Zingiber officinale.<\/p>\n<h3>FORMAT<\/h3>\n<p>60 ML<\/p>\n<p>&nbsp;<\/p>","protected":false},"excerpt":{"rendered":"<p><strong>La tinta semipermanente che trasforma la colorazione in un trattamento: .1\/A ASH &#8211; .2\/P PEARL &#8211; .3\/G GOLD &#8211; .4\/C COOPER &#8211; .5\/M MOGANO &#8211; .6\/B BRUNETTE &#8211; .7\/R RED &#8211; .8\/VR PURPLE &#8211; .x0\/N NATURAL<\/strong><\/p>","protected":false},"featured_media":9241,"comment_status":"closed","ping_status":"closed","template":"","meta":{"_joinchat":[]},"product_brand":[],"product_cat":[261],"product_tag":[],"class_list":{"0":"post-9200","1":"product","2":"type-product","3":"status-publish","4":"has-post-thumbnail","6":"product_cat-eclat","8":"first","9":"instock","10":"sale","11":"taxable","12":"shipping-taxable","13":"purchasable","14":"product-type-variable"},"yoast_head":"<!-- This site is optimized with the Yoast SEO plugin v27.4 - https:\/\/yoast.com\/product\/yoast-seo-wordpress\/ -->\n<title>ECLAT 60 ML - Quick Learning Academy<\/title>\n<meta name=\"robots\" content=\"index, follow, max-snippet:-1, max-image-preview:large, max-video-preview:-1\" \/>\n<link rel=\"canonical\" href=\"https:\/\/quicklearning.academy\/fr\/produit\/eclat\/\" \/>\n<meta property=\"og:locale\" content=\"fr_FR\" \/>\n<meta property=\"og:type\" content=\"article\" \/>\n<meta property=\"og:title\" content=\"ECLAT 60 ML - Quick Learning Academy\" \/>\n<meta property=\"og:description\" content=\"La tinta semipermanente che trasforma la colorazione in un trattamento: .1\/A ASH - .2\/P PEARL - .3\/G GOLD - .4\/C COOPER - .5\/M MOGANO - .6\/B BRUNETTE - .7\/R RED - .8\/VR PURPLE - .x0\/N NATURAL\" \/>\n<meta property=\"og:url\" content=\"https:\/\/quicklearning.academy\/fr\/produit\/eclat\/\" \/>\n<meta property=\"og:site_name\" content=\"Quick Learning Academy\" \/>\n<meta property=\"article:modified_time\" content=\"2025-10-11T17:18:21+00:00\" \/>\n<meta property=\"og:image\" content=\"https:\/\/quicklearning.academy\/wp-content\/uploads\/2025\/10\/imatge-3.jpg\" \/>\n\t<meta property=\"og:image:width\" content=\"700\" \/>\n\t<meta property=\"og:image:height\" content=\"900\" \/>\n\t<meta property=\"og:image:type\" content=\"image\/jpeg\" \/>\n<meta name=\"twitter:card\" content=\"summary_large_image\" \/>\n<meta name=\"twitter:label1\" content=\"Dur\u00e9e de lecture estim\u00e9e\" \/>\n\t<meta name=\"twitter:data1\" content=\"2 minutes\" \/>\n<script type=\"application\/ld+json\" class=\"yoast-schema-graph\">{\"@context\":\"https:\\\/\\\/schema.org\",\"@graph\":[{\"@type\":\"WebPage\",\"@id\":\"https:\\\/\\\/quicklearning.academy\\\/prodotto\\\/eclat\\\/\",\"url\":\"https:\\\/\\\/quicklearning.academy\\\/prodotto\\\/eclat\\\/\",\"name\":\"ECLAT 60 ML - Quick Learning Academy\",\"isPartOf\":{\"@id\":\"https:\\\/\\\/quicklearning.academy\\\/#website\"},\"primaryImageOfPage\":{\"@id\":\"https:\\\/\\\/quicklearning.academy\\\/prodotto\\\/eclat\\\/#primaryimage\"},\"image\":{\"@id\":\"https:\\\/\\\/quicklearning.academy\\\/prodotto\\\/eclat\\\/#primaryimage\"},\"thumbnailUrl\":\"https:\\\/\\\/quicklearning.academy\\\/wp-content\\\/uploads\\\/2025\\\/10\\\/imatge-3.jpg\",\"datePublished\":\"2025-10-06T21:33:33+00:00\",\"dateModified\":\"2025-10-11T17:18:21+00:00\",\"breadcrumb\":{\"@id\":\"https:\\\/\\\/quicklearning.academy\\\/prodotto\\\/eclat\\\/#breadcrumb\"},\"inLanguage\":\"fr-FR\",\"potentialAction\":[{\"@type\":\"ReadAction\",\"target\":[\"https:\\\/\\\/quicklearning.academy\\\/prodotto\\\/eclat\\\/\"]}]},{\"@type\":\"ImageObject\",\"inLanguage\":\"fr-FR\",\"@id\":\"https:\\\/\\\/quicklearning.academy\\\/prodotto\\\/eclat\\\/#primaryimage\",\"url\":\"https:\\\/\\\/quicklearning.academy\\\/wp-content\\\/uploads\\\/2025\\\/10\\\/imatge-3.jpg\",\"contentUrl\":\"https:\\\/\\\/quicklearning.academy\\\/wp-content\\\/uploads\\\/2025\\\/10\\\/imatge-3.jpg\",\"width\":700,\"height\":900},{\"@type\":\"BreadcrumbList\",\"@id\":\"https:\\\/\\\/quicklearning.academy\\\/prodotto\\\/eclat\\\/#breadcrumb\",\"itemListElement\":[{\"@type\":\"ListItem\",\"position\":1,\"name\":\"Home\",\"item\":\"https:\\\/\\\/quicklearning.academy\\\/home\\\/\"},{\"@type\":\"ListItem\",\"position\":2,\"name\":\"Shop\",\"item\":\"https:\\\/\\\/quicklearning.academy\\\/negozio\\\/\"},{\"@type\":\"ListItem\",\"position\":3,\"name\":\"ECLAT 60 ML\"}]},{\"@type\":\"WebSite\",\"@id\":\"https:\\\/\\\/quicklearning.academy\\\/#website\",\"url\":\"https:\\\/\\\/quicklearning.academy\\\/\",\"name\":\"Quick Learning Academy\",\"description\":\"Prodotti e Formazione per Parrucchieri\",\"publisher\":{\"@id\":\"https:\\\/\\\/quicklearning.academy\\\/#organization\"},\"potentialAction\":[{\"@type\":\"SearchAction\",\"target\":{\"@type\":\"EntryPoint\",\"urlTemplate\":\"https:\\\/\\\/quicklearning.academy\\\/?s={search_term_string}\"},\"query-input\":{\"@type\":\"PropertyValueSpecification\",\"valueRequired\":true,\"valueName\":\"search_term_string\"}}],\"inLanguage\":\"fr-FR\"},{\"@type\":\"Organization\",\"@id\":\"https:\\\/\\\/quicklearning.academy\\\/#organization\",\"name\":\"Quick Learning\",\"url\":\"https:\\\/\\\/quicklearning.academy\\\/\",\"logo\":{\"@type\":\"ImageObject\",\"inLanguage\":\"fr-FR\",\"@id\":\"https:\\\/\\\/quicklearning.academy\\\/#\\\/schema\\\/logo\\\/image\\\/\",\"url\":\"https:\\\/\\\/quicklearning.academy\\\/wp-content\\\/uploads\\\/2021\\\/12\\\/LOGO-11.png\",\"contentUrl\":\"https:\\\/\\\/quicklearning.academy\\\/wp-content\\\/uploads\\\/2021\\\/12\\\/LOGO-11.png\",\"width\":841,\"height\":595,\"caption\":\"Quick Learning\"},\"image\":{\"@id\":\"https:\\\/\\\/quicklearning.academy\\\/#\\\/schema\\\/logo\\\/image\\\/\"}}]}<\/script>\n<!-- \/ Yoast SEO plugin. -->","yoast_head_json":{"title":"ECLAT 60 ML - Quick Learning Academy","robots":{"index":"index","follow":"follow","max-snippet":"max-snippet:-1","max-image-preview":"max-image-preview:large","max-video-preview":"max-video-preview:-1"},"canonical":"https:\/\/quicklearning.academy\/fr\/produit\/eclat\/","og_locale":"fr_FR","og_type":"article","og_title":"ECLAT 60 ML - Quick Learning Academy","og_description":"La tinta semipermanente che trasforma la colorazione in un trattamento: .1\/A ASH - .2\/P PEARL - .3\/G GOLD - .4\/C COOPER - .5\/M MOGANO - .6\/B BRUNETTE - .7\/R RED - .8\/VR PURPLE - .x0\/N NATURAL","og_url":"https:\/\/quicklearning.academy\/fr\/produit\/eclat\/","og_site_name":"Quick Learning Academy","article_modified_time":"2025-10-11T17:18:21+00:00","og_image":[{"width":700,"height":900,"url":"https:\/\/quicklearning.academy\/wp-content\/uploads\/2025\/10\/imatge-3.jpg","type":"image\/jpeg"}],"twitter_card":"summary_large_image","twitter_misc":{"Dur\u00e9e de lecture estim\u00e9e":"2 minutes"},"schema":{"@context":"https:\/\/schema.org","@graph":[{"@type":"WebPage","@id":"https:\/\/quicklearning.academy\/prodotto\/eclat\/","url":"https:\/\/quicklearning.academy\/prodotto\/eclat\/","name":"ECLAT 60 ML - Quick Learning Academy","isPartOf":{"@id":"https:\/\/quicklearning.academy\/#website"},"primaryImageOfPage":{"@id":"https:\/\/quicklearning.academy\/prodotto\/eclat\/#primaryimage"},"image":{"@id":"https:\/\/quicklearning.academy\/prodotto\/eclat\/#primaryimage"},"thumbnailUrl":"https:\/\/quicklearning.academy\/wp-content\/uploads\/2025\/10\/imatge-3.jpg","datePublished":"2025-10-06T21:33:33+00:00","dateModified":"2025-10-11T17:18:21+00:00","breadcrumb":{"@id":"https:\/\/quicklearning.academy\/prodotto\/eclat\/#breadcrumb"},"inLanguage":"fr-FR","potentialAction":[{"@type":"ReadAction","target":["https:\/\/quicklearning.academy\/prodotto\/eclat\/"]}]},{"@type":"ImageObject","inLanguage":"fr-FR","@id":"https:\/\/quicklearning.academy\/prodotto\/eclat\/#primaryimage","url":"https:\/\/quicklearning.academy\/wp-content\/uploads\/2025\/10\/imatge-3.jpg","contentUrl":"https:\/\/quicklearning.academy\/wp-content\/uploads\/2025\/10\/imatge-3.jpg","width":700,"height":900},{"@type":"BreadcrumbList","@id":"https:\/\/quicklearning.academy\/prodotto\/eclat\/#breadcrumb","itemListElement":[{"@type":"ListItem","position":1,"name":"Home","item":"https:\/\/quicklearning.academy\/home\/"},{"@type":"ListItem","position":2,"name":"Shop","item":"https:\/\/quicklearning.academy\/negozio\/"},{"@type":"ListItem","position":3,"name":"ECLAT 60 ML"}]},{"@type":"WebSite","@id":"https:\/\/quicklearning.academy\/#website","url":"https:\/\/quicklearning.academy\/","name":"Acad\u00e9mie d'apprentissage rapide","description":"Produits et formations pour les coiffeurs","publisher":{"@id":"https:\/\/quicklearning.academy\/#organization"},"potentialAction":[{"@type":"SearchAction","target":{"@type":"EntryPoint","urlTemplate":"https:\/\/quicklearning.academy\/?s={search_term_string}"},"query-input":{"@type":"PropertyValueSpecification","valueRequired":true,"valueName":"search_term_string"}}],"inLanguage":"fr-FR"},{"@type":"Organization","@id":"https:\/\/quicklearning.academy\/#organization","name":"Apprentissage rapide","url":"https:\/\/quicklearning.academy\/","logo":{"@type":"ImageObject","inLanguage":"fr-FR","@id":"https:\/\/quicklearning.academy\/#\/schema\/logo\/image\/","url":"https:\/\/quicklearning.academy\/wp-content\/uploads\/2021\/12\/LOGO-11.png","contentUrl":"https:\/\/quicklearning.academy\/wp-content\/uploads\/2021\/12\/LOGO-11.png","width":841,"height":595,"caption":"Quick Learning"},"image":{"@id":"https:\/\/quicklearning.academy\/#\/schema\/logo\/image\/"}}]}},"_links":{"self":[{"href":"https:\/\/quicklearning.academy\/fr\/wp-json\/wp\/v2\/product\/9200","targetHints":{"allow":["GET"]}}],"collection":[{"href":"https:\/\/quicklearning.academy\/fr\/wp-json\/wp\/v2\/product"}],"about":[{"href":"https:\/\/quicklearning.academy\/fr\/wp-json\/wp\/v2\/types\/product"}],"replies":[{"embeddable":true,"href":"https:\/\/quicklearning.academy\/fr\/wp-json\/wp\/v2\/comments?post=9200"}],"wp:featuredmedia":[{"embeddable":true,"href":"https:\/\/quicklearning.academy\/fr\/wp-json\/wp\/v2\/media\/9241"}],"wp:attachment":[{"href":"https:\/\/quicklearning.academy\/fr\/wp-json\/wp\/v2\/media?parent=9200"}],"wp:term":[{"taxonomy":"product_brand","embeddable":true,"href":"https:\/\/quicklearning.academy\/fr\/wp-json\/wp\/v2\/product_brand?post=9200"},{"taxonomy":"product_cat","embeddable":true,"href":"https:\/\/quicklearning.academy\/fr\/wp-json\/wp\/v2\/product_cat?post=9200"},{"taxonomy":"product_tag","embeddable":true,"href":"https:\/\/quicklearning.academy\/fr\/wp-json\/wp\/v2\/product_tag?post=9200"}],"curies":[{"name":"wp","href":"https:\/\/api.w.org\/{rel}","templated":true}]}}