{"id":9013,"date":"2025-10-01T18:25:18","date_gmt":"2025-10-01T16:25:18","guid":{"rendered":"https:\/\/quicklearning.academy\/?post_type=product&#038;p=9013"},"modified":"2025-10-01T18:31:02","modified_gmt":"2025-10-01T16:31:02","slug":"21-violet-ash-liquid-pigments-100-ml","status":"publish","type":"product","link":"https:\/\/quicklearning.academy\/fr\/produit\/21-violet-ash-liquid-pigments-100-ml\/","title":{"rendered":"21 VIOLET ASH LIQUID PIGMENTS 100 ML"},"content":{"rendered":"<p>Ideale per la cura dei capelli biondi.<\/p>\n<p>Pigmento liquido ultra-concentrato. Grazie alla sua formulazione a base di pigmenti puri altamente concentrata, pu\u00f2 essere utilizzato da solo oppure in combinazione con altri servizi tecnici per esaltare e raffreddare il biondo e spegnere le sfumature non desiderate.<\/p>\n<p>L\u2019intensit\u00e0 del risultato colore pu\u00f2 essere regolata aggiungendo una concentrazione pi\u00f9 o meno alta di pigmento all\u2019interno della miscela. Adatto a tutti i tipi di capelli, sia naturali, che colorati chimicamente, che decolorati.<\/p>\n<p>Perfetto in combinazione con il lisciante Maximum per regalare ai capelli biondi un liscio perfetto proteggendoli dalle indesiderate sfumature giallastre.<\/p>\n<h3>UTILIZZO<\/h3>\n<p>Applicare a seconda del servizio desiderato seguendo le indicazioni del manuale tecnico. Solo ad uso professionale.<\/p>\n<h3>ATTIVI<\/h3>\n<p><u>Pearly Pigments<\/u>: Micro pigmenti blu-viola che neutralizzano le indesiderate sfumature giallastre, esaltando le tonalit\u00e0 fredde e chiare.<\/p>\n<p><u>Color Guard<\/u>: Complesso di origine naturale a base di semi di uva, arricchisce come attivo trasversale in tutti i prodotti della linea Care. Dalle potenti propriet\u00e0 antiossidanti, agisce in sinergia con gli attivi presenti nelle linee Care, difendendo i capelli e la colorazione dal color fading e dallo sbiadimento, per un colore brillante e duraturo nel tempo.<\/p>\n<h3>B\u00c9N\u00c9FICES<\/h3>\n<p>Neutralizza i toni indesiderati.<br \/>\nAmplifica i toni freddi.<br \/>\nRavviva i capelli grigi e bianchi.<\/p>\n<h3>FORMAT<\/h3>\n<p>100 ML<\/p>","protected":false},"excerpt":{"rendered":"<h1 class=\"product_title entry-title nectar-inherit-default\">Pigmento Liquido Blu Viola<\/h1>","protected":false},"featured_media":9015,"comment_status":"closed","ping_status":"closed","template":"","meta":{"_joinchat":[]},"product_brand":[],"product_cat":[247],"product_tag":[],"class_list":{"0":"post-9013","1":"product","2":"type-product","3":"status-publish","4":"has-post-thumbnail","6":"product_cat-frozen-blonde","8":"first","9":"instock","10":"sale","11":"taxable","12":"shipping-taxable","13":"purchasable","14":"product-type-simple"},"yoast_head":"<!-- This site is optimized with the Yoast SEO plugin v27.4 - https:\/\/yoast.com\/product\/yoast-seo-wordpress\/ -->\n<title>21 VIOLET ASH LIQUID PIGMENTS 100 ML - Quick Learning Academy<\/title>\n<meta name=\"robots\" content=\"index, follow, max-snippet:-1, max-image-preview:large, max-video-preview:-1\" \/>\n<link rel=\"canonical\" href=\"https:\/\/quicklearning.academy\/fr\/produit\/21-violet-ash-liquid-pigments-100-ml\/\" \/>\n<meta property=\"og:locale\" content=\"fr_FR\" \/>\n<meta property=\"og:type\" content=\"article\" \/>\n<meta property=\"og:title\" content=\"21 VIOLET ASH LIQUID PIGMENTS 100 ML - Quick Learning Academy\" \/>\n<meta property=\"og:description\" content=\"Pigmento Liquido Blu Viola\" \/>\n<meta property=\"og:url\" content=\"https:\/\/quicklearning.academy\/fr\/produit\/21-violet-ash-liquid-pigments-100-ml\/\" \/>\n<meta property=\"og:site_name\" content=\"Quick Learning Academy\" \/>\n<meta property=\"article:modified_time\" content=\"2025-10-01T16:31:02+00:00\" \/>\n<meta property=\"og:image\" content=\"https:\/\/quicklearning.academy\/wp-content\/uploads\/2025\/10\/NIKA-frozen-blonde-liquid-pigment-100ml-2.webp\" \/>\n\t<meta property=\"og:image:width\" content=\"1000\" \/>\n\t<meta property=\"og:image:height\" content=\"1000\" \/>\n\t<meta property=\"og:image:type\" content=\"image\/webp\" \/>\n<meta name=\"twitter:card\" content=\"summary_large_image\" \/>\n<meta name=\"twitter:label1\" content=\"Dur\u00e9e de lecture estim\u00e9e\" \/>\n\t<meta name=\"twitter:data1\" content=\"2 minutes\" \/>\n<script type=\"application\/ld+json\" class=\"yoast-schema-graph\">{\"@context\":\"https:\\\/\\\/schema.org\",\"@graph\":[{\"@type\":\"WebPage\",\"@id\":\"https:\\\/\\\/quicklearning.academy\\\/prodotto\\\/21-violet-ash-liquid-pigments-100-ml\\\/\",\"url\":\"https:\\\/\\\/quicklearning.academy\\\/prodotto\\\/21-violet-ash-liquid-pigments-100-ml\\\/\",\"name\":\"21 VIOLET ASH LIQUID PIGMENTS 100 ML - Quick Learning Academy\",\"isPartOf\":{\"@id\":\"https:\\\/\\\/quicklearning.academy\\\/#website\"},\"primaryImageOfPage\":{\"@id\":\"https:\\\/\\\/quicklearning.academy\\\/prodotto\\\/21-violet-ash-liquid-pigments-100-ml\\\/#primaryimage\"},\"image\":{\"@id\":\"https:\\\/\\\/quicklearning.academy\\\/prodotto\\\/21-violet-ash-liquid-pigments-100-ml\\\/#primaryimage\"},\"thumbnailUrl\":\"https:\\\/\\\/quicklearning.academy\\\/wp-content\\\/uploads\\\/2025\\\/10\\\/NIKA-frozen-blonde-liquid-pigment-100ml-2.webp\",\"datePublished\":\"2025-10-01T16:25:18+00:00\",\"dateModified\":\"2025-10-01T16:31:02+00:00\",\"breadcrumb\":{\"@id\":\"https:\\\/\\\/quicklearning.academy\\\/prodotto\\\/21-violet-ash-liquid-pigments-100-ml\\\/#breadcrumb\"},\"inLanguage\":\"fr-FR\",\"potentialAction\":[{\"@type\":\"ReadAction\",\"target\":[\"https:\\\/\\\/quicklearning.academy\\\/prodotto\\\/21-violet-ash-liquid-pigments-100-ml\\\/\"]}]},{\"@type\":\"ImageObject\",\"inLanguage\":\"fr-FR\",\"@id\":\"https:\\\/\\\/quicklearning.academy\\\/prodotto\\\/21-violet-ash-liquid-pigments-100-ml\\\/#primaryimage\",\"url\":\"https:\\\/\\\/quicklearning.academy\\\/wp-content\\\/uploads\\\/2025\\\/10\\\/NIKA-frozen-blonde-liquid-pigment-100ml-2.webp\",\"contentUrl\":\"https:\\\/\\\/quicklearning.academy\\\/wp-content\\\/uploads\\\/2025\\\/10\\\/NIKA-frozen-blonde-liquid-pigment-100ml-2.webp\",\"width\":1000,\"height\":1000},{\"@type\":\"BreadcrumbList\",\"@id\":\"https:\\\/\\\/quicklearning.academy\\\/prodotto\\\/21-violet-ash-liquid-pigments-100-ml\\\/#breadcrumb\",\"itemListElement\":[{\"@type\":\"ListItem\",\"position\":1,\"name\":\"Home\",\"item\":\"https:\\\/\\\/quicklearning.academy\\\/home\\\/\"},{\"@type\":\"ListItem\",\"position\":2,\"name\":\"Shop\",\"item\":\"https:\\\/\\\/quicklearning.academy\\\/negozio\\\/\"},{\"@type\":\"ListItem\",\"position\":3,\"name\":\"21 VIOLET ASH LIQUID PIGMENTS 100 ML\"}]},{\"@type\":\"WebSite\",\"@id\":\"https:\\\/\\\/quicklearning.academy\\\/#website\",\"url\":\"https:\\\/\\\/quicklearning.academy\\\/\",\"name\":\"Quick Learning Academy\",\"description\":\"Prodotti e Formazione per Parrucchieri\",\"publisher\":{\"@id\":\"https:\\\/\\\/quicklearning.academy\\\/#organization\"},\"potentialAction\":[{\"@type\":\"SearchAction\",\"target\":{\"@type\":\"EntryPoint\",\"urlTemplate\":\"https:\\\/\\\/quicklearning.academy\\\/?s={search_term_string}\"},\"query-input\":{\"@type\":\"PropertyValueSpecification\",\"valueRequired\":true,\"valueName\":\"search_term_string\"}}],\"inLanguage\":\"fr-FR\"},{\"@type\":\"Organization\",\"@id\":\"https:\\\/\\\/quicklearning.academy\\\/#organization\",\"name\":\"Quick Learning\",\"url\":\"https:\\\/\\\/quicklearning.academy\\\/\",\"logo\":{\"@type\":\"ImageObject\",\"inLanguage\":\"fr-FR\",\"@id\":\"https:\\\/\\\/quicklearning.academy\\\/#\\\/schema\\\/logo\\\/image\\\/\",\"url\":\"https:\\\/\\\/quicklearning.academy\\\/wp-content\\\/uploads\\\/2021\\\/12\\\/LOGO-11.png\",\"contentUrl\":\"https:\\\/\\\/quicklearning.academy\\\/wp-content\\\/uploads\\\/2021\\\/12\\\/LOGO-11.png\",\"width\":841,\"height\":595,\"caption\":\"Quick Learning\"},\"image\":{\"@id\":\"https:\\\/\\\/quicklearning.academy\\\/#\\\/schema\\\/logo\\\/image\\\/\"}}]}<\/script>\n<!-- \/ Yoast SEO plugin. -->","yoast_head_json":{"title":"21 VIOLET ASH LIQUID PIGMENTS 100 ML - Quick Learning Academy","robots":{"index":"index","follow":"follow","max-snippet":"max-snippet:-1","max-image-preview":"max-image-preview:large","max-video-preview":"max-video-preview:-1"},"canonical":"https:\/\/quicklearning.academy\/fr\/produit\/21-violet-ash-liquid-pigments-100-ml\/","og_locale":"fr_FR","og_type":"article","og_title":"21 VIOLET ASH LIQUID PIGMENTS 100 ML - Quick Learning Academy","og_description":"Pigmento Liquido Blu Viola","og_url":"https:\/\/quicklearning.academy\/fr\/produit\/21-violet-ash-liquid-pigments-100-ml\/","og_site_name":"Quick Learning Academy","article_modified_time":"2025-10-01T16:31:02+00:00","og_image":[{"width":1000,"height":1000,"url":"https:\/\/quicklearning.academy\/wp-content\/uploads\/2025\/10\/NIKA-frozen-blonde-liquid-pigment-100ml-2.webp","type":"image\/webp"}],"twitter_card":"summary_large_image","twitter_misc":{"Dur\u00e9e de lecture estim\u00e9e":"2 minutes"},"schema":{"@context":"https:\/\/schema.org","@graph":[{"@type":"WebPage","@id":"https:\/\/quicklearning.academy\/prodotto\/21-violet-ash-liquid-pigments-100-ml\/","url":"https:\/\/quicklearning.academy\/prodotto\/21-violet-ash-liquid-pigments-100-ml\/","name":"21 VIOLET ASH LIQUID PIGMENTS 100 ML - Quick Learning Academy","isPartOf":{"@id":"https:\/\/quicklearning.academy\/#website"},"primaryImageOfPage":{"@id":"https:\/\/quicklearning.academy\/prodotto\/21-violet-ash-liquid-pigments-100-ml\/#primaryimage"},"image":{"@id":"https:\/\/quicklearning.academy\/prodotto\/21-violet-ash-liquid-pigments-100-ml\/#primaryimage"},"thumbnailUrl":"https:\/\/quicklearning.academy\/wp-content\/uploads\/2025\/10\/NIKA-frozen-blonde-liquid-pigment-100ml-2.webp","datePublished":"2025-10-01T16:25:18+00:00","dateModified":"2025-10-01T16:31:02+00:00","breadcrumb":{"@id":"https:\/\/quicklearning.academy\/prodotto\/21-violet-ash-liquid-pigments-100-ml\/#breadcrumb"},"inLanguage":"fr-FR","potentialAction":[{"@type":"ReadAction","target":["https:\/\/quicklearning.academy\/prodotto\/21-violet-ash-liquid-pigments-100-ml\/"]}]},{"@type":"ImageObject","inLanguage":"fr-FR","@id":"https:\/\/quicklearning.academy\/prodotto\/21-violet-ash-liquid-pigments-100-ml\/#primaryimage","url":"https:\/\/quicklearning.academy\/wp-content\/uploads\/2025\/10\/NIKA-frozen-blonde-liquid-pigment-100ml-2.webp","contentUrl":"https:\/\/quicklearning.academy\/wp-content\/uploads\/2025\/10\/NIKA-frozen-blonde-liquid-pigment-100ml-2.webp","width":1000,"height":1000},{"@type":"BreadcrumbList","@id":"https:\/\/quicklearning.academy\/prodotto\/21-violet-ash-liquid-pigments-100-ml\/#breadcrumb","itemListElement":[{"@type":"ListItem","position":1,"name":"Home","item":"https:\/\/quicklearning.academy\/home\/"},{"@type":"ListItem","position":2,"name":"Shop","item":"https:\/\/quicklearning.academy\/negozio\/"},{"@type":"ListItem","position":3,"name":"21 VIOLET ASH LIQUID PIGMENTS 100 ML"}]},{"@type":"WebSite","@id":"https:\/\/quicklearning.academy\/#website","url":"https:\/\/quicklearning.academy\/","name":"Acad\u00e9mie d'apprentissage rapide","description":"Produits et formations pour les coiffeurs","publisher":{"@id":"https:\/\/quicklearning.academy\/#organization"},"potentialAction":[{"@type":"SearchAction","target":{"@type":"EntryPoint","urlTemplate":"https:\/\/quicklearning.academy\/?s={search_term_string}"},"query-input":{"@type":"PropertyValueSpecification","valueRequired":true,"valueName":"search_term_string"}}],"inLanguage":"fr-FR"},{"@type":"Organization","@id":"https:\/\/quicklearning.academy\/#organization","name":"Apprentissage rapide","url":"https:\/\/quicklearning.academy\/","logo":{"@type":"ImageObject","inLanguage":"fr-FR","@id":"https:\/\/quicklearning.academy\/#\/schema\/logo\/image\/","url":"https:\/\/quicklearning.academy\/wp-content\/uploads\/2021\/12\/LOGO-11.png","contentUrl":"https:\/\/quicklearning.academy\/wp-content\/uploads\/2021\/12\/LOGO-11.png","width":841,"height":595,"caption":"Quick Learning"},"image":{"@id":"https:\/\/quicklearning.academy\/#\/schema\/logo\/image\/"}}]}},"_links":{"self":[{"href":"https:\/\/quicklearning.academy\/fr\/wp-json\/wp\/v2\/product\/9013","targetHints":{"allow":["GET"]}}],"collection":[{"href":"https:\/\/quicklearning.academy\/fr\/wp-json\/wp\/v2\/product"}],"about":[{"href":"https:\/\/quicklearning.academy\/fr\/wp-json\/wp\/v2\/types\/product"}],"replies":[{"embeddable":true,"href":"https:\/\/quicklearning.academy\/fr\/wp-json\/wp\/v2\/comments?post=9013"}],"wp:featuredmedia":[{"embeddable":true,"href":"https:\/\/quicklearning.academy\/fr\/wp-json\/wp\/v2\/media\/9015"}],"wp:attachment":[{"href":"https:\/\/quicklearning.academy\/fr\/wp-json\/wp\/v2\/media?parent=9013"}],"wp:term":[{"taxonomy":"product_brand","embeddable":true,"href":"https:\/\/quicklearning.academy\/fr\/wp-json\/wp\/v2\/product_brand?post=9013"},{"taxonomy":"product_cat","embeddable":true,"href":"https:\/\/quicklearning.academy\/fr\/wp-json\/wp\/v2\/product_cat?post=9013"},{"taxonomy":"product_tag","embeddable":true,"href":"https:\/\/quicklearning.academy\/fr\/wp-json\/wp\/v2\/product_tag?post=9013"}],"curies":[{"name":"wp","href":"https:\/\/api.w.org\/{rel}","templated":true}]}}