{"id":8733,"date":"1970-01-01T00:00:00","date_gmt":"1969-12-31T23:00:00","guid":{"rendered":"https:\/\/quicklearning.academy\/?post_type=product&#038;p=8733"},"modified":"2026-01-29T18:16:06","modified_gmt":"2026-01-29T17:16:06","slug":"7vg-biondo-viola-dorato-100-ml-prezzo-confezione-da-3-pezzi","status":"publish","type":"product","link":"https:\/\/quicklearning.academy\/fr\/produit\/7vg-biondo-viola-dorato-100-ml-prezzo-confezione-da-3-pezzi\/","title":{"rendered":"7VG BIONDO VIOLA DORATO 100 ML (prezzo confezione da 3 pezzi)"},"content":{"rendered":"<p><span class=\"font-proxima font-ultra-thin color-dark\">GLOW CREAM est<b>\u00a0la pratique\u00a0<span class=\"font-bold\">coloration cr\u00e8me ton sur ton<\/span><\/b>, id\u00e9al pour rehausser la couleur naturelle avec de nouveaux reflets intenses et couvrir les premiers cheveux gris.<\/span><\/p>\n<p><span class=\"font-proxima font-ultra-thin color-dark\">Merci \u00e0 la\u00a0<b>37 nuances<\/b>\u00a0miscibles entre elles permettent de cr\u00e9er de nombreux reflets et nuances de couleurs personnalis\u00e9es.<\/span><\/p>\n<div class=\"elementor-element elementor-element-c257994 subtitle elementor-widget elementor-widget-heading\" data-id=\"c257994\" data-element_type=\"widget\" data-widget_type=\"heading.default\">\n<div class=\"elementor-widget-container\">\n<h2 class=\"elementor-heading-title elementor-size-default\">Formule s\u00fbre et douce<\/h2>\n<\/div>\n<\/div>\n<div class=\"elementor-element elementor-element-3a6d5fe elementor-widget elementor-widget-text-editor\" data-id=\"3a6d5fe\" data-element_type=\"widget\" data-widget_type=\"text-editor.default\">\n<div class=\"elementor-widget-container\">\n<p class=\"color-dark font-thin\"><span class=\"font-proxima font-ultra-thin\">Merci \u00e0 la\u00a0<span class=\"font-bold\"><b>Gomme de guar<\/b><\/span>, ingr\u00e9dient naturel aux propri\u00e9t\u00e9s revitalisantes et filmog\u00e8nes connues, GLOW CREAM prot\u00e8ge les cheveux des traitements chimiques en agissant d\u00e9licatement.<\/span><\/p>\n<p class=\"color-dark font-thin\"><span class=\"font-proxima font-ultra-thin\">Le r\u00e9sultat couleur est garanti et la sant\u00e9 des cheveux est prot\u00e9g\u00e9e !<\/span><\/p>\n<\/div>\n<\/div>\n<div class=\"elementor-element elementor-element-61a9673 spazio-60 elementor-hidden-mobile elementor-widget elementor-widget-spacer\" data-id=\"61a9673\" data-element_type=\"widget\" data-widget_type=\"spacer.default\">\n<div class=\"elementor-widget-container\">\n<div class=\"elementor-spacer\">\n<p class=\"color-dark font-thin\"><span class=\"font-proxima font-ultra-thin color-dark\"><span class=\"font-bold\"><b>37 NUANCE<\/b><\/span>\u00a0miscibles entre eux.<\/span><\/p>\n<p>&nbsp;<\/p>\n<p class=\"color-dark font-thin\"><span class=\"font-proxima font-ultra-thin color-dark\"><span class=\"font-bold\"><b>R\u00c9SULTAT DE COULEUR LUMINEUSE ET NATURELLE<\/b><\/span>\u00a0avec une excellente uniformit\u00e9.<\/span><\/p>\n<p>&nbsp;<\/p>\n<p class=\"color-dark font-thin\"><span class=\"font-proxima font-ultra-thin color-dark\"><span class=\"font-bold\"><b>COUVRE LES CHEVEUX GRIS<\/b><\/span>\u00a0jusqu&#039;\u00e0 un maximum de 40%.<\/span><\/p>\n<\/div>\n<p>La coloration cr\u00e8me ton sur ton sublime votre couleur naturelle avec de nouveaux reflets intenses et est id\u00e9ale pour couvrir les premiers cheveux blancs, jusqu&#039;\u00e0 un maximum de 40%. Elle assure une excellente uniformit\u00e9, apporte brillance et douceur, pour un r\u00e9sultat couleur lumineux et naturel.<br \/>\nLes 42 nuances sont miscibles entre elles et peuvent \u00e9galement \u00eatre utilis\u00e9es en combinaison avec la coloration capillaire demi-permanente Glow Genlte et d&#039;autres colorants Cotril.<br \/>\nDilution 1:2.<\/p>\n<p><span class=\"font-bold\">FORMAT<\/span><\/p>\n<p>100 ml<\/p>\n<h2 class=\"elementor-heading-title elementor-size-default\">PRINCIPES ACTIFS ET PROPRI\u00c9T\u00c9S<\/h2>\n<p class=\"titolo-principi\">POUDRE DE PERLE : Illuminatrice, hydratante, \u00e9molliente.<\/p>\n<p class=\"titolo-principi\">HUILE DE TSUBAKI : Propri\u00e9t\u00e9s cosm\u00e9tiques et hydratantes.<\/p>\n<p class=\"titolo-principi\">VITAMINE E : Fortifiante, antioxydante.<\/p>\n<p class=\"titolo-principi\">VITAMINE B6 : Revitalisante, hydratante.<\/p>\n<div class=\"elementor-element elementor-element-225544c elementor-widget elementor-widget-heading\" data-id=\"225544c\" data-element_type=\"widget\" data-widget_type=\"heading.default\">\n<div class=\"elementor-widget-container\">\n<h2 class=\"elementor-heading-title elementor-size-default\">B\u00c9N\u00c9FICES<\/h2>\n<\/div>\n<\/div>\n<div class=\"dce-fix-background-loop elementor-element elementor-element-66e21f5 elementor-widget elementor-widget-dce-acf-repeater-v2\" data-id=\"66e21f5\" data-element_type=\"widget\" data-settings=\"{\" data-widget_type=\"dce-acf-repeater-v2.default\">\n<div class=\"elementor-widget-container\">\n<div class=\"dce-acf-repeater\">\n<ul class=\"dce-acf-repeater-list\">\n<li class=\"dce-acf-repeater-item\">Couleurs vives, lumineuses et naturelles<\/li>\n<li class=\"dce-acf-repeater-item\">Cheveux soyeux et brillants<\/li>\n<li class=\"dce-acf-repeater-item\">Couverture des premiers cheveux blancs jusqu&#039;\u00e0 40%<\/li>\n<\/ul>\n<h2>MODE D&#039;EMPLOI<\/h2>\n<p>Par exemple, pour 50 ml de Glow Cream + 100 ml d&#039;oxyg\u00e8ne, utilisez Oxycream 10 Vol. (3%) pour un effet ton sur ton ou Oxycream 15 Vol. (4.5%) pour une couvrance maximale. Temps de pose\u00a0: 25\u00a0minutes.<br \/>\nAppliquer sur cheveux secs et non lav\u00e9s \u00e0 l&#039;aide d&#039;une brosse.<\/p>\n<\/div>\n<\/div>\n<\/div>\n<\/div>\n<\/div>","protected":false},"excerpt":{"rendered":"<p>GLOW CREAM \u00e8\u00a0la pratica\u00a0colorazione in crema tono su tono, ideale per valorizzare il colore naturale con nuovi riflessi intensi e coprire i primi capelli bianchi. Grazie alle\u00a037 nuance\u00a0miscelabili tra loro consente la creazione di numerosi riflessi e sfumature di colore personalizzate. Formula sicura e delicata Grazie alla\u00a0Gomma di Guar, ingrediente naturale dalle note propriet\u00e0 condizionanti [&hellip;]<\/p>\n","protected":false},"featured_media":8661,"comment_status":"closed","ping_status":"closed","template":"","meta":{"_joinchat":[]},"product_brand":[],"product_cat":[243],"product_tag":[],"class_list":{"0":"post-8733","1":"product","2":"type-product","3":"status-publish","4":"has-post-thumbnail","6":"product_cat-glow-cream","8":"first","9":"instock","10":"sale","11":"taxable","12":"shipping-taxable","13":"purchasable","14":"product-type-simple"},"yoast_head":"<!-- This site is optimized with the Yoast SEO plugin v27.4 - https:\/\/yoast.com\/product\/yoast-seo-wordpress\/ -->\n<title>7VG BIONDO VIOLA DORATO 100 ML (prezzo confezione da 3 pezzi) - Quick Learning Academy<\/title>\n<meta name=\"robots\" content=\"index, follow, max-snippet:-1, max-image-preview:large, max-video-preview:-1\" \/>\n<link rel=\"canonical\" href=\"https:\/\/quicklearning.academy\/fr\/produit\/7vg-biondo-viola-dorato-100-ml-prezzo-confezione-da-3-pezzi\/\" \/>\n<meta property=\"og:locale\" content=\"fr_FR\" \/>\n<meta property=\"og:type\" content=\"article\" \/>\n<meta property=\"og:title\" content=\"7VG BIONDO VIOLA DORATO 100 ML (prezzo confezione da 3 pezzi) - Quick Learning Academy\" \/>\n<meta property=\"og:description\" content=\"GLOW CREAM \u00e8\u00a0la pratica\u00a0colorazione in crema tono su tono, ideale per valorizzare il colore naturale con nuovi riflessi intensi e coprire i primi capelli bianchi. Grazie alle\u00a037 nuance\u00a0miscelabili tra loro consente la creazione di numerosi riflessi e sfumature di colore personalizzate. Formula sicura e delicata Grazie alla\u00a0Gomma di Guar, ingrediente naturale dalle note propriet\u00e0 condizionanti [&hellip;]\" \/>\n<meta property=\"og:url\" content=\"https:\/\/quicklearning.academy\/fr\/produit\/7vg-biondo-viola-dorato-100-ml-prezzo-confezione-da-3-pezzi\/\" \/>\n<meta property=\"og:site_name\" content=\"Quick Learning Academy\" \/>\n<meta property=\"article:modified_time\" content=\"2026-01-29T17:16:06+00:00\" \/>\n<meta property=\"og:image\" content=\"https:\/\/quicklearning.academy\/wp-content\/uploads\/2025\/01\/Senza-nome.024.jpeg\" \/>\n\t<meta property=\"og:image:width\" content=\"2200\" \/>\n\t<meta property=\"og:image:height\" content=\"2200\" \/>\n\t<meta property=\"og:image:type\" content=\"image\/jpeg\" \/>\n<meta name=\"twitter:card\" content=\"summary_large_image\" \/>\n<meta name=\"twitter:label1\" content=\"Dur\u00e9e de lecture estim\u00e9e\" \/>\n\t<meta name=\"twitter:data1\" content=\"2 minutes\" \/>\n<script type=\"application\/ld+json\" class=\"yoast-schema-graph\">{\"@context\":\"https:\\\/\\\/schema.org\",\"@graph\":[{\"@type\":\"WebPage\",\"@id\":\"https:\\\/\\\/quicklearning.academy\\\/prodotto\\\/7vg-biondo-viola-dorato-100-ml-prezzo-confezione-da-3-pezzi\\\/\",\"url\":\"https:\\\/\\\/quicklearning.academy\\\/prodotto\\\/7vg-biondo-viola-dorato-100-ml-prezzo-confezione-da-3-pezzi\\\/\",\"name\":\"7VG BIONDO VIOLA DORATO 100 ML (prezzo confezione da 3 pezzi) - Quick Learning Academy\",\"isPartOf\":{\"@id\":\"https:\\\/\\\/quicklearning.academy\\\/#website\"},\"primaryImageOfPage\":{\"@id\":\"https:\\\/\\\/quicklearning.academy\\\/prodotto\\\/7vg-biondo-viola-dorato-100-ml-prezzo-confezione-da-3-pezzi\\\/#primaryimage\"},\"image\":{\"@id\":\"https:\\\/\\\/quicklearning.academy\\\/prodotto\\\/7vg-biondo-viola-dorato-100-ml-prezzo-confezione-da-3-pezzi\\\/#primaryimage\"},\"thumbnailUrl\":\"https:\\\/\\\/quicklearning.academy\\\/wp-content\\\/uploads\\\/2025\\\/01\\\/Senza-nome.024.jpeg\",\"datePublished\":\"1969-12-31T23:00:00+00:00\",\"dateModified\":\"2026-01-29T17:16:06+00:00\",\"breadcrumb\":{\"@id\":\"https:\\\/\\\/quicklearning.academy\\\/prodotto\\\/7vg-biondo-viola-dorato-100-ml-prezzo-confezione-da-3-pezzi\\\/#breadcrumb\"},\"inLanguage\":\"fr-FR\",\"potentialAction\":[{\"@type\":\"ReadAction\",\"target\":[\"https:\\\/\\\/quicklearning.academy\\\/prodotto\\\/7vg-biondo-viola-dorato-100-ml-prezzo-confezione-da-3-pezzi\\\/\"]}]},{\"@type\":\"ImageObject\",\"inLanguage\":\"fr-FR\",\"@id\":\"https:\\\/\\\/quicklearning.academy\\\/prodotto\\\/7vg-biondo-viola-dorato-100-ml-prezzo-confezione-da-3-pezzi\\\/#primaryimage\",\"url\":\"https:\\\/\\\/quicklearning.academy\\\/wp-content\\\/uploads\\\/2025\\\/01\\\/Senza-nome.024.jpeg\",\"contentUrl\":\"https:\\\/\\\/quicklearning.academy\\\/wp-content\\\/uploads\\\/2025\\\/01\\\/Senza-nome.024.jpeg\",\"width\":2200,\"height\":2200},{\"@type\":\"BreadcrumbList\",\"@id\":\"https:\\\/\\\/quicklearning.academy\\\/prodotto\\\/7vg-biondo-viola-dorato-100-ml-prezzo-confezione-da-3-pezzi\\\/#breadcrumb\",\"itemListElement\":[{\"@type\":\"ListItem\",\"position\":1,\"name\":\"Home\",\"item\":\"https:\\\/\\\/quicklearning.academy\\\/home\\\/\"},{\"@type\":\"ListItem\",\"position\":2,\"name\":\"Shop\",\"item\":\"https:\\\/\\\/quicklearning.academy\\\/negozio\\\/\"},{\"@type\":\"ListItem\",\"position\":3,\"name\":\"7VG BIONDO VIOLA DORATO 100 ML (prezzo confezione da 3 pezzi)\"}]},{\"@type\":\"WebSite\",\"@id\":\"https:\\\/\\\/quicklearning.academy\\\/#website\",\"url\":\"https:\\\/\\\/quicklearning.academy\\\/\",\"name\":\"Quick Learning Academy\",\"description\":\"Prodotti e Formazione per Parrucchieri\",\"publisher\":{\"@id\":\"https:\\\/\\\/quicklearning.academy\\\/#organization\"},\"potentialAction\":[{\"@type\":\"SearchAction\",\"target\":{\"@type\":\"EntryPoint\",\"urlTemplate\":\"https:\\\/\\\/quicklearning.academy\\\/?s={search_term_string}\"},\"query-input\":{\"@type\":\"PropertyValueSpecification\",\"valueRequired\":true,\"valueName\":\"search_term_string\"}}],\"inLanguage\":\"fr-FR\"},{\"@type\":\"Organization\",\"@id\":\"https:\\\/\\\/quicklearning.academy\\\/#organization\",\"name\":\"Quick Learning\",\"url\":\"https:\\\/\\\/quicklearning.academy\\\/\",\"logo\":{\"@type\":\"ImageObject\",\"inLanguage\":\"fr-FR\",\"@id\":\"https:\\\/\\\/quicklearning.academy\\\/#\\\/schema\\\/logo\\\/image\\\/\",\"url\":\"https:\\\/\\\/quicklearning.academy\\\/wp-content\\\/uploads\\\/2021\\\/12\\\/LOGO-11.png\",\"contentUrl\":\"https:\\\/\\\/quicklearning.academy\\\/wp-content\\\/uploads\\\/2021\\\/12\\\/LOGO-11.png\",\"width\":841,\"height\":595,\"caption\":\"Quick Learning\"},\"image\":{\"@id\":\"https:\\\/\\\/quicklearning.academy\\\/#\\\/schema\\\/logo\\\/image\\\/\"}}]}<\/script>\n<!-- \/ Yoast SEO plugin. -->","yoast_head_json":{"title":"7VG BIONDO VIOLA DORATO 100 ML (prezzo confezione da 3 pezzi) - Quick Learning Academy","robots":{"index":"index","follow":"follow","max-snippet":"max-snippet:-1","max-image-preview":"max-image-preview:large","max-video-preview":"max-video-preview:-1"},"canonical":"https:\/\/quicklearning.academy\/fr\/produit\/7vg-biondo-viola-dorato-100-ml-prezzo-confezione-da-3-pezzi\/","og_locale":"fr_FR","og_type":"article","og_title":"7VG BIONDO VIOLA DORATO 100 ML (prezzo confezione da 3 pezzi) - Quick Learning Academy","og_description":"GLOW CREAM \u00e8\u00a0la pratica\u00a0colorazione in crema tono su tono, ideale per valorizzare il colore naturale con nuovi riflessi intensi e coprire i primi capelli bianchi. Grazie alle\u00a037 nuance\u00a0miscelabili tra loro consente la creazione di numerosi riflessi e sfumature di colore personalizzate. Formula sicura e delicata Grazie alla\u00a0Gomma di Guar, ingrediente naturale dalle note propriet\u00e0 condizionanti [&hellip;]","og_url":"https:\/\/quicklearning.academy\/fr\/produit\/7vg-biondo-viola-dorato-100-ml-prezzo-confezione-da-3-pezzi\/","og_site_name":"Quick Learning Academy","article_modified_time":"2026-01-29T17:16:06+00:00","og_image":[{"width":2200,"height":2200,"url":"https:\/\/quicklearning.academy\/wp-content\/uploads\/2025\/01\/Senza-nome.024.jpeg","type":"image\/jpeg"}],"twitter_card":"summary_large_image","twitter_misc":{"Dur\u00e9e de lecture estim\u00e9e":"2 minutes"},"schema":{"@context":"https:\/\/schema.org","@graph":[{"@type":"WebPage","@id":"https:\/\/quicklearning.academy\/prodotto\/7vg-biondo-viola-dorato-100-ml-prezzo-confezione-da-3-pezzi\/","url":"https:\/\/quicklearning.academy\/prodotto\/7vg-biondo-viola-dorato-100-ml-prezzo-confezione-da-3-pezzi\/","name":"7VG BIONDO VIOLA DORATO 100 ML (prezzo confezione da 3 pezzi) - Quick Learning Academy","isPartOf":{"@id":"https:\/\/quicklearning.academy\/#website"},"primaryImageOfPage":{"@id":"https:\/\/quicklearning.academy\/prodotto\/7vg-biondo-viola-dorato-100-ml-prezzo-confezione-da-3-pezzi\/#primaryimage"},"image":{"@id":"https:\/\/quicklearning.academy\/prodotto\/7vg-biondo-viola-dorato-100-ml-prezzo-confezione-da-3-pezzi\/#primaryimage"},"thumbnailUrl":"https:\/\/quicklearning.academy\/wp-content\/uploads\/2025\/01\/Senza-nome.024.jpeg","datePublished":"1969-12-31T23:00:00+00:00","dateModified":"2026-01-29T17:16:06+00:00","breadcrumb":{"@id":"https:\/\/quicklearning.academy\/prodotto\/7vg-biondo-viola-dorato-100-ml-prezzo-confezione-da-3-pezzi\/#breadcrumb"},"inLanguage":"fr-FR","potentialAction":[{"@type":"ReadAction","target":["https:\/\/quicklearning.academy\/prodotto\/7vg-biondo-viola-dorato-100-ml-prezzo-confezione-da-3-pezzi\/"]}]},{"@type":"ImageObject","inLanguage":"fr-FR","@id":"https:\/\/quicklearning.academy\/prodotto\/7vg-biondo-viola-dorato-100-ml-prezzo-confezione-da-3-pezzi\/#primaryimage","url":"https:\/\/quicklearning.academy\/wp-content\/uploads\/2025\/01\/Senza-nome.024.jpeg","contentUrl":"https:\/\/quicklearning.academy\/wp-content\/uploads\/2025\/01\/Senza-nome.024.jpeg","width":2200,"height":2200},{"@type":"BreadcrumbList","@id":"https:\/\/quicklearning.academy\/prodotto\/7vg-biondo-viola-dorato-100-ml-prezzo-confezione-da-3-pezzi\/#breadcrumb","itemListElement":[{"@type":"ListItem","position":1,"name":"Home","item":"https:\/\/quicklearning.academy\/home\/"},{"@type":"ListItem","position":2,"name":"Shop","item":"https:\/\/quicklearning.academy\/negozio\/"},{"@type":"ListItem","position":3,"name":"7VG BIONDO VIOLA DORATO 100 ML (prezzo confezione da 3 pezzi)"}]},{"@type":"WebSite","@id":"https:\/\/quicklearning.academy\/#website","url":"https:\/\/quicklearning.academy\/","name":"Acad\u00e9mie d'apprentissage rapide","description":"Produits et formations pour les coiffeurs","publisher":{"@id":"https:\/\/quicklearning.academy\/#organization"},"potentialAction":[{"@type":"SearchAction","target":{"@type":"EntryPoint","urlTemplate":"https:\/\/quicklearning.academy\/?s={search_term_string}"},"query-input":{"@type":"PropertyValueSpecification","valueRequired":true,"valueName":"search_term_string"}}],"inLanguage":"fr-FR"},{"@type":"Organization","@id":"https:\/\/quicklearning.academy\/#organization","name":"Apprentissage rapide","url":"https:\/\/quicklearning.academy\/","logo":{"@type":"ImageObject","inLanguage":"fr-FR","@id":"https:\/\/quicklearning.academy\/#\/schema\/logo\/image\/","url":"https:\/\/quicklearning.academy\/wp-content\/uploads\/2021\/12\/LOGO-11.png","contentUrl":"https:\/\/quicklearning.academy\/wp-content\/uploads\/2021\/12\/LOGO-11.png","width":841,"height":595,"caption":"Quick Learning"},"image":{"@id":"https:\/\/quicklearning.academy\/#\/schema\/logo\/image\/"}}]}},"_links":{"self":[{"href":"https:\/\/quicklearning.academy\/fr\/wp-json\/wp\/v2\/product\/8733","targetHints":{"allow":["GET"]}}],"collection":[{"href":"https:\/\/quicklearning.academy\/fr\/wp-json\/wp\/v2\/product"}],"about":[{"href":"https:\/\/quicklearning.academy\/fr\/wp-json\/wp\/v2\/types\/product"}],"replies":[{"embeddable":true,"href":"https:\/\/quicklearning.academy\/fr\/wp-json\/wp\/v2\/comments?post=8733"}],"wp:featuredmedia":[{"embeddable":true,"href":"https:\/\/quicklearning.academy\/fr\/wp-json\/wp\/v2\/media\/8661"}],"wp:attachment":[{"href":"https:\/\/quicklearning.academy\/fr\/wp-json\/wp\/v2\/media?parent=8733"}],"wp:term":[{"taxonomy":"product_brand","embeddable":true,"href":"https:\/\/quicklearning.academy\/fr\/wp-json\/wp\/v2\/product_brand?post=8733"},{"taxonomy":"product_cat","embeddable":true,"href":"https:\/\/quicklearning.academy\/fr\/wp-json\/wp\/v2\/product_cat?post=8733"},{"taxonomy":"product_tag","embeddable":true,"href":"https:\/\/quicklearning.academy\/fr\/wp-json\/wp\/v2\/product_tag?post=8733"}],"curies":[{"name":"wp","href":"https:\/\/api.w.org\/{rel}","templated":true}]}}