{"id":8403,"date":"2024-09-03T16:04:00","date_gmt":"2024-09-03T14:04:00","guid":{"rendered":"https:\/\/quicklearning.academy\/?post_type=product&#038;p=8403"},"modified":"2026-01-29T18:16:00","modified_gmt":"2026-01-29T17:16:00","slug":"8403","status":"publish","type":"product","link":"https:\/\/quicklearning.academy\/fr\/produit\/8403\/","title":{"rendered":"GLOW BLAST CLEAR 200 ML"},"content":{"rendered":"<div class=\"elementor-element elementor-element-f66b5f8 elementor-widget elementor-widget-text-editor\" data-id=\"f66b5f8\" data-element_type=\"widget\" data-widget_type=\"text-editor.default\">\n<div class=\"elementor-widget-container\">\n<p>Coloration pigmentaire directe, rapide et facile \u00e0 appliquer pour cr\u00e9er des looks fous et cr\u00e9atifs mais aussi pour raviver la couleur des cheveux en donnant de nouveaux reflets intenses et lumineux.<\/p>\n<p>Les 15 teintes, m\u00e9lang\u00e9es au Glow Blast Clear, vous permettent de cr\u00e9er une palette infinie de couleurs.<\/p>\n<p>Il peut \u00eatre utilis\u00e9 sur cheveux naturels pour raviver la couleur ; sur cheveux color\u00e9s pour tonifier et\/ou donner de nouveaux reflets ; sur cheveux d\u00e9color\u00e9s pour tonifier et cr\u00e9er des effets mode, \u00e0 partir d&#039;un niveau 5.<\/p>\n<p><span class=\"font-bold\">FORMAT<\/span><\/p>\n<p>200 ml<\/p>\n<\/div>\n<\/div>\n<div class=\"elementor-element elementor-element-29a6780 elementor-widget elementor-widget-spacer\" data-id=\"29a6780\" data-element_type=\"widget\" data-widget_type=\"spacer.default\">\n<div class=\"elementor-widget-container\">\n<div class=\"elementor-spacer\">\n<div class=\"elementor-element elementor-element-225544c elementor-widget elementor-widget-heading\" data-id=\"225544c\" data-element_type=\"widget\" data-widget_type=\"heading.default\">\n<div class=\"elementor-widget-container\">\n<h2 class=\"elementor-heading-title elementor-size-default\">B\u00c9N\u00c9FICES<\/h2>\n<\/div>\n<\/div>\n<div class=\"dce-fix-background-loop elementor-element elementor-element-66e21f5 elementor-widget elementor-widget-dce-acf-repeater-v2\" data-id=\"66e21f5\" data-element_type=\"widget\" data-settings=\"{&quot;dce_acf_repeater_format&quot;:&quot;list&quot;}\" data-widget_type=\"dce-acf-repeater-v2.default\">\n<div class=\"elementor-widget-container\">\n<div class=\"dce-acf-repeater\">\n<ul class=\"dce-acf-repeater-list\">\n<li class=\"dce-acf-repeater-item\">Possibilit\u00e9 d&#039;obtenir une palette infinie de couleurs<\/li>\n<li class=\"dce-acf-repeater-item\">Cheveux doux, sains et brillants<\/li>\n<li class=\"dce-acf-repeater-item\">Am\u00e9liore, corrige et ravive les reflets<\/li>\n<\/ul>\n<h2>PRINCIPES ACTIFS ET PROPRI\u00c9T\u00c9S<\/h2>\n<h5 class=\"titolo-principi\">HUILE DE TSUBAKI<\/h5>\n<p>Hydratant, adoucissant.<\/p>\n<h5 class=\"titolo-principi\">M\u00c9LANGE D&#039;ACIDES AMIN\u00c9S<\/h5>\n<p>R\u00e9parateur, fortifiant.<\/p>\n<h5 class=\"titolo-principi\">HUILE DE MARULA<\/h5>\n<p>Hydratant, nourrissant, antioxydant.<\/p>\n<h5 class=\"titolo-principi\">HUILE DE SAPOTE<\/h5>\n<p>Anti-inflammatoire, antioxydant, nutritif.<\/p>\n<h2>MODE D&#039;EMPLOI<\/h2>\n<p>Un test de sensibilit\u00e9 pr\u00e9liminaire est recommand\u00e9. Portez des gants adapt\u00e9s. En cas d&#039;application \u00e0 la racine, il est recommand\u00e9 d&#039;utiliser le Scalp Sealer sur le cuir chevelu. Nettoyez vos cheveux avec le shampooing pr\u00e9parateur (deux fois), rincez l&#039;exc\u00e9dent d&#039;eau et r\u00e9partissez uniform\u00e9ment l&#039;Equalizer sur toute la chevelure.<\/p>\n<p>Bien agiter le flacon avant utilisation et l&#039;ouvrir en tournant l&#039;applicateur dans le sens inverse des aiguilles d&#039;une montre, proc\u00e9der en r\u00e9partissant uniform\u00e9ment le produit directement sur cheveux bien essor\u00e9s.<\/p>\n<p>Pour m\u00e9langer les nuances, utilisez un bol et un pinceau pour l&#039;application. Laissez poser 5 \u00e0 20 minutes, selon l&#039;intensit\u00e9 et la nuance souhait\u00e9es. Apr\u00e8s le temps de pose, \u00e9mulsionnez et rincez sans shampoing. Nous vous recommandons de terminer le service avec Extreme.<\/p>\n<\/div>\n<\/div>\n<\/div>\n<\/div>\n<\/div>\n<\/div>","protected":false},"excerpt":{"rendered":"<p>Colorant pigmentaire direct, pr\u00eat \u00e0 l&#039;emploi<\/p>","protected":false},"featured_media":8366,"comment_status":"closed","ping_status":"closed","template":"","meta":{"_joinchat":[]},"product_brand":[],"product_cat":[242],"product_tag":[],"class_list":{"0":"post-8403","1":"product","2":"type-product","3":"status-publish","4":"has-post-thumbnail","6":"product_cat-glow-blast","8":"first","9":"instock","10":"sale","11":"taxable","12":"shipping-taxable","13":"purchasable","14":"product-type-simple"},"yoast_head":"<!-- This site is optimized with the Yoast SEO plugin v27.4 - https:\/\/yoast.com\/product\/yoast-seo-wordpress\/ -->\n<title>GLOW BLAST CLEAR 200 ML - Quick Learning Academy<\/title>\n<meta name=\"robots\" content=\"index, follow, max-snippet:-1, max-image-preview:large, max-video-preview:-1\" \/>\n<link rel=\"canonical\" href=\"https:\/\/quicklearning.academy\/fr\/produit\/8403\/\" \/>\n<meta property=\"og:locale\" content=\"fr_FR\" \/>\n<meta property=\"og:type\" content=\"article\" \/>\n<meta property=\"og:title\" content=\"GLOW BLAST CLEAR 200 ML - Quick Learning Academy\" \/>\n<meta property=\"og:description\" content=\"Colorazione a pigmento diretto, pronta all\u2019uso\" \/>\n<meta property=\"og:url\" content=\"https:\/\/quicklearning.academy\/fr\/produit\/8403\/\" \/>\n<meta property=\"og:site_name\" content=\"Quick Learning Academy\" \/>\n<meta property=\"article:modified_time\" content=\"2026-01-29T17:16:00+00:00\" \/>\n<meta property=\"og:image\" content=\"https:\/\/quicklearning.academy\/wp-content\/uploads\/2024\/09\/GLOW-BLAST-clear-2.png\" \/>\n\t<meta property=\"og:image:width\" content=\"450\" \/>\n\t<meta property=\"og:image:height\" content=\"841\" \/>\n\t<meta property=\"og:image:type\" content=\"image\/png\" \/>\n<meta name=\"twitter:card\" content=\"summary_large_image\" \/>\n<meta name=\"twitter:label1\" content=\"Dur\u00e9e de lecture estim\u00e9e\" \/>\n\t<meta name=\"twitter:data1\" content=\"1 minute\" \/>\n<script type=\"application\/ld+json\" class=\"yoast-schema-graph\">{\"@context\":\"https:\\\/\\\/schema.org\",\"@graph\":[{\"@type\":\"WebPage\",\"@id\":\"https:\\\/\\\/quicklearning.academy\\\/prodotto\\\/8403\\\/\",\"url\":\"https:\\\/\\\/quicklearning.academy\\\/prodotto\\\/8403\\\/\",\"name\":\"GLOW BLAST CLEAR 200 ML - Quick Learning Academy\",\"isPartOf\":{\"@id\":\"https:\\\/\\\/quicklearning.academy\\\/#website\"},\"primaryImageOfPage\":{\"@id\":\"https:\\\/\\\/quicklearning.academy\\\/prodotto\\\/8403\\\/#primaryimage\"},\"image\":{\"@id\":\"https:\\\/\\\/quicklearning.academy\\\/prodotto\\\/8403\\\/#primaryimage\"},\"thumbnailUrl\":\"https:\\\/\\\/quicklearning.academy\\\/wp-content\\\/uploads\\\/2024\\\/09\\\/GLOW-BLAST-clear-2.png\",\"datePublished\":\"2024-09-03T14:04:00+00:00\",\"dateModified\":\"2026-01-29T17:16:00+00:00\",\"breadcrumb\":{\"@id\":\"https:\\\/\\\/quicklearning.academy\\\/prodotto\\\/8403\\\/#breadcrumb\"},\"inLanguage\":\"fr-FR\",\"potentialAction\":[{\"@type\":\"ReadAction\",\"target\":[\"https:\\\/\\\/quicklearning.academy\\\/prodotto\\\/8403\\\/\"]}]},{\"@type\":\"ImageObject\",\"inLanguage\":\"fr-FR\",\"@id\":\"https:\\\/\\\/quicklearning.academy\\\/prodotto\\\/8403\\\/#primaryimage\",\"url\":\"https:\\\/\\\/quicklearning.academy\\\/wp-content\\\/uploads\\\/2024\\\/09\\\/GLOW-BLAST-clear-2.png\",\"contentUrl\":\"https:\\\/\\\/quicklearning.academy\\\/wp-content\\\/uploads\\\/2024\\\/09\\\/GLOW-BLAST-clear-2.png\",\"width\":450,\"height\":841},{\"@type\":\"BreadcrumbList\",\"@id\":\"https:\\\/\\\/quicklearning.academy\\\/prodotto\\\/8403\\\/#breadcrumb\",\"itemListElement\":[{\"@type\":\"ListItem\",\"position\":1,\"name\":\"Home\",\"item\":\"https:\\\/\\\/quicklearning.academy\\\/home\\\/\"},{\"@type\":\"ListItem\",\"position\":2,\"name\":\"Shop\",\"item\":\"https:\\\/\\\/quicklearning.academy\\\/negozio\\\/\"},{\"@type\":\"ListItem\",\"position\":3,\"name\":\"GLOW BLAST CLEAR 200 ML\"}]},{\"@type\":\"WebSite\",\"@id\":\"https:\\\/\\\/quicklearning.academy\\\/#website\",\"url\":\"https:\\\/\\\/quicklearning.academy\\\/\",\"name\":\"Quick Learning Academy\",\"description\":\"Prodotti e Formazione per Parrucchieri\",\"publisher\":{\"@id\":\"https:\\\/\\\/quicklearning.academy\\\/#organization\"},\"potentialAction\":[{\"@type\":\"SearchAction\",\"target\":{\"@type\":\"EntryPoint\",\"urlTemplate\":\"https:\\\/\\\/quicklearning.academy\\\/?s={search_term_string}\"},\"query-input\":{\"@type\":\"PropertyValueSpecification\",\"valueRequired\":true,\"valueName\":\"search_term_string\"}}],\"inLanguage\":\"fr-FR\"},{\"@type\":\"Organization\",\"@id\":\"https:\\\/\\\/quicklearning.academy\\\/#organization\",\"name\":\"Quick Learning\",\"url\":\"https:\\\/\\\/quicklearning.academy\\\/\",\"logo\":{\"@type\":\"ImageObject\",\"inLanguage\":\"fr-FR\",\"@id\":\"https:\\\/\\\/quicklearning.academy\\\/#\\\/schema\\\/logo\\\/image\\\/\",\"url\":\"https:\\\/\\\/quicklearning.academy\\\/wp-content\\\/uploads\\\/2021\\\/12\\\/LOGO-11.png\",\"contentUrl\":\"https:\\\/\\\/quicklearning.academy\\\/wp-content\\\/uploads\\\/2021\\\/12\\\/LOGO-11.png\",\"width\":841,\"height\":595,\"caption\":\"Quick Learning\"},\"image\":{\"@id\":\"https:\\\/\\\/quicklearning.academy\\\/#\\\/schema\\\/logo\\\/image\\\/\"}}]}<\/script>\n<!-- \/ Yoast SEO plugin. -->","yoast_head_json":{"title":"GLOW BLAST CLEAR 200 ML - Quick Learning Academy","robots":{"index":"index","follow":"follow","max-snippet":"max-snippet:-1","max-image-preview":"max-image-preview:large","max-video-preview":"max-video-preview:-1"},"canonical":"https:\/\/quicklearning.academy\/fr\/produit\/8403\/","og_locale":"fr_FR","og_type":"article","og_title":"GLOW BLAST CLEAR 200 ML - Quick Learning Academy","og_description":"Colorazione a pigmento diretto, pronta all\u2019uso","og_url":"https:\/\/quicklearning.academy\/fr\/produit\/8403\/","og_site_name":"Quick Learning Academy","article_modified_time":"2026-01-29T17:16:00+00:00","og_image":[{"width":450,"height":841,"url":"https:\/\/quicklearning.academy\/wp-content\/uploads\/2024\/09\/GLOW-BLAST-clear-2.png","type":"image\/png"}],"twitter_card":"summary_large_image","twitter_misc":{"Dur\u00e9e de lecture estim\u00e9e":"1 minute"},"schema":{"@context":"https:\/\/schema.org","@graph":[{"@type":"WebPage","@id":"https:\/\/quicklearning.academy\/prodotto\/8403\/","url":"https:\/\/quicklearning.academy\/prodotto\/8403\/","name":"GLOW BLAST CLEAR 200 ML - Quick Learning Academy","isPartOf":{"@id":"https:\/\/quicklearning.academy\/#website"},"primaryImageOfPage":{"@id":"https:\/\/quicklearning.academy\/prodotto\/8403\/#primaryimage"},"image":{"@id":"https:\/\/quicklearning.academy\/prodotto\/8403\/#primaryimage"},"thumbnailUrl":"https:\/\/quicklearning.academy\/wp-content\/uploads\/2024\/09\/GLOW-BLAST-clear-2.png","datePublished":"2024-09-03T14:04:00+00:00","dateModified":"2026-01-29T17:16:00+00:00","breadcrumb":{"@id":"https:\/\/quicklearning.academy\/prodotto\/8403\/#breadcrumb"},"inLanguage":"fr-FR","potentialAction":[{"@type":"ReadAction","target":["https:\/\/quicklearning.academy\/prodotto\/8403\/"]}]},{"@type":"ImageObject","inLanguage":"fr-FR","@id":"https:\/\/quicklearning.academy\/prodotto\/8403\/#primaryimage","url":"https:\/\/quicklearning.academy\/wp-content\/uploads\/2024\/09\/GLOW-BLAST-clear-2.png","contentUrl":"https:\/\/quicklearning.academy\/wp-content\/uploads\/2024\/09\/GLOW-BLAST-clear-2.png","width":450,"height":841},{"@type":"BreadcrumbList","@id":"https:\/\/quicklearning.academy\/prodotto\/8403\/#breadcrumb","itemListElement":[{"@type":"ListItem","position":1,"name":"Home","item":"https:\/\/quicklearning.academy\/home\/"},{"@type":"ListItem","position":2,"name":"Shop","item":"https:\/\/quicklearning.academy\/negozio\/"},{"@type":"ListItem","position":3,"name":"GLOW BLAST CLEAR 200 ML"}]},{"@type":"WebSite","@id":"https:\/\/quicklearning.academy\/#website","url":"https:\/\/quicklearning.academy\/","name":"Acad\u00e9mie d'apprentissage rapide","description":"Produits et formations pour les coiffeurs","publisher":{"@id":"https:\/\/quicklearning.academy\/#organization"},"potentialAction":[{"@type":"SearchAction","target":{"@type":"EntryPoint","urlTemplate":"https:\/\/quicklearning.academy\/?s={search_term_string}"},"query-input":{"@type":"PropertyValueSpecification","valueRequired":true,"valueName":"search_term_string"}}],"inLanguage":"fr-FR"},{"@type":"Organization","@id":"https:\/\/quicklearning.academy\/#organization","name":"Apprentissage rapide","url":"https:\/\/quicklearning.academy\/","logo":{"@type":"ImageObject","inLanguage":"fr-FR","@id":"https:\/\/quicklearning.academy\/#\/schema\/logo\/image\/","url":"https:\/\/quicklearning.academy\/wp-content\/uploads\/2021\/12\/LOGO-11.png","contentUrl":"https:\/\/quicklearning.academy\/wp-content\/uploads\/2021\/12\/LOGO-11.png","width":841,"height":595,"caption":"Quick Learning"},"image":{"@id":"https:\/\/quicklearning.academy\/#\/schema\/logo\/image\/"}}]}},"_links":{"self":[{"href":"https:\/\/quicklearning.academy\/fr\/wp-json\/wp\/v2\/product\/8403","targetHints":{"allow":["GET"]}}],"collection":[{"href":"https:\/\/quicklearning.academy\/fr\/wp-json\/wp\/v2\/product"}],"about":[{"href":"https:\/\/quicklearning.academy\/fr\/wp-json\/wp\/v2\/types\/product"}],"replies":[{"embeddable":true,"href":"https:\/\/quicklearning.academy\/fr\/wp-json\/wp\/v2\/comments?post=8403"}],"wp:featuredmedia":[{"embeddable":true,"href":"https:\/\/quicklearning.academy\/fr\/wp-json\/wp\/v2\/media\/8366"}],"wp:attachment":[{"href":"https:\/\/quicklearning.academy\/fr\/wp-json\/wp\/v2\/media?parent=8403"}],"wp:term":[{"taxonomy":"product_brand","embeddable":true,"href":"https:\/\/quicklearning.academy\/fr\/wp-json\/wp\/v2\/product_brand?post=8403"},{"taxonomy":"product_cat","embeddable":true,"href":"https:\/\/quicklearning.academy\/fr\/wp-json\/wp\/v2\/product_cat?post=8403"},{"taxonomy":"product_tag","embeddable":true,"href":"https:\/\/quicklearning.academy\/fr\/wp-json\/wp\/v2\/product_tag?post=8403"}],"curies":[{"name":"wp","href":"https:\/\/api.w.org\/{rel}","templated":true}]}}