{"id":7181,"date":"1970-01-01T00:00:00","date_gmt":"1969-12-31T23:00:00","guid":{"rendered":"https:\/\/quicklearning.academy\/?post_type=product&#038;p=7181"},"modified":"2026-01-29T18:15:53","modified_gmt":"2026-01-29T17:15:53","slug":"make-up-beige-powder-200ml","status":"publish","type":"product","link":"https:\/\/quicklearning.academy\/fr\/produit\/make-up-beige-powder-200ml\/","title":{"rendered":"MAQUILLAGE - POUDRE BEIGE 200ML"},"content":{"rendered":"<p><img loading=\"lazy\" decoding=\"async\" class=\"alignnone size-medium wp-image-7169\" src=\"https:\/\/quicklearning.academy\/wp-content\/uploads\/2023\/10\/tacca-colore_710x900_BEIGE-POWDER-237x300.jpg\" alt=\"\" width=\"237\" height=\"300\" srcset=\"https:\/\/quicklearning.academy\/wp-content\/uploads\/2023\/10\/tacca-colore_710x900_BEIGE-POWDER-237x300.jpg 237w, https:\/\/quicklearning.academy\/wp-content\/uploads\/2023\/10\/tacca-colore_710x900_BEIGE-POWDER-9x12.jpg 9w, https:\/\/quicklearning.academy\/wp-content\/uploads\/2023\/10\/tacca-colore_710x900_BEIGE-POWDER-556x705.jpg 556w, https:\/\/quicklearning.academy\/wp-content\/uploads\/2023\/10\/tacca-colore_710x900_BEIGE-POWDER-450x570.jpg 450w, https:\/\/quicklearning.academy\/wp-content\/uploads\/2023\/10\/tacca-colore_710x900_BEIGE-POWDER.jpg 710w\" sizes=\"auto, (max-width: 237px) 100vw, 237px\" \/><\/p>\n<p>&nbsp;<\/p>\n<p>Masque conditionnant \u00e0 action colorante temporaire pour revitaliser la couleur des cheveux en apportant des reflets \u00e9clatants d'aspect naturel et une hydratation extraordinaire. La texture cr\u00e9meuse est facile \u00e0 appliquer et agit sur la surface du cheveu. Le r\u00e9sultat s'estompe progressivement sans modifier la tonalit\u00e9 des reflets. Ne couvre pas les cheveux blancs.<\/p>\n<p>L'ombre\u00a0<strong>BEIGE POWDER<\/strong>\u00a0\u00e8 un \u201cnude\u201d estremamente delicato e al tempo stesso elegante, in grado di donare una lucentezza naturale ai capelli.<\/p>\n<p><strong>pH : 7,0-7,5<\/strong><\/p>\n<p>&nbsp;<\/p>\n<p><span class=\"font-bold\">FORMAT<\/span><\/p>\n<p>200 ml<\/p>\n<p>Nettoyer les cheveux avec le shampooing Cotril le plus appropri\u00e9, en fonction du type de texture. \u00c9liminer l'exc\u00e8s d'eau, porter des gants jetables et agiter le tube avant utilisation. R\u00e9partir le produit sur les cheveux essor\u00e9s \u00e0 l'aide d'un peigne ou des mains. Laisser agir pendant 5 \u00e0 20 minutes en fonction de l'intensit\u00e9 et de la brillance souhait\u00e9es. Rincer abondamment SANS shampooing.<\/p>","protected":false},"excerpt":{"rendered":"<p>Masque de conditionnement des couleurs<\/p>","protected":false},"featured_media":7168,"comment_status":"closed","ping_status":"closed","template":"","meta":{"_joinchat":[]},"product_brand":[],"product_cat":[235],"product_tag":[],"class_list":{"0":"post-7181","1":"product","2":"type-product","3":"status-publish","4":"has-post-thumbnail","6":"product_cat-make-up","8":"first","9":"instock","10":"sale","11":"taxable","12":"shipping-taxable","13":"purchasable","14":"product-type-simple"},"yoast_head":"<!-- This site is optimized with the Yoast SEO plugin v27.4 - https:\/\/yoast.com\/product\/yoast-seo-wordpress\/ -->\n<title>MAKE UP - BEIGE POWDER 200ML - Quick Learning Academy<\/title>\n<meta name=\"robots\" content=\"index, follow, max-snippet:-1, max-image-preview:large, max-video-preview:-1\" \/>\n<link rel=\"canonical\" href=\"https:\/\/quicklearning.academy\/fr\/produit\/make-up-beige-powder-200ml\/\" \/>\n<meta property=\"og:locale\" content=\"fr_FR\" \/>\n<meta property=\"og:type\" content=\"article\" \/>\n<meta property=\"og:title\" content=\"MAKE UP - BEIGE POWDER 200ML - Quick Learning Academy\" \/>\n<meta property=\"og:description\" content=\"Maschera colorante condizionante\" \/>\n<meta property=\"og:url\" content=\"https:\/\/quicklearning.academy\/fr\/produit\/make-up-beige-powder-200ml\/\" \/>\n<meta property=\"og:site_name\" content=\"Quick Learning Academy\" \/>\n<meta property=\"article:modified_time\" content=\"2026-01-29T17:15:53+00:00\" \/>\n<meta property=\"og:image\" content=\"https:\/\/quicklearning.academy\/wp-content\/uploads\/2023\/10\/BEIGE-POWDER_700X910.webp\" \/>\n\t<meta property=\"og:image:width\" content=\"719\" \/>\n\t<meta property=\"og:image:height\" content=\"900\" \/>\n\t<meta property=\"og:image:type\" content=\"image\/webp\" \/>\n<meta name=\"twitter:card\" content=\"summary_large_image\" \/>\n<meta name=\"twitter:label1\" content=\"Dur\u00e9e de lecture estim\u00e9e\" \/>\n\t<meta name=\"twitter:data1\" content=\"1 minute\" \/>\n<script type=\"application\/ld+json\" class=\"yoast-schema-graph\">{\"@context\":\"https:\\\/\\\/schema.org\",\"@graph\":[{\"@type\":\"WebPage\",\"@id\":\"https:\\\/\\\/quicklearning.academy\\\/prodotto\\\/make-up-beige-powder-200ml\\\/\",\"url\":\"https:\\\/\\\/quicklearning.academy\\\/prodotto\\\/make-up-beige-powder-200ml\\\/\",\"name\":\"MAKE UP - BEIGE POWDER 200ML - Quick Learning Academy\",\"isPartOf\":{\"@id\":\"https:\\\/\\\/quicklearning.academy\\\/#website\"},\"primaryImageOfPage\":{\"@id\":\"https:\\\/\\\/quicklearning.academy\\\/prodotto\\\/make-up-beige-powder-200ml\\\/#primaryimage\"},\"image\":{\"@id\":\"https:\\\/\\\/quicklearning.academy\\\/prodotto\\\/make-up-beige-powder-200ml\\\/#primaryimage\"},\"thumbnailUrl\":\"https:\\\/\\\/quicklearning.academy\\\/wp-content\\\/uploads\\\/2023\\\/10\\\/BEIGE-POWDER_700X910.webp\",\"datePublished\":\"1969-12-31T23:00:00+00:00\",\"dateModified\":\"2026-01-29T17:15:53+00:00\",\"breadcrumb\":{\"@id\":\"https:\\\/\\\/quicklearning.academy\\\/prodotto\\\/make-up-beige-powder-200ml\\\/#breadcrumb\"},\"inLanguage\":\"fr-FR\",\"potentialAction\":[{\"@type\":\"ReadAction\",\"target\":[\"https:\\\/\\\/quicklearning.academy\\\/prodotto\\\/make-up-beige-powder-200ml\\\/\"]}]},{\"@type\":\"ImageObject\",\"inLanguage\":\"fr-FR\",\"@id\":\"https:\\\/\\\/quicklearning.academy\\\/prodotto\\\/make-up-beige-powder-200ml\\\/#primaryimage\",\"url\":\"https:\\\/\\\/quicklearning.academy\\\/wp-content\\\/uploads\\\/2023\\\/10\\\/BEIGE-POWDER_700X910.webp\",\"contentUrl\":\"https:\\\/\\\/quicklearning.academy\\\/wp-content\\\/uploads\\\/2023\\\/10\\\/BEIGE-POWDER_700X910.webp\",\"width\":719,\"height\":900},{\"@type\":\"BreadcrumbList\",\"@id\":\"https:\\\/\\\/quicklearning.academy\\\/prodotto\\\/make-up-beige-powder-200ml\\\/#breadcrumb\",\"itemListElement\":[{\"@type\":\"ListItem\",\"position\":1,\"name\":\"Home\",\"item\":\"https:\\\/\\\/quicklearning.academy\\\/home\\\/\"},{\"@type\":\"ListItem\",\"position\":2,\"name\":\"Shop\",\"item\":\"https:\\\/\\\/quicklearning.academy\\\/negozio\\\/\"},{\"@type\":\"ListItem\",\"position\":3,\"name\":\"MAKE UP &#8211; BEIGE POWDER 200ML\"}]},{\"@type\":\"WebSite\",\"@id\":\"https:\\\/\\\/quicklearning.academy\\\/#website\",\"url\":\"https:\\\/\\\/quicklearning.academy\\\/\",\"name\":\"Quick Learning Academy\",\"description\":\"Prodotti e Formazione per Parrucchieri\",\"publisher\":{\"@id\":\"https:\\\/\\\/quicklearning.academy\\\/#organization\"},\"potentialAction\":[{\"@type\":\"SearchAction\",\"target\":{\"@type\":\"EntryPoint\",\"urlTemplate\":\"https:\\\/\\\/quicklearning.academy\\\/?s={search_term_string}\"},\"query-input\":{\"@type\":\"PropertyValueSpecification\",\"valueRequired\":true,\"valueName\":\"search_term_string\"}}],\"inLanguage\":\"fr-FR\"},{\"@type\":\"Organization\",\"@id\":\"https:\\\/\\\/quicklearning.academy\\\/#organization\",\"name\":\"Quick Learning\",\"url\":\"https:\\\/\\\/quicklearning.academy\\\/\",\"logo\":{\"@type\":\"ImageObject\",\"inLanguage\":\"fr-FR\",\"@id\":\"https:\\\/\\\/quicklearning.academy\\\/#\\\/schema\\\/logo\\\/image\\\/\",\"url\":\"https:\\\/\\\/quicklearning.academy\\\/wp-content\\\/uploads\\\/2021\\\/12\\\/LOGO-11.png\",\"contentUrl\":\"https:\\\/\\\/quicklearning.academy\\\/wp-content\\\/uploads\\\/2021\\\/12\\\/LOGO-11.png\",\"width\":841,\"height\":595,\"caption\":\"Quick Learning\"},\"image\":{\"@id\":\"https:\\\/\\\/quicklearning.academy\\\/#\\\/schema\\\/logo\\\/image\\\/\"}}]}<\/script>\n<!-- \/ Yoast SEO plugin. -->","yoast_head_json":{"title":"MAKE UP - BEIGE POWDER 200ML - Quick Learning Academy","robots":{"index":"index","follow":"follow","max-snippet":"max-snippet:-1","max-image-preview":"max-image-preview:large","max-video-preview":"max-video-preview:-1"},"canonical":"https:\/\/quicklearning.academy\/fr\/produit\/make-up-beige-powder-200ml\/","og_locale":"fr_FR","og_type":"article","og_title":"MAKE UP - BEIGE POWDER 200ML - Quick Learning Academy","og_description":"Maschera colorante condizionante","og_url":"https:\/\/quicklearning.academy\/fr\/produit\/make-up-beige-powder-200ml\/","og_site_name":"Quick Learning Academy","article_modified_time":"2026-01-29T17:15:53+00:00","og_image":[{"width":719,"height":900,"url":"https:\/\/quicklearning.academy\/wp-content\/uploads\/2023\/10\/BEIGE-POWDER_700X910.webp","type":"image\/webp"}],"twitter_card":"summary_large_image","twitter_misc":{"Dur\u00e9e de lecture estim\u00e9e":"1 minute"},"schema":{"@context":"https:\/\/schema.org","@graph":[{"@type":"WebPage","@id":"https:\/\/quicklearning.academy\/prodotto\/make-up-beige-powder-200ml\/","url":"https:\/\/quicklearning.academy\/prodotto\/make-up-beige-powder-200ml\/","name":"MAKE UP - BEIGE POWDER 200ML - Quick Learning Academy","isPartOf":{"@id":"https:\/\/quicklearning.academy\/#website"},"primaryImageOfPage":{"@id":"https:\/\/quicklearning.academy\/prodotto\/make-up-beige-powder-200ml\/#primaryimage"},"image":{"@id":"https:\/\/quicklearning.academy\/prodotto\/make-up-beige-powder-200ml\/#primaryimage"},"thumbnailUrl":"https:\/\/quicklearning.academy\/wp-content\/uploads\/2023\/10\/BEIGE-POWDER_700X910.webp","datePublished":"1969-12-31T23:00:00+00:00","dateModified":"2026-01-29T17:15:53+00:00","breadcrumb":{"@id":"https:\/\/quicklearning.academy\/prodotto\/make-up-beige-powder-200ml\/#breadcrumb"},"inLanguage":"fr-FR","potentialAction":[{"@type":"ReadAction","target":["https:\/\/quicklearning.academy\/prodotto\/make-up-beige-powder-200ml\/"]}]},{"@type":"ImageObject","inLanguage":"fr-FR","@id":"https:\/\/quicklearning.academy\/prodotto\/make-up-beige-powder-200ml\/#primaryimage","url":"https:\/\/quicklearning.academy\/wp-content\/uploads\/2023\/10\/BEIGE-POWDER_700X910.webp","contentUrl":"https:\/\/quicklearning.academy\/wp-content\/uploads\/2023\/10\/BEIGE-POWDER_700X910.webp","width":719,"height":900},{"@type":"BreadcrumbList","@id":"https:\/\/quicklearning.academy\/prodotto\/make-up-beige-powder-200ml\/#breadcrumb","itemListElement":[{"@type":"ListItem","position":1,"name":"Home","item":"https:\/\/quicklearning.academy\/home\/"},{"@type":"ListItem","position":2,"name":"Shop","item":"https:\/\/quicklearning.academy\/negozio\/"},{"@type":"ListItem","position":3,"name":"MAKE UP &#8211; BEIGE POWDER 200ML"}]},{"@type":"WebSite","@id":"https:\/\/quicklearning.academy\/#website","url":"https:\/\/quicklearning.academy\/","name":"Acad\u00e9mie d'apprentissage rapide","description":"Produits et formations pour les coiffeurs","publisher":{"@id":"https:\/\/quicklearning.academy\/#organization"},"potentialAction":[{"@type":"SearchAction","target":{"@type":"EntryPoint","urlTemplate":"https:\/\/quicklearning.academy\/?s={search_term_string}"},"query-input":{"@type":"PropertyValueSpecification","valueRequired":true,"valueName":"search_term_string"}}],"inLanguage":"fr-FR"},{"@type":"Organization","@id":"https:\/\/quicklearning.academy\/#organization","name":"Apprentissage rapide","url":"https:\/\/quicklearning.academy\/","logo":{"@type":"ImageObject","inLanguage":"fr-FR","@id":"https:\/\/quicklearning.academy\/#\/schema\/logo\/image\/","url":"https:\/\/quicklearning.academy\/wp-content\/uploads\/2021\/12\/LOGO-11.png","contentUrl":"https:\/\/quicklearning.academy\/wp-content\/uploads\/2021\/12\/LOGO-11.png","width":841,"height":595,"caption":"Quick Learning"},"image":{"@id":"https:\/\/quicklearning.academy\/#\/schema\/logo\/image\/"}}]}},"_links":{"self":[{"href":"https:\/\/quicklearning.academy\/fr\/wp-json\/wp\/v2\/product\/7181","targetHints":{"allow":["GET"]}}],"collection":[{"href":"https:\/\/quicklearning.academy\/fr\/wp-json\/wp\/v2\/product"}],"about":[{"href":"https:\/\/quicklearning.academy\/fr\/wp-json\/wp\/v2\/types\/product"}],"replies":[{"embeddable":true,"href":"https:\/\/quicklearning.academy\/fr\/wp-json\/wp\/v2\/comments?post=7181"}],"wp:featuredmedia":[{"embeddable":true,"href":"https:\/\/quicklearning.academy\/fr\/wp-json\/wp\/v2\/media\/7168"}],"wp:attachment":[{"href":"https:\/\/quicklearning.academy\/fr\/wp-json\/wp\/v2\/media?parent=7181"}],"wp:term":[{"taxonomy":"product_brand","embeddable":true,"href":"https:\/\/quicklearning.academy\/fr\/wp-json\/wp\/v2\/product_brand?post=7181"},{"taxonomy":"product_cat","embeddable":true,"href":"https:\/\/quicklearning.academy\/fr\/wp-json\/wp\/v2\/product_cat?post=7181"},{"taxonomy":"product_tag","embeddable":true,"href":"https:\/\/quicklearning.academy\/fr\/wp-json\/wp\/v2\/product_tag?post=7181"}],"curies":[{"name":"wp","href":"https:\/\/api.w.org\/{rel}","templated":true}]}}