{"id":7124,"date":"1970-01-01T00:00:00","date_gmt":"1969-12-31T23:00:00","guid":{"rendered":"https:\/\/quicklearning.academy\/?post_type=product&#038;p=7124"},"modified":"2026-01-29T18:15:49","modified_gmt":"2026-01-29T17:15:49","slug":"balance-sebum-normalizing-shampoo-1000ml","status":"publish","type":"product","link":"https:\/\/quicklearning.academy\/fr\/produit\/balance-sebum-normalizing-shampoo-1000ml\/","title":{"rendered":"SHAMPOOING NORMALISANT BALANCE SEBUM 1000 ML"},"content":{"rendered":"<p>Shampooing bivalent pour normaliser la production de s\u00e9bum en cas de peau grasse. Enrichi de l'actif s\u00e9bor\u00e9gulateur sp\u00e9cifique et du complexe innovant \u00e0 base d'Alpha Alpha et de graines de lin germ\u00e9es, il aide \u00e0 nettoyer en profondeur et \u00e0 r\u00e9\u00e9quilibrer le cuir chevelu irrit\u00e9 par une s\u00e9cr\u00e9tion s\u00e9bac\u00e9e excessive, pour une chevelure plus l\u00e9g\u00e8re et plus volumineuse. Gr\u00e2ce au complexe de camomille, sauge, myrrhe et cannelle, il a un effet apaisant et une action astringente, pr\u00e9servant le bon \u00e9tat de sant\u00e9 du cuir chevelu.<\/p>\n<p><strong>pH 5,0 - 5,5<\/strong><\/p>\n<p>&nbsp;<\/p>\n<p><span class=\"font-bold\">FORMAT<\/span><\/p>\n<p>1000 ml<\/p>\n<p>R\u00e9partir sur la peau et les cheveux mouill\u00e9s, masser et rincer abondamment. Shampouiner une seconde fois si n\u00e9cessaire.<\/p>\n<p>&nbsp;<\/p>\n<p><strong>FR\u00c9QUENCE D'UTILISATION<\/strong>Appliquer 3 fois par semaine.<\/p>","protected":false},"excerpt":{"rendered":"<p>Shampooing normalisant<\/p>","protected":false},"featured_media":7103,"comment_status":"closed","ping_status":"closed","template":"","meta":{"_joinchat":[]},"product_brand":[],"product_cat":[234],"product_tag":[],"class_list":{"0":"post-7124","1":"product","2":"type-product","3":"status-publish","4":"has-post-thumbnail","6":"product_cat-scalp-care","8":"first","9":"instock","10":"sale","11":"taxable","12":"shipping-taxable","13":"purchasable","14":"product-type-simple"},"yoast_head":"<!-- This site is optimized with the Yoast SEO plugin v27.4 - https:\/\/yoast.com\/product\/yoast-seo-wordpress\/ -->\n<title>BALANCE SEBUM NORMALIZING SHAMPOO 1000ML - Quick Learning Academy<\/title>\n<meta name=\"robots\" content=\"index, follow, max-snippet:-1, max-image-preview:large, max-video-preview:-1\" \/>\n<link rel=\"canonical\" href=\"https:\/\/quicklearning.academy\/fr\/produit\/balance-sebum-normalizing-shampoo-1000ml\/\" \/>\n<meta property=\"og:locale\" content=\"fr_FR\" \/>\n<meta property=\"og:type\" content=\"article\" \/>\n<meta property=\"og:title\" content=\"BALANCE SEBUM NORMALIZING SHAMPOO 1000ML - Quick Learning Academy\" \/>\n<meta property=\"og:description\" content=\"Shampoo normalizzante\" \/>\n<meta property=\"og:url\" content=\"https:\/\/quicklearning.academy\/fr\/produit\/balance-sebum-normalizing-shampoo-1000ml\/\" \/>\n<meta property=\"og:site_name\" content=\"Quick Learning Academy\" \/>\n<meta property=\"article:modified_time\" content=\"2026-01-29T17:15:49+00:00\" \/>\n<meta property=\"og:image\" content=\"https:\/\/quicklearning.academy\/wp-content\/uploads\/2023\/10\/BALANCE-SHAMPOO-1000_710x900.webp\" \/>\n\t<meta property=\"og:image:width\" content=\"710\" \/>\n\t<meta property=\"og:image:height\" content=\"900\" \/>\n\t<meta property=\"og:image:type\" content=\"image\/webp\" \/>\n<meta name=\"twitter:card\" content=\"summary_large_image\" \/>\n<meta name=\"twitter:label1\" content=\"Dur\u00e9e de lecture estim\u00e9e\" \/>\n\t<meta name=\"twitter:data1\" content=\"1 minute\" \/>\n<script type=\"application\/ld+json\" class=\"yoast-schema-graph\">{\"@context\":\"https:\\\/\\\/schema.org\",\"@graph\":[{\"@type\":\"WebPage\",\"@id\":\"https:\\\/\\\/quicklearning.academy\\\/prodotto\\\/balance-sebum-normalizing-shampoo-1000ml\\\/\",\"url\":\"https:\\\/\\\/quicklearning.academy\\\/prodotto\\\/balance-sebum-normalizing-shampoo-1000ml\\\/\",\"name\":\"BALANCE SEBUM NORMALIZING SHAMPOO 1000ML - Quick Learning Academy\",\"isPartOf\":{\"@id\":\"https:\\\/\\\/quicklearning.academy\\\/#website\"},\"primaryImageOfPage\":{\"@id\":\"https:\\\/\\\/quicklearning.academy\\\/prodotto\\\/balance-sebum-normalizing-shampoo-1000ml\\\/#primaryimage\"},\"image\":{\"@id\":\"https:\\\/\\\/quicklearning.academy\\\/prodotto\\\/balance-sebum-normalizing-shampoo-1000ml\\\/#primaryimage\"},\"thumbnailUrl\":\"https:\\\/\\\/quicklearning.academy\\\/wp-content\\\/uploads\\\/2023\\\/10\\\/BALANCE-SHAMPOO-1000_710x900.webp\",\"datePublished\":\"1969-12-31T23:00:00+00:00\",\"dateModified\":\"2026-01-29T17:15:49+00:00\",\"breadcrumb\":{\"@id\":\"https:\\\/\\\/quicklearning.academy\\\/prodotto\\\/balance-sebum-normalizing-shampoo-1000ml\\\/#breadcrumb\"},\"inLanguage\":\"fr-FR\",\"potentialAction\":[{\"@type\":\"ReadAction\",\"target\":[\"https:\\\/\\\/quicklearning.academy\\\/prodotto\\\/balance-sebum-normalizing-shampoo-1000ml\\\/\"]}]},{\"@type\":\"ImageObject\",\"inLanguage\":\"fr-FR\",\"@id\":\"https:\\\/\\\/quicklearning.academy\\\/prodotto\\\/balance-sebum-normalizing-shampoo-1000ml\\\/#primaryimage\",\"url\":\"https:\\\/\\\/quicklearning.academy\\\/wp-content\\\/uploads\\\/2023\\\/10\\\/BALANCE-SHAMPOO-1000_710x900.webp\",\"contentUrl\":\"https:\\\/\\\/quicklearning.academy\\\/wp-content\\\/uploads\\\/2023\\\/10\\\/BALANCE-SHAMPOO-1000_710x900.webp\",\"width\":710,\"height\":900},{\"@type\":\"BreadcrumbList\",\"@id\":\"https:\\\/\\\/quicklearning.academy\\\/prodotto\\\/balance-sebum-normalizing-shampoo-1000ml\\\/#breadcrumb\",\"itemListElement\":[{\"@type\":\"ListItem\",\"position\":1,\"name\":\"Home\",\"item\":\"https:\\\/\\\/quicklearning.academy\\\/home\\\/\"},{\"@type\":\"ListItem\",\"position\":2,\"name\":\"Shop\",\"item\":\"https:\\\/\\\/quicklearning.academy\\\/negozio\\\/\"},{\"@type\":\"ListItem\",\"position\":3,\"name\":\"BALANCE SEBUM NORMALIZING SHAMPOO 1000ML\"}]},{\"@type\":\"WebSite\",\"@id\":\"https:\\\/\\\/quicklearning.academy\\\/#website\",\"url\":\"https:\\\/\\\/quicklearning.academy\\\/\",\"name\":\"Quick Learning Academy\",\"description\":\"Prodotti e Formazione per Parrucchieri\",\"publisher\":{\"@id\":\"https:\\\/\\\/quicklearning.academy\\\/#organization\"},\"potentialAction\":[{\"@type\":\"SearchAction\",\"target\":{\"@type\":\"EntryPoint\",\"urlTemplate\":\"https:\\\/\\\/quicklearning.academy\\\/?s={search_term_string}\"},\"query-input\":{\"@type\":\"PropertyValueSpecification\",\"valueRequired\":true,\"valueName\":\"search_term_string\"}}],\"inLanguage\":\"fr-FR\"},{\"@type\":\"Organization\",\"@id\":\"https:\\\/\\\/quicklearning.academy\\\/#organization\",\"name\":\"Quick Learning\",\"url\":\"https:\\\/\\\/quicklearning.academy\\\/\",\"logo\":{\"@type\":\"ImageObject\",\"inLanguage\":\"fr-FR\",\"@id\":\"https:\\\/\\\/quicklearning.academy\\\/#\\\/schema\\\/logo\\\/image\\\/\",\"url\":\"https:\\\/\\\/quicklearning.academy\\\/wp-content\\\/uploads\\\/2021\\\/12\\\/LOGO-11.png\",\"contentUrl\":\"https:\\\/\\\/quicklearning.academy\\\/wp-content\\\/uploads\\\/2021\\\/12\\\/LOGO-11.png\",\"width\":841,\"height\":595,\"caption\":\"Quick Learning\"},\"image\":{\"@id\":\"https:\\\/\\\/quicklearning.academy\\\/#\\\/schema\\\/logo\\\/image\\\/\"}}]}<\/script>\n<!-- \/ Yoast SEO plugin. -->","yoast_head_json":{"title":"BALANCE SEBUM SHAMPOOING NORMALISANT 1000ML - Quick Learning Academy","robots":{"index":"index","follow":"follow","max-snippet":"max-snippet:-1","max-image-preview":"max-image-preview:large","max-video-preview":"max-video-preview:-1"},"canonical":"https:\/\/quicklearning.academy\/fr\/produit\/balance-sebum-normalizing-shampoo-1000ml\/","og_locale":"fr_FR","og_type":"article","og_title":"BALANCE SEBUM NORMALIZING SHAMPOO 1000ML - Quick Learning Academy","og_description":"Shampoo normalizzante","og_url":"https:\/\/quicklearning.academy\/fr\/produit\/balance-sebum-normalizing-shampoo-1000ml\/","og_site_name":"Quick Learning Academy","article_modified_time":"2026-01-29T17:15:49+00:00","og_image":[{"width":710,"height":900,"url":"https:\/\/quicklearning.academy\/wp-content\/uploads\/2023\/10\/BALANCE-SHAMPOO-1000_710x900.webp","type":"image\/webp"}],"twitter_card":"summary_large_image","twitter_misc":{"Dur\u00e9e de lecture estim\u00e9e":"1 minute"},"schema":{"@context":"https:\/\/schema.org","@graph":[{"@type":"WebPage","@id":"https:\/\/quicklearning.academy\/prodotto\/balance-sebum-normalizing-shampoo-1000ml\/","url":"https:\/\/quicklearning.academy\/prodotto\/balance-sebum-normalizing-shampoo-1000ml\/","name":"BALANCE SEBUM SHAMPOOING NORMALISANT 1000ML - Quick Learning Academy","isPartOf":{"@id":"https:\/\/quicklearning.academy\/#website"},"primaryImageOfPage":{"@id":"https:\/\/quicklearning.academy\/prodotto\/balance-sebum-normalizing-shampoo-1000ml\/#primaryimage"},"image":{"@id":"https:\/\/quicklearning.academy\/prodotto\/balance-sebum-normalizing-shampoo-1000ml\/#primaryimage"},"thumbnailUrl":"https:\/\/quicklearning.academy\/wp-content\/uploads\/2023\/10\/BALANCE-SHAMPOO-1000_710x900.webp","datePublished":"1969-12-31T23:00:00+00:00","dateModified":"2026-01-29T17:15:49+00:00","breadcrumb":{"@id":"https:\/\/quicklearning.academy\/prodotto\/balance-sebum-normalizing-shampoo-1000ml\/#breadcrumb"},"inLanguage":"fr-FR","potentialAction":[{"@type":"ReadAction","target":["https:\/\/quicklearning.academy\/prodotto\/balance-sebum-normalizing-shampoo-1000ml\/"]}]},{"@type":"ImageObject","inLanguage":"fr-FR","@id":"https:\/\/quicklearning.academy\/prodotto\/balance-sebum-normalizing-shampoo-1000ml\/#primaryimage","url":"https:\/\/quicklearning.academy\/wp-content\/uploads\/2023\/10\/BALANCE-SHAMPOO-1000_710x900.webp","contentUrl":"https:\/\/quicklearning.academy\/wp-content\/uploads\/2023\/10\/BALANCE-SHAMPOO-1000_710x900.webp","width":710,"height":900},{"@type":"BreadcrumbList","@id":"https:\/\/quicklearning.academy\/prodotto\/balance-sebum-normalizing-shampoo-1000ml\/#breadcrumb","itemListElement":[{"@type":"ListItem","position":1,"name":"Home","item":"https:\/\/quicklearning.academy\/home\/"},{"@type":"ListItem","position":2,"name":"Shop","item":"https:\/\/quicklearning.academy\/negozio\/"},{"@type":"ListItem","position":3,"name":"BALANCE SEBUM NORMALIZING SHAMPOO 1000ML"}]},{"@type":"WebSite","@id":"https:\/\/quicklearning.academy\/#website","url":"https:\/\/quicklearning.academy\/","name":"Acad\u00e9mie d'apprentissage rapide","description":"Produits et formations pour les coiffeurs","publisher":{"@id":"https:\/\/quicklearning.academy\/#organization"},"potentialAction":[{"@type":"SearchAction","target":{"@type":"EntryPoint","urlTemplate":"https:\/\/quicklearning.academy\/?s={search_term_string}"},"query-input":{"@type":"PropertyValueSpecification","valueRequired":true,"valueName":"search_term_string"}}],"inLanguage":"fr-FR"},{"@type":"Organization","@id":"https:\/\/quicklearning.academy\/#organization","name":"Apprentissage rapide","url":"https:\/\/quicklearning.academy\/","logo":{"@type":"ImageObject","inLanguage":"fr-FR","@id":"https:\/\/quicklearning.academy\/#\/schema\/logo\/image\/","url":"https:\/\/quicklearning.academy\/wp-content\/uploads\/2021\/12\/LOGO-11.png","contentUrl":"https:\/\/quicklearning.academy\/wp-content\/uploads\/2021\/12\/LOGO-11.png","width":841,"height":595,"caption":"Quick Learning"},"image":{"@id":"https:\/\/quicklearning.academy\/#\/schema\/logo\/image\/"}}]}},"_links":{"self":[{"href":"https:\/\/quicklearning.academy\/fr\/wp-json\/wp\/v2\/product\/7124","targetHints":{"allow":["GET"]}}],"collection":[{"href":"https:\/\/quicklearning.academy\/fr\/wp-json\/wp\/v2\/product"}],"about":[{"href":"https:\/\/quicklearning.academy\/fr\/wp-json\/wp\/v2\/types\/product"}],"replies":[{"embeddable":true,"href":"https:\/\/quicklearning.academy\/fr\/wp-json\/wp\/v2\/comments?post=7124"}],"wp:featuredmedia":[{"embeddable":true,"href":"https:\/\/quicklearning.academy\/fr\/wp-json\/wp\/v2\/media\/7103"}],"wp:attachment":[{"href":"https:\/\/quicklearning.academy\/fr\/wp-json\/wp\/v2\/media?parent=7124"}],"wp:term":[{"taxonomy":"product_brand","embeddable":true,"href":"https:\/\/quicklearning.academy\/fr\/wp-json\/wp\/v2\/product_brand?post=7124"},{"taxonomy":"product_cat","embeddable":true,"href":"https:\/\/quicklearning.academy\/fr\/wp-json\/wp\/v2\/product_cat?post=7124"},{"taxonomy":"product_tag","embeddable":true,"href":"https:\/\/quicklearning.academy\/fr\/wp-json\/wp\/v2\/product_tag?post=7124"}],"curies":[{"name":"wp","href":"https:\/\/api.w.org\/{rel}","templated":true}]}}