{"id":6539,"date":"1970-01-01T00:00:00","date_gmt":"1969-12-31T23:00:00","guid":{"rendered":"https:\/\/quicklearning.academy\/?post_type=product&#038;p=6539"},"modified":"2026-01-29T18:15:48","modified_gmt":"2026-01-29T17:15:48","slug":"anti-age-water-with-hyaluronic-acid-200-ml","status":"publish","type":"product","link":"https:\/\/quicklearning.academy\/fr\/produit\/anti-age-water-with-hyaluronic-acid-200-ml\/","title":{"rendered":"EAU ANTI-\u00c2GE INTEMPORELLE \u00c0 L&#039;ACIDE HYALURONIQUE 200 ML"},"content":{"rendered":"<p>Traitement anti-\u00e2ge lissant pour des cheveux \u00e9tonnamment brillants. Sa formule extr\u00eamement l\u00e9g\u00e8re, id\u00e9ale pour tous les types de cheveux, donne un aspect soyeux et sain gr\u00e2ce aux pr\u00e9cieux principes actifs de la ligne. Il agit sans temps de pose, en r\u00e9duisant au minimum le temps d'application.<\/p>\n<p><strong>Principes actifs et propri\u00e9t\u00e9s :<\/strong><\/p>\n<ul>\n<li>Acide hyaluronique : hydratant, restructurant, repulpant<\/li>\n<li>Prot\u00e9ines d\u00e9riv\u00e9es du quinoa : hydratantes, adoucissantes et \u00e9mollientes<\/li>\n<li>Nectar huileux de framboise : Nourrissant, hydratant et lissant.<\/li>\n<li>Bakuchiol et eau de riz ferment\u00e9 : antioxydant, r\u00e9g\u00e9n\u00e9rant, \u00e9lastique. Nourrissant, antioxydant, \u00e9limine les frisottis.<\/li>\n<\/ul>\n<p><strong>Avantages :<\/strong><\/p>\n<ul>\n<li>Lisse les cheveux et les rend extr\u00eamement brillants.<\/li>\n<li>Donne un aspect soyeux et doux<\/li>\n<li>Lutte contre les signes de vieillissement de la tige<\/li>\n<\/ul>\n<p><strong>Id\u00e9al pour : <\/strong>les cheveux qui d\u00e9sirent une apparence plus volumineuse et plus \u00e9clatante.<\/p>\n<p><strong>M\u00e9thode d'utilisation : <\/strong>Appliquer Timeless water apr\u00e8s le shampooing ou le complexe ou le masque (selon le programme choisi) sur toute la longueur. Masser et r\u00e9partir \u00e0 l'aide d'un peigne. Rincer Timeless. \u00c9viter le contact avec les yeux. En cas de contact avec les yeux, rincer imm\u00e9diatement et abondamment.<\/p>","protected":false},"excerpt":{"rendered":"<p>Soin anti-\u00e2ge lissant<\/p>","protected":false},"featured_media":6091,"comment_status":"closed","ping_status":"closed","template":"","meta":{"_joinchat":[]},"product_brand":[],"product_cat":[88],"product_tag":[],"class_list":{"0":"post-6539","1":"product","2":"type-product","3":"status-publish","4":"has-post-thumbnail","6":"product_cat-timeless","8":"first","9":"instock","10":"sale","11":"taxable","12":"shipping-taxable","13":"purchasable","14":"product-type-simple"},"yoast_head":"<!-- This site is optimized with the Yoast SEO plugin v27.5 - https:\/\/yoast.com\/product\/yoast-seo-wordpress\/ -->\n<title>TIMELESS ANTI-AGE WATER WITH HYALURONIC ACID 200 ML - Quick Learning Academy<\/title>\n<meta name=\"robots\" content=\"index, follow, max-snippet:-1, max-image-preview:large, max-video-preview:-1\" \/>\n<link rel=\"canonical\" href=\"https:\/\/quicklearning.academy\/fr\/produit\/anti-age-water-with-hyaluronic-acid-200-ml\/\" \/>\n<meta property=\"og:locale\" content=\"fr_FR\" \/>\n<meta property=\"og:type\" content=\"article\" \/>\n<meta property=\"og:title\" content=\"TIMELESS ANTI-AGE WATER WITH HYALURONIC ACID 200 ML - Quick Learning Academy\" \/>\n<meta property=\"og:description\" content=\"Trattamento levigante anti-age\" \/>\n<meta property=\"og:url\" content=\"https:\/\/quicklearning.academy\/fr\/produit\/anti-age-water-with-hyaluronic-acid-200-ml\/\" \/>\n<meta property=\"og:site_name\" content=\"Quick Learning Academy\" \/>\n<meta property=\"article:modified_time\" content=\"2026-01-29T17:15:48+00:00\" \/>\n<meta property=\"og:image\" content=\"https:\/\/quicklearning.academy\/wp-content\/uploads\/2023\/02\/timeless-water-500x500-1.jpg\" \/>\n\t<meta property=\"og:image:width\" content=\"1000\" \/>\n\t<meta property=\"og:image:height\" content=\"1000\" \/>\n\t<meta property=\"og:image:type\" content=\"image\/jpeg\" \/>\n<meta name=\"twitter:card\" content=\"summary_large_image\" \/>\n<meta name=\"twitter:label1\" content=\"Dur\u00e9e de lecture estim\u00e9e\" \/>\n\t<meta name=\"twitter:data1\" content=\"1 minute\" \/>\n<script type=\"application\/ld+json\" class=\"yoast-schema-graph\">{\"@context\":\"https:\\\/\\\/schema.org\",\"@graph\":[{\"@type\":\"WebPage\",\"@id\":\"https:\\\/\\\/quicklearning.academy\\\/prodotto\\\/anti-age-water-with-hyaluronic-acid-200-ml\\\/\",\"url\":\"https:\\\/\\\/quicklearning.academy\\\/prodotto\\\/anti-age-water-with-hyaluronic-acid-200-ml\\\/\",\"name\":\"TIMELESS ANTI-AGE WATER WITH HYALURONIC ACID 200 ML - Quick Learning Academy\",\"isPartOf\":{\"@id\":\"https:\\\/\\\/quicklearning.academy\\\/#website\"},\"primaryImageOfPage\":{\"@id\":\"https:\\\/\\\/quicklearning.academy\\\/prodotto\\\/anti-age-water-with-hyaluronic-acid-200-ml\\\/#primaryimage\"},\"image\":{\"@id\":\"https:\\\/\\\/quicklearning.academy\\\/prodotto\\\/anti-age-water-with-hyaluronic-acid-200-ml\\\/#primaryimage\"},\"thumbnailUrl\":\"https:\\\/\\\/quicklearning.academy\\\/wp-content\\\/uploads\\\/2023\\\/02\\\/timeless-water-500x500-1.jpg\",\"datePublished\":\"1969-12-31T23:00:00+00:00\",\"dateModified\":\"2026-01-29T17:15:48+00:00\",\"breadcrumb\":{\"@id\":\"https:\\\/\\\/quicklearning.academy\\\/prodotto\\\/anti-age-water-with-hyaluronic-acid-200-ml\\\/#breadcrumb\"},\"inLanguage\":\"fr-FR\",\"potentialAction\":[{\"@type\":\"ReadAction\",\"target\":[\"https:\\\/\\\/quicklearning.academy\\\/prodotto\\\/anti-age-water-with-hyaluronic-acid-200-ml\\\/\"]}]},{\"@type\":\"ImageObject\",\"inLanguage\":\"fr-FR\",\"@id\":\"https:\\\/\\\/quicklearning.academy\\\/prodotto\\\/anti-age-water-with-hyaluronic-acid-200-ml\\\/#primaryimage\",\"url\":\"https:\\\/\\\/quicklearning.academy\\\/wp-content\\\/uploads\\\/2023\\\/02\\\/timeless-water-500x500-1.jpg\",\"contentUrl\":\"https:\\\/\\\/quicklearning.academy\\\/wp-content\\\/uploads\\\/2023\\\/02\\\/timeless-water-500x500-1.jpg\",\"width\":1000,\"height\":1000},{\"@type\":\"BreadcrumbList\",\"@id\":\"https:\\\/\\\/quicklearning.academy\\\/prodotto\\\/anti-age-water-with-hyaluronic-acid-200-ml\\\/#breadcrumb\",\"itemListElement\":[{\"@type\":\"ListItem\",\"position\":1,\"name\":\"Home\",\"item\":\"https:\\\/\\\/quicklearning.academy\\\/home\\\/\"},{\"@type\":\"ListItem\",\"position\":2,\"name\":\"Shop\",\"item\":\"https:\\\/\\\/quicklearning.academy\\\/negozio\\\/\"},{\"@type\":\"ListItem\",\"position\":3,\"name\":\"TIMELESS ANTI-AGE WATER WITH HYALURONIC ACID 200 ML\"}]},{\"@type\":\"WebSite\",\"@id\":\"https:\\\/\\\/quicklearning.academy\\\/#website\",\"url\":\"https:\\\/\\\/quicklearning.academy\\\/\",\"name\":\"Quick Learning Academy\",\"description\":\"Prodotti e Formazione per Parrucchieri\",\"publisher\":{\"@id\":\"https:\\\/\\\/quicklearning.academy\\\/#organization\"},\"potentialAction\":[{\"@type\":\"SearchAction\",\"target\":{\"@type\":\"EntryPoint\",\"urlTemplate\":\"https:\\\/\\\/quicklearning.academy\\\/?s={search_term_string}\"},\"query-input\":{\"@type\":\"PropertyValueSpecification\",\"valueRequired\":true,\"valueName\":\"search_term_string\"}}],\"inLanguage\":\"fr-FR\"},{\"@type\":\"Organization\",\"@id\":\"https:\\\/\\\/quicklearning.academy\\\/#organization\",\"name\":\"Quick Learning\",\"url\":\"https:\\\/\\\/quicklearning.academy\\\/\",\"logo\":{\"@type\":\"ImageObject\",\"inLanguage\":\"fr-FR\",\"@id\":\"https:\\\/\\\/quicklearning.academy\\\/#\\\/schema\\\/logo\\\/image\\\/\",\"url\":\"https:\\\/\\\/quicklearning.academy\\\/wp-content\\\/uploads\\\/2021\\\/12\\\/LOGO-11.png\",\"contentUrl\":\"https:\\\/\\\/quicklearning.academy\\\/wp-content\\\/uploads\\\/2021\\\/12\\\/LOGO-11.png\",\"width\":841,\"height\":595,\"caption\":\"Quick Learning\"},\"image\":{\"@id\":\"https:\\\/\\\/quicklearning.academy\\\/#\\\/schema\\\/logo\\\/image\\\/\"}}]}<\/script>\n<!-- \/ Yoast SEO plugin. -->","yoast_head_json":{"title":"TIMELESS ANTI-AGE WATER WITH HYALURONIC ACID 200 ML - Quick Learning Academy","robots":{"index":"index","follow":"follow","max-snippet":"max-snippet:-1","max-image-preview":"max-image-preview:large","max-video-preview":"max-video-preview:-1"},"canonical":"https:\/\/quicklearning.academy\/fr\/produit\/anti-age-water-with-hyaluronic-acid-200-ml\/","og_locale":"fr_FR","og_type":"article","og_title":"TIMELESS ANTI-AGE WATER WITH HYALURONIC ACID 200 ML - Quick Learning Academy","og_description":"Trattamento levigante anti-age","og_url":"https:\/\/quicklearning.academy\/fr\/produit\/anti-age-water-with-hyaluronic-acid-200-ml\/","og_site_name":"Quick Learning Academy","article_modified_time":"2026-01-29T17:15:48+00:00","og_image":[{"width":1000,"height":1000,"url":"https:\/\/quicklearning.academy\/wp-content\/uploads\/2023\/02\/timeless-water-500x500-1.jpg","type":"image\/jpeg"}],"twitter_card":"summary_large_image","twitter_misc":{"Dur\u00e9e de lecture estim\u00e9e":"1 minute"},"schema":{"@context":"https:\/\/schema.org","@graph":[{"@type":"WebPage","@id":"https:\/\/quicklearning.academy\/prodotto\/anti-age-water-with-hyaluronic-acid-200-ml\/","url":"https:\/\/quicklearning.academy\/prodotto\/anti-age-water-with-hyaluronic-acid-200-ml\/","name":"TIMELESS ANTI-AGE WATER WITH HYALURONIC ACID 200 ML - Quick Learning Academy","isPartOf":{"@id":"https:\/\/quicklearning.academy\/#website"},"primaryImageOfPage":{"@id":"https:\/\/quicklearning.academy\/prodotto\/anti-age-water-with-hyaluronic-acid-200-ml\/#primaryimage"},"image":{"@id":"https:\/\/quicklearning.academy\/prodotto\/anti-age-water-with-hyaluronic-acid-200-ml\/#primaryimage"},"thumbnailUrl":"https:\/\/quicklearning.academy\/wp-content\/uploads\/2023\/02\/timeless-water-500x500-1.jpg","datePublished":"1969-12-31T23:00:00+00:00","dateModified":"2026-01-29T17:15:48+00:00","breadcrumb":{"@id":"https:\/\/quicklearning.academy\/prodotto\/anti-age-water-with-hyaluronic-acid-200-ml\/#breadcrumb"},"inLanguage":"fr-FR","potentialAction":[{"@type":"ReadAction","target":["https:\/\/quicklearning.academy\/prodotto\/anti-age-water-with-hyaluronic-acid-200-ml\/"]}]},{"@type":"ImageObject","inLanguage":"fr-FR","@id":"https:\/\/quicklearning.academy\/prodotto\/anti-age-water-with-hyaluronic-acid-200-ml\/#primaryimage","url":"https:\/\/quicklearning.academy\/wp-content\/uploads\/2023\/02\/timeless-water-500x500-1.jpg","contentUrl":"https:\/\/quicklearning.academy\/wp-content\/uploads\/2023\/02\/timeless-water-500x500-1.jpg","width":1000,"height":1000},{"@type":"BreadcrumbList","@id":"https:\/\/quicklearning.academy\/prodotto\/anti-age-water-with-hyaluronic-acid-200-ml\/#breadcrumb","itemListElement":[{"@type":"ListItem","position":1,"name":"Home","item":"https:\/\/quicklearning.academy\/home\/"},{"@type":"ListItem","position":2,"name":"Shop","item":"https:\/\/quicklearning.academy\/negozio\/"},{"@type":"ListItem","position":3,"name":"TIMELESS ANTI-AGE WATER WITH HYALURONIC ACID 200 ML"}]},{"@type":"WebSite","@id":"https:\/\/quicklearning.academy\/#website","url":"https:\/\/quicklearning.academy\/","name":"Acad\u00e9mie d'apprentissage rapide","description":"Produits et formations pour les coiffeurs","publisher":{"@id":"https:\/\/quicklearning.academy\/#organization"},"potentialAction":[{"@type":"SearchAction","target":{"@type":"EntryPoint","urlTemplate":"https:\/\/quicklearning.academy\/?s={search_term_string}"},"query-input":{"@type":"PropertyValueSpecification","valueRequired":true,"valueName":"search_term_string"}}],"inLanguage":"fr-FR"},{"@type":"Organization","@id":"https:\/\/quicklearning.academy\/#organization","name":"Apprentissage rapide","url":"https:\/\/quicklearning.academy\/","logo":{"@type":"ImageObject","inLanguage":"fr-FR","@id":"https:\/\/quicklearning.academy\/#\/schema\/logo\/image\/","url":"https:\/\/quicklearning.academy\/wp-content\/uploads\/2021\/12\/LOGO-11.png","contentUrl":"https:\/\/quicklearning.academy\/wp-content\/uploads\/2021\/12\/LOGO-11.png","width":841,"height":595,"caption":"Quick Learning"},"image":{"@id":"https:\/\/quicklearning.academy\/#\/schema\/logo\/image\/"}}]}},"_links":{"self":[{"href":"https:\/\/quicklearning.academy\/fr\/wp-json\/wp\/v2\/product\/6539","targetHints":{"allow":["GET"]}}],"collection":[{"href":"https:\/\/quicklearning.academy\/fr\/wp-json\/wp\/v2\/product"}],"about":[{"href":"https:\/\/quicklearning.academy\/fr\/wp-json\/wp\/v2\/types\/product"}],"replies":[{"embeddable":true,"href":"https:\/\/quicklearning.academy\/fr\/wp-json\/wp\/v2\/comments?post=6539"}],"wp:featuredmedia":[{"embeddable":true,"href":"https:\/\/quicklearning.academy\/fr\/wp-json\/wp\/v2\/media\/6091"}],"wp:attachment":[{"href":"https:\/\/quicklearning.academy\/fr\/wp-json\/wp\/v2\/media?parent=6539"}],"wp:term":[{"taxonomy":"product_brand","embeddable":true,"href":"https:\/\/quicklearning.academy\/fr\/wp-json\/wp\/v2\/product_brand?post=6539"},{"taxonomy":"product_cat","embeddable":true,"href":"https:\/\/quicklearning.academy\/fr\/wp-json\/wp\/v2\/product_cat?post=6539"},{"taxonomy":"product_tag","embeddable":true,"href":"https:\/\/quicklearning.academy\/fr\/wp-json\/wp\/v2\/product_tag?post=6539"}],"curies":[{"name":"wp","href":"https:\/\/api.w.org\/{rel}","templated":true}]}}