{"id":6292,"date":"1970-01-01T00:00:00","date_gmt":"1969-12-31T23:00:00","guid":{"rendered":"https:\/\/quicklearning.academy\/?post_type=product&#038;p=6292"},"modified":"2026-01-29T18:15:48","modified_gmt":"2026-01-29T17:15:48","slug":"colorlife-protective-leave-in-for-colored-hair-200-ml-2","status":"publish","type":"product","link":"https:\/\/quicklearning.academy\/fr\/produit\/colorlife-protective-leave-in-for-colored-hair-200-ml-2\/","title":{"rendered":"COLORLIFE PROTECTIVE LEAVE-IN FOR COLORED HAIR 200 ml"},"content":{"rendered":"<p>Apr\u00e8s-shampooing sans rin\u00e7age pour cheveux color\u00e9s. Scelle les pigments de couleur dans la structure du cheveu et prot\u00e8ge contre l'affadissement de la couleur. Le pr\u00e9cieux m\u00e9lange actif et un polym\u00e8re sp\u00e9cial de derni\u00e8re g\u00e9n\u00e9ration garantissent une couleur brillante et prot\u00e8gent contre l'alt\u00e9ration de la couleur due au nettoyage et aux rayons UV.<\/p>\n<p><strong>Principes et propri\u00e9t\u00e9s actifs : <\/strong><\/p>\n<ul>\n<li>Eternity Colour : protection de la couleur, donne du corps et du volume<\/li>\n<li>Huile de graines de chia : source de prot\u00e9ines, fortifiante, emp\u00eache la d\u00e9coloration.<\/li>\n<li>Huile de Kukui : R\u00e9g\u00e9n\u00e9rant, restructurant, r\u00e9parateur<\/li>\n<li>Polym\u00e8re protecteur sp\u00e9cial : protection contre la chaleur, renforcement, d\u00e9m\u00ealage<\/li>\n<\/ul>\n<p><strong>Avantages : <\/strong><\/p>\n<ul>\n<li>Effet de conditionnement<\/li>\n<li>Les cheveux sont prot\u00e9g\u00e9s de la chaleur des lisseurs et des s\u00e8che-cheveux.<\/li>\n<li>Effet d'\u00e9clairage<\/li>\n<li>Protection des couleurs<\/li>\n<\/ul>\n<p><strong>Id\u00e9al pour :<\/strong> cheveux color\u00e9s.<\/p>\n<p><strong>M\u00e9thode d'utilisation : <\/strong>Apr\u00e8s le masque, vaporiser sur les cheveux humides sur les longueurs et les pointes. Ne pas rincer.<\/p>","protected":false},"excerpt":{"rendered":"<p>Sans rin\u00e7age protecteur et illuminant pour les cheveux color\u00e9s<\/p>","protected":false},"featured_media":6048,"comment_status":"closed","ping_status":"closed","template":"","meta":{"_joinchat":[]},"product_brand":[],"product_cat":[81],"product_tag":[],"class_list":{"0":"post-6292","1":"product","2":"type-product","3":"status-publish","4":"has-post-thumbnail","6":"product_cat-colorlife","8":"first","9":"instock","10":"sale","11":"taxable","12":"shipping-taxable","13":"purchasable","14":"product-type-simple"},"yoast_head":"<!-- This site is optimized with the Yoast SEO plugin v27.4 - https:\/\/yoast.com\/product\/yoast-seo-wordpress\/ -->\n<title>COLORLIFE PROTECTIVE LEAVE-IN FOR COLORED HAIR 200 ml - Quick Learning Academy<\/title>\n<meta name=\"robots\" content=\"index, follow, max-snippet:-1, max-image-preview:large, max-video-preview:-1\" \/>\n<link rel=\"canonical\" href=\"https:\/\/quicklearning.academy\/fr\/produit\/colorlife-protective-leave-in-for-colored-hair-200-ml-2\/\" \/>\n<meta property=\"og:locale\" content=\"fr_FR\" \/>\n<meta property=\"og:type\" content=\"article\" \/>\n<meta property=\"og:title\" content=\"COLORLIFE PROTECTIVE LEAVE-IN FOR COLORED HAIR 200 ml - Quick Learning Academy\" \/>\n<meta property=\"og:description\" content=\"Leave-in protettivo e illuminante per capelli colorati\" \/>\n<meta property=\"og:url\" content=\"https:\/\/quicklearning.academy\/fr\/produit\/colorlife-protective-leave-in-for-colored-hair-200-ml-2\/\" \/>\n<meta property=\"og:site_name\" content=\"Quick Learning Academy\" \/>\n<meta property=\"article:modified_time\" content=\"2026-01-29T17:15:48+00:00\" \/>\n<meta property=\"og:image\" content=\"https:\/\/quicklearning.academy\/wp-content\/uploads\/2023\/02\/Cotril_Colorlife_Potion_100ml.png\" \/>\n\t<meta property=\"og:image:width\" content=\"707\" \/>\n\t<meta property=\"og:image:height\" content=\"900\" \/>\n\t<meta property=\"og:image:type\" content=\"image\/png\" \/>\n<meta name=\"twitter:card\" content=\"summary_large_image\" \/>\n<meta name=\"twitter:label1\" content=\"Dur\u00e9e de lecture estim\u00e9e\" \/>\n\t<meta name=\"twitter:data1\" content=\"1 minute\" \/>\n<script type=\"application\/ld+json\" class=\"yoast-schema-graph\">{\"@context\":\"https:\\\/\\\/schema.org\",\"@graph\":[{\"@type\":\"WebPage\",\"@id\":\"https:\\\/\\\/quicklearning.academy\\\/prodotto\\\/colorlife-protective-leave-in-for-colored-hair-200-ml-2\\\/\",\"url\":\"https:\\\/\\\/quicklearning.academy\\\/prodotto\\\/colorlife-protective-leave-in-for-colored-hair-200-ml-2\\\/\",\"name\":\"COLORLIFE PROTECTIVE LEAVE-IN FOR COLORED HAIR 200 ml - Quick Learning Academy\",\"isPartOf\":{\"@id\":\"https:\\\/\\\/quicklearning.academy\\\/#website\"},\"primaryImageOfPage\":{\"@id\":\"https:\\\/\\\/quicklearning.academy\\\/prodotto\\\/colorlife-protective-leave-in-for-colored-hair-200-ml-2\\\/#primaryimage\"},\"image\":{\"@id\":\"https:\\\/\\\/quicklearning.academy\\\/prodotto\\\/colorlife-protective-leave-in-for-colored-hair-200-ml-2\\\/#primaryimage\"},\"thumbnailUrl\":\"https:\\\/\\\/quicklearning.academy\\\/wp-content\\\/uploads\\\/2023\\\/02\\\/Cotril_Colorlife_Potion_100ml.png\",\"datePublished\":\"1969-12-31T23:00:00+00:00\",\"dateModified\":\"2026-01-29T17:15:48+00:00\",\"breadcrumb\":{\"@id\":\"https:\\\/\\\/quicklearning.academy\\\/prodotto\\\/colorlife-protective-leave-in-for-colored-hair-200-ml-2\\\/#breadcrumb\"},\"inLanguage\":\"fr-FR\",\"potentialAction\":[{\"@type\":\"ReadAction\",\"target\":[\"https:\\\/\\\/quicklearning.academy\\\/prodotto\\\/colorlife-protective-leave-in-for-colored-hair-200-ml-2\\\/\"]}]},{\"@type\":\"ImageObject\",\"inLanguage\":\"fr-FR\",\"@id\":\"https:\\\/\\\/quicklearning.academy\\\/prodotto\\\/colorlife-protective-leave-in-for-colored-hair-200-ml-2\\\/#primaryimage\",\"url\":\"https:\\\/\\\/quicklearning.academy\\\/wp-content\\\/uploads\\\/2023\\\/02\\\/Cotril_Colorlife_Potion_100ml.png\",\"contentUrl\":\"https:\\\/\\\/quicklearning.academy\\\/wp-content\\\/uploads\\\/2023\\\/02\\\/Cotril_Colorlife_Potion_100ml.png\",\"width\":707,\"height\":900},{\"@type\":\"BreadcrumbList\",\"@id\":\"https:\\\/\\\/quicklearning.academy\\\/prodotto\\\/colorlife-protective-leave-in-for-colored-hair-200-ml-2\\\/#breadcrumb\",\"itemListElement\":[{\"@type\":\"ListItem\",\"position\":1,\"name\":\"Home\",\"item\":\"https:\\\/\\\/quicklearning.academy\\\/home\\\/\"},{\"@type\":\"ListItem\",\"position\":2,\"name\":\"Shop\",\"item\":\"https:\\\/\\\/quicklearning.academy\\\/negozio\\\/\"},{\"@type\":\"ListItem\",\"position\":3,\"name\":\"COLORLIFE PROTECTIVE LEAVE-IN FOR COLORED HAIR 200 ml\"}]},{\"@type\":\"WebSite\",\"@id\":\"https:\\\/\\\/quicklearning.academy\\\/#website\",\"url\":\"https:\\\/\\\/quicklearning.academy\\\/\",\"name\":\"Quick Learning Academy\",\"description\":\"Prodotti e Formazione per Parrucchieri\",\"publisher\":{\"@id\":\"https:\\\/\\\/quicklearning.academy\\\/#organization\"},\"potentialAction\":[{\"@type\":\"SearchAction\",\"target\":{\"@type\":\"EntryPoint\",\"urlTemplate\":\"https:\\\/\\\/quicklearning.academy\\\/?s={search_term_string}\"},\"query-input\":{\"@type\":\"PropertyValueSpecification\",\"valueRequired\":true,\"valueName\":\"search_term_string\"}}],\"inLanguage\":\"fr-FR\"},{\"@type\":\"Organization\",\"@id\":\"https:\\\/\\\/quicklearning.academy\\\/#organization\",\"name\":\"Quick Learning\",\"url\":\"https:\\\/\\\/quicklearning.academy\\\/\",\"logo\":{\"@type\":\"ImageObject\",\"inLanguage\":\"fr-FR\",\"@id\":\"https:\\\/\\\/quicklearning.academy\\\/#\\\/schema\\\/logo\\\/image\\\/\",\"url\":\"https:\\\/\\\/quicklearning.academy\\\/wp-content\\\/uploads\\\/2021\\\/12\\\/LOGO-11.png\",\"contentUrl\":\"https:\\\/\\\/quicklearning.academy\\\/wp-content\\\/uploads\\\/2021\\\/12\\\/LOGO-11.png\",\"width\":841,\"height\":595,\"caption\":\"Quick Learning\"},\"image\":{\"@id\":\"https:\\\/\\\/quicklearning.academy\\\/#\\\/schema\\\/logo\\\/image\\\/\"}}]}<\/script>\n<!-- \/ Yoast SEO plugin. -->","yoast_head_json":{"title":"COLORLIFE PROTECTIVE LEAVE-IN FOR COLORED HAIR 200 ml - Quick Learning Academy","robots":{"index":"index","follow":"follow","max-snippet":"max-snippet:-1","max-image-preview":"max-image-preview:large","max-video-preview":"max-video-preview:-1"},"canonical":"https:\/\/quicklearning.academy\/fr\/produit\/colorlife-protective-leave-in-for-colored-hair-200-ml-2\/","og_locale":"fr_FR","og_type":"article","og_title":"COLORLIFE PROTECTIVE LEAVE-IN FOR COLORED HAIR 200 ml - Quick Learning Academy","og_description":"Leave-in protettivo e illuminante per capelli colorati","og_url":"https:\/\/quicklearning.academy\/fr\/produit\/colorlife-protective-leave-in-for-colored-hair-200-ml-2\/","og_site_name":"Quick Learning Academy","article_modified_time":"2026-01-29T17:15:48+00:00","og_image":[{"width":707,"height":900,"url":"https:\/\/quicklearning.academy\/wp-content\/uploads\/2023\/02\/Cotril_Colorlife_Potion_100ml.png","type":"image\/png"}],"twitter_card":"summary_large_image","twitter_misc":{"Dur\u00e9e de lecture estim\u00e9e":"1 minute"},"schema":{"@context":"https:\/\/schema.org","@graph":[{"@type":"WebPage","@id":"https:\/\/quicklearning.academy\/prodotto\/colorlife-protective-leave-in-for-colored-hair-200-ml-2\/","url":"https:\/\/quicklearning.academy\/prodotto\/colorlife-protective-leave-in-for-colored-hair-200-ml-2\/","name":"COLORLIFE PROTECTIVE LEAVE-IN FOR COLORED HAIR 200 ml - Quick Learning Academy","isPartOf":{"@id":"https:\/\/quicklearning.academy\/#website"},"primaryImageOfPage":{"@id":"https:\/\/quicklearning.academy\/prodotto\/colorlife-protective-leave-in-for-colored-hair-200-ml-2\/#primaryimage"},"image":{"@id":"https:\/\/quicklearning.academy\/prodotto\/colorlife-protective-leave-in-for-colored-hair-200-ml-2\/#primaryimage"},"thumbnailUrl":"https:\/\/quicklearning.academy\/wp-content\/uploads\/2023\/02\/Cotril_Colorlife_Potion_100ml.png","datePublished":"1969-12-31T23:00:00+00:00","dateModified":"2026-01-29T17:15:48+00:00","breadcrumb":{"@id":"https:\/\/quicklearning.academy\/prodotto\/colorlife-protective-leave-in-for-colored-hair-200-ml-2\/#breadcrumb"},"inLanguage":"fr-FR","potentialAction":[{"@type":"ReadAction","target":["https:\/\/quicklearning.academy\/prodotto\/colorlife-protective-leave-in-for-colored-hair-200-ml-2\/"]}]},{"@type":"ImageObject","inLanguage":"fr-FR","@id":"https:\/\/quicklearning.academy\/prodotto\/colorlife-protective-leave-in-for-colored-hair-200-ml-2\/#primaryimage","url":"https:\/\/quicklearning.academy\/wp-content\/uploads\/2023\/02\/Cotril_Colorlife_Potion_100ml.png","contentUrl":"https:\/\/quicklearning.academy\/wp-content\/uploads\/2023\/02\/Cotril_Colorlife_Potion_100ml.png","width":707,"height":900},{"@type":"BreadcrumbList","@id":"https:\/\/quicklearning.academy\/prodotto\/colorlife-protective-leave-in-for-colored-hair-200-ml-2\/#breadcrumb","itemListElement":[{"@type":"ListItem","position":1,"name":"Home","item":"https:\/\/quicklearning.academy\/home\/"},{"@type":"ListItem","position":2,"name":"Shop","item":"https:\/\/quicklearning.academy\/negozio\/"},{"@type":"ListItem","position":3,"name":"COLORLIFE PROTECTIVE LEAVE-IN FOR COLORED HAIR 200 ml"}]},{"@type":"WebSite","@id":"https:\/\/quicklearning.academy\/#website","url":"https:\/\/quicklearning.academy\/","name":"Acad\u00e9mie d'apprentissage rapide","description":"Produits et formations pour les coiffeurs","publisher":{"@id":"https:\/\/quicklearning.academy\/#organization"},"potentialAction":[{"@type":"SearchAction","target":{"@type":"EntryPoint","urlTemplate":"https:\/\/quicklearning.academy\/?s={search_term_string}"},"query-input":{"@type":"PropertyValueSpecification","valueRequired":true,"valueName":"search_term_string"}}],"inLanguage":"fr-FR"},{"@type":"Organization","@id":"https:\/\/quicklearning.academy\/#organization","name":"Apprentissage rapide","url":"https:\/\/quicklearning.academy\/","logo":{"@type":"ImageObject","inLanguage":"fr-FR","@id":"https:\/\/quicklearning.academy\/#\/schema\/logo\/image\/","url":"https:\/\/quicklearning.academy\/wp-content\/uploads\/2021\/12\/LOGO-11.png","contentUrl":"https:\/\/quicklearning.academy\/wp-content\/uploads\/2021\/12\/LOGO-11.png","width":841,"height":595,"caption":"Quick Learning"},"image":{"@id":"https:\/\/quicklearning.academy\/#\/schema\/logo\/image\/"}}]}},"_links":{"self":[{"href":"https:\/\/quicklearning.academy\/fr\/wp-json\/wp\/v2\/product\/6292","targetHints":{"allow":["GET"]}}],"collection":[{"href":"https:\/\/quicklearning.academy\/fr\/wp-json\/wp\/v2\/product"}],"about":[{"href":"https:\/\/quicklearning.academy\/fr\/wp-json\/wp\/v2\/types\/product"}],"replies":[{"embeddable":true,"href":"https:\/\/quicklearning.academy\/fr\/wp-json\/wp\/v2\/comments?post=6292"}],"wp:featuredmedia":[{"embeddable":true,"href":"https:\/\/quicklearning.academy\/fr\/wp-json\/wp\/v2\/media\/6048"}],"wp:attachment":[{"href":"https:\/\/quicklearning.academy\/fr\/wp-json\/wp\/v2\/media?parent=6292"}],"wp:term":[{"taxonomy":"product_brand","embeddable":true,"href":"https:\/\/quicklearning.academy\/fr\/wp-json\/wp\/v2\/product_brand?post=6292"},{"taxonomy":"product_cat","embeddable":true,"href":"https:\/\/quicklearning.academy\/fr\/wp-json\/wp\/v2\/product_cat?post=6292"},{"taxonomy":"product_tag","embeddable":true,"href":"https:\/\/quicklearning.academy\/fr\/wp-json\/wp\/v2\/product_tag?post=6292"}],"curies":[{"name":"wp","href":"https:\/\/api.w.org\/{rel}","templated":true}]}}