{"id":6276,"date":"1970-01-01T00:00:00","date_gmt":"1969-12-31T23:00:00","guid":{"rendered":"https:\/\/quicklearning.academy\/?post_type=product&#038;p=6276"},"modified":"2026-01-29T18:15:46","modified_gmt":"2026-01-29T17:15:46","slug":"freedom-refreshing-hair-mist-for-everyone","status":"publish","type":"product","link":"https:\/\/quicklearning.academy\/fr\/produit\/freedom-refreshing-hair-mist-for-everyone\/","title":{"rendered":"Brume capillaire rafra\u00eechissante FREEDOM POUR TOUS 100 ml"},"content":{"rendered":"<p>Spray multi-actions enrichi d'un peptide sp\u00e9cifique d'origine v\u00e9g\u00e9tale d\u00e9riv\u00e9 du Moringa qui aide \u00e0 neutraliser les odeurs d\u00e9sagr\u00e9ables sur les cheveux dues \u00e0 la pollution, au smog et \u00e0 la sueur. Il prot\u00e8ge de la lumi\u00e8re bleue des \u00e9crans qui a tendance \u00e0 ternir les structures, laissant \u00e0 la peau et aux cheveux une sensation de l\u00e9g\u00e8ret\u00e9 et de bien-\u00eatre.<\/p>\n<p><strong>Principes et propri\u00e9t\u00e9s actifs : <\/strong><\/p>\n<ul>\n<li>Complexe de riz : protecteur, contre la lumi\u00e8re bleue<\/li>\n<li>Ch\u00e9lateur naturel : antioxydant, \u00e9limine les m\u00e9taux lourds<\/li>\n<li>Peptide de Moringa : protecteur, neutralise les odeurs<\/li>\n<li>Extrait de th\u00e9 noir : \u00e9limine les odeurs, antioxydant<\/li>\n<li>Aloe : apaisant, hydratant, calmant, rafra\u00eechissant<\/li>\n<\/ul>\n<p><strong>Avantages : <\/strong><\/p>\n<ul>\n<li>Prot\u00e8ge les cheveux des polluants<\/li>\n<li>Neutralise les odeurs, laissant les cheveux agr\u00e9ablement parfum\u00e9s<\/li>\n<li>Procure une sensation de l\u00e9g\u00e8ret\u00e9 sur la peau et les cheveux<\/li>\n<\/ul>\n<p><strong>Id\u00e9al pour :<\/strong> tous les types de cheveux.<\/p>\n<p><strong>M\u00e9thode d'utilisation : <\/strong>Vaporiser uniform\u00e9ment sans rincer.<\/p>","protected":false},"excerpt":{"rendered":"<p>Spray anti-odeur<\/p>","protected":false},"featured_media":6054,"comment_status":"closed","ping_status":"closed","template":"","meta":{"_joinchat":[]},"product_brand":[],"product_cat":[217],"product_tag":[],"class_list":{"0":"post-6276","1":"product","2":"type-product","3":"status-publish","4":"has-post-thumbnail","6":"product_cat-freedom","8":"first","9":"instock","10":"sale","11":"taxable","12":"shipping-taxable","13":"purchasable","14":"product-type-simple"},"yoast_head":"<!-- This site is optimized with the Yoast SEO plugin v27.5 - https:\/\/yoast.com\/product\/yoast-seo-wordpress\/ -->\n<title>FREEDOM REFRESHING HAIR MIST FOR EVERYONE 100 ml - Quick Learning Academy<\/title>\n<meta name=\"robots\" content=\"index, follow, max-snippet:-1, max-image-preview:large, max-video-preview:-1\" \/>\n<link rel=\"canonical\" href=\"https:\/\/quicklearning.academy\/fr\/produit\/freedom-refreshing-hair-mist-for-everyone\/\" \/>\n<meta property=\"og:locale\" content=\"fr_FR\" \/>\n<meta property=\"og:type\" content=\"article\" \/>\n<meta property=\"og:title\" content=\"FREEDOM REFRESHING HAIR MIST FOR EVERYONE 100 ml - Quick Learning Academy\" \/>\n<meta property=\"og:description\" content=\"Spray antiodore\" \/>\n<meta property=\"og:url\" content=\"https:\/\/quicklearning.academy\/fr\/produit\/freedom-refreshing-hair-mist-for-everyone\/\" \/>\n<meta property=\"og:site_name\" content=\"Quick Learning Academy\" \/>\n<meta property=\"article:modified_time\" content=\"2026-01-29T17:15:46+00:00\" \/>\n<meta property=\"og:image\" content=\"https:\/\/quicklearning.academy\/wp-content\/uploads\/2023\/02\/Cotril_Freedom_hair-mist_100ml.png\" \/>\n\t<meta property=\"og:image:width\" content=\"707\" \/>\n\t<meta property=\"og:image:height\" content=\"900\" \/>\n\t<meta property=\"og:image:type\" content=\"image\/png\" \/>\n<meta name=\"twitter:card\" content=\"summary_large_image\" \/>\n<meta name=\"twitter:label1\" content=\"Dur\u00e9e de lecture estim\u00e9e\" \/>\n\t<meta name=\"twitter:data1\" content=\"1 minute\" \/>\n<script type=\"application\/ld+json\" class=\"yoast-schema-graph\">{\"@context\":\"https:\\\/\\\/schema.org\",\"@graph\":[{\"@type\":\"WebPage\",\"@id\":\"https:\\\/\\\/quicklearning.academy\\\/prodotto\\\/freedom-refreshing-hair-mist-for-everyone\\\/\",\"url\":\"https:\\\/\\\/quicklearning.academy\\\/prodotto\\\/freedom-refreshing-hair-mist-for-everyone\\\/\",\"name\":\"FREEDOM REFRESHING HAIR MIST FOR EVERYONE 100 ml - Quick Learning Academy\",\"isPartOf\":{\"@id\":\"https:\\\/\\\/quicklearning.academy\\\/#website\"},\"primaryImageOfPage\":{\"@id\":\"https:\\\/\\\/quicklearning.academy\\\/prodotto\\\/freedom-refreshing-hair-mist-for-everyone\\\/#primaryimage\"},\"image\":{\"@id\":\"https:\\\/\\\/quicklearning.academy\\\/prodotto\\\/freedom-refreshing-hair-mist-for-everyone\\\/#primaryimage\"},\"thumbnailUrl\":\"https:\\\/\\\/quicklearning.academy\\\/wp-content\\\/uploads\\\/2023\\\/02\\\/Cotril_Freedom_hair-mist_100ml.png\",\"datePublished\":\"1969-12-31T23:00:00+00:00\",\"dateModified\":\"2026-01-29T17:15:46+00:00\",\"breadcrumb\":{\"@id\":\"https:\\\/\\\/quicklearning.academy\\\/prodotto\\\/freedom-refreshing-hair-mist-for-everyone\\\/#breadcrumb\"},\"inLanguage\":\"fr-FR\",\"potentialAction\":[{\"@type\":\"ReadAction\",\"target\":[\"https:\\\/\\\/quicklearning.academy\\\/prodotto\\\/freedom-refreshing-hair-mist-for-everyone\\\/\"]}]},{\"@type\":\"ImageObject\",\"inLanguage\":\"fr-FR\",\"@id\":\"https:\\\/\\\/quicklearning.academy\\\/prodotto\\\/freedom-refreshing-hair-mist-for-everyone\\\/#primaryimage\",\"url\":\"https:\\\/\\\/quicklearning.academy\\\/wp-content\\\/uploads\\\/2023\\\/02\\\/Cotril_Freedom_hair-mist_100ml.png\",\"contentUrl\":\"https:\\\/\\\/quicklearning.academy\\\/wp-content\\\/uploads\\\/2023\\\/02\\\/Cotril_Freedom_hair-mist_100ml.png\",\"width\":707,\"height\":900},{\"@type\":\"BreadcrumbList\",\"@id\":\"https:\\\/\\\/quicklearning.academy\\\/prodotto\\\/freedom-refreshing-hair-mist-for-everyone\\\/#breadcrumb\",\"itemListElement\":[{\"@type\":\"ListItem\",\"position\":1,\"name\":\"Home\",\"item\":\"https:\\\/\\\/quicklearning.academy\\\/home\\\/\"},{\"@type\":\"ListItem\",\"position\":2,\"name\":\"Shop\",\"item\":\"https:\\\/\\\/quicklearning.academy\\\/negozio\\\/\"},{\"@type\":\"ListItem\",\"position\":3,\"name\":\"FREEDOM REFRESHING HAIR MIST FOR EVERYONE 100 ml\"}]},{\"@type\":\"WebSite\",\"@id\":\"https:\\\/\\\/quicklearning.academy\\\/#website\",\"url\":\"https:\\\/\\\/quicklearning.academy\\\/\",\"name\":\"Quick Learning Academy\",\"description\":\"Prodotti e Formazione per Parrucchieri\",\"publisher\":{\"@id\":\"https:\\\/\\\/quicklearning.academy\\\/#organization\"},\"potentialAction\":[{\"@type\":\"SearchAction\",\"target\":{\"@type\":\"EntryPoint\",\"urlTemplate\":\"https:\\\/\\\/quicklearning.academy\\\/?s={search_term_string}\"},\"query-input\":{\"@type\":\"PropertyValueSpecification\",\"valueRequired\":true,\"valueName\":\"search_term_string\"}}],\"inLanguage\":\"fr-FR\"},{\"@type\":\"Organization\",\"@id\":\"https:\\\/\\\/quicklearning.academy\\\/#organization\",\"name\":\"Quick Learning\",\"url\":\"https:\\\/\\\/quicklearning.academy\\\/\",\"logo\":{\"@type\":\"ImageObject\",\"inLanguage\":\"fr-FR\",\"@id\":\"https:\\\/\\\/quicklearning.academy\\\/#\\\/schema\\\/logo\\\/image\\\/\",\"url\":\"https:\\\/\\\/quicklearning.academy\\\/wp-content\\\/uploads\\\/2021\\\/12\\\/LOGO-11.png\",\"contentUrl\":\"https:\\\/\\\/quicklearning.academy\\\/wp-content\\\/uploads\\\/2021\\\/12\\\/LOGO-11.png\",\"width\":841,\"height\":595,\"caption\":\"Quick Learning\"},\"image\":{\"@id\":\"https:\\\/\\\/quicklearning.academy\\\/#\\\/schema\\\/logo\\\/image\\\/\"}}]}<\/script>\n<!-- \/ Yoast SEO plugin. -->","yoast_head_json":{"title":"Brume capillaire rafra\u00eechissante FREEDOM POUR TOUS 100 ml - Quick Learning Academy","robots":{"index":"index","follow":"follow","max-snippet":"max-snippet:-1","max-image-preview":"max-image-preview:large","max-video-preview":"max-video-preview:-1"},"canonical":"https:\/\/quicklearning.academy\/fr\/produit\/freedom-refreshing-hair-mist-for-everyone\/","og_locale":"fr_FR","og_type":"article","og_title":"FREEDOM REFRESHING HAIR MIST FOR EVERYONE 100 ml - Quick Learning Academy","og_description":"Spray antiodore","og_url":"https:\/\/quicklearning.academy\/fr\/produit\/freedom-refreshing-hair-mist-for-everyone\/","og_site_name":"Quick Learning Academy","article_modified_time":"2026-01-29T17:15:46+00:00","og_image":[{"width":707,"height":900,"url":"https:\/\/quicklearning.academy\/wp-content\/uploads\/2023\/02\/Cotril_Freedom_hair-mist_100ml.png","type":"image\/png"}],"twitter_card":"summary_large_image","twitter_misc":{"Dur\u00e9e de lecture estim\u00e9e":"1 minute"},"schema":{"@context":"https:\/\/schema.org","@graph":[{"@type":"WebPage","@id":"https:\/\/quicklearning.academy\/prodotto\/freedom-refreshing-hair-mist-for-everyone\/","url":"https:\/\/quicklearning.academy\/prodotto\/freedom-refreshing-hair-mist-for-everyone\/","name":"Brume capillaire rafra\u00eechissante FREEDOM POUR TOUS 100 ml - Quick Learning Academy","isPartOf":{"@id":"https:\/\/quicklearning.academy\/#website"},"primaryImageOfPage":{"@id":"https:\/\/quicklearning.academy\/prodotto\/freedom-refreshing-hair-mist-for-everyone\/#primaryimage"},"image":{"@id":"https:\/\/quicklearning.academy\/prodotto\/freedom-refreshing-hair-mist-for-everyone\/#primaryimage"},"thumbnailUrl":"https:\/\/quicklearning.academy\/wp-content\/uploads\/2023\/02\/Cotril_Freedom_hair-mist_100ml.png","datePublished":"1969-12-31T23:00:00+00:00","dateModified":"2026-01-29T17:15:46+00:00","breadcrumb":{"@id":"https:\/\/quicklearning.academy\/prodotto\/freedom-refreshing-hair-mist-for-everyone\/#breadcrumb"},"inLanguage":"fr-FR","potentialAction":[{"@type":"ReadAction","target":["https:\/\/quicklearning.academy\/prodotto\/freedom-refreshing-hair-mist-for-everyone\/"]}]},{"@type":"ImageObject","inLanguage":"fr-FR","@id":"https:\/\/quicklearning.academy\/prodotto\/freedom-refreshing-hair-mist-for-everyone\/#primaryimage","url":"https:\/\/quicklearning.academy\/wp-content\/uploads\/2023\/02\/Cotril_Freedom_hair-mist_100ml.png","contentUrl":"https:\/\/quicklearning.academy\/wp-content\/uploads\/2023\/02\/Cotril_Freedom_hair-mist_100ml.png","width":707,"height":900},{"@type":"BreadcrumbList","@id":"https:\/\/quicklearning.academy\/prodotto\/freedom-refreshing-hair-mist-for-everyone\/#breadcrumb","itemListElement":[{"@type":"ListItem","position":1,"name":"Home","item":"https:\/\/quicklearning.academy\/home\/"},{"@type":"ListItem","position":2,"name":"Shop","item":"https:\/\/quicklearning.academy\/negozio\/"},{"@type":"ListItem","position":3,"name":"FREEDOM REFRESHING HAIR MIST FOR EVERYONE 100 ml"}]},{"@type":"WebSite","@id":"https:\/\/quicklearning.academy\/#website","url":"https:\/\/quicklearning.academy\/","name":"Acad\u00e9mie d'apprentissage rapide","description":"Produits et formations pour les coiffeurs","publisher":{"@id":"https:\/\/quicklearning.academy\/#organization"},"potentialAction":[{"@type":"SearchAction","target":{"@type":"EntryPoint","urlTemplate":"https:\/\/quicklearning.academy\/?s={search_term_string}"},"query-input":{"@type":"PropertyValueSpecification","valueRequired":true,"valueName":"search_term_string"}}],"inLanguage":"fr-FR"},{"@type":"Organization","@id":"https:\/\/quicklearning.academy\/#organization","name":"Apprentissage rapide","url":"https:\/\/quicklearning.academy\/","logo":{"@type":"ImageObject","inLanguage":"fr-FR","@id":"https:\/\/quicklearning.academy\/#\/schema\/logo\/image\/","url":"https:\/\/quicklearning.academy\/wp-content\/uploads\/2021\/12\/LOGO-11.png","contentUrl":"https:\/\/quicklearning.academy\/wp-content\/uploads\/2021\/12\/LOGO-11.png","width":841,"height":595,"caption":"Quick Learning"},"image":{"@id":"https:\/\/quicklearning.academy\/#\/schema\/logo\/image\/"}}]}},"_links":{"self":[{"href":"https:\/\/quicklearning.academy\/fr\/wp-json\/wp\/v2\/product\/6276","targetHints":{"allow":["GET"]}}],"collection":[{"href":"https:\/\/quicklearning.academy\/fr\/wp-json\/wp\/v2\/product"}],"about":[{"href":"https:\/\/quicklearning.academy\/fr\/wp-json\/wp\/v2\/types\/product"}],"replies":[{"embeddable":true,"href":"https:\/\/quicklearning.academy\/fr\/wp-json\/wp\/v2\/comments?post=6276"}],"wp:featuredmedia":[{"embeddable":true,"href":"https:\/\/quicklearning.academy\/fr\/wp-json\/wp\/v2\/media\/6054"}],"wp:attachment":[{"href":"https:\/\/quicklearning.academy\/fr\/wp-json\/wp\/v2\/media?parent=6276"}],"wp:term":[{"taxonomy":"product_brand","embeddable":true,"href":"https:\/\/quicklearning.academy\/fr\/wp-json\/wp\/v2\/product_brand?post=6276"},{"taxonomy":"product_cat","embeddable":true,"href":"https:\/\/quicklearning.academy\/fr\/wp-json\/wp\/v2\/product_cat?post=6276"},{"taxonomy":"product_tag","embeddable":true,"href":"https:\/\/quicklearning.academy\/fr\/wp-json\/wp\/v2\/product_tag?post=6276"}],"curies":[{"name":"wp","href":"https:\/\/api.w.org\/{rel}","templated":true}]}}