{"id":6165,"date":"2022-12-03T04:55:00","date_gmt":"2022-12-03T03:55:00","guid":{"rendered":"https:\/\/quicklearning.academy\/?post_type=product&#038;p=6165"},"modified":"2026-01-29T18:15:45","modified_gmt":"2026-01-29T17:15:45","slug":"reconstructive-mask-200-ml-2","status":"publish","type":"product","link":"https:\/\/quicklearning.academy\/fr\/produit\/reconstructive-mask-200-ml-2\/","title":{"rendered":"SHAMPOOING PR\u00c9PARATEUR R\u00c9G\u00c9N\u00c9RATION 1000 ML"},"content":{"rendered":"<p>Shampooing sp\u00e9cifique qui nettoie en douceur et pr\u00e9pare les cheveux ab\u00eem\u00e9s \u00e0 absorber le traitement R\u00e9g\u00e9n\u00e9ration appliqu\u00e9 ult\u00e9rieurement.<\/p>\n<p>La formule contient des ingr\u00e9dients fonctionnels innovants avec une action restructurante, revitalisante et disciplinante qui p\u00e9n\u00e8trent \u00e0 l&#039;int\u00e9rieur de la structure. <strong>pH 7,0 \u2013 7,5<\/strong><\/p>\n<p><span class=\"font-bold\">FORMAT<\/span><\/p>\n<p>1000 ml<\/p>\n<div class=\"elementor-element elementor-element-225544c elementor-widget elementor-widget-heading\" data-id=\"225544c\" data-element_type=\"widget\" data-widget_type=\"heading.default\">\n<div class=\"elementor-widget-container\">\n<h2 class=\"elementor-heading-title elementor-size-default\">B\u00c9N\u00c9FICES<\/h2>\n<\/div>\n<\/div>\n<div class=\"dce-fix-background-loop elementor-element elementor-element-66e21f5 elementor-widget elementor-widget-dce-acf-repeater-v2\" data-id=\"66e21f5\" data-element_type=\"widget\" data-settings=\"{&quot;dce_acf_repeater_format&quot;:&quot;list&quot;}\" data-widget_type=\"dce-acf-repeater-v2.default\">\n<div class=\"elementor-widget-container\">\n<div class=\"dce-acf-repeater\">\n<ul class=\"dce-acf-repeater-list\">\n<li class=\"dce-acf-repeater-item\">Nettoie les cheveux en douceur<\/li>\n<li class=\"dce-acf-repeater-item\">Ouvre les cuticules pour accueillir le traitement<\/li>\n<li class=\"dce-acf-repeater-item\">Donne \u00e9lasticit\u00e9 et brillance<\/li>\n<\/ul>\n<h2 class=\"elementor-heading-title elementor-size-default\">PRINCIPES ACTIFS ET PROPRI\u00c9T\u00c9S<\/h2>\n<h5><strong>PHYTOCOMPLEXE MULTIFONCTIONNEL<\/strong><\/h5>\n<p>\u00c9lastifiant, illuminant et nourrissant.<\/p>\n<h5><strong>PHYTOK\u00c9RATINE D&#039;ORIGINE V\u00c9G\u00c9TALE<\/strong><\/h5>\n<p>Restructurant, protecteur et \u00e0 effet anti-\u00e2ge.<\/p>\n<h5><strong>COMPLEXE BRILLANCE<\/strong><\/h5>\n<p>Illumine, nourrit et am\u00e9liore la coiffabilit\u00e9.<\/p>\n<h5><strong>HUILE DE P\u00caCHE<\/strong><\/h5>\n<p>Antioxydant, hydratant et anti-inflammatoire.<\/p>\n<\/div>\n<\/div>\n<\/div>\n<h5>MODE D&#039;EMPLOI<\/h5>\n<p>Appliquer sur cheveux mouill\u00e9s et masser d\u00e9licatement jusqu&#039;\u00e0 obtenir une mousse \u00e9paisse. Rincer et r\u00e9p\u00e9ter si n\u00e9cessaire.<\/p>","protected":false},"excerpt":{"rendered":"<p>Shampoo speci\u00adfico che deterge delicatamente e prepara i capelli danneggiati ad assorbire il trattamento Regeneration applicato successivamente. La formula contiene innovativi ingredienti funzionali ad azione ristrutturante, rivitalizzante e disciplinante che penetrano all\u2019interno della struttura. pH 7.0 \u2013 7.5 FORMATO 1000 ml BENEFICI Deterge delicatamente i capelli Apre le cuticole per accogliere il trattamento Dona elasticit\u00e0 [&hellip;]<\/p>\n","protected":false},"featured_media":8297,"comment_status":"closed","ping_status":"closed","template":"","meta":{"_joinchat":[]},"product_brand":[],"product_cat":[92],"product_tag":[],"class_list":{"0":"post-6165","1":"product","2":"type-product","3":"status-publish","4":"has-post-thumbnail","6":"product_cat-regeneration","8":"first","9":"instock","10":"sale","11":"taxable","12":"shipping-taxable","13":"purchasable","14":"product-type-simple"},"yoast_head":"<!-- This site is optimized with the Yoast SEO plugin v27.5 - https:\/\/yoast.com\/product\/yoast-seo-wordpress\/ -->\n<title>REGENERATION PREPARING SHAMPOO 1000 ML - Quick Learning Academy<\/title>\n<meta name=\"robots\" content=\"index, follow, max-snippet:-1, max-image-preview:large, max-video-preview:-1\" \/>\n<link rel=\"canonical\" href=\"https:\/\/quicklearning.academy\/fr\/produit\/reconstructive-mask-200-ml-2\/\" \/>\n<meta property=\"og:locale\" content=\"fr_FR\" \/>\n<meta property=\"og:type\" content=\"article\" \/>\n<meta property=\"og:title\" content=\"REGENERATION PREPARING SHAMPOO 1000 ML - Quick Learning Academy\" \/>\n<meta property=\"og:description\" content=\"Shampoo speci\u00adfico che deterge delicatamente e prepara i capelli danneggiati ad assorbire il trattamento Regeneration applicato successivamente. La formula contiene innovativi ingredienti funzionali ad azione ristrutturante, rivitalizzante e disciplinante che penetrano all\u2019interno della struttura. pH 7.0 \u2013 7.5 FORMATO 1000 ml BENEFICI Deterge delicatamente i capelli Apre le cuticole per accogliere il trattamento Dona elasticit\u00e0 [&hellip;]\" \/>\n<meta property=\"og:url\" content=\"https:\/\/quicklearning.academy\/fr\/produit\/reconstructive-mask-200-ml-2\/\" \/>\n<meta property=\"og:site_name\" content=\"Quick Learning Academy\" \/>\n<meta property=\"article:modified_time\" content=\"2026-01-29T17:15:45+00:00\" \/>\n<meta property=\"og:image\" content=\"https:\/\/quicklearning.academy\/wp-content\/uploads\/2024\/08\/PREPARING-SHAMPOO-1000-ml.webp\" \/>\n\t<meta property=\"og:image:width\" content=\"710\" \/>\n\t<meta property=\"og:image:height\" content=\"900\" \/>\n\t<meta property=\"og:image:type\" content=\"image\/webp\" \/>\n<meta name=\"twitter:card\" content=\"summary_large_image\" \/>\n<meta name=\"twitter:label1\" content=\"Dur\u00e9e de lecture estim\u00e9e\" \/>\n\t<meta name=\"twitter:data1\" content=\"1 minute\" \/>\n<script type=\"application\/ld+json\" class=\"yoast-schema-graph\">{\"@context\":\"https:\\\/\\\/schema.org\",\"@graph\":[{\"@type\":\"WebPage\",\"@id\":\"https:\\\/\\\/quicklearning.academy\\\/prodotto\\\/reconstructive-mask-200-ml-2\\\/\",\"url\":\"https:\\\/\\\/quicklearning.academy\\\/prodotto\\\/reconstructive-mask-200-ml-2\\\/\",\"name\":\"REGENERATION PREPARING SHAMPOO 1000 ML - Quick Learning Academy\",\"isPartOf\":{\"@id\":\"https:\\\/\\\/quicklearning.academy\\\/#website\"},\"primaryImageOfPage\":{\"@id\":\"https:\\\/\\\/quicklearning.academy\\\/prodotto\\\/reconstructive-mask-200-ml-2\\\/#primaryimage\"},\"image\":{\"@id\":\"https:\\\/\\\/quicklearning.academy\\\/prodotto\\\/reconstructive-mask-200-ml-2\\\/#primaryimage\"},\"thumbnailUrl\":\"https:\\\/\\\/quicklearning.academy\\\/wp-content\\\/uploads\\\/2024\\\/08\\\/PREPARING-SHAMPOO-1000-ml.webp\",\"datePublished\":\"2022-12-03T03:55:00+00:00\",\"dateModified\":\"2026-01-29T17:15:45+00:00\",\"breadcrumb\":{\"@id\":\"https:\\\/\\\/quicklearning.academy\\\/prodotto\\\/reconstructive-mask-200-ml-2\\\/#breadcrumb\"},\"inLanguage\":\"fr-FR\",\"potentialAction\":[{\"@type\":\"ReadAction\",\"target\":[\"https:\\\/\\\/quicklearning.academy\\\/prodotto\\\/reconstructive-mask-200-ml-2\\\/\"]}]},{\"@type\":\"ImageObject\",\"inLanguage\":\"fr-FR\",\"@id\":\"https:\\\/\\\/quicklearning.academy\\\/prodotto\\\/reconstructive-mask-200-ml-2\\\/#primaryimage\",\"url\":\"https:\\\/\\\/quicklearning.academy\\\/wp-content\\\/uploads\\\/2024\\\/08\\\/PREPARING-SHAMPOO-1000-ml.webp\",\"contentUrl\":\"https:\\\/\\\/quicklearning.academy\\\/wp-content\\\/uploads\\\/2024\\\/08\\\/PREPARING-SHAMPOO-1000-ml.webp\",\"width\":710,\"height\":900},{\"@type\":\"BreadcrumbList\",\"@id\":\"https:\\\/\\\/quicklearning.academy\\\/prodotto\\\/reconstructive-mask-200-ml-2\\\/#breadcrumb\",\"itemListElement\":[{\"@type\":\"ListItem\",\"position\":1,\"name\":\"Home\",\"item\":\"https:\\\/\\\/quicklearning.academy\\\/home\\\/\"},{\"@type\":\"ListItem\",\"position\":2,\"name\":\"Shop\",\"item\":\"https:\\\/\\\/quicklearning.academy\\\/negozio\\\/\"},{\"@type\":\"ListItem\",\"position\":3,\"name\":\"REGENERATION PREPARING SHAMPOO 1000 ML\"}]},{\"@type\":\"WebSite\",\"@id\":\"https:\\\/\\\/quicklearning.academy\\\/#website\",\"url\":\"https:\\\/\\\/quicklearning.academy\\\/\",\"name\":\"Quick Learning Academy\",\"description\":\"Prodotti e Formazione per Parrucchieri\",\"publisher\":{\"@id\":\"https:\\\/\\\/quicklearning.academy\\\/#organization\"},\"potentialAction\":[{\"@type\":\"SearchAction\",\"target\":{\"@type\":\"EntryPoint\",\"urlTemplate\":\"https:\\\/\\\/quicklearning.academy\\\/?s={search_term_string}\"},\"query-input\":{\"@type\":\"PropertyValueSpecification\",\"valueRequired\":true,\"valueName\":\"search_term_string\"}}],\"inLanguage\":\"fr-FR\"},{\"@type\":\"Organization\",\"@id\":\"https:\\\/\\\/quicklearning.academy\\\/#organization\",\"name\":\"Quick Learning\",\"url\":\"https:\\\/\\\/quicklearning.academy\\\/\",\"logo\":{\"@type\":\"ImageObject\",\"inLanguage\":\"fr-FR\",\"@id\":\"https:\\\/\\\/quicklearning.academy\\\/#\\\/schema\\\/logo\\\/image\\\/\",\"url\":\"https:\\\/\\\/quicklearning.academy\\\/wp-content\\\/uploads\\\/2021\\\/12\\\/LOGO-11.png\",\"contentUrl\":\"https:\\\/\\\/quicklearning.academy\\\/wp-content\\\/uploads\\\/2021\\\/12\\\/LOGO-11.png\",\"width\":841,\"height\":595,\"caption\":\"Quick Learning\"},\"image\":{\"@id\":\"https:\\\/\\\/quicklearning.academy\\\/#\\\/schema\\\/logo\\\/image\\\/\"}}]}<\/script>\n<!-- \/ Yoast SEO plugin. -->","yoast_head_json":{"title":"Shampoing pr\u00e9parateur r\u00e9g\u00e9n\u00e9rant 1000 ml - Quick Learning Academy","robots":{"index":"index","follow":"follow","max-snippet":"max-snippet:-1","max-image-preview":"max-image-preview:large","max-video-preview":"max-video-preview:-1"},"canonical":"https:\/\/quicklearning.academy\/fr\/produit\/reconstructive-mask-200-ml-2\/","og_locale":"fr_FR","og_type":"article","og_title":"REGENERATION PREPARING SHAMPOO 1000 ML - Quick Learning Academy","og_description":"Shampoo speci\u00adfico che deterge delicatamente e prepara i capelli danneggiati ad assorbire il trattamento Regeneration applicato successivamente. La formula contiene innovativi ingredienti funzionali ad azione ristrutturante, rivitalizzante e disciplinante che penetrano all\u2019interno della struttura. pH 7.0 \u2013 7.5 FORMATO 1000 ml BENEFICI Deterge delicatamente i capelli Apre le cuticole per accogliere il trattamento Dona elasticit\u00e0 [&hellip;]","og_url":"https:\/\/quicklearning.academy\/fr\/produit\/reconstructive-mask-200-ml-2\/","og_site_name":"Quick Learning Academy","article_modified_time":"2026-01-29T17:15:45+00:00","og_image":[{"width":710,"height":900,"url":"https:\/\/quicklearning.academy\/wp-content\/uploads\/2024\/08\/PREPARING-SHAMPOO-1000-ml.webp","type":"image\/webp"}],"twitter_card":"summary_large_image","twitter_misc":{"Dur\u00e9e de lecture estim\u00e9e":"1 minute"},"schema":{"@context":"https:\/\/schema.org","@graph":[{"@type":"WebPage","@id":"https:\/\/quicklearning.academy\/prodotto\/reconstructive-mask-200-ml-2\/","url":"https:\/\/quicklearning.academy\/prodotto\/reconstructive-mask-200-ml-2\/","name":"Shampoing pr\u00e9parateur r\u00e9g\u00e9n\u00e9rant 1000 ml - Quick Learning Academy","isPartOf":{"@id":"https:\/\/quicklearning.academy\/#website"},"primaryImageOfPage":{"@id":"https:\/\/quicklearning.academy\/prodotto\/reconstructive-mask-200-ml-2\/#primaryimage"},"image":{"@id":"https:\/\/quicklearning.academy\/prodotto\/reconstructive-mask-200-ml-2\/#primaryimage"},"thumbnailUrl":"https:\/\/quicklearning.academy\/wp-content\/uploads\/2024\/08\/PREPARING-SHAMPOO-1000-ml.webp","datePublished":"2022-12-03T03:55:00+00:00","dateModified":"2026-01-29T17:15:45+00:00","breadcrumb":{"@id":"https:\/\/quicklearning.academy\/prodotto\/reconstructive-mask-200-ml-2\/#breadcrumb"},"inLanguage":"fr-FR","potentialAction":[{"@type":"ReadAction","target":["https:\/\/quicklearning.academy\/prodotto\/reconstructive-mask-200-ml-2\/"]}]},{"@type":"ImageObject","inLanguage":"fr-FR","@id":"https:\/\/quicklearning.academy\/prodotto\/reconstructive-mask-200-ml-2\/#primaryimage","url":"https:\/\/quicklearning.academy\/wp-content\/uploads\/2024\/08\/PREPARING-SHAMPOO-1000-ml.webp","contentUrl":"https:\/\/quicklearning.academy\/wp-content\/uploads\/2024\/08\/PREPARING-SHAMPOO-1000-ml.webp","width":710,"height":900},{"@type":"BreadcrumbList","@id":"https:\/\/quicklearning.academy\/prodotto\/reconstructive-mask-200-ml-2\/#breadcrumb","itemListElement":[{"@type":"ListItem","position":1,"name":"Home","item":"https:\/\/quicklearning.academy\/home\/"},{"@type":"ListItem","position":2,"name":"Shop","item":"https:\/\/quicklearning.academy\/negozio\/"},{"@type":"ListItem","position":3,"name":"REGENERATION PREPARING SHAMPOO 1000 ML"}]},{"@type":"WebSite","@id":"https:\/\/quicklearning.academy\/#website","url":"https:\/\/quicklearning.academy\/","name":"Acad\u00e9mie d'apprentissage rapide","description":"Produits et formations pour les coiffeurs","publisher":{"@id":"https:\/\/quicklearning.academy\/#organization"},"potentialAction":[{"@type":"SearchAction","target":{"@type":"EntryPoint","urlTemplate":"https:\/\/quicklearning.academy\/?s={search_term_string}"},"query-input":{"@type":"PropertyValueSpecification","valueRequired":true,"valueName":"search_term_string"}}],"inLanguage":"fr-FR"},{"@type":"Organization","@id":"https:\/\/quicklearning.academy\/#organization","name":"Apprentissage rapide","url":"https:\/\/quicklearning.academy\/","logo":{"@type":"ImageObject","inLanguage":"fr-FR","@id":"https:\/\/quicklearning.academy\/#\/schema\/logo\/image\/","url":"https:\/\/quicklearning.academy\/wp-content\/uploads\/2021\/12\/LOGO-11.png","contentUrl":"https:\/\/quicklearning.academy\/wp-content\/uploads\/2021\/12\/LOGO-11.png","width":841,"height":595,"caption":"Quick Learning"},"image":{"@id":"https:\/\/quicklearning.academy\/#\/schema\/logo\/image\/"}}]}},"_links":{"self":[{"href":"https:\/\/quicklearning.academy\/fr\/wp-json\/wp\/v2\/product\/6165","targetHints":{"allow":["GET"]}}],"collection":[{"href":"https:\/\/quicklearning.academy\/fr\/wp-json\/wp\/v2\/product"}],"about":[{"href":"https:\/\/quicklearning.academy\/fr\/wp-json\/wp\/v2\/types\/product"}],"replies":[{"embeddable":true,"href":"https:\/\/quicklearning.academy\/fr\/wp-json\/wp\/v2\/comments?post=6165"}],"wp:featuredmedia":[{"embeddable":true,"href":"https:\/\/quicklearning.academy\/fr\/wp-json\/wp\/v2\/media\/8297"}],"wp:attachment":[{"href":"https:\/\/quicklearning.academy\/fr\/wp-json\/wp\/v2\/media?parent=6165"}],"wp:term":[{"taxonomy":"product_brand","embeddable":true,"href":"https:\/\/quicklearning.academy\/fr\/wp-json\/wp\/v2\/product_brand?post=6165"},{"taxonomy":"product_cat","embeddable":true,"href":"https:\/\/quicklearning.academy\/fr\/wp-json\/wp\/v2\/product_cat?post=6165"},{"taxonomy":"product_tag","embeddable":true,"href":"https:\/\/quicklearning.academy\/fr\/wp-json\/wp\/v2\/product_tag?post=6165"}],"curies":[{"name":"wp","href":"https:\/\/api.w.org\/{rel}","templated":true}]}}