{"id":2602,"date":"1970-01-01T00:00:00","date_gmt":"1969-12-31T23:00:00","guid":{"rendered":"https:\/\/quicklearning.academy\/?post_type=product&#038;p=2602"},"modified":"2025-09-22T12:13:31","modified_gmt":"2025-09-22T10:13:31","slug":"n-611-biondo-scuro-cenere-intenso-150ml","status":"publish","type":"product","link":"https:\/\/quicklearning.academy\/fr\/produit\/n-611-biondo-scuro-cenere-intenso-150ml\/","title":{"rendered":"N 6.11 INTENSE DARK BLOND 150ML (prix par lot de 3)"},"content":{"rendered":"<h2>COLOR TECH<\/h2>\n<h3>COLORATION SANS D\u00c9FAUT<\/h3>\n<ul>\n<li>palette exclusive de 115 teintes<\/li>\n<li>coloration \u00e0 faible teneur en ammoniaque : n'attaque pas et n'ab\u00eeme pas le cheveu<\/li>\n<li>cr\u00e8me riche et douce, facile \u00e0 m\u00e9langer, \u00e0 appliquer et \u00e0 relaver<\/li>\n<li>ne coule pas, ne tache pas la peau, n'irrite pas.<\/li>\n<li>couverture parfaite des cheveux blancs<\/li>\n<li>un agr\u00e9able parfum exotique<\/li>\n<li>rapport de dilution 1:1,5<\/li>\n<\/ul>\n<h3>INGR\u00c9DIENTS ET AVANTAGES<\/h3>\n<p>Cr\u00e9atine : r\u00e9pare, prot\u00e8ge et renforce la fibre capillaire<\/p>\n<p>Sorbitol : hydratant et nourrissant<\/p>\n<p>Gomme de guar : pouvoir conditionnant<\/p>\n<p>Pro-Vitamine B5 : calmante et apaisante<\/p>\n<h3>AVANTAGES POUR LES CLIENTS<\/h3>\n<p>- couverture parfaite des cheveux blancs - couleur longue dur\u00e9e<\/p>\n<hr \/>\n<p><strong>Mode d'utilisation<\/strong><\/p>\n<p>Par exemple, 150 ml de Color Tech 225 ml d'oxyg\u00e8ne 5\/10\/20\/25\/30\/40 vol. Temps de pose : 30 \u00e0 45 minutes.<\/p>\n<p><strong>Format<\/strong><\/p>\n<p>150 ml<\/p>","protected":false},"excerpt":{"rendered":"<p>COLOR TECH LA COLORAZIONE ZERO DIFETTI palette esclusiva di 115 nuances colorazione a basso contenuto di Ammoniaca: non aggredisce n\u00e9 danneggia il capello ricca e morbida crema, facile da miscelare, applicare e riscacquare non cola, non macchia la cute, non irrita perfetta copertura dei capelli bianchi gradevole profumazione esotica rapporto di diluizione 1:1,5 INGREDIENTS &amp; [&hellip;]<\/p>\n","protected":false},"featured_media":3287,"comment_status":"open","ping_status":"closed","template":"","meta":{"_joinchat":[]},"product_brand":[],"product_cat":[18],"product_tag":[],"class_list":{"0":"post-2602","1":"product","2":"type-product","3":"status-publish","4":"has-post-thumbnail","6":"product_cat-varie","8":"first","9":"instock","10":"sale","11":"taxable","12":"shipping-taxable","13":"purchasable","14":"product-type-simple"},"yoast_head":"<!-- This site is optimized with the Yoast SEO plugin v27.4 - https:\/\/yoast.com\/product\/yoast-seo-wordpress\/ -->\n<title>N 6,11 BIONDO SCURO CENERE INTENSO 150ML (prezzo confezione da 3 pezzi) - Quick Learning Academy<\/title>\n<meta name=\"robots\" content=\"index, follow, max-snippet:-1, max-image-preview:large, max-video-preview:-1\" \/>\n<link rel=\"canonical\" href=\"https:\/\/quicklearning.academy\/fr\/produit\/n-611-biondo-scuro-cenere-intenso-150ml\/\" \/>\n<meta property=\"og:locale\" content=\"fr_FR\" \/>\n<meta property=\"og:type\" content=\"article\" \/>\n<meta property=\"og:title\" content=\"N 6,11 BIONDO SCURO CENERE INTENSO 150ML (prezzo confezione da 3 pezzi) - Quick Learning Academy\" \/>\n<meta property=\"og:description\" content=\"COLOR TECH LA COLORAZIONE ZERO DIFETTI palette esclusiva di 115 nuances colorazione a basso contenuto di Ammoniaca: non aggredisce n\u00e9 danneggia il capello ricca e morbida crema, facile da miscelare, applicare e riscacquare non cola, non macchia la cute, non irrita perfetta copertura dei capelli bianchi gradevole profumazione esotica rapporto di diluizione 1:1,5 INGREDIENTS &amp; [&hellip;]\" \/>\n<meta property=\"og:url\" content=\"https:\/\/quicklearning.academy\/fr\/produit\/n-611-biondo-scuro-cenere-intenso-150ml\/\" \/>\n<meta property=\"og:site_name\" content=\"Quick Learning Academy\" \/>\n<meta property=\"article:modified_time\" content=\"2025-09-22T10:13:31+00:00\" \/>\n<meta name=\"twitter:card\" content=\"summary_large_image\" \/>\n<meta name=\"twitter:label1\" content=\"Dur\u00e9e de lecture estim\u00e9e\" \/>\n\t<meta name=\"twitter:data1\" content=\"1 minute\" \/>\n<script type=\"application\/ld+json\" class=\"yoast-schema-graph\">{\"@context\":\"https:\\\/\\\/schema.org\",\"@graph\":[{\"@type\":\"WebPage\",\"@id\":\"https:\\\/\\\/quicklearning.academy\\\/prodotto\\\/n-611-biondo-scuro-cenere-intenso-150ml\\\/\",\"url\":\"https:\\\/\\\/quicklearning.academy\\\/prodotto\\\/n-611-biondo-scuro-cenere-intenso-150ml\\\/\",\"name\":\"N 6,11 BIONDO SCURO CENERE INTENSO 150ML (prezzo confezione da 3 pezzi) - Quick Learning Academy\",\"isPartOf\":{\"@id\":\"https:\\\/\\\/quicklearning.academy\\\/#website\"},\"primaryImageOfPage\":{\"@id\":\"https:\\\/\\\/quicklearning.academy\\\/prodotto\\\/n-611-biondo-scuro-cenere-intenso-150ml\\\/#primaryimage\"},\"image\":{\"@id\":\"https:\\\/\\\/quicklearning.academy\\\/prodotto\\\/n-611-biondo-scuro-cenere-intenso-150ml\\\/#primaryimage\"},\"thumbnailUrl\":\"https:\\\/\\\/quicklearning.academy\\\/wp-content\\\/uploads\\\/2022\\\/03\\\/Ciocche-Web-High-Quality-2560x2560-Clean.026.jpeg\",\"datePublished\":\"1969-12-31T23:00:00+00:00\",\"dateModified\":\"2025-09-22T10:13:31+00:00\",\"breadcrumb\":{\"@id\":\"https:\\\/\\\/quicklearning.academy\\\/prodotto\\\/n-611-biondo-scuro-cenere-intenso-150ml\\\/#breadcrumb\"},\"inLanguage\":\"fr-FR\",\"potentialAction\":[{\"@type\":\"ReadAction\",\"target\":[\"https:\\\/\\\/quicklearning.academy\\\/prodotto\\\/n-611-biondo-scuro-cenere-intenso-150ml\\\/\"]}]},{\"@type\":\"ImageObject\",\"inLanguage\":\"fr-FR\",\"@id\":\"https:\\\/\\\/quicklearning.academy\\\/prodotto\\\/n-611-biondo-scuro-cenere-intenso-150ml\\\/#primaryimage\",\"url\":\"https:\\\/\\\/quicklearning.academy\\\/wp-content\\\/uploads\\\/2022\\\/03\\\/Ciocche-Web-High-Quality-2560x2560-Clean.026.jpeg\",\"contentUrl\":\"https:\\\/\\\/quicklearning.academy\\\/wp-content\\\/uploads\\\/2022\\\/03\\\/Ciocche-Web-High-Quality-2560x2560-Clean.026.jpeg\",\"width\":2560,\"height\":2560},{\"@type\":\"BreadcrumbList\",\"@id\":\"https:\\\/\\\/quicklearning.academy\\\/prodotto\\\/n-611-biondo-scuro-cenere-intenso-150ml\\\/#breadcrumb\",\"itemListElement\":[{\"@type\":\"ListItem\",\"position\":1,\"name\":\"Home\",\"item\":\"https:\\\/\\\/quicklearning.academy\\\/home\\\/\"},{\"@type\":\"ListItem\",\"position\":2,\"name\":\"Shop\",\"item\":\"https:\\\/\\\/quicklearning.academy\\\/negozio\\\/\"},{\"@type\":\"ListItem\",\"position\":3,\"name\":\"N 6,11 BIONDO SCURO CENERE INTENSO 150ML (prezzo confezione da 3 pezzi)\"}]},{\"@type\":\"WebSite\",\"@id\":\"https:\\\/\\\/quicklearning.academy\\\/#website\",\"url\":\"https:\\\/\\\/quicklearning.academy\\\/\",\"name\":\"Quick Learning Academy\",\"description\":\"Prodotti e Formazione per Parrucchieri\",\"publisher\":{\"@id\":\"https:\\\/\\\/quicklearning.academy\\\/#organization\"},\"potentialAction\":[{\"@type\":\"SearchAction\",\"target\":{\"@type\":\"EntryPoint\",\"urlTemplate\":\"https:\\\/\\\/quicklearning.academy\\\/?s={search_term_string}\"},\"query-input\":{\"@type\":\"PropertyValueSpecification\",\"valueRequired\":true,\"valueName\":\"search_term_string\"}}],\"inLanguage\":\"fr-FR\"},{\"@type\":\"Organization\",\"@id\":\"https:\\\/\\\/quicklearning.academy\\\/#organization\",\"name\":\"Quick Learning\",\"url\":\"https:\\\/\\\/quicklearning.academy\\\/\",\"logo\":{\"@type\":\"ImageObject\",\"inLanguage\":\"fr-FR\",\"@id\":\"https:\\\/\\\/quicklearning.academy\\\/#\\\/schema\\\/logo\\\/image\\\/\",\"url\":\"https:\\\/\\\/quicklearning.academy\\\/wp-content\\\/uploads\\\/2021\\\/12\\\/LOGO-11.png\",\"contentUrl\":\"https:\\\/\\\/quicklearning.academy\\\/wp-content\\\/uploads\\\/2021\\\/12\\\/LOGO-11.png\",\"width\":841,\"height\":595,\"caption\":\"Quick Learning\"},\"image\":{\"@id\":\"https:\\\/\\\/quicklearning.academy\\\/#\\\/schema\\\/logo\\\/image\\\/\"}}]}<\/script>\n<!-- \/ Yoast SEO plugin. -->","yoast_head_json":{"title":"N 6.11 INTENSE DARK BLOND 150ML (prix par lot de 3) - Quick Learning Academy","robots":{"index":"index","follow":"follow","max-snippet":"max-snippet:-1","max-image-preview":"max-image-preview:large","max-video-preview":"max-video-preview:-1"},"canonical":"https:\/\/quicklearning.academy\/fr\/produit\/n-611-biondo-scuro-cenere-intenso-150ml\/","og_locale":"fr_FR","og_type":"article","og_title":"N 6,11 BIONDO SCURO CENERE INTENSO 150ML (prezzo confezione da 3 pezzi) - Quick Learning Academy","og_description":"COLOR TECH LA COLORAZIONE ZERO DIFETTI palette esclusiva di 115 nuances colorazione a basso contenuto di Ammoniaca: non aggredisce n\u00e9 danneggia il capello ricca e morbida crema, facile da miscelare, applicare e riscacquare non cola, non macchia la cute, non irrita perfetta copertura dei capelli bianchi gradevole profumazione esotica rapporto di diluizione 1:1,5 INGREDIENTS &amp; [&hellip;]","og_url":"https:\/\/quicklearning.academy\/fr\/produit\/n-611-biondo-scuro-cenere-intenso-150ml\/","og_site_name":"Quick Learning Academy","article_modified_time":"2025-09-22T10:13:31+00:00","twitter_card":"summary_large_image","twitter_misc":{"Dur\u00e9e de lecture estim\u00e9e":"1 minute"},"schema":{"@context":"https:\/\/schema.org","@graph":[{"@type":"WebPage","@id":"https:\/\/quicklearning.academy\/prodotto\/n-611-biondo-scuro-cenere-intenso-150ml\/","url":"https:\/\/quicklearning.academy\/prodotto\/n-611-biondo-scuro-cenere-intenso-150ml\/","name":"N 6.11 INTENSE DARK BLOND 150ML (prix par lot de 3) - Quick Learning Academy","isPartOf":{"@id":"https:\/\/quicklearning.academy\/#website"},"primaryImageOfPage":{"@id":"https:\/\/quicklearning.academy\/prodotto\/n-611-biondo-scuro-cenere-intenso-150ml\/#primaryimage"},"image":{"@id":"https:\/\/quicklearning.academy\/prodotto\/n-611-biondo-scuro-cenere-intenso-150ml\/#primaryimage"},"thumbnailUrl":"https:\/\/quicklearning.academy\/wp-content\/uploads\/2022\/03\/Ciocche-Web-High-Quality-2560x2560-Clean.026.jpeg","datePublished":"1969-12-31T23:00:00+00:00","dateModified":"2025-09-22T10:13:31+00:00","breadcrumb":{"@id":"https:\/\/quicklearning.academy\/prodotto\/n-611-biondo-scuro-cenere-intenso-150ml\/#breadcrumb"},"inLanguage":"fr-FR","potentialAction":[{"@type":"ReadAction","target":["https:\/\/quicklearning.academy\/prodotto\/n-611-biondo-scuro-cenere-intenso-150ml\/"]}]},{"@type":"ImageObject","inLanguage":"fr-FR","@id":"https:\/\/quicklearning.academy\/prodotto\/n-611-biondo-scuro-cenere-intenso-150ml\/#primaryimage","url":"https:\/\/quicklearning.academy\/wp-content\/uploads\/2022\/03\/Ciocche-Web-High-Quality-2560x2560-Clean.026.jpeg","contentUrl":"https:\/\/quicklearning.academy\/wp-content\/uploads\/2022\/03\/Ciocche-Web-High-Quality-2560x2560-Clean.026.jpeg","width":2560,"height":2560},{"@type":"BreadcrumbList","@id":"https:\/\/quicklearning.academy\/prodotto\/n-611-biondo-scuro-cenere-intenso-150ml\/#breadcrumb","itemListElement":[{"@type":"ListItem","position":1,"name":"Home","item":"https:\/\/quicklearning.academy\/home\/"},{"@type":"ListItem","position":2,"name":"Shop","item":"https:\/\/quicklearning.academy\/negozio\/"},{"@type":"ListItem","position":3,"name":"N 6,11 BIONDO SCURO CENERE INTENSO 150ML (prezzo confezione da 3 pezzi)"}]},{"@type":"WebSite","@id":"https:\/\/quicklearning.academy\/#website","url":"https:\/\/quicklearning.academy\/","name":"Acad\u00e9mie d'apprentissage rapide","description":"Produits et formations pour les coiffeurs","publisher":{"@id":"https:\/\/quicklearning.academy\/#organization"},"potentialAction":[{"@type":"SearchAction","target":{"@type":"EntryPoint","urlTemplate":"https:\/\/quicklearning.academy\/?s={search_term_string}"},"query-input":{"@type":"PropertyValueSpecification","valueRequired":true,"valueName":"search_term_string"}}],"inLanguage":"fr-FR"},{"@type":"Organization","@id":"https:\/\/quicklearning.academy\/#organization","name":"Apprentissage rapide","url":"https:\/\/quicklearning.academy\/","logo":{"@type":"ImageObject","inLanguage":"fr-FR","@id":"https:\/\/quicklearning.academy\/#\/schema\/logo\/image\/","url":"https:\/\/quicklearning.academy\/wp-content\/uploads\/2021\/12\/LOGO-11.png","contentUrl":"https:\/\/quicklearning.academy\/wp-content\/uploads\/2021\/12\/LOGO-11.png","width":841,"height":595,"caption":"Quick Learning"},"image":{"@id":"https:\/\/quicklearning.academy\/#\/schema\/logo\/image\/"}}]}},"_links":{"self":[{"href":"https:\/\/quicklearning.academy\/fr\/wp-json\/wp\/v2\/product\/2602","targetHints":{"allow":["GET"]}}],"collection":[{"href":"https:\/\/quicklearning.academy\/fr\/wp-json\/wp\/v2\/product"}],"about":[{"href":"https:\/\/quicklearning.academy\/fr\/wp-json\/wp\/v2\/types\/product"}],"replies":[{"embeddable":true,"href":"https:\/\/quicklearning.academy\/fr\/wp-json\/wp\/v2\/comments?post=2602"}],"wp:featuredmedia":[{"embeddable":true,"href":"https:\/\/quicklearning.academy\/fr\/wp-json\/wp\/v2\/media\/3287"}],"wp:attachment":[{"href":"https:\/\/quicklearning.academy\/fr\/wp-json\/wp\/v2\/media?parent=2602"}],"wp:term":[{"taxonomy":"product_brand","embeddable":true,"href":"https:\/\/quicklearning.academy\/fr\/wp-json\/wp\/v2\/product_brand?post=2602"},{"taxonomy":"product_cat","embeddable":true,"href":"https:\/\/quicklearning.academy\/fr\/wp-json\/wp\/v2\/product_cat?post=2602"},{"taxonomy":"product_tag","embeddable":true,"href":"https:\/\/quicklearning.academy\/fr\/wp-json\/wp\/v2\/product_tag?post=2602"}],"curies":[{"name":"wp","href":"https:\/\/api.w.org\/{rel}","templated":true}]}}