{"id":2579,"date":"1970-01-01T00:00:00","date_gmt":"1969-12-31T23:00:00","guid":{"rendered":"https:\/\/quicklearning.academy\/?post_type=product&#038;p=2579"},"modified":"2026-01-29T18:15:32","modified_gmt":"2026-01-29T17:15:32","slug":"cotril-blue-diamond-500-g","status":"publish","type":"product","link":"https:\/\/quicklearning.academy\/fr\/produit\/cotril-blue-diamond-500-g\/","title":{"rendered":"COTRIL BLEU DIAMANT 500 g"},"content":{"rendered":"<h2>Poudre de blanchiment haute performance<\/h2>\n<p>Poudre de blanchiment bleue avec un parfum fruit\u00e9. Id\u00e9al pour toutes les techniques de blanchiment actuelles, notamment sur les structures moyennes \u00e0 grossi\u00e8res. Il garantit un pouvoir \u00e9claircissant allant jusqu'\u00e0 9 niveaux et, gr\u00e2ce \u00e0 son pigment bleu-violet sp\u00e9cial, il contr\u00f4le le r\u00e9flexe chaud ind\u00e9sirable pendant le processus de blanchiment. Enrichi du complexe conditionnant K-Plex, il prot\u00e8ge l'int\u00e9grit\u00e9 de la structure et la sant\u00e9 des cheveux. Rapport de dilution de 1:1,5 \u00e0 1:2.<\/p>\n<h3><strong>Avantages pour les clients<\/strong><\/h3>\n<ul>\n<li>\u00c9claire jusqu'\u00e0 9 niveaux<\/li>\n<li>Cheveux \u00e9lastiques, doux et conditionn\u00e9s<\/li>\n<li>Des r\u00e9sultats brillants et uniformes<\/li>\n<\/ul>\n<h4><strong>Mode d'utilisation<\/strong><\/h4>\n<p>M\u00e9langer la poudre de blanchiment avec l'oxydant le plus appropri\u00e9 selon les besoins jusqu'\u00e0 l'obtention d'un m\u00e9lange homog\u00e8ne. Appliquer sur les cheveux secs.<\/p>\n<p>Temps d'application : 10 \u00e0 50 minutes, selon l'\u00e9tat des cheveux et le r\u00e9sultat souhait\u00e9. V\u00e9rifiez soigneusement toutes les 5 \u00e0 10 minutes pendant le processus de blanchiment.<\/p>\n<p>A la fin du traitement, rincez abondamment et proc\u00e9dez au Shampooing Pr\u00e9parateur.<\/p>\n<h4>Format : 500 g<\/h4>","protected":false},"excerpt":{"rendered":"<p>500 g x 1 pc<\/p>","protected":false},"featured_media":4115,"comment_status":"open","ping_status":"closed","template":"","meta":{"_joinchat":[]},"product_brand":[],"product_cat":[154],"product_tag":[],"class_list":{"0":"post-2579","1":"product","2":"type-product","3":"status-publish","4":"has-post-thumbnail","6":"product_cat-decoloranti","8":"first","9":"instock","10":"sale","11":"taxable","12":"shipping-taxable","13":"purchasable","14":"product-type-simple"},"yoast_head":"<!-- This site is optimized with the Yoast SEO plugin v27.5 - https:\/\/yoast.com\/product\/yoast-seo-wordpress\/ -->\n<title>COTRIL BLUE DIAMOND 500 g - Quick Learning Academy<\/title>\n<meta name=\"robots\" content=\"index, follow, max-snippet:-1, max-image-preview:large, max-video-preview:-1\" \/>\n<link rel=\"canonical\" href=\"https:\/\/quicklearning.academy\/fr\/produit\/cotril-blue-diamond-500-g\/\" \/>\n<meta property=\"og:locale\" content=\"fr_FR\" \/>\n<meta property=\"og:type\" content=\"article\" \/>\n<meta property=\"og:title\" content=\"COTRIL BLUE DIAMOND 500 g - Quick Learning Academy\" \/>\n<meta property=\"og:description\" content=\"500 gr x 1 pz\" \/>\n<meta property=\"og:url\" content=\"https:\/\/quicklearning.academy\/fr\/produit\/cotril-blue-diamond-500-g\/\" \/>\n<meta property=\"og:site_name\" content=\"Quick Learning Academy\" \/>\n<meta property=\"article:modified_time\" content=\"2026-01-29T17:15:32+00:00\" \/>\n<meta property=\"og:image\" content=\"https:\/\/quicklearning.academy\/wp-content\/uploads\/2022\/03\/immagini-mancanti-.001.jpeg\" \/>\n\t<meta property=\"og:image:width\" content=\"1920\" \/>\n\t<meta property=\"og:image:height\" content=\"1920\" \/>\n\t<meta property=\"og:image:type\" content=\"image\/jpeg\" \/>\n<meta name=\"twitter:card\" content=\"summary_large_image\" \/>\n<meta name=\"twitter:label1\" content=\"Dur\u00e9e de lecture estim\u00e9e\" \/>\n\t<meta name=\"twitter:data1\" content=\"1 minute\" \/>\n<script type=\"application\/ld+json\" class=\"yoast-schema-graph\">{\"@context\":\"https:\\\/\\\/schema.org\",\"@graph\":[{\"@type\":\"WebPage\",\"@id\":\"https:\\\/\\\/quicklearning.academy\\\/prodotto\\\/cotril-blue-diamond-500-g\\\/\",\"url\":\"https:\\\/\\\/quicklearning.academy\\\/prodotto\\\/cotril-blue-diamond-500-g\\\/\",\"name\":\"COTRIL BLUE DIAMOND 500 g - Quick Learning Academy\",\"isPartOf\":{\"@id\":\"https:\\\/\\\/quicklearning.academy\\\/#website\"},\"primaryImageOfPage\":{\"@id\":\"https:\\\/\\\/quicklearning.academy\\\/prodotto\\\/cotril-blue-diamond-500-g\\\/#primaryimage\"},\"image\":{\"@id\":\"https:\\\/\\\/quicklearning.academy\\\/prodotto\\\/cotril-blue-diamond-500-g\\\/#primaryimage\"},\"thumbnailUrl\":\"https:\\\/\\\/quicklearning.academy\\\/wp-content\\\/uploads\\\/2022\\\/03\\\/immagini-mancanti-.001.jpeg\",\"datePublished\":\"1969-12-31T23:00:00+00:00\",\"dateModified\":\"2026-01-29T17:15:32+00:00\",\"breadcrumb\":{\"@id\":\"https:\\\/\\\/quicklearning.academy\\\/prodotto\\\/cotril-blue-diamond-500-g\\\/#breadcrumb\"},\"inLanguage\":\"fr-FR\",\"potentialAction\":[{\"@type\":\"ReadAction\",\"target\":[\"https:\\\/\\\/quicklearning.academy\\\/prodotto\\\/cotril-blue-diamond-500-g\\\/\"]}]},{\"@type\":\"ImageObject\",\"inLanguage\":\"fr-FR\",\"@id\":\"https:\\\/\\\/quicklearning.academy\\\/prodotto\\\/cotril-blue-diamond-500-g\\\/#primaryimage\",\"url\":\"https:\\\/\\\/quicklearning.academy\\\/wp-content\\\/uploads\\\/2022\\\/03\\\/immagini-mancanti-.001.jpeg\",\"contentUrl\":\"https:\\\/\\\/quicklearning.academy\\\/wp-content\\\/uploads\\\/2022\\\/03\\\/immagini-mancanti-.001.jpeg\",\"width\":1920,\"height\":1920},{\"@type\":\"BreadcrumbList\",\"@id\":\"https:\\\/\\\/quicklearning.academy\\\/prodotto\\\/cotril-blue-diamond-500-g\\\/#breadcrumb\",\"itemListElement\":[{\"@type\":\"ListItem\",\"position\":1,\"name\":\"Home\",\"item\":\"https:\\\/\\\/quicklearning.academy\\\/home\\\/\"},{\"@type\":\"ListItem\",\"position\":2,\"name\":\"Shop\",\"item\":\"https:\\\/\\\/quicklearning.academy\\\/negozio\\\/\"},{\"@type\":\"ListItem\",\"position\":3,\"name\":\"COTRIL BLUE DIAMOND 500 g\"}]},{\"@type\":\"WebSite\",\"@id\":\"https:\\\/\\\/quicklearning.academy\\\/#website\",\"url\":\"https:\\\/\\\/quicklearning.academy\\\/\",\"name\":\"Quick Learning Academy\",\"description\":\"Prodotti e Formazione per Parrucchieri\",\"publisher\":{\"@id\":\"https:\\\/\\\/quicklearning.academy\\\/#organization\"},\"potentialAction\":[{\"@type\":\"SearchAction\",\"target\":{\"@type\":\"EntryPoint\",\"urlTemplate\":\"https:\\\/\\\/quicklearning.academy\\\/?s={search_term_string}\"},\"query-input\":{\"@type\":\"PropertyValueSpecification\",\"valueRequired\":true,\"valueName\":\"search_term_string\"}}],\"inLanguage\":\"fr-FR\"},{\"@type\":\"Organization\",\"@id\":\"https:\\\/\\\/quicklearning.academy\\\/#organization\",\"name\":\"Quick Learning\",\"url\":\"https:\\\/\\\/quicklearning.academy\\\/\",\"logo\":{\"@type\":\"ImageObject\",\"inLanguage\":\"fr-FR\",\"@id\":\"https:\\\/\\\/quicklearning.academy\\\/#\\\/schema\\\/logo\\\/image\\\/\",\"url\":\"https:\\\/\\\/quicklearning.academy\\\/wp-content\\\/uploads\\\/2021\\\/12\\\/LOGO-11.png\",\"contentUrl\":\"https:\\\/\\\/quicklearning.academy\\\/wp-content\\\/uploads\\\/2021\\\/12\\\/LOGO-11.png\",\"width\":841,\"height\":595,\"caption\":\"Quick Learning\"},\"image\":{\"@id\":\"https:\\\/\\\/quicklearning.academy\\\/#\\\/schema\\\/logo\\\/image\\\/\"}}]}<\/script>\n<!-- \/ Yoast SEO plugin. -->","yoast_head_json":{"title":"COTRIL BLUE DIAMOND 500 g - Acad\u00e9mie d'apprentissage rapide","robots":{"index":"index","follow":"follow","max-snippet":"max-snippet:-1","max-image-preview":"max-image-preview:large","max-video-preview":"max-video-preview:-1"},"canonical":"https:\/\/quicklearning.academy\/fr\/produit\/cotril-blue-diamond-500-g\/","og_locale":"fr_FR","og_type":"article","og_title":"COTRIL BLUE DIAMOND 500 g - Quick Learning Academy","og_description":"500 gr x 1 pz","og_url":"https:\/\/quicklearning.academy\/fr\/produit\/cotril-blue-diamond-500-g\/","og_site_name":"Quick Learning Academy","article_modified_time":"2026-01-29T17:15:32+00:00","og_image":[{"width":1920,"height":1920,"url":"https:\/\/quicklearning.academy\/wp-content\/uploads\/2022\/03\/immagini-mancanti-.001.jpeg","type":"image\/jpeg"}],"twitter_card":"summary_large_image","twitter_misc":{"Dur\u00e9e de lecture estim\u00e9e":"1 minute"},"schema":{"@context":"https:\/\/schema.org","@graph":[{"@type":"WebPage","@id":"https:\/\/quicklearning.academy\/prodotto\/cotril-blue-diamond-500-g\/","url":"https:\/\/quicklearning.academy\/prodotto\/cotril-blue-diamond-500-g\/","name":"COTRIL BLUE DIAMOND 500 g - Acad\u00e9mie d'apprentissage rapide","isPartOf":{"@id":"https:\/\/quicklearning.academy\/#website"},"primaryImageOfPage":{"@id":"https:\/\/quicklearning.academy\/prodotto\/cotril-blue-diamond-500-g\/#primaryimage"},"image":{"@id":"https:\/\/quicklearning.academy\/prodotto\/cotril-blue-diamond-500-g\/#primaryimage"},"thumbnailUrl":"https:\/\/quicklearning.academy\/wp-content\/uploads\/2022\/03\/immagini-mancanti-.001.jpeg","datePublished":"1969-12-31T23:00:00+00:00","dateModified":"2026-01-29T17:15:32+00:00","breadcrumb":{"@id":"https:\/\/quicklearning.academy\/prodotto\/cotril-blue-diamond-500-g\/#breadcrumb"},"inLanguage":"fr-FR","potentialAction":[{"@type":"ReadAction","target":["https:\/\/quicklearning.academy\/prodotto\/cotril-blue-diamond-500-g\/"]}]},{"@type":"ImageObject","inLanguage":"fr-FR","@id":"https:\/\/quicklearning.academy\/prodotto\/cotril-blue-diamond-500-g\/#primaryimage","url":"https:\/\/quicklearning.academy\/wp-content\/uploads\/2022\/03\/immagini-mancanti-.001.jpeg","contentUrl":"https:\/\/quicklearning.academy\/wp-content\/uploads\/2022\/03\/immagini-mancanti-.001.jpeg","width":1920,"height":1920},{"@type":"BreadcrumbList","@id":"https:\/\/quicklearning.academy\/prodotto\/cotril-blue-diamond-500-g\/#breadcrumb","itemListElement":[{"@type":"ListItem","position":1,"name":"Home","item":"https:\/\/quicklearning.academy\/home\/"},{"@type":"ListItem","position":2,"name":"Shop","item":"https:\/\/quicklearning.academy\/negozio\/"},{"@type":"ListItem","position":3,"name":"COTRIL BLUE DIAMOND 500 g"}]},{"@type":"WebSite","@id":"https:\/\/quicklearning.academy\/#website","url":"https:\/\/quicklearning.academy\/","name":"Acad\u00e9mie d'apprentissage rapide","description":"Produits et formations pour les coiffeurs","publisher":{"@id":"https:\/\/quicklearning.academy\/#organization"},"potentialAction":[{"@type":"SearchAction","target":{"@type":"EntryPoint","urlTemplate":"https:\/\/quicklearning.academy\/?s={search_term_string}"},"query-input":{"@type":"PropertyValueSpecification","valueRequired":true,"valueName":"search_term_string"}}],"inLanguage":"fr-FR"},{"@type":"Organization","@id":"https:\/\/quicklearning.academy\/#organization","name":"Apprentissage rapide","url":"https:\/\/quicklearning.academy\/","logo":{"@type":"ImageObject","inLanguage":"fr-FR","@id":"https:\/\/quicklearning.academy\/#\/schema\/logo\/image\/","url":"https:\/\/quicklearning.academy\/wp-content\/uploads\/2021\/12\/LOGO-11.png","contentUrl":"https:\/\/quicklearning.academy\/wp-content\/uploads\/2021\/12\/LOGO-11.png","width":841,"height":595,"caption":"Quick Learning"},"image":{"@id":"https:\/\/quicklearning.academy\/#\/schema\/logo\/image\/"}}]}},"_links":{"self":[{"href":"https:\/\/quicklearning.academy\/fr\/wp-json\/wp\/v2\/product\/2579","targetHints":{"allow":["GET"]}}],"collection":[{"href":"https:\/\/quicklearning.academy\/fr\/wp-json\/wp\/v2\/product"}],"about":[{"href":"https:\/\/quicklearning.academy\/fr\/wp-json\/wp\/v2\/types\/product"}],"replies":[{"embeddable":true,"href":"https:\/\/quicklearning.academy\/fr\/wp-json\/wp\/v2\/comments?post=2579"}],"wp:featuredmedia":[{"embeddable":true,"href":"https:\/\/quicklearning.academy\/fr\/wp-json\/wp\/v2\/media\/4115"}],"wp:attachment":[{"href":"https:\/\/quicklearning.academy\/fr\/wp-json\/wp\/v2\/media?parent=2579"}],"wp:term":[{"taxonomy":"product_brand","embeddable":true,"href":"https:\/\/quicklearning.academy\/fr\/wp-json\/wp\/v2\/product_brand?post=2579"},{"taxonomy":"product_cat","embeddable":true,"href":"https:\/\/quicklearning.academy\/fr\/wp-json\/wp\/v2\/product_cat?post=2579"},{"taxonomy":"product_tag","embeddable":true,"href":"https:\/\/quicklearning.academy\/fr\/wp-json\/wp\/v2\/product_tag?post=2579"}],"curies":[{"name":"wp","href":"https:\/\/api.w.org\/{rel}","templated":true}]}}