{"id":2556,"date":"1970-01-01T00:00:00","date_gmt":"1969-12-31T23:00:00","guid":{"rendered":"https:\/\/quicklearning.academy\/?post_type=product&#038;p=2556"},"modified":"2026-01-29T18:15:27","modified_gmt":"2026-01-29T17:15:27","slug":"8n-biondo-chiaro-100ml","status":"publish","type":"product","link":"https:\/\/quicklearning.academy\/fr\/produit\/8n-biondo-chiaro-100ml\/","title":{"rendered":"8N LIGHT BLOND 100ML (prix par lot de 3)"},"content":{"rendered":"<h2>\u00c9CLAT Z\u00c9RO<\/h2>\n<h3>COLORATION PERMANENTE SANS AMMONIAQUE<\/h3>\n<ul>\n<li>coloration d'oxydation permanente<\/li>\n<li>sans Ammoniaque, p-Phenylenediamine et Gluten pour minimiser la sensibilit\u00e9 de la peau<\/li>\n<li>test\u00e9 dermatologiquement<\/li>\n<li>Nickel, Cobalt et Chrome Test\u00e9 pour garantir une faible teneur en m\u00e9taux lourds<\/li>\n<li>disponible en 65 teintes qui peuvent \u00eatre m\u00e9lang\u00e9es entre elles et utilis\u00e9es en combinaison avec d'autres couleurs Cotril : GLOW COLOR SYSTEM<\/li>\n<li>agr\u00e9able parfum fruit\u00e9 et floral<\/li>\n<li>dilution 1:1 ; 1:2 pour les Superblondes<\/li>\n<\/ul>\n<h3>INGR\u00c9DIENTS ET AVANTAGES<\/h3>\n<p>Ecobio Myrtille : anti-inflammatoire, anti-pelliculaire, micro-stimulant<\/p>\n<p>M\u00e9lange de feuilles Ecobio (d'orange, cl\u00e9mentine et olive biologiques) : antioxydant, hydratant.<\/p>\n<p>Prot\u00e9ines de riz : revitalisantes, protectrices, hydratantes, \u00e9lastiques.<\/p>\n<h3>AVANTAGES POUR LES CLIENTS<\/h3>\n<p>- 100% couverture des cheveux blancs - couleurs vives, reflets intenses et cheveux soyeux - haute tol\u00e9rance pour les personnes pr\u00e9sentant une intol\u00e9rance \u00e0 l'ammoniac<\/p>\n<p>&nbsp;<\/p>\n<hr \/>\n<p><strong>Mode d'utilisation<\/strong><\/p>\n<p>Par exemple, 50 ml d'\u00e9mulsion oxydante Glow Zero 20\/25. Dur\u00e9e totale de l'application : 30-40 minutes. Pour le Superblond : 50 ml de Glow Zero Superblond 100 ml d'\u00e9mulsion oxydante Glow Zero 30\/40 volumes. Temps de pose 45-50 minutes.<\/p>\n<p><strong>Format<\/strong><\/p>\n<p>100 ml<\/p>","protected":false},"excerpt":{"rendered":"<p>GLOW ZERO COLORAZIONE PERMANENTE SENZA AMMONIACA colorazione permanente ad ossidazione senza Ammoniaca, p-Phenylenediamine e Glutine\u00a0 per minimizzare la sensibilit\u00e0 cutanea dermatologicamente testata Nichel, Cobalto e Cromo Tested per garantire un basso contenuto di metalli pesanti disponibile in 65 nuances miscelabili tra loro e utilizzabili in combinazione con le altre colorazioni Cotril: GLOW COLOR SYSTEM gradevole [&hellip;]<\/p>\n","protected":false},"featured_media":3519,"comment_status":"open","ping_status":"closed","template":"","meta":{"_joinchat":[]},"product_brand":[],"product_cat":[98],"product_tag":[],"class_list":{"0":"post-2556","1":"product","2":"type-product","3":"status-publish","4":"has-post-thumbnail","6":"product_cat-glow-zero","8":"first","9":"outofstock","10":"sale","11":"taxable","12":"shipping-taxable","13":"purchasable","14":"product-type-simple"},"yoast_head":"<!-- This site is optimized with the Yoast SEO plugin v27.4 - https:\/\/yoast.com\/product\/yoast-seo-wordpress\/ -->\n<title>8N BIONDO CHIARO 100ML (prezzo confezione da 3 pezzi) - Quick Learning Academy<\/title>\n<meta name=\"robots\" content=\"index, follow, max-snippet:-1, max-image-preview:large, max-video-preview:-1\" \/>\n<link rel=\"canonical\" href=\"https:\/\/quicklearning.academy\/fr\/produit\/8n-biondo-chiaro-100ml\/\" \/>\n<meta property=\"og:locale\" content=\"fr_FR\" \/>\n<meta property=\"og:type\" content=\"article\" \/>\n<meta property=\"og:title\" content=\"8N BIONDO CHIARO 100ML (prezzo confezione da 3 pezzi) - Quick Learning Academy\" \/>\n<meta property=\"og:description\" content=\"GLOW ZERO COLORAZIONE PERMANENTE SENZA AMMONIACA colorazione permanente ad ossidazione senza Ammoniaca, p-Phenylenediamine e Glutine\u00a0 per minimizzare la sensibilit\u00e0 cutanea dermatologicamente testata Nichel, Cobalto e Cromo Tested per garantire un basso contenuto di metalli pesanti disponibile in 65 nuances miscelabili tra loro e utilizzabili in combinazione con le altre colorazioni Cotril: GLOW COLOR SYSTEM gradevole [&hellip;]\" \/>\n<meta property=\"og:url\" content=\"https:\/\/quicklearning.academy\/fr\/produit\/8n-biondo-chiaro-100ml\/\" \/>\n<meta property=\"og:site_name\" content=\"Quick Learning Academy\" \/>\n<meta property=\"article:modified_time\" content=\"2026-01-29T17:15:27+00:00\" \/>\n<meta property=\"og:image\" content=\"https:\/\/quicklearning.academy\/wp-content\/uploads\/2022\/03\/Ciocche-Web-High-Quality-2560x2560-Clean.258.jpeg\" \/>\n\t<meta property=\"og:image:width\" content=\"2560\" \/>\n\t<meta property=\"og:image:height\" content=\"2560\" \/>\n\t<meta property=\"og:image:type\" content=\"image\/jpeg\" \/>\n<meta name=\"twitter:card\" content=\"summary_large_image\" \/>\n<meta name=\"twitter:label1\" content=\"Dur\u00e9e de lecture estim\u00e9e\" \/>\n\t<meta name=\"twitter:data1\" content=\"1 minute\" \/>\n<script type=\"application\/ld+json\" class=\"yoast-schema-graph\">{\"@context\":\"https:\\\/\\\/schema.org\",\"@graph\":[{\"@type\":\"WebPage\",\"@id\":\"https:\\\/\\\/quicklearning.academy\\\/prodotto\\\/8n-biondo-chiaro-100ml\\\/\",\"url\":\"https:\\\/\\\/quicklearning.academy\\\/prodotto\\\/8n-biondo-chiaro-100ml\\\/\",\"name\":\"8N BIONDO CHIARO 100ML (prezzo confezione da 3 pezzi) - Quick Learning Academy\",\"isPartOf\":{\"@id\":\"https:\\\/\\\/quicklearning.academy\\\/#website\"},\"primaryImageOfPage\":{\"@id\":\"https:\\\/\\\/quicklearning.academy\\\/prodotto\\\/8n-biondo-chiaro-100ml\\\/#primaryimage\"},\"image\":{\"@id\":\"https:\\\/\\\/quicklearning.academy\\\/prodotto\\\/8n-biondo-chiaro-100ml\\\/#primaryimage\"},\"thumbnailUrl\":\"https:\\\/\\\/quicklearning.academy\\\/wp-content\\\/uploads\\\/2022\\\/03\\\/Ciocche-Web-High-Quality-2560x2560-Clean.258.jpeg\",\"datePublished\":\"1969-12-31T23:00:00+00:00\",\"dateModified\":\"2026-01-29T17:15:27+00:00\",\"breadcrumb\":{\"@id\":\"https:\\\/\\\/quicklearning.academy\\\/prodotto\\\/8n-biondo-chiaro-100ml\\\/#breadcrumb\"},\"inLanguage\":\"fr-FR\",\"potentialAction\":[{\"@type\":\"ReadAction\",\"target\":[\"https:\\\/\\\/quicklearning.academy\\\/prodotto\\\/8n-biondo-chiaro-100ml\\\/\"]}]},{\"@type\":\"ImageObject\",\"inLanguage\":\"fr-FR\",\"@id\":\"https:\\\/\\\/quicklearning.academy\\\/prodotto\\\/8n-biondo-chiaro-100ml\\\/#primaryimage\",\"url\":\"https:\\\/\\\/quicklearning.academy\\\/wp-content\\\/uploads\\\/2022\\\/03\\\/Ciocche-Web-High-Quality-2560x2560-Clean.258.jpeg\",\"contentUrl\":\"https:\\\/\\\/quicklearning.academy\\\/wp-content\\\/uploads\\\/2022\\\/03\\\/Ciocche-Web-High-Quality-2560x2560-Clean.258.jpeg\",\"width\":2560,\"height\":2560},{\"@type\":\"BreadcrumbList\",\"@id\":\"https:\\\/\\\/quicklearning.academy\\\/prodotto\\\/8n-biondo-chiaro-100ml\\\/#breadcrumb\",\"itemListElement\":[{\"@type\":\"ListItem\",\"position\":1,\"name\":\"Home\",\"item\":\"https:\\\/\\\/quicklearning.academy\\\/home\\\/\"},{\"@type\":\"ListItem\",\"position\":2,\"name\":\"Shop\",\"item\":\"https:\\\/\\\/quicklearning.academy\\\/negozio\\\/\"},{\"@type\":\"ListItem\",\"position\":3,\"name\":\"8N BIONDO CHIARO 100ML (prezzo confezione da 3 pezzi)\"}]},{\"@type\":\"WebSite\",\"@id\":\"https:\\\/\\\/quicklearning.academy\\\/#website\",\"url\":\"https:\\\/\\\/quicklearning.academy\\\/\",\"name\":\"Quick Learning Academy\",\"description\":\"Prodotti e Formazione per Parrucchieri\",\"publisher\":{\"@id\":\"https:\\\/\\\/quicklearning.academy\\\/#organization\"},\"potentialAction\":[{\"@type\":\"SearchAction\",\"target\":{\"@type\":\"EntryPoint\",\"urlTemplate\":\"https:\\\/\\\/quicklearning.academy\\\/?s={search_term_string}\"},\"query-input\":{\"@type\":\"PropertyValueSpecification\",\"valueRequired\":true,\"valueName\":\"search_term_string\"}}],\"inLanguage\":\"fr-FR\"},{\"@type\":\"Organization\",\"@id\":\"https:\\\/\\\/quicklearning.academy\\\/#organization\",\"name\":\"Quick Learning\",\"url\":\"https:\\\/\\\/quicklearning.academy\\\/\",\"logo\":{\"@type\":\"ImageObject\",\"inLanguage\":\"fr-FR\",\"@id\":\"https:\\\/\\\/quicklearning.academy\\\/#\\\/schema\\\/logo\\\/image\\\/\",\"url\":\"https:\\\/\\\/quicklearning.academy\\\/wp-content\\\/uploads\\\/2021\\\/12\\\/LOGO-11.png\",\"contentUrl\":\"https:\\\/\\\/quicklearning.academy\\\/wp-content\\\/uploads\\\/2021\\\/12\\\/LOGO-11.png\",\"width\":841,\"height\":595,\"caption\":\"Quick Learning\"},\"image\":{\"@id\":\"https:\\\/\\\/quicklearning.academy\\\/#\\\/schema\\\/logo\\\/image\\\/\"}}]}<\/script>\n<!-- \/ Yoast SEO plugin. -->","yoast_head_json":{"title":"8N LIGHT BLOND 100ML (prix par lot de 3) - Quick Learning Academy","robots":{"index":"index","follow":"follow","max-snippet":"max-snippet:-1","max-image-preview":"max-image-preview:large","max-video-preview":"max-video-preview:-1"},"canonical":"https:\/\/quicklearning.academy\/fr\/produit\/8n-biondo-chiaro-100ml\/","og_locale":"fr_FR","og_type":"article","og_title":"8N BIONDO CHIARO 100ML (prezzo confezione da 3 pezzi) - Quick Learning Academy","og_description":"GLOW ZERO COLORAZIONE PERMANENTE SENZA AMMONIACA colorazione permanente ad ossidazione senza Ammoniaca, p-Phenylenediamine e Glutine\u00a0 per minimizzare la sensibilit\u00e0 cutanea dermatologicamente testata Nichel, Cobalto e Cromo Tested per garantire un basso contenuto di metalli pesanti disponibile in 65 nuances miscelabili tra loro e utilizzabili in combinazione con le altre colorazioni Cotril: GLOW COLOR SYSTEM gradevole [&hellip;]","og_url":"https:\/\/quicklearning.academy\/fr\/produit\/8n-biondo-chiaro-100ml\/","og_site_name":"Quick Learning Academy","article_modified_time":"2026-01-29T17:15:27+00:00","og_image":[{"width":2560,"height":2560,"url":"https:\/\/quicklearning.academy\/wp-content\/uploads\/2022\/03\/Ciocche-Web-High-Quality-2560x2560-Clean.258.jpeg","type":"image\/jpeg"}],"twitter_card":"summary_large_image","twitter_misc":{"Dur\u00e9e de lecture estim\u00e9e":"1 minute"},"schema":{"@context":"https:\/\/schema.org","@graph":[{"@type":"WebPage","@id":"https:\/\/quicklearning.academy\/prodotto\/8n-biondo-chiaro-100ml\/","url":"https:\/\/quicklearning.academy\/prodotto\/8n-biondo-chiaro-100ml\/","name":"8N LIGHT BLOND 100ML (prix par lot de 3) - Quick Learning Academy","isPartOf":{"@id":"https:\/\/quicklearning.academy\/#website"},"primaryImageOfPage":{"@id":"https:\/\/quicklearning.academy\/prodotto\/8n-biondo-chiaro-100ml\/#primaryimage"},"image":{"@id":"https:\/\/quicklearning.academy\/prodotto\/8n-biondo-chiaro-100ml\/#primaryimage"},"thumbnailUrl":"https:\/\/quicklearning.academy\/wp-content\/uploads\/2022\/03\/Ciocche-Web-High-Quality-2560x2560-Clean.258.jpeg","datePublished":"1969-12-31T23:00:00+00:00","dateModified":"2026-01-29T17:15:27+00:00","breadcrumb":{"@id":"https:\/\/quicklearning.academy\/prodotto\/8n-biondo-chiaro-100ml\/#breadcrumb"},"inLanguage":"fr-FR","potentialAction":[{"@type":"ReadAction","target":["https:\/\/quicklearning.academy\/prodotto\/8n-biondo-chiaro-100ml\/"]}]},{"@type":"ImageObject","inLanguage":"fr-FR","@id":"https:\/\/quicklearning.academy\/prodotto\/8n-biondo-chiaro-100ml\/#primaryimage","url":"https:\/\/quicklearning.academy\/wp-content\/uploads\/2022\/03\/Ciocche-Web-High-Quality-2560x2560-Clean.258.jpeg","contentUrl":"https:\/\/quicklearning.academy\/wp-content\/uploads\/2022\/03\/Ciocche-Web-High-Quality-2560x2560-Clean.258.jpeg","width":2560,"height":2560},{"@type":"BreadcrumbList","@id":"https:\/\/quicklearning.academy\/prodotto\/8n-biondo-chiaro-100ml\/#breadcrumb","itemListElement":[{"@type":"ListItem","position":1,"name":"Home","item":"https:\/\/quicklearning.academy\/home\/"},{"@type":"ListItem","position":2,"name":"Shop","item":"https:\/\/quicklearning.academy\/negozio\/"},{"@type":"ListItem","position":3,"name":"8N BIONDO CHIARO 100ML (prezzo confezione da 3 pezzi)"}]},{"@type":"WebSite","@id":"https:\/\/quicklearning.academy\/#website","url":"https:\/\/quicklearning.academy\/","name":"Acad\u00e9mie d'apprentissage rapide","description":"Produits et formations pour les coiffeurs","publisher":{"@id":"https:\/\/quicklearning.academy\/#organization"},"potentialAction":[{"@type":"SearchAction","target":{"@type":"EntryPoint","urlTemplate":"https:\/\/quicklearning.academy\/?s={search_term_string}"},"query-input":{"@type":"PropertyValueSpecification","valueRequired":true,"valueName":"search_term_string"}}],"inLanguage":"fr-FR"},{"@type":"Organization","@id":"https:\/\/quicklearning.academy\/#organization","name":"Apprentissage rapide","url":"https:\/\/quicklearning.academy\/","logo":{"@type":"ImageObject","inLanguage":"fr-FR","@id":"https:\/\/quicklearning.academy\/#\/schema\/logo\/image\/","url":"https:\/\/quicklearning.academy\/wp-content\/uploads\/2021\/12\/LOGO-11.png","contentUrl":"https:\/\/quicklearning.academy\/wp-content\/uploads\/2021\/12\/LOGO-11.png","width":841,"height":595,"caption":"Quick Learning"},"image":{"@id":"https:\/\/quicklearning.academy\/#\/schema\/logo\/image\/"}}]}},"_links":{"self":[{"href":"https:\/\/quicklearning.academy\/fr\/wp-json\/wp\/v2\/product\/2556","targetHints":{"allow":["GET"]}}],"collection":[{"href":"https:\/\/quicklearning.academy\/fr\/wp-json\/wp\/v2\/product"}],"about":[{"href":"https:\/\/quicklearning.academy\/fr\/wp-json\/wp\/v2\/types\/product"}],"replies":[{"embeddable":true,"href":"https:\/\/quicklearning.academy\/fr\/wp-json\/wp\/v2\/comments?post=2556"}],"wp:featuredmedia":[{"embeddable":true,"href":"https:\/\/quicklearning.academy\/fr\/wp-json\/wp\/v2\/media\/3519"}],"wp:attachment":[{"href":"https:\/\/quicklearning.academy\/fr\/wp-json\/wp\/v2\/media?parent=2556"}],"wp:term":[{"taxonomy":"product_brand","embeddable":true,"href":"https:\/\/quicklearning.academy\/fr\/wp-json\/wp\/v2\/product_brand?post=2556"},{"taxonomy":"product_cat","embeddable":true,"href":"https:\/\/quicklearning.academy\/fr\/wp-json\/wp\/v2\/product_cat?post=2556"},{"taxonomy":"product_tag","embeddable":true,"href":"https:\/\/quicklearning.academy\/fr\/wp-json\/wp\/v2\/product_tag?post=2556"}],"curies":[{"name":"wp","href":"https:\/\/api.w.org\/{rel}","templated":true}]}}