{"id":2495,"date":"1970-01-01T00:00:00","date_gmt":"1969-12-31T23:00:00","guid":{"rendered":"https:\/\/quicklearning.academy\/?post_type=product&#038;p=2495"},"modified":"2026-01-29T18:15:08","modified_gmt":"2026-01-29T17:15:08","slug":"10ba-biondo-chiarissimo-platino-marrone-freddo-100-ml","status":"publish","type":"product","link":"https:\/\/quicklearning.academy\/fr\/produit\/10ba-biondo-chiarissimo-platino-marrone-freddo-100-ml\/","title":{"rendered":"10BA LIGHT BLOND PLATINUM COLD BROWN 100 ML (prix par lot de 3)"},"content":{"rendered":"<h2>GLOW ONE<\/h2>\n<h3>COLORATION PERMANENTE \u00c0 FAIBLE TENEUR EN AMMONIAQUE<\/h3>\n<ul>\n<li>Coloration d'oxydation permanente<\/li>\n<li>Formule hautement cosm\u00e9tique<\/li>\n<li>Formulation molaire pour am\u00e9liorer la brillance des couleurs<\/li>\n<li>Des r\u00e9sultats naturels \u00e9quilibr\u00e9s aux reflets intenses<\/li>\n<li>Disponible en 94 teintes qui peuvent \u00eatre m\u00e9lang\u00e9es<\/li>\n<li>Parfum fruit\u00e9 agr\u00e9able<\/li>\n<li>dilution 1:1.5 ; 1:2 pour les Superblondes<\/li>\n<\/ul>\n<p>La star incontest\u00e9e de sa formulation est le r\u00e9volutionnaire Oil Transport System, un complexe mol\u00e9culaire innovant compos\u00e9 de deux mol\u00e9cules qui agissent en synergie l'une avec l'autre :<\/p>\n<p>- le premier, indispensable pour une r\u00e9partition uniforme de la couleur sur les longueurs et les pointes ;<\/p>\n<p>- le second, pour favoriser une oxydation maximale des pigments de mani\u00e8re d\u00e9cisive, permettant une pl\u00e9nitude durable de la couleur.<\/p>\n<h3>INGR\u00c9DIENTS ET AVANTAGES<\/h3>\n<p>Huile de graines de pavot : hydratante, \u00e9molliente et apaisante.<\/p>\n<p>Beurre de noisette du Pi\u00e9mont et noisettes biologiques : hydratant et nourrissant<\/p>\n<p>M\u00e9lange d'acides amin\u00e9s : hydratant, fortifiant, protecteur de couleur<\/p>\n<h3>AVANTAGES POUR LES CLIENTS<\/h3>\n<p>- 100% couverture des cheveux blancs<\/p>\n<p>- Cheveux faciles \u00e0 coiffer<\/p>\n<p>- Uniformit\u00e9 de la couleur sur la base naturelle<\/p>\n<p>- Cheveux brillants, pleins et l\u00e9gers \u00e0 la fois<\/p>\n<p>- Longue dur\u00e9e de vie des couleurs<\/p>\n<hr \/>\n<p><strong>Mode d'utilisation<\/strong><\/p>\n<p>Es. 50 ml di Glow One 75 ml di Oxycream\u00a0 20\/25 volumi. Tempo di posa totale: 25-35 minuti. Per i superschiarenti: 50 ml di Glow One High Lift 100 ml di Oxycream 30\/40 volumi.<\/p>\n<p>Temps de pose 45-50 minutes.<\/p>\n<p><strong>Format<\/strong><\/p>\n<p>100 ml<\/p>","protected":false},"excerpt":{"rendered":"<p>GLOW ONE COLORAZIONE PERMANENTE CON UN BILANCIO CONTENUTO DI AMMONIACA Colorazione permanente ad ossidazione Formula altamente cosmetica Formulazione molare che permette di esaltare la lucentezza del colore Equilibrio tra risultati naturali sino ad ottenere riflessi intensi Disponibile in 94 nuances miscelabili tra loro Gradevole profumazione fruttata diluizione 1:1,5 ; 1:2 per i Superblonde Protagonista indiscussa [&hellip;]<\/p>\n","protected":false},"featured_media":3500,"comment_status":"open","ping_status":"closed","template":"","meta":{"_joinchat":[]},"product_brand":[],"product_cat":[96],"product_tag":[],"class_list":{"0":"post-2495","1":"product","2":"type-product","3":"status-publish","4":"has-post-thumbnail","6":"product_cat-glow-one","8":"first","9":"outofstock","10":"sale","11":"taxable","12":"shipping-taxable","13":"purchasable","14":"product-type-simple"},"yoast_head":"<!-- This site is optimized with the Yoast SEO plugin v27.4 - https:\/\/yoast.com\/product\/yoast-seo-wordpress\/ -->\n<title>10BA BIONDO CHIARISSIMO PLATINO MARRONE FREDDO 100 ML (prezzo confezione da 3 pezzi) - Quick Learning Academy<\/title>\n<meta name=\"robots\" content=\"index, follow, max-snippet:-1, max-image-preview:large, max-video-preview:-1\" \/>\n<link rel=\"canonical\" href=\"https:\/\/quicklearning.academy\/fr\/produit\/10ba-biondo-chiarissimo-platino-marrone-freddo-100-ml\/\" \/>\n<meta property=\"og:locale\" content=\"fr_FR\" \/>\n<meta property=\"og:type\" content=\"article\" \/>\n<meta property=\"og:title\" content=\"10BA BIONDO CHIARISSIMO PLATINO MARRONE FREDDO 100 ML (prezzo confezione da 3 pezzi) - Quick Learning Academy\" \/>\n<meta property=\"og:description\" content=\"GLOW ONE COLORAZIONE PERMANENTE CON UN BILANCIO CONTENUTO DI AMMONIACA Colorazione permanente ad ossidazione Formula altamente cosmetica Formulazione molare che permette di esaltare la lucentezza del colore Equilibrio tra risultati naturali sino ad ottenere riflessi intensi Disponibile in 94 nuances miscelabili tra loro Gradevole profumazione fruttata diluizione 1:1,5 ; 1:2 per i Superblonde Protagonista indiscussa [&hellip;]\" \/>\n<meta property=\"og:url\" content=\"https:\/\/quicklearning.academy\/fr\/produit\/10ba-biondo-chiarissimo-platino-marrone-freddo-100-ml\/\" \/>\n<meta property=\"og:site_name\" content=\"Quick Learning Academy\" \/>\n<meta property=\"article:modified_time\" content=\"2026-01-29T17:15:08+00:00\" \/>\n<meta property=\"og:image\" content=\"https:\/\/quicklearning.academy\/wp-content\/uploads\/2022\/03\/Ciocche-Web-High-Quality-2560x2560-Clean.239.jpeg\" \/>\n\t<meta property=\"og:image:width\" content=\"2560\" \/>\n\t<meta property=\"og:image:height\" content=\"2560\" \/>\n\t<meta property=\"og:image:type\" content=\"image\/jpeg\" \/>\n<meta name=\"twitter:card\" content=\"summary_large_image\" \/>\n<meta name=\"twitter:label1\" content=\"Dur\u00e9e de lecture estim\u00e9e\" \/>\n\t<meta name=\"twitter:data1\" content=\"2 minutes\" \/>\n<script type=\"application\/ld+json\" class=\"yoast-schema-graph\">{\"@context\":\"https:\\\/\\\/schema.org\",\"@graph\":[{\"@type\":\"WebPage\",\"@id\":\"https:\\\/\\\/quicklearning.academy\\\/prodotto\\\/10ba-biondo-chiarissimo-platino-marrone-freddo-100-ml\\\/\",\"url\":\"https:\\\/\\\/quicklearning.academy\\\/prodotto\\\/10ba-biondo-chiarissimo-platino-marrone-freddo-100-ml\\\/\",\"name\":\"10BA BIONDO CHIARISSIMO PLATINO MARRONE FREDDO 100 ML (prezzo confezione da 3 pezzi) - Quick Learning Academy\",\"isPartOf\":{\"@id\":\"https:\\\/\\\/quicklearning.academy\\\/#website\"},\"primaryImageOfPage\":{\"@id\":\"https:\\\/\\\/quicklearning.academy\\\/prodotto\\\/10ba-biondo-chiarissimo-platino-marrone-freddo-100-ml\\\/#primaryimage\"},\"image\":{\"@id\":\"https:\\\/\\\/quicklearning.academy\\\/prodotto\\\/10ba-biondo-chiarissimo-platino-marrone-freddo-100-ml\\\/#primaryimage\"},\"thumbnailUrl\":\"https:\\\/\\\/quicklearning.academy\\\/wp-content\\\/uploads\\\/2022\\\/03\\\/Ciocche-Web-High-Quality-2560x2560-Clean.239.jpeg\",\"datePublished\":\"1969-12-31T23:00:00+00:00\",\"dateModified\":\"2026-01-29T17:15:08+00:00\",\"breadcrumb\":{\"@id\":\"https:\\\/\\\/quicklearning.academy\\\/prodotto\\\/10ba-biondo-chiarissimo-platino-marrone-freddo-100-ml\\\/#breadcrumb\"},\"inLanguage\":\"fr-FR\",\"potentialAction\":[{\"@type\":\"ReadAction\",\"target\":[\"https:\\\/\\\/quicklearning.academy\\\/prodotto\\\/10ba-biondo-chiarissimo-platino-marrone-freddo-100-ml\\\/\"]}]},{\"@type\":\"ImageObject\",\"inLanguage\":\"fr-FR\",\"@id\":\"https:\\\/\\\/quicklearning.academy\\\/prodotto\\\/10ba-biondo-chiarissimo-platino-marrone-freddo-100-ml\\\/#primaryimage\",\"url\":\"https:\\\/\\\/quicklearning.academy\\\/wp-content\\\/uploads\\\/2022\\\/03\\\/Ciocche-Web-High-Quality-2560x2560-Clean.239.jpeg\",\"contentUrl\":\"https:\\\/\\\/quicklearning.academy\\\/wp-content\\\/uploads\\\/2022\\\/03\\\/Ciocche-Web-High-Quality-2560x2560-Clean.239.jpeg\",\"width\":2560,\"height\":2560},{\"@type\":\"BreadcrumbList\",\"@id\":\"https:\\\/\\\/quicklearning.academy\\\/prodotto\\\/10ba-biondo-chiarissimo-platino-marrone-freddo-100-ml\\\/#breadcrumb\",\"itemListElement\":[{\"@type\":\"ListItem\",\"position\":1,\"name\":\"Home\",\"item\":\"https:\\\/\\\/quicklearning.academy\\\/home\\\/\"},{\"@type\":\"ListItem\",\"position\":2,\"name\":\"Shop\",\"item\":\"https:\\\/\\\/quicklearning.academy\\\/negozio\\\/\"},{\"@type\":\"ListItem\",\"position\":3,\"name\":\"10BA BIONDO CHIARISSIMO PLATINO MARRONE FREDDO 100 ML (prezzo confezione da 3 pezzi)\"}]},{\"@type\":\"WebSite\",\"@id\":\"https:\\\/\\\/quicklearning.academy\\\/#website\",\"url\":\"https:\\\/\\\/quicklearning.academy\\\/\",\"name\":\"Quick Learning Academy\",\"description\":\"Prodotti e Formazione per Parrucchieri\",\"publisher\":{\"@id\":\"https:\\\/\\\/quicklearning.academy\\\/#organization\"},\"potentialAction\":[{\"@type\":\"SearchAction\",\"target\":{\"@type\":\"EntryPoint\",\"urlTemplate\":\"https:\\\/\\\/quicklearning.academy\\\/?s={search_term_string}\"},\"query-input\":{\"@type\":\"PropertyValueSpecification\",\"valueRequired\":true,\"valueName\":\"search_term_string\"}}],\"inLanguage\":\"fr-FR\"},{\"@type\":\"Organization\",\"@id\":\"https:\\\/\\\/quicklearning.academy\\\/#organization\",\"name\":\"Quick Learning\",\"url\":\"https:\\\/\\\/quicklearning.academy\\\/\",\"logo\":{\"@type\":\"ImageObject\",\"inLanguage\":\"fr-FR\",\"@id\":\"https:\\\/\\\/quicklearning.academy\\\/#\\\/schema\\\/logo\\\/image\\\/\",\"url\":\"https:\\\/\\\/quicklearning.academy\\\/wp-content\\\/uploads\\\/2021\\\/12\\\/LOGO-11.png\",\"contentUrl\":\"https:\\\/\\\/quicklearning.academy\\\/wp-content\\\/uploads\\\/2021\\\/12\\\/LOGO-11.png\",\"width\":841,\"height\":595,\"caption\":\"Quick Learning\"},\"image\":{\"@id\":\"https:\\\/\\\/quicklearning.academy\\\/#\\\/schema\\\/logo\\\/image\\\/\"}}]}<\/script>\n<!-- \/ Yoast SEO plugin. -->","yoast_head_json":{"title":"10BA LIGHT BLOND PLATINUM COLD BROWN 100 ML (prix du pack de 3) - Quick Learning Academy","robots":{"index":"index","follow":"follow","max-snippet":"max-snippet:-1","max-image-preview":"max-image-preview:large","max-video-preview":"max-video-preview:-1"},"canonical":"https:\/\/quicklearning.academy\/fr\/produit\/10ba-biondo-chiarissimo-platino-marrone-freddo-100-ml\/","og_locale":"fr_FR","og_type":"article","og_title":"10BA BIONDO CHIARISSIMO PLATINO MARRONE FREDDO 100 ML (prezzo confezione da 3 pezzi) - Quick Learning Academy","og_description":"GLOW ONE COLORAZIONE PERMANENTE CON UN BILANCIO CONTENUTO DI AMMONIACA Colorazione permanente ad ossidazione Formula altamente cosmetica Formulazione molare che permette di esaltare la lucentezza del colore Equilibrio tra risultati naturali sino ad ottenere riflessi intensi Disponibile in 94 nuances miscelabili tra loro Gradevole profumazione fruttata diluizione 1:1,5 ; 1:2 per i Superblonde Protagonista indiscussa [&hellip;]","og_url":"https:\/\/quicklearning.academy\/fr\/produit\/10ba-biondo-chiarissimo-platino-marrone-freddo-100-ml\/","og_site_name":"Quick Learning Academy","article_modified_time":"2026-01-29T17:15:08+00:00","og_image":[{"width":2560,"height":2560,"url":"https:\/\/quicklearning.academy\/wp-content\/uploads\/2022\/03\/Ciocche-Web-High-Quality-2560x2560-Clean.239.jpeg","type":"image\/jpeg"}],"twitter_card":"summary_large_image","twitter_misc":{"Dur\u00e9e de lecture estim\u00e9e":"2 minutes"},"schema":{"@context":"https:\/\/schema.org","@graph":[{"@type":"WebPage","@id":"https:\/\/quicklearning.academy\/prodotto\/10ba-biondo-chiarissimo-platino-marrone-freddo-100-ml\/","url":"https:\/\/quicklearning.academy\/prodotto\/10ba-biondo-chiarissimo-platino-marrone-freddo-100-ml\/","name":"10BA LIGHT BLOND PLATINUM COLD BROWN 100 ML (prix du pack de 3) - Quick Learning Academy","isPartOf":{"@id":"https:\/\/quicklearning.academy\/#website"},"primaryImageOfPage":{"@id":"https:\/\/quicklearning.academy\/prodotto\/10ba-biondo-chiarissimo-platino-marrone-freddo-100-ml\/#primaryimage"},"image":{"@id":"https:\/\/quicklearning.academy\/prodotto\/10ba-biondo-chiarissimo-platino-marrone-freddo-100-ml\/#primaryimage"},"thumbnailUrl":"https:\/\/quicklearning.academy\/wp-content\/uploads\/2022\/03\/Ciocche-Web-High-Quality-2560x2560-Clean.239.jpeg","datePublished":"1969-12-31T23:00:00+00:00","dateModified":"2026-01-29T17:15:08+00:00","breadcrumb":{"@id":"https:\/\/quicklearning.academy\/prodotto\/10ba-biondo-chiarissimo-platino-marrone-freddo-100-ml\/#breadcrumb"},"inLanguage":"fr-FR","potentialAction":[{"@type":"ReadAction","target":["https:\/\/quicklearning.academy\/prodotto\/10ba-biondo-chiarissimo-platino-marrone-freddo-100-ml\/"]}]},{"@type":"ImageObject","inLanguage":"fr-FR","@id":"https:\/\/quicklearning.academy\/prodotto\/10ba-biondo-chiarissimo-platino-marrone-freddo-100-ml\/#primaryimage","url":"https:\/\/quicklearning.academy\/wp-content\/uploads\/2022\/03\/Ciocche-Web-High-Quality-2560x2560-Clean.239.jpeg","contentUrl":"https:\/\/quicklearning.academy\/wp-content\/uploads\/2022\/03\/Ciocche-Web-High-Quality-2560x2560-Clean.239.jpeg","width":2560,"height":2560},{"@type":"BreadcrumbList","@id":"https:\/\/quicklearning.academy\/prodotto\/10ba-biondo-chiarissimo-platino-marrone-freddo-100-ml\/#breadcrumb","itemListElement":[{"@type":"ListItem","position":1,"name":"Home","item":"https:\/\/quicklearning.academy\/home\/"},{"@type":"ListItem","position":2,"name":"Shop","item":"https:\/\/quicklearning.academy\/negozio\/"},{"@type":"ListItem","position":3,"name":"10BA BIONDO CHIARISSIMO PLATINO MARRONE FREDDO 100 ML (prezzo confezione da 3 pezzi)"}]},{"@type":"WebSite","@id":"https:\/\/quicklearning.academy\/#website","url":"https:\/\/quicklearning.academy\/","name":"Acad\u00e9mie d'apprentissage rapide","description":"Produits et formations pour les coiffeurs","publisher":{"@id":"https:\/\/quicklearning.academy\/#organization"},"potentialAction":[{"@type":"SearchAction","target":{"@type":"EntryPoint","urlTemplate":"https:\/\/quicklearning.academy\/?s={search_term_string}"},"query-input":{"@type":"PropertyValueSpecification","valueRequired":true,"valueName":"search_term_string"}}],"inLanguage":"fr-FR"},{"@type":"Organization","@id":"https:\/\/quicklearning.academy\/#organization","name":"Apprentissage rapide","url":"https:\/\/quicklearning.academy\/","logo":{"@type":"ImageObject","inLanguage":"fr-FR","@id":"https:\/\/quicklearning.academy\/#\/schema\/logo\/image\/","url":"https:\/\/quicklearning.academy\/wp-content\/uploads\/2021\/12\/LOGO-11.png","contentUrl":"https:\/\/quicklearning.academy\/wp-content\/uploads\/2021\/12\/LOGO-11.png","width":841,"height":595,"caption":"Quick Learning"},"image":{"@id":"https:\/\/quicklearning.academy\/#\/schema\/logo\/image\/"}}]}},"_links":{"self":[{"href":"https:\/\/quicklearning.academy\/fr\/wp-json\/wp\/v2\/product\/2495","targetHints":{"allow":["GET"]}}],"collection":[{"href":"https:\/\/quicklearning.academy\/fr\/wp-json\/wp\/v2\/product"}],"about":[{"href":"https:\/\/quicklearning.academy\/fr\/wp-json\/wp\/v2\/types\/product"}],"replies":[{"embeddable":true,"href":"https:\/\/quicklearning.academy\/fr\/wp-json\/wp\/v2\/comments?post=2495"}],"wp:featuredmedia":[{"embeddable":true,"href":"https:\/\/quicklearning.academy\/fr\/wp-json\/wp\/v2\/media\/3500"}],"wp:attachment":[{"href":"https:\/\/quicklearning.academy\/fr\/wp-json\/wp\/v2\/media?parent=2495"}],"wp:term":[{"taxonomy":"product_brand","embeddable":true,"href":"https:\/\/quicklearning.academy\/fr\/wp-json\/wp\/v2\/product_brand?post=2495"},{"taxonomy":"product_cat","embeddable":true,"href":"https:\/\/quicklearning.academy\/fr\/wp-json\/wp\/v2\/product_cat?post=2495"},{"taxonomy":"product_tag","embeddable":true,"href":"https:\/\/quicklearning.academy\/fr\/wp-json\/wp\/v2\/product_tag?post=2495"}],"curies":[{"name":"wp","href":"https:\/\/api.w.org\/{rel}","templated":true}]}}