{"id":1942,"date":"1970-01-01T00:00:00","date_gmt":"1969-12-31T23:00:00","guid":{"rendered":"https:\/\/quicklearning.academy\/?post_type=product&#038;p=1942"},"modified":"2026-01-29T18:14:34","modified_gmt":"2026-01-29T17:14:34","slug":"beach-milk-spf10","status":"publish","type":"product","link":"https:\/\/quicklearning.academy\/fr\/produit\/beach-milk-spf10\/","title":{"rendered":"LAIT DE PLAGE SPF 10"},"content":{"rendered":"<p><strong>Lait de soleil<\/strong> pour les cheveux \u00e0 base d'huile de noix de coco, d'huile de mono\u00ef et de vitamine E. Avec facteur de protection <strong>SPF 10<\/strong> est id\u00e9al non seulement en tant que <strong>protection<\/strong> pendant la journ\u00e9e mais aussi comme <strong>produit de pr\u00e9-coiffage<\/strong>. Favorise un effet <strong>r\u00e9g\u00e9n\u00e9rant<\/strong> e<strong> apporte un soulagement<\/strong> aux cheveux stress\u00e9s par le soleil, sans les alourdir. Non gras. Test\u00e9 dermatologiquement.<\/p>\n<p><strong>Avantages : <\/strong>prot\u00e8ge, hydrate, maintient l'\u00e9lasticit\u00e9, donne de la douceur, nourrit, rehausse la brillance, pr\u00e9serve la couleur, rend les cheveux plus maniables et pr\u00e9vient les pointes fourchues.<\/p>\n<p><strong>Id\u00e9al pour : <\/strong>prot\u00e9ger les cheveux de l'exposition au soleil, au vent et au chlore.<\/p>\n<p><strong>M\u00e9thode d'utilisation :<\/strong> Vaporisez sur les longueurs 2 \u00e0 5 fois \u00e0 une distance de 8\/10 cm avant, pendant et apr\u00e8s l'exposition au soleil. R\u00e9p\u00e9tez l'op\u00e9ration pendant la journ\u00e9e. Vaporisez sur les cheveux humides ou secs et proc\u00e9dez au coiffage souhait\u00e9. Utilisation fr\u00e9quente.<\/p>\n<p><u><strong>Pour une hydratation en profondeur des cheveux avant, pendant et apr\u00e8s l'exposition au soleil, choisissez le Beach<\/strong><\/u><u><strong>.<\/strong><\/u><\/p>","protected":false},"excerpt":{"rendered":"<p>Lait solaire protecteur pour les cheveux<\/p>","protected":false},"featured_media":1764,"comment_status":"open","ping_status":"closed","template":"","meta":{"_joinchat":[]},"product_brand":[],"product_cat":[80],"product_tag":[],"class_list":{"0":"post-1942","1":"product","2":"type-product","3":"status-publish","4":"has-post-thumbnail","6":"product_cat-beach","8":"first","9":"instock","10":"sale","11":"taxable","12":"shipping-taxable","13":"purchasable","14":"product-type-simple"},"yoast_head":"<!-- This site is optimized with the Yoast SEO plugin v27.5 - https:\/\/yoast.com\/product\/yoast-seo-wordpress\/ -->\n<title>BEACH MILK SPF10 - Quick Learning Academy<\/title>\n<meta name=\"robots\" content=\"index, follow, max-snippet:-1, max-image-preview:large, max-video-preview:-1\" \/>\n<link rel=\"canonical\" href=\"https:\/\/quicklearning.academy\/fr\/produit\/beach-milk-spf10\/\" \/>\n<meta property=\"og:locale\" content=\"fr_FR\" \/>\n<meta property=\"og:type\" content=\"article\" \/>\n<meta property=\"og:title\" content=\"BEACH MILK SPF10 - Quick Learning Academy\" \/>\n<meta property=\"og:description\" content=\"Latte solare protettivo per capelli\" \/>\n<meta property=\"og:url\" content=\"https:\/\/quicklearning.academy\/fr\/produit\/beach-milk-spf10\/\" \/>\n<meta property=\"og:site_name\" content=\"Quick Learning Academy\" \/>\n<meta property=\"article:modified_time\" content=\"2026-01-29T17:14:34+00:00\" \/>\n<meta property=\"og:image\" content=\"https:\/\/quicklearning.academy\/wp-content\/uploads\/2022\/01\/601.jpg\" \/>\n\t<meta property=\"og:image:width\" content=\"800\" \/>\n\t<meta property=\"og:image:height\" content=\"900\" \/>\n\t<meta property=\"og:image:type\" content=\"image\/jpeg\" \/>\n<meta name=\"twitter:card\" content=\"summary_large_image\" \/>\n<meta name=\"twitter:label1\" content=\"Dur\u00e9e de lecture estim\u00e9e\" \/>\n\t<meta name=\"twitter:data1\" content=\"1 minute\" \/>\n<script type=\"application\/ld+json\" class=\"yoast-schema-graph\">{\"@context\":\"https:\\\/\\\/schema.org\",\"@graph\":[{\"@type\":\"WebPage\",\"@id\":\"https:\\\/\\\/quicklearning.academy\\\/prodotto\\\/beach-milk-spf10\\\/\",\"url\":\"https:\\\/\\\/quicklearning.academy\\\/prodotto\\\/beach-milk-spf10\\\/\",\"name\":\"BEACH MILK SPF10 - Quick Learning Academy\",\"isPartOf\":{\"@id\":\"https:\\\/\\\/quicklearning.academy\\\/#website\"},\"primaryImageOfPage\":{\"@id\":\"https:\\\/\\\/quicklearning.academy\\\/prodotto\\\/beach-milk-spf10\\\/#primaryimage\"},\"image\":{\"@id\":\"https:\\\/\\\/quicklearning.academy\\\/prodotto\\\/beach-milk-spf10\\\/#primaryimage\"},\"thumbnailUrl\":\"https:\\\/\\\/quicklearning.academy\\\/wp-content\\\/uploads\\\/2022\\\/01\\\/601.jpg\",\"datePublished\":\"1969-12-31T23:00:00+00:00\",\"dateModified\":\"2026-01-29T17:14:34+00:00\",\"breadcrumb\":{\"@id\":\"https:\\\/\\\/quicklearning.academy\\\/prodotto\\\/beach-milk-spf10\\\/#breadcrumb\"},\"inLanguage\":\"fr-FR\",\"potentialAction\":[{\"@type\":\"ReadAction\",\"target\":[\"https:\\\/\\\/quicklearning.academy\\\/prodotto\\\/beach-milk-spf10\\\/\"]}]},{\"@type\":\"ImageObject\",\"inLanguage\":\"fr-FR\",\"@id\":\"https:\\\/\\\/quicklearning.academy\\\/prodotto\\\/beach-milk-spf10\\\/#primaryimage\",\"url\":\"https:\\\/\\\/quicklearning.academy\\\/wp-content\\\/uploads\\\/2022\\\/01\\\/601.jpg\",\"contentUrl\":\"https:\\\/\\\/quicklearning.academy\\\/wp-content\\\/uploads\\\/2022\\\/01\\\/601.jpg\",\"width\":800,\"height\":900},{\"@type\":\"BreadcrumbList\",\"@id\":\"https:\\\/\\\/quicklearning.academy\\\/prodotto\\\/beach-milk-spf10\\\/#breadcrumb\",\"itemListElement\":[{\"@type\":\"ListItem\",\"position\":1,\"name\":\"Home\",\"item\":\"https:\\\/\\\/quicklearning.academy\\\/home\\\/\"},{\"@type\":\"ListItem\",\"position\":2,\"name\":\"Shop\",\"item\":\"https:\\\/\\\/quicklearning.academy\\\/negozio\\\/\"},{\"@type\":\"ListItem\",\"position\":3,\"name\":\"BEACH MILK SPF10\"}]},{\"@type\":\"WebSite\",\"@id\":\"https:\\\/\\\/quicklearning.academy\\\/#website\",\"url\":\"https:\\\/\\\/quicklearning.academy\\\/\",\"name\":\"Quick Learning Academy\",\"description\":\"Prodotti e Formazione per Parrucchieri\",\"publisher\":{\"@id\":\"https:\\\/\\\/quicklearning.academy\\\/#organization\"},\"potentialAction\":[{\"@type\":\"SearchAction\",\"target\":{\"@type\":\"EntryPoint\",\"urlTemplate\":\"https:\\\/\\\/quicklearning.academy\\\/?s={search_term_string}\"},\"query-input\":{\"@type\":\"PropertyValueSpecification\",\"valueRequired\":true,\"valueName\":\"search_term_string\"}}],\"inLanguage\":\"fr-FR\"},{\"@type\":\"Organization\",\"@id\":\"https:\\\/\\\/quicklearning.academy\\\/#organization\",\"name\":\"Quick Learning\",\"url\":\"https:\\\/\\\/quicklearning.academy\\\/\",\"logo\":{\"@type\":\"ImageObject\",\"inLanguage\":\"fr-FR\",\"@id\":\"https:\\\/\\\/quicklearning.academy\\\/#\\\/schema\\\/logo\\\/image\\\/\",\"url\":\"https:\\\/\\\/quicklearning.academy\\\/wp-content\\\/uploads\\\/2021\\\/12\\\/LOGO-11.png\",\"contentUrl\":\"https:\\\/\\\/quicklearning.academy\\\/wp-content\\\/uploads\\\/2021\\\/12\\\/LOGO-11.png\",\"width\":841,\"height\":595,\"caption\":\"Quick Learning\"},\"image\":{\"@id\":\"https:\\\/\\\/quicklearning.academy\\\/#\\\/schema\\\/logo\\\/image\\\/\"}}]}<\/script>\n<!-- \/ Yoast SEO plugin. -->","yoast_head_json":{"title":"BEACH MILK SPF10 - Acad\u00e9mie d'apprentissage rapide","robots":{"index":"index","follow":"follow","max-snippet":"max-snippet:-1","max-image-preview":"max-image-preview:large","max-video-preview":"max-video-preview:-1"},"canonical":"https:\/\/quicklearning.academy\/fr\/produit\/beach-milk-spf10\/","og_locale":"fr_FR","og_type":"article","og_title":"BEACH MILK SPF10 - Quick Learning Academy","og_description":"Latte solare protettivo per capelli","og_url":"https:\/\/quicklearning.academy\/fr\/produit\/beach-milk-spf10\/","og_site_name":"Quick Learning Academy","article_modified_time":"2026-01-29T17:14:34+00:00","og_image":[{"width":800,"height":900,"url":"https:\/\/quicklearning.academy\/wp-content\/uploads\/2022\/01\/601.jpg","type":"image\/jpeg"}],"twitter_card":"summary_large_image","twitter_misc":{"Dur\u00e9e de lecture estim\u00e9e":"1 minute"},"schema":{"@context":"https:\/\/schema.org","@graph":[{"@type":"WebPage","@id":"https:\/\/quicklearning.academy\/prodotto\/beach-milk-spf10\/","url":"https:\/\/quicklearning.academy\/prodotto\/beach-milk-spf10\/","name":"BEACH MILK SPF10 - Acad\u00e9mie d'apprentissage rapide","isPartOf":{"@id":"https:\/\/quicklearning.academy\/#website"},"primaryImageOfPage":{"@id":"https:\/\/quicklearning.academy\/prodotto\/beach-milk-spf10\/#primaryimage"},"image":{"@id":"https:\/\/quicklearning.academy\/prodotto\/beach-milk-spf10\/#primaryimage"},"thumbnailUrl":"https:\/\/quicklearning.academy\/wp-content\/uploads\/2022\/01\/601.jpg","datePublished":"1969-12-31T23:00:00+00:00","dateModified":"2026-01-29T17:14:34+00:00","breadcrumb":{"@id":"https:\/\/quicklearning.academy\/prodotto\/beach-milk-spf10\/#breadcrumb"},"inLanguage":"fr-FR","potentialAction":[{"@type":"ReadAction","target":["https:\/\/quicklearning.academy\/prodotto\/beach-milk-spf10\/"]}]},{"@type":"ImageObject","inLanguage":"fr-FR","@id":"https:\/\/quicklearning.academy\/prodotto\/beach-milk-spf10\/#primaryimage","url":"https:\/\/quicklearning.academy\/wp-content\/uploads\/2022\/01\/601.jpg","contentUrl":"https:\/\/quicklearning.academy\/wp-content\/uploads\/2022\/01\/601.jpg","width":800,"height":900},{"@type":"BreadcrumbList","@id":"https:\/\/quicklearning.academy\/prodotto\/beach-milk-spf10\/#breadcrumb","itemListElement":[{"@type":"ListItem","position":1,"name":"Home","item":"https:\/\/quicklearning.academy\/home\/"},{"@type":"ListItem","position":2,"name":"Shop","item":"https:\/\/quicklearning.academy\/negozio\/"},{"@type":"ListItem","position":3,"name":"BEACH MILK SPF10"}]},{"@type":"WebSite","@id":"https:\/\/quicklearning.academy\/#website","url":"https:\/\/quicklearning.academy\/","name":"Acad\u00e9mie d'apprentissage rapide","description":"Produits et formations pour les coiffeurs","publisher":{"@id":"https:\/\/quicklearning.academy\/#organization"},"potentialAction":[{"@type":"SearchAction","target":{"@type":"EntryPoint","urlTemplate":"https:\/\/quicklearning.academy\/?s={search_term_string}"},"query-input":{"@type":"PropertyValueSpecification","valueRequired":true,"valueName":"search_term_string"}}],"inLanguage":"fr-FR"},{"@type":"Organization","@id":"https:\/\/quicklearning.academy\/#organization","name":"Apprentissage rapide","url":"https:\/\/quicklearning.academy\/","logo":{"@type":"ImageObject","inLanguage":"fr-FR","@id":"https:\/\/quicklearning.academy\/#\/schema\/logo\/image\/","url":"https:\/\/quicklearning.academy\/wp-content\/uploads\/2021\/12\/LOGO-11.png","contentUrl":"https:\/\/quicklearning.academy\/wp-content\/uploads\/2021\/12\/LOGO-11.png","width":841,"height":595,"caption":"Quick Learning"},"image":{"@id":"https:\/\/quicklearning.academy\/#\/schema\/logo\/image\/"}}]}},"_links":{"self":[{"href":"https:\/\/quicklearning.academy\/fr\/wp-json\/wp\/v2\/product\/1942","targetHints":{"allow":["GET"]}}],"collection":[{"href":"https:\/\/quicklearning.academy\/fr\/wp-json\/wp\/v2\/product"}],"about":[{"href":"https:\/\/quicklearning.academy\/fr\/wp-json\/wp\/v2\/types\/product"}],"replies":[{"embeddable":true,"href":"https:\/\/quicklearning.academy\/fr\/wp-json\/wp\/v2\/comments?post=1942"}],"wp:featuredmedia":[{"embeddable":true,"href":"https:\/\/quicklearning.academy\/fr\/wp-json\/wp\/v2\/media\/1764"}],"wp:attachment":[{"href":"https:\/\/quicklearning.academy\/fr\/wp-json\/wp\/v2\/media?parent=1942"}],"wp:term":[{"taxonomy":"product_brand","embeddable":true,"href":"https:\/\/quicklearning.academy\/fr\/wp-json\/wp\/v2\/product_brand?post=1942"},{"taxonomy":"product_cat","embeddable":true,"href":"https:\/\/quicklearning.academy\/fr\/wp-json\/wp\/v2\/product_cat?post=1942"},{"taxonomy":"product_tag","embeddable":true,"href":"https:\/\/quicklearning.academy\/fr\/wp-json\/wp\/v2\/product_tag?post=1942"}],"curies":[{"name":"wp","href":"https:\/\/api.w.org\/{rel}","templated":true}]}}