{"id":1941,"date":"1970-01-01T00:00:00","date_gmt":"1969-12-31T23:00:00","guid":{"rendered":"https:\/\/quicklearning.academy\/?post_type=product&#038;p=1941"},"modified":"2026-01-29T18:14:34","modified_gmt":"2026-01-29T17:14:34","slug":"beach-mask","status":"publish","type":"product","link":"https:\/\/quicklearning.academy\/fr\/produit\/beach-mask\/","title":{"rendered":"MASQUE DE PLAGE"},"content":{"rendered":"<p>Masque <strong>r\u00e9parateur instantan\u00e9 apr\u00e8s-soleil <\/strong>avec action <strong>\u00e9mollient <\/strong>e <strong>protection<\/strong>. \u00c0 base d'huiles essentielles de noix de coco et de mono\u00ef et enrichie de vitamine E et d'aloe vera, elle donne en <strong>une minute <\/strong>Nourriture, douceur et hydratation pour les cheveux sensibilis\u00e9s par le soleil, le sel, le vent et le chlore. Test\u00e9 dermatologiquement.<\/p>\n<p><strong>Avantages : <\/strong>reconditionne les cheveux et aide \u00e0 pr\u00e9server la couleur, sans les alourdir.<\/p>\n<p><strong>Id\u00e9al pour : <\/strong>am\u00e9liore la facilit\u00e9 de coiffage apr\u00e8s une exposition au soleil pour des cheveux plus souples et plus doux.<\/p>\n<p><strong>M\u00e9thode d'utilisation : <\/strong>appliquer sur les cheveux nett nett nett nett nett nett nett nett avec <u>Shampooing de plage<\/u>. Laissez agir pendant une minute et rincez. Utilisation fr\u00e9quente.<\/p>\n<p><u><strong>Pour une hydratation en profondeur des cheveux avant, pendant et apr\u00e8s une exposition au soleil, choisissez Beach.<\/strong><\/u><\/p>","protected":false},"excerpt":{"rendered":"<p>Masque r\u00e9parateur apr\u00e8s-soleil<\/p>","protected":false},"featured_media":1762,"comment_status":"open","ping_status":"closed","template":"","meta":{"_joinchat":[]},"product_brand":[],"product_cat":[80],"product_tag":[],"class_list":{"0":"post-1941","1":"product","2":"type-product","3":"status-publish","4":"has-post-thumbnail","6":"product_cat-beach","8":"first","9":"instock","10":"sale","11":"taxable","12":"shipping-taxable","13":"purchasable","14":"product-type-simple"},"yoast_head":"<!-- This site is optimized with the Yoast SEO plugin v27.5 - https:\/\/yoast.com\/product\/yoast-seo-wordpress\/ -->\n<title>BEACH MASK - Quick Learning Academy<\/title>\n<meta name=\"robots\" content=\"index, follow, max-snippet:-1, max-image-preview:large, max-video-preview:-1\" \/>\n<link rel=\"canonical\" href=\"https:\/\/quicklearning.academy\/fr\/produit\/beach-mask\/\" \/>\n<meta property=\"og:locale\" content=\"fr_FR\" \/>\n<meta property=\"og:type\" content=\"article\" \/>\n<meta property=\"og:title\" content=\"BEACH MASK - Quick Learning Academy\" \/>\n<meta property=\"og:description\" content=\"Maschera riparatrice dopo sole\" \/>\n<meta property=\"og:url\" content=\"https:\/\/quicklearning.academy\/fr\/produit\/beach-mask\/\" \/>\n<meta property=\"og:site_name\" content=\"Quick Learning Academy\" \/>\n<meta property=\"article:modified_time\" content=\"2026-01-29T17:14:34+00:00\" \/>\n<meta property=\"og:image\" content=\"https:\/\/quicklearning.academy\/wp-content\/uploads\/2022\/01\/588.jpg\" \/>\n\t<meta property=\"og:image:width\" content=\"800\" \/>\n\t<meta property=\"og:image:height\" content=\"900\" \/>\n\t<meta property=\"og:image:type\" content=\"image\/jpeg\" \/>\n<meta name=\"twitter:card\" content=\"summary_large_image\" \/>\n<meta name=\"twitter:label1\" content=\"Dur\u00e9e de lecture estim\u00e9e\" \/>\n\t<meta name=\"twitter:data1\" content=\"1 minute\" \/>\n<script type=\"application\/ld+json\" class=\"yoast-schema-graph\">{\"@context\":\"https:\\\/\\\/schema.org\",\"@graph\":[{\"@type\":\"WebPage\",\"@id\":\"https:\\\/\\\/quicklearning.academy\\\/prodotto\\\/beach-mask\\\/\",\"url\":\"https:\\\/\\\/quicklearning.academy\\\/prodotto\\\/beach-mask\\\/\",\"name\":\"BEACH MASK - Quick Learning Academy\",\"isPartOf\":{\"@id\":\"https:\\\/\\\/quicklearning.academy\\\/#website\"},\"primaryImageOfPage\":{\"@id\":\"https:\\\/\\\/quicklearning.academy\\\/prodotto\\\/beach-mask\\\/#primaryimage\"},\"image\":{\"@id\":\"https:\\\/\\\/quicklearning.academy\\\/prodotto\\\/beach-mask\\\/#primaryimage\"},\"thumbnailUrl\":\"https:\\\/\\\/quicklearning.academy\\\/wp-content\\\/uploads\\\/2022\\\/01\\\/588.jpg\",\"datePublished\":\"1969-12-31T23:00:00+00:00\",\"dateModified\":\"2026-01-29T17:14:34+00:00\",\"breadcrumb\":{\"@id\":\"https:\\\/\\\/quicklearning.academy\\\/prodotto\\\/beach-mask\\\/#breadcrumb\"},\"inLanguage\":\"fr-FR\",\"potentialAction\":[{\"@type\":\"ReadAction\",\"target\":[\"https:\\\/\\\/quicklearning.academy\\\/prodotto\\\/beach-mask\\\/\"]}]},{\"@type\":\"ImageObject\",\"inLanguage\":\"fr-FR\",\"@id\":\"https:\\\/\\\/quicklearning.academy\\\/prodotto\\\/beach-mask\\\/#primaryimage\",\"url\":\"https:\\\/\\\/quicklearning.academy\\\/wp-content\\\/uploads\\\/2022\\\/01\\\/588.jpg\",\"contentUrl\":\"https:\\\/\\\/quicklearning.academy\\\/wp-content\\\/uploads\\\/2022\\\/01\\\/588.jpg\",\"width\":800,\"height\":900},{\"@type\":\"BreadcrumbList\",\"@id\":\"https:\\\/\\\/quicklearning.academy\\\/prodotto\\\/beach-mask\\\/#breadcrumb\",\"itemListElement\":[{\"@type\":\"ListItem\",\"position\":1,\"name\":\"Home\",\"item\":\"https:\\\/\\\/quicklearning.academy\\\/home\\\/\"},{\"@type\":\"ListItem\",\"position\":2,\"name\":\"Shop\",\"item\":\"https:\\\/\\\/quicklearning.academy\\\/negozio\\\/\"},{\"@type\":\"ListItem\",\"position\":3,\"name\":\"BEACH MASK\"}]},{\"@type\":\"WebSite\",\"@id\":\"https:\\\/\\\/quicklearning.academy\\\/#website\",\"url\":\"https:\\\/\\\/quicklearning.academy\\\/\",\"name\":\"Quick Learning Academy\",\"description\":\"Prodotti e Formazione per Parrucchieri\",\"publisher\":{\"@id\":\"https:\\\/\\\/quicklearning.academy\\\/#organization\"},\"potentialAction\":[{\"@type\":\"SearchAction\",\"target\":{\"@type\":\"EntryPoint\",\"urlTemplate\":\"https:\\\/\\\/quicklearning.academy\\\/?s={search_term_string}\"},\"query-input\":{\"@type\":\"PropertyValueSpecification\",\"valueRequired\":true,\"valueName\":\"search_term_string\"}}],\"inLanguage\":\"fr-FR\"},{\"@type\":\"Organization\",\"@id\":\"https:\\\/\\\/quicklearning.academy\\\/#organization\",\"name\":\"Quick Learning\",\"url\":\"https:\\\/\\\/quicklearning.academy\\\/\",\"logo\":{\"@type\":\"ImageObject\",\"inLanguage\":\"fr-FR\",\"@id\":\"https:\\\/\\\/quicklearning.academy\\\/#\\\/schema\\\/logo\\\/image\\\/\",\"url\":\"https:\\\/\\\/quicklearning.academy\\\/wp-content\\\/uploads\\\/2021\\\/12\\\/LOGO-11.png\",\"contentUrl\":\"https:\\\/\\\/quicklearning.academy\\\/wp-content\\\/uploads\\\/2021\\\/12\\\/LOGO-11.png\",\"width\":841,\"height\":595,\"caption\":\"Quick Learning\"},\"image\":{\"@id\":\"https:\\\/\\\/quicklearning.academy\\\/#\\\/schema\\\/logo\\\/image\\\/\"}}]}<\/script>\n<!-- \/ Yoast SEO plugin. -->","yoast_head_json":{"title":"MASQUE DE PLAGE - Quick Learning Academy","robots":{"index":"index","follow":"follow","max-snippet":"max-snippet:-1","max-image-preview":"max-image-preview:large","max-video-preview":"max-video-preview:-1"},"canonical":"https:\/\/quicklearning.academy\/fr\/produit\/beach-mask\/","og_locale":"fr_FR","og_type":"article","og_title":"BEACH MASK - Quick Learning Academy","og_description":"Maschera riparatrice dopo sole","og_url":"https:\/\/quicklearning.academy\/fr\/produit\/beach-mask\/","og_site_name":"Quick Learning Academy","article_modified_time":"2026-01-29T17:14:34+00:00","og_image":[{"width":800,"height":900,"url":"https:\/\/quicklearning.academy\/wp-content\/uploads\/2022\/01\/588.jpg","type":"image\/jpeg"}],"twitter_card":"summary_large_image","twitter_misc":{"Dur\u00e9e de lecture estim\u00e9e":"1 minute"},"schema":{"@context":"https:\/\/schema.org","@graph":[{"@type":"WebPage","@id":"https:\/\/quicklearning.academy\/prodotto\/beach-mask\/","url":"https:\/\/quicklearning.academy\/prodotto\/beach-mask\/","name":"MASQUE DE PLAGE - Quick Learning Academy","isPartOf":{"@id":"https:\/\/quicklearning.academy\/#website"},"primaryImageOfPage":{"@id":"https:\/\/quicklearning.academy\/prodotto\/beach-mask\/#primaryimage"},"image":{"@id":"https:\/\/quicklearning.academy\/prodotto\/beach-mask\/#primaryimage"},"thumbnailUrl":"https:\/\/quicklearning.academy\/wp-content\/uploads\/2022\/01\/588.jpg","datePublished":"1969-12-31T23:00:00+00:00","dateModified":"2026-01-29T17:14:34+00:00","breadcrumb":{"@id":"https:\/\/quicklearning.academy\/prodotto\/beach-mask\/#breadcrumb"},"inLanguage":"fr-FR","potentialAction":[{"@type":"ReadAction","target":["https:\/\/quicklearning.academy\/prodotto\/beach-mask\/"]}]},{"@type":"ImageObject","inLanguage":"fr-FR","@id":"https:\/\/quicklearning.academy\/prodotto\/beach-mask\/#primaryimage","url":"https:\/\/quicklearning.academy\/wp-content\/uploads\/2022\/01\/588.jpg","contentUrl":"https:\/\/quicklearning.academy\/wp-content\/uploads\/2022\/01\/588.jpg","width":800,"height":900},{"@type":"BreadcrumbList","@id":"https:\/\/quicklearning.academy\/prodotto\/beach-mask\/#breadcrumb","itemListElement":[{"@type":"ListItem","position":1,"name":"Home","item":"https:\/\/quicklearning.academy\/home\/"},{"@type":"ListItem","position":2,"name":"Shop","item":"https:\/\/quicklearning.academy\/negozio\/"},{"@type":"ListItem","position":3,"name":"BEACH MASK"}]},{"@type":"WebSite","@id":"https:\/\/quicklearning.academy\/#website","url":"https:\/\/quicklearning.academy\/","name":"Acad\u00e9mie d'apprentissage rapide","description":"Produits et formations pour les coiffeurs","publisher":{"@id":"https:\/\/quicklearning.academy\/#organization"},"potentialAction":[{"@type":"SearchAction","target":{"@type":"EntryPoint","urlTemplate":"https:\/\/quicklearning.academy\/?s={search_term_string}"},"query-input":{"@type":"PropertyValueSpecification","valueRequired":true,"valueName":"search_term_string"}}],"inLanguage":"fr-FR"},{"@type":"Organization","@id":"https:\/\/quicklearning.academy\/#organization","name":"Apprentissage rapide","url":"https:\/\/quicklearning.academy\/","logo":{"@type":"ImageObject","inLanguage":"fr-FR","@id":"https:\/\/quicklearning.academy\/#\/schema\/logo\/image\/","url":"https:\/\/quicklearning.academy\/wp-content\/uploads\/2021\/12\/LOGO-11.png","contentUrl":"https:\/\/quicklearning.academy\/wp-content\/uploads\/2021\/12\/LOGO-11.png","width":841,"height":595,"caption":"Quick Learning"},"image":{"@id":"https:\/\/quicklearning.academy\/#\/schema\/logo\/image\/"}}]}},"_links":{"self":[{"href":"https:\/\/quicklearning.academy\/fr\/wp-json\/wp\/v2\/product\/1941","targetHints":{"allow":["GET"]}}],"collection":[{"href":"https:\/\/quicklearning.academy\/fr\/wp-json\/wp\/v2\/product"}],"about":[{"href":"https:\/\/quicklearning.academy\/fr\/wp-json\/wp\/v2\/types\/product"}],"replies":[{"embeddable":true,"href":"https:\/\/quicklearning.academy\/fr\/wp-json\/wp\/v2\/comments?post=1941"}],"wp:featuredmedia":[{"embeddable":true,"href":"https:\/\/quicklearning.academy\/fr\/wp-json\/wp\/v2\/media\/1762"}],"wp:attachment":[{"href":"https:\/\/quicklearning.academy\/fr\/wp-json\/wp\/v2\/media?parent=1941"}],"wp:term":[{"taxonomy":"product_brand","embeddable":true,"href":"https:\/\/quicklearning.academy\/fr\/wp-json\/wp\/v2\/product_brand?post=1941"},{"taxonomy":"product_cat","embeddable":true,"href":"https:\/\/quicklearning.academy\/fr\/wp-json\/wp\/v2\/product_cat?post=1941"},{"taxonomy":"product_tag","embeddable":true,"href":"https:\/\/quicklearning.academy\/fr\/wp-json\/wp\/v2\/product_tag?post=1941"}],"curies":[{"name":"wp","href":"https:\/\/api.w.org\/{rel}","templated":true}]}}