{"id":9185,"date":"2025-10-06T09:45:40","date_gmt":"2025-10-06T07:45:40","guid":{"rendered":"https:\/\/quicklearning.academy\/?post_type=product&#038;p=9185"},"modified":"2025-10-11T23:21:36","modified_gmt":"2025-10-11T21:21:36","slug":"in-flashy-colours-150-ml","status":"publish","type":"product","link":"https:\/\/quicklearning.academy\/de\/produkt\/in-flashy-colours-150-ml\/","title":{"rendered":"IN FLASHY COLOURS 150 ML"},"content":{"rendered":"<h3>BENEFITS<\/h3>\n<ul>\n<li>Colore luminoso, intenso, vibrante e duraturo.<\/li>\n<li>Tante finiture quante sono le tue clienti.<\/li>\n<li>Tante possibilit\u00e0 quante ne puoi immaginare.<\/li>\n<\/ul>\n<h3>VERWENDUNGSWEISE<\/h3>\n<p><strong>PREPARA I CAPELLI<\/strong> &#8211; Determina le condizioni dei capelli del tuo cliente e concorda la tecnica di colorazione da utilizzare con lui. &#8211; Se desidera colori vivaci, schiarisci prima il colore dai suoi capelli usando PLATIBLANC ADVANCED a una profondit\u00e0 di 8 o 9, quindi applica il colore desiderato. &#8211; Per mantenere il colore dei capelli, dovrai schiarire il colore solo dalla zona della radice.<\/p>\n<p><strong> APPLICA IL COLORE PER CAPELLI<\/strong> &#8211; Separa le ciocche di capelli su cui verr\u00e0 applicato il colore e poi applicalo sui capelli asciutti usando un pennello. &#8211; Bagna accuratamente i capelli e massaggia con le dita in modo che i pigmenti penetrino bene. &#8211; Lascia agire, risciacqua abbondantemente con acqua e lava i capelli.<\/p>\n<p><strong> OTTIENI COLORI PURI E RISULTATI INTENSI<\/strong> &#8211; Bagna accuratamente i capelli e massaggia il prodotto in modo che penetri bene. &#8211; Lascia agire per 30 minuti.<\/p>\n<p><strong> TONALIT\u00c0 PASTELLO E COLORI PERSONALIZZATI PER OGNI CLIENTE<\/strong> Per ottenere delicate tonalit\u00e0 pastello e personalizzare i colori, usa la tonalit\u00e0 CLEAR, che diluisce l&#8217;intensit\u00e0 dei colori di base puri. &#8211; Per fare questo, mescolare la tonalit\u00e0 CLEAR con il colore di base scelto in una ciotola non metallica. Il rapporto di miscelazione dipender\u00e0 dal risultato desiderato. &#8211; Per ridurre significativamente l&#8217;intensit\u00e0, si consiglia una diluizione di 1:10 o superiore. Un esempio potrebbe essere: 2 g del colore desiderato + 20 g della tonalit\u00e0 CLEAR. &#8211; Applicare la miscela seguendo il metodo di applicazione generale e lasciare in posa per 5-10 minuti. &#8211; \u00c8 possibile sovrapporre colori diversi sulla stessa ciocca di capelli o alternandoli per creare effetti unici e personalizzati per ogni servizio.<\/p>\n<h3>TECNOLOGIA<\/h3>\n<p>TECNOLOGIA CRYSTAL GEL La combinazione di polisaccaridi di origine naturale con coloranti diretti di elevata purezza penetra in profondit\u00e0 nei capelli, raggiungendo l&#8217;interno del fusto capillare, dove si deposita sulla cheratina. Ottieni un colore luminoso, intenso, vibrante e a lunga durata. Non contenendo ammoniaca, perossidi o coloranti ossidanti, non schiarisce i capelli n\u00e9 altera il fusto, prendendosi cura dei capelli e donando loro ulteriore lucentezza.<\/p>\n<h3>INGREDIENTI<\/h3>\n<p>Acqua, Alcol cetearilico, Glicerina, Cloruro di Behentrimonio, Salicilato di benzile, Glicole butilenico, Glicole caprililico, Cloruro di cetrimonio, Palmitato di cetile, Citronellolo, Cocamidopropil betaina, Glicole dipropilenico, EDTA disodico, Metosolfato di distearoiletile idrossietilmonio, DMDM \u200b\u200bidantoina, Esil cinnamale, Iodopropinil butilcarbammato, Alcol isopropilico, Limonene, Linalolo, Cloruro di palmitamidopropiltrimonio, Profumo, Fenossietanolo, Caprato di poligliceril-3, Polyquaternium-22, Polyquaternium-37, Polyquaternium-55, Polisilicone-19, PPG-1 Trideceth-6, Miristato di etere benzilico PPG-3, Glicole propilenico, Glicole propilenico Dicaprilato\/dicaprato, silicone quaternium-22, benzoato di sodio.<\/p>\n<h3>FORMAT<\/h3>\n<p>150 ML<\/p>","protected":false},"excerpt":{"rendered":"<p><strong>Una gamma di colori diretti a lunga durata per creare nuovi effetti colore. Una palette di colori seducente e vibrante di tonalit\u00e0 vivaci che faranno sicuramente la differenza nelle mani di un parrucchiere. 1. Sette colori puri per risultati sorprendenti: ROSSO \u00b7 ARANCIONE \u00b7 GIALLO \u00b7 VERDE \u00b7 BLU \u00b7 VIOLA \u00b7 ROSA 2. Colore di base da mescolare con colori puri per creare tonalit\u00e0 pastello: TRASPARENTE 3. Tutti i COLORI INFLASHY sono miscelabili tra loro. 4. Scatena la tua creativit\u00e0: infinite opzioni di finiture.<\/strong><\/p>","protected":false},"featured_media":9176,"comment_status":"closed","ping_status":"closed","template":"","meta":{"_joinchat":[]},"product_brand":[],"product_cat":[265],"product_tag":[],"class_list":{"0":"post-9185","1":"product","2":"type-product","3":"status-publish","4":"has-post-thumbnail","6":"product_cat-colorazione-diretta-in-flashy","8":"first","9":"instock","10":"sale","11":"taxable","12":"shipping-taxable","13":"purchasable","14":"product-type-variable"},"yoast_head":"<!-- This site is optimized with the Yoast SEO plugin v27.4 - https:\/\/yoast.com\/product\/yoast-seo-wordpress\/ -->\n<title>IN FLASHY COLOURS 150 ML - Quick Learning Academy<\/title>\n<meta name=\"robots\" content=\"index, follow, max-snippet:-1, max-image-preview:large, max-video-preview:-1\" \/>\n<link rel=\"canonical\" href=\"https:\/\/quicklearning.academy\/de\/produkt\/in-flashy-colours-150-ml\/\" \/>\n<meta property=\"og:locale\" content=\"de_DE\" \/>\n<meta property=\"og:type\" content=\"article\" \/>\n<meta property=\"og:title\" content=\"IN FLASHY COLOURS 150 ML - Quick Learning Academy\" \/>\n<meta property=\"og:description\" content=\"Una gamma di colori diretti a lunga durata per creare nuovi effetti colore. Una palette di colori seducente e vibrante di tonalit\u00e0 vivaci che faranno sicuramente la differenza nelle mani di un parrucchiere. 1. Sette colori puri per risultati sorprendenti: ROSSO \u00b7 ARANCIONE \u00b7 GIALLO \u00b7 VERDE \u00b7 BLU \u00b7 VIOLA \u00b7 ROSA 2. Colore di base da mescolare con colori puri per creare tonalit\u00e0 pastello: TRASPARENTE 3. Tutti i COLORI INFLASHY sono miscelabili tra loro. 4. Scatena la tua creativit\u00e0: infinite opzioni di finiture.\" \/>\n<meta property=\"og:url\" content=\"https:\/\/quicklearning.academy\/de\/produkt\/in-flashy-colours-150-ml\/\" \/>\n<meta property=\"og:site_name\" content=\"Quick Learning Academy\" \/>\n<meta property=\"article:modified_time\" content=\"2025-10-11T21:21:36+00:00\" \/>\n<meta property=\"og:image\" content=\"https:\/\/quicklearning.academy\/wp-content\/uploads\/2025\/10\/banner-in-flashy-colours-scaled-1.jpg\" \/>\n\t<meta property=\"og:image:width\" content=\"2560\" \/>\n\t<meta property=\"og:image:height\" content=\"1182\" \/>\n\t<meta property=\"og:image:type\" content=\"image\/jpeg\" \/>\n<meta name=\"twitter:card\" content=\"summary_large_image\" \/>\n<meta name=\"twitter:label1\" content=\"Gesch\u00e4tzte Lesezeit\" \/>\n\t<meta name=\"twitter:data1\" content=\"3\u00a0Minuten\" \/>\n<script type=\"application\/ld+json\" class=\"yoast-schema-graph\">{\"@context\":\"https:\\\/\\\/schema.org\",\"@graph\":[{\"@type\":\"WebPage\",\"@id\":\"https:\\\/\\\/quicklearning.academy\\\/prodotto\\\/in-flashy-colours-150-ml\\\/\",\"url\":\"https:\\\/\\\/quicklearning.academy\\\/prodotto\\\/in-flashy-colours-150-ml\\\/\",\"name\":\"IN FLASHY COLOURS 150 ML - Quick Learning Academy\",\"isPartOf\":{\"@id\":\"https:\\\/\\\/quicklearning.academy\\\/#website\"},\"primaryImageOfPage\":{\"@id\":\"https:\\\/\\\/quicklearning.academy\\\/prodotto\\\/in-flashy-colours-150-ml\\\/#primaryimage\"},\"image\":{\"@id\":\"https:\\\/\\\/quicklearning.academy\\\/prodotto\\\/in-flashy-colours-150-ml\\\/#primaryimage\"},\"thumbnailUrl\":\"https:\\\/\\\/quicklearning.academy\\\/wp-content\\\/uploads\\\/2025\\\/10\\\/banner-in-flashy-colours-scaled-1.jpg\",\"datePublished\":\"2025-10-06T07:45:40+00:00\",\"dateModified\":\"2025-10-11T21:21:36+00:00\",\"breadcrumb\":{\"@id\":\"https:\\\/\\\/quicklearning.academy\\\/prodotto\\\/in-flashy-colours-150-ml\\\/#breadcrumb\"},\"inLanguage\":\"de\",\"potentialAction\":[{\"@type\":\"ReadAction\",\"target\":[\"https:\\\/\\\/quicklearning.academy\\\/prodotto\\\/in-flashy-colours-150-ml\\\/\"]}]},{\"@type\":\"ImageObject\",\"inLanguage\":\"de\",\"@id\":\"https:\\\/\\\/quicklearning.academy\\\/prodotto\\\/in-flashy-colours-150-ml\\\/#primaryimage\",\"url\":\"https:\\\/\\\/quicklearning.academy\\\/wp-content\\\/uploads\\\/2025\\\/10\\\/banner-in-flashy-colours-scaled-1.jpg\",\"contentUrl\":\"https:\\\/\\\/quicklearning.academy\\\/wp-content\\\/uploads\\\/2025\\\/10\\\/banner-in-flashy-colours-scaled-1.jpg\",\"width\":2560,\"height\":1182},{\"@type\":\"BreadcrumbList\",\"@id\":\"https:\\\/\\\/quicklearning.academy\\\/prodotto\\\/in-flashy-colours-150-ml\\\/#breadcrumb\",\"itemListElement\":[{\"@type\":\"ListItem\",\"position\":1,\"name\":\"Home\",\"item\":\"https:\\\/\\\/quicklearning.academy\\\/home\\\/\"},{\"@type\":\"ListItem\",\"position\":2,\"name\":\"Shop\",\"item\":\"https:\\\/\\\/quicklearning.academy\\\/negozio\\\/\"},{\"@type\":\"ListItem\",\"position\":3,\"name\":\"IN FLASHY COLOURS 150 ML\"}]},{\"@type\":\"WebSite\",\"@id\":\"https:\\\/\\\/quicklearning.academy\\\/#website\",\"url\":\"https:\\\/\\\/quicklearning.academy\\\/\",\"name\":\"Quick Learning Academy\",\"description\":\"Prodotti e Formazione per Parrucchieri\",\"publisher\":{\"@id\":\"https:\\\/\\\/quicklearning.academy\\\/#organization\"},\"potentialAction\":[{\"@type\":\"SearchAction\",\"target\":{\"@type\":\"EntryPoint\",\"urlTemplate\":\"https:\\\/\\\/quicklearning.academy\\\/?s={search_term_string}\"},\"query-input\":{\"@type\":\"PropertyValueSpecification\",\"valueRequired\":true,\"valueName\":\"search_term_string\"}}],\"inLanguage\":\"de\"},{\"@type\":\"Organization\",\"@id\":\"https:\\\/\\\/quicklearning.academy\\\/#organization\",\"name\":\"Quick Learning\",\"url\":\"https:\\\/\\\/quicklearning.academy\\\/\",\"logo\":{\"@type\":\"ImageObject\",\"inLanguage\":\"de\",\"@id\":\"https:\\\/\\\/quicklearning.academy\\\/#\\\/schema\\\/logo\\\/image\\\/\",\"url\":\"https:\\\/\\\/quicklearning.academy\\\/wp-content\\\/uploads\\\/2021\\\/12\\\/LOGO-11.png\",\"contentUrl\":\"https:\\\/\\\/quicklearning.academy\\\/wp-content\\\/uploads\\\/2021\\\/12\\\/LOGO-11.png\",\"width\":841,\"height\":595,\"caption\":\"Quick Learning\"},\"image\":{\"@id\":\"https:\\\/\\\/quicklearning.academy\\\/#\\\/schema\\\/logo\\\/image\\\/\"}}]}<\/script>\n<!-- \/ Yoast SEO plugin. -->","yoast_head_json":{"title":"IN FLASHY COLOURS 150 ML - Quick Learning Academy","robots":{"index":"index","follow":"follow","max-snippet":"max-snippet:-1","max-image-preview":"max-image-preview:large","max-video-preview":"max-video-preview:-1"},"canonical":"https:\/\/quicklearning.academy\/de\/produkt\/in-flashy-colours-150-ml\/","og_locale":"de_DE","og_type":"article","og_title":"IN FLASHY COLOURS 150 ML - Quick Learning Academy","og_description":"Una gamma di colori diretti a lunga durata per creare nuovi effetti colore. Una palette di colori seducente e vibrante di tonalit\u00e0 vivaci che faranno sicuramente la differenza nelle mani di un parrucchiere. 1. Sette colori puri per risultati sorprendenti: ROSSO \u00b7 ARANCIONE \u00b7 GIALLO \u00b7 VERDE \u00b7 BLU \u00b7 VIOLA \u00b7 ROSA 2. Colore di base da mescolare con colori puri per creare tonalit\u00e0 pastello: TRASPARENTE 3. Tutti i COLORI INFLASHY sono miscelabili tra loro. 4. Scatena la tua creativit\u00e0: infinite opzioni di finiture.","og_url":"https:\/\/quicklearning.academy\/de\/produkt\/in-flashy-colours-150-ml\/","og_site_name":"Quick Learning Academy","article_modified_time":"2025-10-11T21:21:36+00:00","og_image":[{"width":2560,"height":1182,"url":"https:\/\/quicklearning.academy\/wp-content\/uploads\/2025\/10\/banner-in-flashy-colours-scaled-1.jpg","type":"image\/jpeg"}],"twitter_card":"summary_large_image","twitter_misc":{"Gesch\u00e4tzte Lesezeit":"3\u00a0Minuten"},"schema":{"@context":"https:\/\/schema.org","@graph":[{"@type":"WebPage","@id":"https:\/\/quicklearning.academy\/prodotto\/in-flashy-colours-150-ml\/","url":"https:\/\/quicklearning.academy\/prodotto\/in-flashy-colours-150-ml\/","name":"IN FLASHY COLOURS 150 ML - Quick Learning Academy","isPartOf":{"@id":"https:\/\/quicklearning.academy\/#website"},"primaryImageOfPage":{"@id":"https:\/\/quicklearning.academy\/prodotto\/in-flashy-colours-150-ml\/#primaryimage"},"image":{"@id":"https:\/\/quicklearning.academy\/prodotto\/in-flashy-colours-150-ml\/#primaryimage"},"thumbnailUrl":"https:\/\/quicklearning.academy\/wp-content\/uploads\/2025\/10\/banner-in-flashy-colours-scaled-1.jpg","datePublished":"2025-10-06T07:45:40+00:00","dateModified":"2025-10-11T21:21:36+00:00","breadcrumb":{"@id":"https:\/\/quicklearning.academy\/prodotto\/in-flashy-colours-150-ml\/#breadcrumb"},"inLanguage":"de","potentialAction":[{"@type":"ReadAction","target":["https:\/\/quicklearning.academy\/prodotto\/in-flashy-colours-150-ml\/"]}]},{"@type":"ImageObject","inLanguage":"de","@id":"https:\/\/quicklearning.academy\/prodotto\/in-flashy-colours-150-ml\/#primaryimage","url":"https:\/\/quicklearning.academy\/wp-content\/uploads\/2025\/10\/banner-in-flashy-colours-scaled-1.jpg","contentUrl":"https:\/\/quicklearning.academy\/wp-content\/uploads\/2025\/10\/banner-in-flashy-colours-scaled-1.jpg","width":2560,"height":1182},{"@type":"BreadcrumbList","@id":"https:\/\/quicklearning.academy\/prodotto\/in-flashy-colours-150-ml\/#breadcrumb","itemListElement":[{"@type":"ListItem","position":1,"name":"Home","item":"https:\/\/quicklearning.academy\/home\/"},{"@type":"ListItem","position":2,"name":"Shop","item":"https:\/\/quicklearning.academy\/negozio\/"},{"@type":"ListItem","position":3,"name":"IN FLASHY COLOURS 150 ML"}]},{"@type":"WebSite","@id":"https:\/\/quicklearning.academy\/#website","url":"https:\/\/quicklearning.academy\/","name":"Akademie f\u00fcr schnelles Lernen","description":"Produkte und Schulungen f\u00fcr Friseure","publisher":{"@id":"https:\/\/quicklearning.academy\/#organization"},"potentialAction":[{"@type":"SearchAction","target":{"@type":"EntryPoint","urlTemplate":"https:\/\/quicklearning.academy\/?s={search_term_string}"},"query-input":{"@type":"PropertyValueSpecification","valueRequired":true,"valueName":"search_term_string"}}],"inLanguage":"de"},{"@type":"Organization","@id":"https:\/\/quicklearning.academy\/#organization","name":"Schnelles Lernen","url":"https:\/\/quicklearning.academy\/","logo":{"@type":"ImageObject","inLanguage":"de","@id":"https:\/\/quicklearning.academy\/#\/schema\/logo\/image\/","url":"https:\/\/quicklearning.academy\/wp-content\/uploads\/2021\/12\/LOGO-11.png","contentUrl":"https:\/\/quicklearning.academy\/wp-content\/uploads\/2021\/12\/LOGO-11.png","width":841,"height":595,"caption":"Quick Learning"},"image":{"@id":"https:\/\/quicklearning.academy\/#\/schema\/logo\/image\/"}}]}},"_links":{"self":[{"href":"https:\/\/quicklearning.academy\/de\/wp-json\/wp\/v2\/product\/9185","targetHints":{"allow":["GET"]}}],"collection":[{"href":"https:\/\/quicklearning.academy\/de\/wp-json\/wp\/v2\/product"}],"about":[{"href":"https:\/\/quicklearning.academy\/de\/wp-json\/wp\/v2\/types\/product"}],"replies":[{"embeddable":true,"href":"https:\/\/quicklearning.academy\/de\/wp-json\/wp\/v2\/comments?post=9185"}],"wp:featuredmedia":[{"embeddable":true,"href":"https:\/\/quicklearning.academy\/de\/wp-json\/wp\/v2\/media\/9176"}],"wp:attachment":[{"href":"https:\/\/quicklearning.academy\/de\/wp-json\/wp\/v2\/media?parent=9185"}],"wp:term":[{"taxonomy":"product_brand","embeddable":true,"href":"https:\/\/quicklearning.academy\/de\/wp-json\/wp\/v2\/product_brand?post=9185"},{"taxonomy":"product_cat","embeddable":true,"href":"https:\/\/quicklearning.academy\/de\/wp-json\/wp\/v2\/product_cat?post=9185"},{"taxonomy":"product_tag","embeddable":true,"href":"https:\/\/quicklearning.academy\/de\/wp-json\/wp\/v2\/product_tag?post=9185"}],"curies":[{"name":"wp","href":"https:\/\/api.w.org\/{rel}","templated":true}]}}