{"id":8745,"date":"1970-01-01T00:00:00","date_gmt":"1969-12-31T23:00:00","guid":{"rendered":"https:\/\/quicklearning.academy\/?post_type=product&#038;p=8745"},"modified":"2026-01-29T18:16:08","modified_gmt":"2026-01-29T17:16:08","slug":"9gc-biondo-chiarissimo-dorato-rame-100-ml-prezzo-confezione-da-3-pezzi","status":"publish","type":"product","link":"https:\/\/quicklearning.academy\/de\/produkt\/9gc-biondo-chiarissimo-dorato-rame-100-ml-prezzo-confezione-da-3-pezzi\/","title":{"rendered":"9GC SEHR HELLES GOLDKUPFERBLOND 100 ML (Preis f\u00fcr Packung mit 3 St\u00fcck)"},"content":{"rendered":"<p><span class=\"font-proxima font-ultra-thin color-dark\">GLOW CREAM ist<b>\u00a0die Praxis\u00a0<span class=\"font-bold\">Ton-in-Ton Cremef\u00e4rbung<\/span><\/b>, ideal, um die nat\u00fcrliche Farbe mit neuen intensiven Highlights zu verst\u00e4rken und die ersten grauen Haare abzudecken.<\/span><\/p>\n<p><span class=\"font-proxima font-ultra-thin color-dark\">Dank der\u00a0<b>37 Farbt\u00f6ne<\/b>\u00a0Durch die Mischbarkeit untereinander lassen sich zahlreiche Reflexe und individuelle Farbnuancen erzeugen.<\/span><\/p>\n<div class=\"elementor-element elementor-element-c257994 subtitle elementor-widget elementor-widget-heading\" data-id=\"c257994\" data-element_type=\"widget\" data-widget_type=\"heading.default\">\n<div class=\"elementor-widget-container\">\n<h2 class=\"elementor-heading-title elementor-size-default\">Sichere und sanfte Formel<\/h2>\n<\/div>\n<\/div>\n<div class=\"elementor-element elementor-element-3a6d5fe elementor-widget elementor-widget-text-editor\" data-id=\"3a6d5fe\" data-element_type=\"widget\" data-widget_type=\"text-editor.default\">\n<div class=\"elementor-widget-container\">\n<p class=\"color-dark font-thin\"><span class=\"font-proxima font-ultra-thin\">Dank der\u00a0<span class=\"font-bold\"><b>Guarkernmehl<\/b><\/span>, ein nat\u00fcrlicher Inhaltsstoff mit bekannten pflegenden und filmbildenden Eigenschaften. GLOW CREAM sch\u00fctzt das Haar vor chemischen Behandlungen und wirkt dabei schonend.<\/span><\/p>\n<p class=\"color-dark font-thin\"><span class=\"font-proxima font-ultra-thin\">Das Farbergebnis ist garantiert und die Gesundheit des Haares wird gesch\u00fctzt!<\/span><\/p>\n<\/div>\n<\/div>\n<div class=\"elementor-element elementor-element-61a9673 spazio-60 elementor-hidden-mobile elementor-widget elementor-widget-spacer\" data-id=\"61a9673\" data-element_type=\"widget\" data-widget_type=\"spacer.default\">\n<div class=\"elementor-widget-container\">\n<div class=\"elementor-spacer\">\n<p class=\"color-dark font-thin\"><span class=\"font-proxima font-ultra-thin color-dark\"><span class=\"font-bold\"><b>37 NUANCE<\/b><\/span>\u00a0untereinander mischbar.<\/span><\/p>\n<p>&nbsp;<\/p>\n<p class=\"color-dark font-thin\"><span class=\"font-proxima font-ultra-thin color-dark\"><span class=\"font-bold\"><b>STRAHLENDES UND NAT\u00dcRLICHES FARBERGEBNIS<\/b><\/span>\u00a0mit ausgezeichneter Gleichm\u00e4\u00dfigkeit.<\/span><\/p>\n<p>&nbsp;<\/p>\n<p class=\"color-dark font-thin\"><span class=\"font-proxima font-ultra-thin color-dark\"><span class=\"font-bold\"><b>DECKT GRAUES HAAR AB<\/b><\/span>\u00a0bis zu einem Maximum von 40%.<\/span><\/p>\n<\/div>\n<p>Die Ton-in-Ton-Cremefarbe verst\u00e4rkt Ihre nat\u00fcrliche Farbe mit neuen, intensiven Highlights und eignet sich perfekt zum Abdecken erster grauer Haare bis maximal 40%. Sie sorgt f\u00fcr hervorragende Gleichm\u00e4\u00dfigkeit, verleiht Glanz und Geschmeidigkeit und sorgt f\u00fcr ein leuchtendes und nat\u00fcrliches Farbergebnis.<br \/>\nDie 42 Farbt\u00f6ne sind untereinander mischbar und k\u00f6nnen auch in Kombination mit Glow Gentle Demi-permanent Hair Color und anderen Cotril-Farbstoffen verwendet werden.<br \/>\nVerd\u00fcnnung 1:2.<\/p>\n<p><span class=\"font-bold\">FORMAT<\/span><\/p>\n<p>100 ml<\/p>\n<h2 class=\"elementor-heading-title elementor-size-default\">WIRKSTOFFE UND EIGENSCHAFTEN<\/h2>\n<p class=\"titolo-principi\">PERLPULVER: Aufhellend, feuchtigkeitsspendend, geschmeidig machend.<\/p>\n<p class=\"titolo-principi\">TSUBAKI-\u00d6L: Kosmetische, feuchtigkeitsspendende Eigenschaften.<\/p>\n<p class=\"titolo-principi\">VITAMIN E: St\u00e4rkend, antioxidativ.<\/p>\n<p class=\"titolo-principi\">VITAMIN B6: Pflegend, feuchtigkeitsspendend.<\/p>\n<div class=\"elementor-element elementor-element-225544c elementor-widget elementor-widget-heading\" data-id=\"225544c\" data-element_type=\"widget\" data-widget_type=\"heading.default\">\n<div class=\"elementor-widget-container\">\n<h2 class=\"elementor-heading-title elementor-size-default\">BENEFITS<\/h2>\n<\/div>\n<\/div>\n<div class=\"dce-fix-background-loop elementor-element elementor-element-66e21f5 elementor-widget elementor-widget-dce-acf-repeater-v2\" data-id=\"66e21f5\" data-element_type=\"widget\" data-settings=\"{\" data-widget_type=\"dce-acf-repeater-v2.default\">\n<div class=\"elementor-widget-container\">\n<div class=\"dce-acf-repeater\">\n<ul class=\"dce-acf-repeater-list\">\n<li class=\"dce-acf-repeater-item\">Lebendige, helle und nat\u00fcrliche Farben<\/li>\n<li class=\"dce-acf-repeater-item\">Seidiges und gl\u00e4nzendes Haar<\/li>\n<li class=\"dce-acf-repeater-item\">Abdeckung der ersten grauen Haare bis zu 40%<\/li>\n<\/ul>\n<h2>WIE MAN SIE BENUTZT<\/h2>\n<p>Z. B. 50 ml Glow Cream + 100 ml Sauerstoff, verwenden Sie Oxycream 10 Vol. (3%) f\u00fcr Ton-in-Ton-Effekte oder mit Oxycream 15 Vol. (4.5%) f\u00fcr maximale Deckkraft. Einwirkzeit: 25 Minuten.<br \/>\nMit einer B\u00fcrste auf das trockene, ungewaschene Haar auftragen.<\/p>\n<\/div>\n<\/div>\n<\/div>\n<\/div>\n<\/div>","protected":false},"excerpt":{"rendered":"<p>GLOW CREAM \u00e8\u00a0la pratica\u00a0colorazione in crema tono su tono, ideale per valorizzare il colore naturale con nuovi riflessi intensi e coprire i primi capelli bianchi. Grazie alle\u00a037 nuance\u00a0miscelabili tra loro consente la creazione di numerosi riflessi e sfumature di colore personalizzate. Formula sicura e delicata Grazie alla\u00a0Gomma di Guar, ingrediente naturale dalle note propriet\u00e0 condizionanti [&hellip;]<\/p>\n","protected":false},"featured_media":8670,"comment_status":"closed","ping_status":"closed","template":"","meta":{"_joinchat":[]},"product_brand":[],"product_cat":[243],"product_tag":[],"class_list":{"0":"post-8745","1":"product","2":"type-product","3":"status-publish","4":"has-post-thumbnail","6":"product_cat-glow-cream","8":"first","9":"instock","10":"sale","11":"taxable","12":"shipping-taxable","13":"purchasable","14":"product-type-simple"},"yoast_head":"<!-- This site is optimized with the Yoast SEO plugin v27.4 - https:\/\/yoast.com\/product\/yoast-seo-wordpress\/ -->\n<title>9GC BIONDO CHIARISSIMO DORATO RAME 100 ML (prezzo confezione da 3 pezzi) - Quick Learning Academy<\/title>\n<meta name=\"robots\" content=\"index, follow, max-snippet:-1, max-image-preview:large, max-video-preview:-1\" \/>\n<link rel=\"canonical\" href=\"https:\/\/quicklearning.academy\/de\/produkt\/9gc-biondo-chiarissimo-dorato-rame-100-ml-prezzo-confezione-da-3-pezzi\/\" \/>\n<meta property=\"og:locale\" content=\"de_DE\" \/>\n<meta property=\"og:type\" content=\"article\" \/>\n<meta property=\"og:title\" content=\"9GC BIONDO CHIARISSIMO DORATO RAME 100 ML (prezzo confezione da 3 pezzi) - Quick Learning Academy\" \/>\n<meta property=\"og:description\" content=\"GLOW CREAM \u00e8\u00a0la pratica\u00a0colorazione in crema tono su tono, ideale per valorizzare il colore naturale con nuovi riflessi intensi e coprire i primi capelli bianchi. Grazie alle\u00a037 nuance\u00a0miscelabili tra loro consente la creazione di numerosi riflessi e sfumature di colore personalizzate. Formula sicura e delicata Grazie alla\u00a0Gomma di Guar, ingrediente naturale dalle note propriet\u00e0 condizionanti [&hellip;]\" \/>\n<meta property=\"og:url\" content=\"https:\/\/quicklearning.academy\/de\/produkt\/9gc-biondo-chiarissimo-dorato-rame-100-ml-prezzo-confezione-da-3-pezzi\/\" \/>\n<meta property=\"og:site_name\" content=\"Quick Learning Academy\" \/>\n<meta property=\"article:modified_time\" content=\"2026-01-29T17:16:08+00:00\" \/>\n<meta property=\"og:image\" content=\"https:\/\/quicklearning.academy\/wp-content\/uploads\/2025\/01\/Senza-nome.033.jpeg\" \/>\n\t<meta property=\"og:image:width\" content=\"2200\" \/>\n\t<meta property=\"og:image:height\" content=\"2200\" \/>\n\t<meta property=\"og:image:type\" content=\"image\/jpeg\" \/>\n<meta name=\"twitter:card\" content=\"summary_large_image\" \/>\n<meta name=\"twitter:label1\" content=\"Gesch\u00e4tzte Lesezeit\" \/>\n\t<meta name=\"twitter:data1\" content=\"2\u00a0Minuten\" \/>\n<script type=\"application\/ld+json\" class=\"yoast-schema-graph\">{\"@context\":\"https:\\\/\\\/schema.org\",\"@graph\":[{\"@type\":\"WebPage\",\"@id\":\"https:\\\/\\\/quicklearning.academy\\\/prodotto\\\/9gc-biondo-chiarissimo-dorato-rame-100-ml-prezzo-confezione-da-3-pezzi\\\/\",\"url\":\"https:\\\/\\\/quicklearning.academy\\\/prodotto\\\/9gc-biondo-chiarissimo-dorato-rame-100-ml-prezzo-confezione-da-3-pezzi\\\/\",\"name\":\"9GC BIONDO CHIARISSIMO DORATO RAME 100 ML (prezzo confezione da 3 pezzi) - Quick Learning Academy\",\"isPartOf\":{\"@id\":\"https:\\\/\\\/quicklearning.academy\\\/#website\"},\"primaryImageOfPage\":{\"@id\":\"https:\\\/\\\/quicklearning.academy\\\/prodotto\\\/9gc-biondo-chiarissimo-dorato-rame-100-ml-prezzo-confezione-da-3-pezzi\\\/#primaryimage\"},\"image\":{\"@id\":\"https:\\\/\\\/quicklearning.academy\\\/prodotto\\\/9gc-biondo-chiarissimo-dorato-rame-100-ml-prezzo-confezione-da-3-pezzi\\\/#primaryimage\"},\"thumbnailUrl\":\"https:\\\/\\\/quicklearning.academy\\\/wp-content\\\/uploads\\\/2025\\\/01\\\/Senza-nome.033.jpeg\",\"datePublished\":\"1969-12-31T23:00:00+00:00\",\"dateModified\":\"2026-01-29T17:16:08+00:00\",\"breadcrumb\":{\"@id\":\"https:\\\/\\\/quicklearning.academy\\\/prodotto\\\/9gc-biondo-chiarissimo-dorato-rame-100-ml-prezzo-confezione-da-3-pezzi\\\/#breadcrumb\"},\"inLanguage\":\"de\",\"potentialAction\":[{\"@type\":\"ReadAction\",\"target\":[\"https:\\\/\\\/quicklearning.academy\\\/prodotto\\\/9gc-biondo-chiarissimo-dorato-rame-100-ml-prezzo-confezione-da-3-pezzi\\\/\"]}]},{\"@type\":\"ImageObject\",\"inLanguage\":\"de\",\"@id\":\"https:\\\/\\\/quicklearning.academy\\\/prodotto\\\/9gc-biondo-chiarissimo-dorato-rame-100-ml-prezzo-confezione-da-3-pezzi\\\/#primaryimage\",\"url\":\"https:\\\/\\\/quicklearning.academy\\\/wp-content\\\/uploads\\\/2025\\\/01\\\/Senza-nome.033.jpeg\",\"contentUrl\":\"https:\\\/\\\/quicklearning.academy\\\/wp-content\\\/uploads\\\/2025\\\/01\\\/Senza-nome.033.jpeg\",\"width\":2200,\"height\":2200},{\"@type\":\"BreadcrumbList\",\"@id\":\"https:\\\/\\\/quicklearning.academy\\\/prodotto\\\/9gc-biondo-chiarissimo-dorato-rame-100-ml-prezzo-confezione-da-3-pezzi\\\/#breadcrumb\",\"itemListElement\":[{\"@type\":\"ListItem\",\"position\":1,\"name\":\"Home\",\"item\":\"https:\\\/\\\/quicklearning.academy\\\/home\\\/\"},{\"@type\":\"ListItem\",\"position\":2,\"name\":\"Shop\",\"item\":\"https:\\\/\\\/quicklearning.academy\\\/negozio\\\/\"},{\"@type\":\"ListItem\",\"position\":3,\"name\":\"9GC BIONDO CHIARISSIMO DORATO RAME 100 ML (prezzo confezione da 3 pezzi)\"}]},{\"@type\":\"WebSite\",\"@id\":\"https:\\\/\\\/quicklearning.academy\\\/#website\",\"url\":\"https:\\\/\\\/quicklearning.academy\\\/\",\"name\":\"Quick Learning Academy\",\"description\":\"Prodotti e Formazione per Parrucchieri\",\"publisher\":{\"@id\":\"https:\\\/\\\/quicklearning.academy\\\/#organization\"},\"potentialAction\":[{\"@type\":\"SearchAction\",\"target\":{\"@type\":\"EntryPoint\",\"urlTemplate\":\"https:\\\/\\\/quicklearning.academy\\\/?s={search_term_string}\"},\"query-input\":{\"@type\":\"PropertyValueSpecification\",\"valueRequired\":true,\"valueName\":\"search_term_string\"}}],\"inLanguage\":\"de\"},{\"@type\":\"Organization\",\"@id\":\"https:\\\/\\\/quicklearning.academy\\\/#organization\",\"name\":\"Quick Learning\",\"url\":\"https:\\\/\\\/quicklearning.academy\\\/\",\"logo\":{\"@type\":\"ImageObject\",\"inLanguage\":\"de\",\"@id\":\"https:\\\/\\\/quicklearning.academy\\\/#\\\/schema\\\/logo\\\/image\\\/\",\"url\":\"https:\\\/\\\/quicklearning.academy\\\/wp-content\\\/uploads\\\/2021\\\/12\\\/LOGO-11.png\",\"contentUrl\":\"https:\\\/\\\/quicklearning.academy\\\/wp-content\\\/uploads\\\/2021\\\/12\\\/LOGO-11.png\",\"width\":841,\"height\":595,\"caption\":\"Quick Learning\"},\"image\":{\"@id\":\"https:\\\/\\\/quicklearning.academy\\\/#\\\/schema\\\/logo\\\/image\\\/\"}}]}<\/script>\n<!-- \/ Yoast SEO plugin. -->","yoast_head_json":{"title":"9GC SEHR HELLES GOLDKUPFERBLOND 100 ML (Preis pro 3er-Pack) - Quick Learning Academy","robots":{"index":"index","follow":"follow","max-snippet":"max-snippet:-1","max-image-preview":"max-image-preview:large","max-video-preview":"max-video-preview:-1"},"canonical":"https:\/\/quicklearning.academy\/de\/produkt\/9gc-biondo-chiarissimo-dorato-rame-100-ml-prezzo-confezione-da-3-pezzi\/","og_locale":"de_DE","og_type":"article","og_title":"9GC BIONDO CHIARISSIMO DORATO RAME 100 ML (prezzo confezione da 3 pezzi) - Quick Learning Academy","og_description":"GLOW CREAM \u00e8\u00a0la pratica\u00a0colorazione in crema tono su tono, ideale per valorizzare il colore naturale con nuovi riflessi intensi e coprire i primi capelli bianchi. Grazie alle\u00a037 nuance\u00a0miscelabili tra loro consente la creazione di numerosi riflessi e sfumature di colore personalizzate. Formula sicura e delicata Grazie alla\u00a0Gomma di Guar, ingrediente naturale dalle note propriet\u00e0 condizionanti [&hellip;]","og_url":"https:\/\/quicklearning.academy\/de\/produkt\/9gc-biondo-chiarissimo-dorato-rame-100-ml-prezzo-confezione-da-3-pezzi\/","og_site_name":"Quick Learning Academy","article_modified_time":"2026-01-29T17:16:08+00:00","og_image":[{"width":2200,"height":2200,"url":"https:\/\/quicklearning.academy\/wp-content\/uploads\/2025\/01\/Senza-nome.033.jpeg","type":"image\/jpeg"}],"twitter_card":"summary_large_image","twitter_misc":{"Gesch\u00e4tzte Lesezeit":"2\u00a0Minuten"},"schema":{"@context":"https:\/\/schema.org","@graph":[{"@type":"WebPage","@id":"https:\/\/quicklearning.academy\/prodotto\/9gc-biondo-chiarissimo-dorato-rame-100-ml-prezzo-confezione-da-3-pezzi\/","url":"https:\/\/quicklearning.academy\/prodotto\/9gc-biondo-chiarissimo-dorato-rame-100-ml-prezzo-confezione-da-3-pezzi\/","name":"9GC SEHR HELLES GOLDKUPFERBLOND 100 ML (Preis pro 3er-Pack) - Quick Learning Academy","isPartOf":{"@id":"https:\/\/quicklearning.academy\/#website"},"primaryImageOfPage":{"@id":"https:\/\/quicklearning.academy\/prodotto\/9gc-biondo-chiarissimo-dorato-rame-100-ml-prezzo-confezione-da-3-pezzi\/#primaryimage"},"image":{"@id":"https:\/\/quicklearning.academy\/prodotto\/9gc-biondo-chiarissimo-dorato-rame-100-ml-prezzo-confezione-da-3-pezzi\/#primaryimage"},"thumbnailUrl":"https:\/\/quicklearning.academy\/wp-content\/uploads\/2025\/01\/Senza-nome.033.jpeg","datePublished":"1969-12-31T23:00:00+00:00","dateModified":"2026-01-29T17:16:08+00:00","breadcrumb":{"@id":"https:\/\/quicklearning.academy\/prodotto\/9gc-biondo-chiarissimo-dorato-rame-100-ml-prezzo-confezione-da-3-pezzi\/#breadcrumb"},"inLanguage":"de","potentialAction":[{"@type":"ReadAction","target":["https:\/\/quicklearning.academy\/prodotto\/9gc-biondo-chiarissimo-dorato-rame-100-ml-prezzo-confezione-da-3-pezzi\/"]}]},{"@type":"ImageObject","inLanguage":"de","@id":"https:\/\/quicklearning.academy\/prodotto\/9gc-biondo-chiarissimo-dorato-rame-100-ml-prezzo-confezione-da-3-pezzi\/#primaryimage","url":"https:\/\/quicklearning.academy\/wp-content\/uploads\/2025\/01\/Senza-nome.033.jpeg","contentUrl":"https:\/\/quicklearning.academy\/wp-content\/uploads\/2025\/01\/Senza-nome.033.jpeg","width":2200,"height":2200},{"@type":"BreadcrumbList","@id":"https:\/\/quicklearning.academy\/prodotto\/9gc-biondo-chiarissimo-dorato-rame-100-ml-prezzo-confezione-da-3-pezzi\/#breadcrumb","itemListElement":[{"@type":"ListItem","position":1,"name":"Home","item":"https:\/\/quicklearning.academy\/home\/"},{"@type":"ListItem","position":2,"name":"Shop","item":"https:\/\/quicklearning.academy\/negozio\/"},{"@type":"ListItem","position":3,"name":"9GC BIONDO CHIARISSIMO DORATO RAME 100 ML (prezzo confezione da 3 pezzi)"}]},{"@type":"WebSite","@id":"https:\/\/quicklearning.academy\/#website","url":"https:\/\/quicklearning.academy\/","name":"Akademie f\u00fcr schnelles Lernen","description":"Produkte und Schulungen f\u00fcr Friseure","publisher":{"@id":"https:\/\/quicklearning.academy\/#organization"},"potentialAction":[{"@type":"SearchAction","target":{"@type":"EntryPoint","urlTemplate":"https:\/\/quicklearning.academy\/?s={search_term_string}"},"query-input":{"@type":"PropertyValueSpecification","valueRequired":true,"valueName":"search_term_string"}}],"inLanguage":"de"},{"@type":"Organization","@id":"https:\/\/quicklearning.academy\/#organization","name":"Schnelles Lernen","url":"https:\/\/quicklearning.academy\/","logo":{"@type":"ImageObject","inLanguage":"de","@id":"https:\/\/quicklearning.academy\/#\/schema\/logo\/image\/","url":"https:\/\/quicklearning.academy\/wp-content\/uploads\/2021\/12\/LOGO-11.png","contentUrl":"https:\/\/quicklearning.academy\/wp-content\/uploads\/2021\/12\/LOGO-11.png","width":841,"height":595,"caption":"Quick Learning"},"image":{"@id":"https:\/\/quicklearning.academy\/#\/schema\/logo\/image\/"}}]}},"_links":{"self":[{"href":"https:\/\/quicklearning.academy\/de\/wp-json\/wp\/v2\/product\/8745","targetHints":{"allow":["GET"]}}],"collection":[{"href":"https:\/\/quicklearning.academy\/de\/wp-json\/wp\/v2\/product"}],"about":[{"href":"https:\/\/quicklearning.academy\/de\/wp-json\/wp\/v2\/types\/product"}],"replies":[{"embeddable":true,"href":"https:\/\/quicklearning.academy\/de\/wp-json\/wp\/v2\/comments?post=8745"}],"wp:featuredmedia":[{"embeddable":true,"href":"https:\/\/quicklearning.academy\/de\/wp-json\/wp\/v2\/media\/8670"}],"wp:attachment":[{"href":"https:\/\/quicklearning.academy\/de\/wp-json\/wp\/v2\/media?parent=8745"}],"wp:term":[{"taxonomy":"product_brand","embeddable":true,"href":"https:\/\/quicklearning.academy\/de\/wp-json\/wp\/v2\/product_brand?post=8745"},{"taxonomy":"product_cat","embeddable":true,"href":"https:\/\/quicklearning.academy\/de\/wp-json\/wp\/v2\/product_cat?post=8745"},{"taxonomy":"product_tag","embeddable":true,"href":"https:\/\/quicklearning.academy\/de\/wp-json\/wp\/v2\/product_tag?post=8745"}],"curies":[{"name":"wp","href":"https:\/\/api.w.org\/{rel}","templated":true}]}}