{"id":8405,"date":"2024-09-03T16:05:00","date_gmt":"2024-09-03T14:05:00","guid":{"rendered":"https:\/\/quicklearning.academy\/?post_type=product&#038;p=8405"},"modified":"2026-01-29T18:16:00","modified_gmt":"2026-01-29T17:16:00","slug":"8405","status":"publish","type":"product","link":"https:\/\/quicklearning.academy\/de\/produkt\/8405\/","title":{"rendered":"GLOW BLAST KLEEGR\u00dcN 200 ML"},"content":{"rendered":"<div class=\"elementor-element elementor-element-f66b5f8 elementor-widget elementor-widget-text-editor\" data-id=\"f66b5f8\" data-element_type=\"widget\" data-widget_type=\"text-editor.default\">\n<div class=\"elementor-widget-container\">\n<p>Direkte Pigmentf\u00e4rbung, schnell und einfach anzuwenden, um verr\u00fcckte und kreative Looks zu kreieren, aber auch um die Haarfarbe durch neue intensive und leuchtende Highlights wiederzubeleben.<\/p>\n<p>Die 15 Farbt\u00f6ne, gemischt mit Glow Blast Clear, erm\u00f6glichen Ihnen die Erstellung einer unendlichen Farbpalette.<\/p>\n<p>Es kann auf nat\u00fcrlichem Haar verwendet werden, um die Farbe aufzufrischen; auf gef\u00e4rbtem Haar, um es zu t\u00f6nen und\/oder neue Highlights zu setzen; auf blondiertem Haar, um es zu t\u00f6nen und modische Effekte zu erzeugen, beginnend ab Stufe 5.<\/p>\n<p><span class=\"font-bold\">FORMAT<\/span><\/p>\n<p>200 ml<\/p>\n<\/div>\n<\/div>\n<div class=\"elementor-element elementor-element-29a6780 elementor-widget elementor-widget-spacer\" data-id=\"29a6780\" data-element_type=\"widget\" data-widget_type=\"spacer.default\">\n<div class=\"elementor-widget-container\">\n<div class=\"elementor-spacer\">\n<div class=\"elementor-element elementor-element-225544c elementor-widget elementor-widget-heading\" data-id=\"225544c\" data-element_type=\"widget\" data-widget_type=\"heading.default\">\n<div class=\"elementor-widget-container\">\n<h2 class=\"elementor-heading-title elementor-size-default\">BENEFITS<\/h2>\n<\/div>\n<\/div>\n<div class=\"dce-fix-background-loop elementor-element elementor-element-66e21f5 elementor-widget elementor-widget-dce-acf-repeater-v2\" data-id=\"66e21f5\" data-element_type=\"widget\" data-settings=\"{&quot;dce_acf_repeater_format&quot;:&quot;list&quot;}\" data-widget_type=\"dce-acf-repeater-v2.default\">\n<div class=\"elementor-widget-container\">\n<div class=\"dce-acf-repeater\">\n<ul class=\"dce-acf-repeater-list\">\n<li class=\"dce-acf-repeater-item\">M\u00f6glichkeit, eine unendliche Farbpalette zu erhalten<\/li>\n<li class=\"dce-acf-repeater-item\">Weiches, gesundes und gl\u00e4nzendes Haar<\/li>\n<li class=\"dce-acf-repeater-item\">Verbessert, korrigiert und belebt Reflexionen<\/li>\n<\/ul>\n<h2>WIRKSTOFFE UND EIGENSCHAFTEN<\/h2>\n<h5 class=\"titolo-principi\">TSUBAKI-\u00d6L<\/h5>\n<p>Feuchtigkeitsspendend, weichmachend.<\/p>\n<h5 class=\"titolo-principi\">AMINOS\u00c4UREMISCHUNG<\/h5>\n<p>Regenerierend, st\u00e4rkend.<\/p>\n<h5 class=\"titolo-principi\">MARULA\u00d6L<\/h5>\n<p>Feuchtigkeitsspendend, pflegend, antioxidativ.<\/p>\n<h5 class=\"titolo-principi\">SAPOTE-\u00d6L<\/h5>\n<p>Entz\u00fcndungshemmend, antioxidativ, nahrhaft.<\/p>\n<h2>WIE MAN SIE BENUTZT<\/h2>\n<p>Ein vorheriger Empfindlichkeitstest wird empfohlen. Tragen Sie geeignete Handschuhe. Bei der Anwendung von den Haarwurzeln wird empfohlen, Scalp Sealer auf der Kopfhaut anzuwenden. Reinigen Sie das Haar zweimal mit Preparing Shampoo, entfernen Sie \u00fcbersch\u00fcssiges Wasser und verteilen Sie Equalizer gleichm\u00e4\u00dfig im Haar.<\/p>\n<p>Sch\u00fctteln Sie die Flasche vor Gebrauch gut und \u00f6ffnen Sie sie, indem Sie den Applikator gegen den Uhrzeigersinn drehen. Verteilen Sie das Produkt anschlie\u00dfend gleichm\u00e4\u00dfig direkt auf dem gut handtuchtrockenen Haar.<\/p>\n<p>Zum Mischen der Farbt\u00f6ne eine Sch\u00fcssel zum Mischen und einen Pinsel zum Auftragen verwenden. Je nach gew\u00fcnschter Intensit\u00e4t und Farbton 5\u201320 Minuten einwirken lassen. Nach der Einwirkzeit aufemulgieren und OHNE Shampoo aussp\u00fclen. Wir empfehlen, die Behandlung mit Extreme abzuschlie\u00dfen.<\/p>\n<\/div>\n<\/div>\n<\/div>\n<\/div>\n<\/div>\n<\/div>","protected":false},"excerpt":{"rendered":"<p>Direktpigmentfarbe, gebrauchsfertig<\/p>","protected":false},"featured_media":8370,"comment_status":"closed","ping_status":"closed","template":"","meta":{"_joinchat":[]},"product_brand":[],"product_cat":[242],"product_tag":[],"class_list":{"0":"post-8405","1":"product","2":"type-product","3":"status-publish","4":"has-post-thumbnail","6":"product_cat-glow-blast","8":"first","9":"instock","10":"sale","11":"taxable","12":"shipping-taxable","13":"purchasable","14":"product-type-simple"},"yoast_head":"<!-- This site is optimized with the Yoast SEO plugin v27.4 - https:\/\/yoast.com\/product\/yoast-seo-wordpress\/ -->\n<title>GLOW BLAST CLOVER GREEN 200 ML - Quick Learning Academy<\/title>\n<meta name=\"robots\" content=\"index, follow, max-snippet:-1, max-image-preview:large, max-video-preview:-1\" \/>\n<link rel=\"canonical\" href=\"https:\/\/quicklearning.academy\/de\/produkt\/8405\/\" \/>\n<meta property=\"og:locale\" content=\"de_DE\" \/>\n<meta property=\"og:type\" content=\"article\" \/>\n<meta property=\"og:title\" content=\"GLOW BLAST CLOVER GREEN 200 ML - Quick Learning Academy\" \/>\n<meta property=\"og:description\" content=\"Colorazione a pigmento diretto, pronta all\u2019uso\" \/>\n<meta property=\"og:url\" content=\"https:\/\/quicklearning.academy\/de\/produkt\/8405\/\" \/>\n<meta property=\"og:site_name\" content=\"Quick Learning Academy\" \/>\n<meta property=\"article:modified_time\" content=\"2026-01-29T17:16:00+00:00\" \/>\n<meta property=\"og:image\" content=\"https:\/\/quicklearning.academy\/wp-content\/uploads\/2024\/09\/GLOW-BLAST-green.png\" \/>\n\t<meta property=\"og:image:width\" content=\"452\" \/>\n\t<meta property=\"og:image:height\" content=\"831\" \/>\n\t<meta property=\"og:image:type\" content=\"image\/png\" \/>\n<meta name=\"twitter:card\" content=\"summary_large_image\" \/>\n<meta name=\"twitter:label1\" content=\"Gesch\u00e4tzte Lesezeit\" \/>\n\t<meta name=\"twitter:data1\" content=\"1\u00a0Minute\" \/>\n<script type=\"application\/ld+json\" class=\"yoast-schema-graph\">{\"@context\":\"https:\\\/\\\/schema.org\",\"@graph\":[{\"@type\":\"WebPage\",\"@id\":\"https:\\\/\\\/quicklearning.academy\\\/prodotto\\\/8405\\\/\",\"url\":\"https:\\\/\\\/quicklearning.academy\\\/prodotto\\\/8405\\\/\",\"name\":\"GLOW BLAST CLOVER GREEN 200 ML - Quick Learning Academy\",\"isPartOf\":{\"@id\":\"https:\\\/\\\/quicklearning.academy\\\/#website\"},\"primaryImageOfPage\":{\"@id\":\"https:\\\/\\\/quicklearning.academy\\\/prodotto\\\/8405\\\/#primaryimage\"},\"image\":{\"@id\":\"https:\\\/\\\/quicklearning.academy\\\/prodotto\\\/8405\\\/#primaryimage\"},\"thumbnailUrl\":\"https:\\\/\\\/quicklearning.academy\\\/wp-content\\\/uploads\\\/2024\\\/09\\\/GLOW-BLAST-green.png\",\"datePublished\":\"2024-09-03T14:05:00+00:00\",\"dateModified\":\"2026-01-29T17:16:00+00:00\",\"breadcrumb\":{\"@id\":\"https:\\\/\\\/quicklearning.academy\\\/prodotto\\\/8405\\\/#breadcrumb\"},\"inLanguage\":\"de\",\"potentialAction\":[{\"@type\":\"ReadAction\",\"target\":[\"https:\\\/\\\/quicklearning.academy\\\/prodotto\\\/8405\\\/\"]}]},{\"@type\":\"ImageObject\",\"inLanguage\":\"de\",\"@id\":\"https:\\\/\\\/quicklearning.academy\\\/prodotto\\\/8405\\\/#primaryimage\",\"url\":\"https:\\\/\\\/quicklearning.academy\\\/wp-content\\\/uploads\\\/2024\\\/09\\\/GLOW-BLAST-green.png\",\"contentUrl\":\"https:\\\/\\\/quicklearning.academy\\\/wp-content\\\/uploads\\\/2024\\\/09\\\/GLOW-BLAST-green.png\",\"width\":452,\"height\":831},{\"@type\":\"BreadcrumbList\",\"@id\":\"https:\\\/\\\/quicklearning.academy\\\/prodotto\\\/8405\\\/#breadcrumb\",\"itemListElement\":[{\"@type\":\"ListItem\",\"position\":1,\"name\":\"Home\",\"item\":\"https:\\\/\\\/quicklearning.academy\\\/home\\\/\"},{\"@type\":\"ListItem\",\"position\":2,\"name\":\"Shop\",\"item\":\"https:\\\/\\\/quicklearning.academy\\\/negozio\\\/\"},{\"@type\":\"ListItem\",\"position\":3,\"name\":\"GLOW BLAST CLOVER GREEN 200 ML\"}]},{\"@type\":\"WebSite\",\"@id\":\"https:\\\/\\\/quicklearning.academy\\\/#website\",\"url\":\"https:\\\/\\\/quicklearning.academy\\\/\",\"name\":\"Quick Learning Academy\",\"description\":\"Prodotti e Formazione per Parrucchieri\",\"publisher\":{\"@id\":\"https:\\\/\\\/quicklearning.academy\\\/#organization\"},\"potentialAction\":[{\"@type\":\"SearchAction\",\"target\":{\"@type\":\"EntryPoint\",\"urlTemplate\":\"https:\\\/\\\/quicklearning.academy\\\/?s={search_term_string}\"},\"query-input\":{\"@type\":\"PropertyValueSpecification\",\"valueRequired\":true,\"valueName\":\"search_term_string\"}}],\"inLanguage\":\"de\"},{\"@type\":\"Organization\",\"@id\":\"https:\\\/\\\/quicklearning.academy\\\/#organization\",\"name\":\"Quick Learning\",\"url\":\"https:\\\/\\\/quicklearning.academy\\\/\",\"logo\":{\"@type\":\"ImageObject\",\"inLanguage\":\"de\",\"@id\":\"https:\\\/\\\/quicklearning.academy\\\/#\\\/schema\\\/logo\\\/image\\\/\",\"url\":\"https:\\\/\\\/quicklearning.academy\\\/wp-content\\\/uploads\\\/2021\\\/12\\\/LOGO-11.png\",\"contentUrl\":\"https:\\\/\\\/quicklearning.academy\\\/wp-content\\\/uploads\\\/2021\\\/12\\\/LOGO-11.png\",\"width\":841,\"height\":595,\"caption\":\"Quick Learning\"},\"image\":{\"@id\":\"https:\\\/\\\/quicklearning.academy\\\/#\\\/schema\\\/logo\\\/image\\\/\"}}]}<\/script>\n<!-- \/ Yoast SEO plugin. -->","yoast_head_json":{"title":"GLOW BLAST CLOVER GREEN 200 ML - Quick Learning Academy","robots":{"index":"index","follow":"follow","max-snippet":"max-snippet:-1","max-image-preview":"max-image-preview:large","max-video-preview":"max-video-preview:-1"},"canonical":"https:\/\/quicklearning.academy\/de\/produkt\/8405\/","og_locale":"de_DE","og_type":"article","og_title":"GLOW BLAST CLOVER GREEN 200 ML - Quick Learning Academy","og_description":"Colorazione a pigmento diretto, pronta all\u2019uso","og_url":"https:\/\/quicklearning.academy\/de\/produkt\/8405\/","og_site_name":"Quick Learning Academy","article_modified_time":"2026-01-29T17:16:00+00:00","og_image":[{"width":452,"height":831,"url":"https:\/\/quicklearning.academy\/wp-content\/uploads\/2024\/09\/GLOW-BLAST-green.png","type":"image\/png"}],"twitter_card":"summary_large_image","twitter_misc":{"Gesch\u00e4tzte Lesezeit":"1\u00a0Minute"},"schema":{"@context":"https:\/\/schema.org","@graph":[{"@type":"WebPage","@id":"https:\/\/quicklearning.academy\/prodotto\/8405\/","url":"https:\/\/quicklearning.academy\/prodotto\/8405\/","name":"GLOW BLAST CLOVER GREEN 200 ML - Quick Learning Academy","isPartOf":{"@id":"https:\/\/quicklearning.academy\/#website"},"primaryImageOfPage":{"@id":"https:\/\/quicklearning.academy\/prodotto\/8405\/#primaryimage"},"image":{"@id":"https:\/\/quicklearning.academy\/prodotto\/8405\/#primaryimage"},"thumbnailUrl":"https:\/\/quicklearning.academy\/wp-content\/uploads\/2024\/09\/GLOW-BLAST-green.png","datePublished":"2024-09-03T14:05:00+00:00","dateModified":"2026-01-29T17:16:00+00:00","breadcrumb":{"@id":"https:\/\/quicklearning.academy\/prodotto\/8405\/#breadcrumb"},"inLanguage":"de","potentialAction":[{"@type":"ReadAction","target":["https:\/\/quicklearning.academy\/prodotto\/8405\/"]}]},{"@type":"ImageObject","inLanguage":"de","@id":"https:\/\/quicklearning.academy\/prodotto\/8405\/#primaryimage","url":"https:\/\/quicklearning.academy\/wp-content\/uploads\/2024\/09\/GLOW-BLAST-green.png","contentUrl":"https:\/\/quicklearning.academy\/wp-content\/uploads\/2024\/09\/GLOW-BLAST-green.png","width":452,"height":831},{"@type":"BreadcrumbList","@id":"https:\/\/quicklearning.academy\/prodotto\/8405\/#breadcrumb","itemListElement":[{"@type":"ListItem","position":1,"name":"Home","item":"https:\/\/quicklearning.academy\/home\/"},{"@type":"ListItem","position":2,"name":"Shop","item":"https:\/\/quicklearning.academy\/negozio\/"},{"@type":"ListItem","position":3,"name":"GLOW BLAST CLOVER GREEN 200 ML"}]},{"@type":"WebSite","@id":"https:\/\/quicklearning.academy\/#website","url":"https:\/\/quicklearning.academy\/","name":"Akademie f\u00fcr schnelles Lernen","description":"Produkte und Schulungen f\u00fcr Friseure","publisher":{"@id":"https:\/\/quicklearning.academy\/#organization"},"potentialAction":[{"@type":"SearchAction","target":{"@type":"EntryPoint","urlTemplate":"https:\/\/quicklearning.academy\/?s={search_term_string}"},"query-input":{"@type":"PropertyValueSpecification","valueRequired":true,"valueName":"search_term_string"}}],"inLanguage":"de"},{"@type":"Organization","@id":"https:\/\/quicklearning.academy\/#organization","name":"Schnelles Lernen","url":"https:\/\/quicklearning.academy\/","logo":{"@type":"ImageObject","inLanguage":"de","@id":"https:\/\/quicklearning.academy\/#\/schema\/logo\/image\/","url":"https:\/\/quicklearning.academy\/wp-content\/uploads\/2021\/12\/LOGO-11.png","contentUrl":"https:\/\/quicklearning.academy\/wp-content\/uploads\/2021\/12\/LOGO-11.png","width":841,"height":595,"caption":"Quick Learning"},"image":{"@id":"https:\/\/quicklearning.academy\/#\/schema\/logo\/image\/"}}]}},"_links":{"self":[{"href":"https:\/\/quicklearning.academy\/de\/wp-json\/wp\/v2\/product\/8405","targetHints":{"allow":["GET"]}}],"collection":[{"href":"https:\/\/quicklearning.academy\/de\/wp-json\/wp\/v2\/product"}],"about":[{"href":"https:\/\/quicklearning.academy\/de\/wp-json\/wp\/v2\/types\/product"}],"replies":[{"embeddable":true,"href":"https:\/\/quicklearning.academy\/de\/wp-json\/wp\/v2\/comments?post=8405"}],"wp:featuredmedia":[{"embeddable":true,"href":"https:\/\/quicklearning.academy\/de\/wp-json\/wp\/v2\/media\/8370"}],"wp:attachment":[{"href":"https:\/\/quicklearning.academy\/de\/wp-json\/wp\/v2\/media?parent=8405"}],"wp:term":[{"taxonomy":"product_brand","embeddable":true,"href":"https:\/\/quicklearning.academy\/de\/wp-json\/wp\/v2\/product_brand?post=8405"},{"taxonomy":"product_cat","embeddable":true,"href":"https:\/\/quicklearning.academy\/de\/wp-json\/wp\/v2\/product_cat?post=8405"},{"taxonomy":"product_tag","embeddable":true,"href":"https:\/\/quicklearning.academy\/de\/wp-json\/wp\/v2\/product_tag?post=8405"}],"curies":[{"name":"wp","href":"https:\/\/api.w.org\/{rel}","templated":true}]}}