{"id":8323,"date":"2024-09-02T11:26:00","date_gmt":"2024-09-02T09:26:00","guid":{"rendered":"https:\/\/quicklearning.academy\/?post_type=product&#038;p=8323"},"modified":"2026-01-29T18:15:57","modified_gmt":"2026-01-29T17:15:57","slug":"regeneration-repairing-shampoo-for-damaged-hair-300ml","status":"publish","type":"product","link":"https:\/\/quicklearning.academy\/de\/produkt\/regeneration-repairing-shampoo-for-damaged-hair-300ml\/","title":{"rendered":"REGENERIERENDES REPARATURSHAMPOO F\u00dcR BESCH\u00c4DIGTES HAAR 300 ML"},"content":{"rendered":"<p>Shampoo speci\u00adfico che deterge delicatamente e prepara i capelli danneggiati ad assorbire il trattamento Regeneration applicato successivamente.<\/p>\n<p>Favorisce un\u2019azione ristrutturante oltre a migliorare l\u2019aspetto, l\u2019elasticit\u00e0 e la pettinabilit\u00e0 dei capelli. Ripara le strutture garantendo morbidezza e lucentezza alla chioma. Consente di mantenere pi\u00f9 a lungo i benefici del trattamento Regeneration.<\/p>\n<p><span class=\"font-bold\">FORMAT<\/span><\/p>\n<p>300 ml<\/p>\n<div class=\"elementor-element elementor-element-225544c elementor-widget elementor-widget-heading\" data-id=\"225544c\" data-element_type=\"widget\" data-widget_type=\"heading.default\">\n<div class=\"elementor-widget-container\">\n<h2 class=\"elementor-heading-title elementor-size-default\">BENEFITS<\/h2>\n<ul class=\"dce-acf-repeater-list\">\n<li class=\"dce-acf-repeater-item\">Deterge i capelli danneggiati<\/li>\n<li class=\"dce-acf-repeater-item\">Azione ristrutturante e rivitalizzante<\/li>\n<li class=\"dce-acf-repeater-item\">Dona elasticit\u00e0 e lucentezza<\/li>\n<\/ul>\n<\/div>\n<\/div>\n<div class=\"dce-fix-background-loop elementor-element elementor-element-66e21f5 elementor-widget elementor-widget-dce-acf-repeater-v2\" data-id=\"66e21f5\" data-element_type=\"widget\" data-settings=\"{&quot;dce_acf_repeater_format&quot;:&quot;list&quot;}\" data-widget_type=\"dce-acf-repeater-v2.default\">\n<div class=\"elementor-widget-container\">\n<div class=\"dce-acf-repeater\">\n<h2 class=\"elementor-heading-title elementor-size-default\">WIRKSTOFFE UND EIGENSCHAFTEN<\/h2>\n<h5><strong>MULTIFUNKTIONELLER PHYTOKOMPLEX<\/strong><\/h5>\n<p>Elastisierend, aufhellend und n\u00e4hrend.<\/p>\n<h5><strong>PHYTOKERATIN PFLANZLICHEN URSPRUNGS<\/strong><\/h5>\n<p>Restrukturierend, sch\u00fctzend und mit Anti-Aging-Effekt.<\/p>\n<h5><strong>GLANZKOMPLEX<\/strong><\/h5>\n<p>Wirkt aufhellend, pflegend und verbessert die K\u00e4mmbarkeit.<\/p>\n<h5><strong>PFIRSICH\u00d6L<\/strong><\/h5>\n<p>Antioxidans, feuchtigkeitsspendend und entz\u00fcndungshemmend.<\/p>\n<\/div>\n<\/div>\n<\/div>\n<h5>WIE MAN SIE BENUTZT<\/h5>\n<p>Applicare sui capelli bagnati e massaggiare delicatamente fino a formare una densa schiuma. Risciacquare e ripetere se necessario.<\/p>","protected":false},"excerpt":{"rendered":"<p>Reparierendes Shampoo f\u00fcr gesch\u00e4digtes Haar<\/p>","protected":false},"featured_media":8302,"comment_status":"closed","ping_status":"closed","template":"","meta":{"_joinchat":[]},"product_brand":[],"product_cat":[92],"product_tag":[],"class_list":{"0":"post-8323","1":"product","2":"type-product","3":"status-publish","4":"has-post-thumbnail","6":"product_cat-regeneration","8":"first","9":"instock","10":"sale","11":"taxable","12":"shipping-taxable","13":"purchasable","14":"product-type-simple"},"yoast_head":"<!-- This site is optimized with the Yoast SEO plugin v27.5 - https:\/\/yoast.com\/product\/yoast-seo-wordpress\/ -->\n<title>REGENERATION REPAIRING SHAMPOO FOR DAMAGED HAIR 300 ML - Quick Learning Academy<\/title>\n<meta name=\"robots\" content=\"index, follow, max-snippet:-1, max-image-preview:large, max-video-preview:-1\" \/>\n<link rel=\"canonical\" href=\"https:\/\/quicklearning.academy\/de\/produkt\/regeneration-repairing-shampoo-for-damaged-hair-300ml\/\" \/>\n<meta property=\"og:locale\" content=\"de_DE\" \/>\n<meta property=\"og:type\" content=\"article\" \/>\n<meta property=\"og:title\" content=\"REGENERATION REPAIRING SHAMPOO FOR DAMAGED HAIR 300 ML - Quick Learning Academy\" \/>\n<meta property=\"og:description\" content=\"Shampoo riparatore per capelli danneggiati\" \/>\n<meta property=\"og:url\" content=\"https:\/\/quicklearning.academy\/de\/produkt\/regeneration-repairing-shampoo-for-damaged-hair-300ml\/\" \/>\n<meta property=\"og:site_name\" content=\"Quick Learning Academy\" \/>\n<meta property=\"article:modified_time\" content=\"2026-01-29T17:15:57+00:00\" \/>\n<meta property=\"og:image\" content=\"https:\/\/quicklearning.academy\/wp-content\/uploads\/2024\/08\/REPAIRING-SHAMPOO-FOR-DAMAGED-HAIR-300-ml.png\" \/>\n\t<meta property=\"og:image:width\" content=\"710\" \/>\n\t<meta property=\"og:image:height\" content=\"900\" \/>\n\t<meta property=\"og:image:type\" content=\"image\/png\" \/>\n<meta name=\"twitter:card\" content=\"summary_large_image\" \/>\n<meta name=\"twitter:label1\" content=\"Gesch\u00e4tzte Lesezeit\" \/>\n\t<meta name=\"twitter:data1\" content=\"1\u00a0Minute\" \/>\n<script type=\"application\/ld+json\" class=\"yoast-schema-graph\">{\"@context\":\"https:\\\/\\\/schema.org\",\"@graph\":[{\"@type\":\"WebPage\",\"@id\":\"https:\\\/\\\/quicklearning.academy\\\/prodotto\\\/regeneration-repairing-shampoo-for-damaged-hair-300ml\\\/\",\"url\":\"https:\\\/\\\/quicklearning.academy\\\/prodotto\\\/regeneration-repairing-shampoo-for-damaged-hair-300ml\\\/\",\"name\":\"REGENERATION REPAIRING SHAMPOO FOR DAMAGED HAIR 300 ML - Quick Learning Academy\",\"isPartOf\":{\"@id\":\"https:\\\/\\\/quicklearning.academy\\\/#website\"},\"primaryImageOfPage\":{\"@id\":\"https:\\\/\\\/quicklearning.academy\\\/prodotto\\\/regeneration-repairing-shampoo-for-damaged-hair-300ml\\\/#primaryimage\"},\"image\":{\"@id\":\"https:\\\/\\\/quicklearning.academy\\\/prodotto\\\/regeneration-repairing-shampoo-for-damaged-hair-300ml\\\/#primaryimage\"},\"thumbnailUrl\":\"https:\\\/\\\/quicklearning.academy\\\/wp-content\\\/uploads\\\/2024\\\/08\\\/REPAIRING-SHAMPOO-FOR-DAMAGED-HAIR-300-ml.png\",\"datePublished\":\"2024-09-02T09:26:00+00:00\",\"dateModified\":\"2026-01-29T17:15:57+00:00\",\"breadcrumb\":{\"@id\":\"https:\\\/\\\/quicklearning.academy\\\/prodotto\\\/regeneration-repairing-shampoo-for-damaged-hair-300ml\\\/#breadcrumb\"},\"inLanguage\":\"de\",\"potentialAction\":[{\"@type\":\"ReadAction\",\"target\":[\"https:\\\/\\\/quicklearning.academy\\\/prodotto\\\/regeneration-repairing-shampoo-for-damaged-hair-300ml\\\/\"]}]},{\"@type\":\"ImageObject\",\"inLanguage\":\"de\",\"@id\":\"https:\\\/\\\/quicklearning.academy\\\/prodotto\\\/regeneration-repairing-shampoo-for-damaged-hair-300ml\\\/#primaryimage\",\"url\":\"https:\\\/\\\/quicklearning.academy\\\/wp-content\\\/uploads\\\/2024\\\/08\\\/REPAIRING-SHAMPOO-FOR-DAMAGED-HAIR-300-ml.png\",\"contentUrl\":\"https:\\\/\\\/quicklearning.academy\\\/wp-content\\\/uploads\\\/2024\\\/08\\\/REPAIRING-SHAMPOO-FOR-DAMAGED-HAIR-300-ml.png\",\"width\":710,\"height\":900},{\"@type\":\"BreadcrumbList\",\"@id\":\"https:\\\/\\\/quicklearning.academy\\\/prodotto\\\/regeneration-repairing-shampoo-for-damaged-hair-300ml\\\/#breadcrumb\",\"itemListElement\":[{\"@type\":\"ListItem\",\"position\":1,\"name\":\"Home\",\"item\":\"https:\\\/\\\/quicklearning.academy\\\/home\\\/\"},{\"@type\":\"ListItem\",\"position\":2,\"name\":\"Shop\",\"item\":\"https:\\\/\\\/quicklearning.academy\\\/negozio\\\/\"},{\"@type\":\"ListItem\",\"position\":3,\"name\":\"REGENERATION REPAIRING SHAMPOO FOR DAMAGED HAIR 300 ML\"}]},{\"@type\":\"WebSite\",\"@id\":\"https:\\\/\\\/quicklearning.academy\\\/#website\",\"url\":\"https:\\\/\\\/quicklearning.academy\\\/\",\"name\":\"Quick Learning Academy\",\"description\":\"Prodotti e Formazione per Parrucchieri\",\"publisher\":{\"@id\":\"https:\\\/\\\/quicklearning.academy\\\/#organization\"},\"potentialAction\":[{\"@type\":\"SearchAction\",\"target\":{\"@type\":\"EntryPoint\",\"urlTemplate\":\"https:\\\/\\\/quicklearning.academy\\\/?s={search_term_string}\"},\"query-input\":{\"@type\":\"PropertyValueSpecification\",\"valueRequired\":true,\"valueName\":\"search_term_string\"}}],\"inLanguage\":\"de\"},{\"@type\":\"Organization\",\"@id\":\"https:\\\/\\\/quicklearning.academy\\\/#organization\",\"name\":\"Quick Learning\",\"url\":\"https:\\\/\\\/quicklearning.academy\\\/\",\"logo\":{\"@type\":\"ImageObject\",\"inLanguage\":\"de\",\"@id\":\"https:\\\/\\\/quicklearning.academy\\\/#\\\/schema\\\/logo\\\/image\\\/\",\"url\":\"https:\\\/\\\/quicklearning.academy\\\/wp-content\\\/uploads\\\/2021\\\/12\\\/LOGO-11.png\",\"contentUrl\":\"https:\\\/\\\/quicklearning.academy\\\/wp-content\\\/uploads\\\/2021\\\/12\\\/LOGO-11.png\",\"width\":841,\"height\":595,\"caption\":\"Quick Learning\"},\"image\":{\"@id\":\"https:\\\/\\\/quicklearning.academy\\\/#\\\/schema\\\/logo\\\/image\\\/\"}}]}<\/script>\n<!-- \/ Yoast SEO plugin. -->","yoast_head_json":{"title":"REGENERIERENDES REPARATURSHAMPOO F\u00dcR GESCH\u00c4DIGTES HAAR 300 ML - Quick Learning Academy","robots":{"index":"index","follow":"follow","max-snippet":"max-snippet:-1","max-image-preview":"max-image-preview:large","max-video-preview":"max-video-preview:-1"},"canonical":"https:\/\/quicklearning.academy\/de\/produkt\/regeneration-repairing-shampoo-for-damaged-hair-300ml\/","og_locale":"de_DE","og_type":"article","og_title":"REGENERATION REPAIRING SHAMPOO FOR DAMAGED HAIR 300 ML - Quick Learning Academy","og_description":"Shampoo riparatore per capelli danneggiati","og_url":"https:\/\/quicklearning.academy\/de\/produkt\/regeneration-repairing-shampoo-for-damaged-hair-300ml\/","og_site_name":"Quick Learning Academy","article_modified_time":"2026-01-29T17:15:57+00:00","og_image":[{"width":710,"height":900,"url":"https:\/\/quicklearning.academy\/wp-content\/uploads\/2024\/08\/REPAIRING-SHAMPOO-FOR-DAMAGED-HAIR-300-ml.png","type":"image\/png"}],"twitter_card":"summary_large_image","twitter_misc":{"Gesch\u00e4tzte Lesezeit":"1\u00a0Minute"},"schema":{"@context":"https:\/\/schema.org","@graph":[{"@type":"WebPage","@id":"https:\/\/quicklearning.academy\/prodotto\/regeneration-repairing-shampoo-for-damaged-hair-300ml\/","url":"https:\/\/quicklearning.academy\/prodotto\/regeneration-repairing-shampoo-for-damaged-hair-300ml\/","name":"REGENERIERENDES REPARATURSHAMPOO F\u00dcR GESCH\u00c4DIGTES HAAR 300 ML - Quick Learning Academy","isPartOf":{"@id":"https:\/\/quicklearning.academy\/#website"},"primaryImageOfPage":{"@id":"https:\/\/quicklearning.academy\/prodotto\/regeneration-repairing-shampoo-for-damaged-hair-300ml\/#primaryimage"},"image":{"@id":"https:\/\/quicklearning.academy\/prodotto\/regeneration-repairing-shampoo-for-damaged-hair-300ml\/#primaryimage"},"thumbnailUrl":"https:\/\/quicklearning.academy\/wp-content\/uploads\/2024\/08\/REPAIRING-SHAMPOO-FOR-DAMAGED-HAIR-300-ml.png","datePublished":"2024-09-02T09:26:00+00:00","dateModified":"2026-01-29T17:15:57+00:00","breadcrumb":{"@id":"https:\/\/quicklearning.academy\/prodotto\/regeneration-repairing-shampoo-for-damaged-hair-300ml\/#breadcrumb"},"inLanguage":"de","potentialAction":[{"@type":"ReadAction","target":["https:\/\/quicklearning.academy\/prodotto\/regeneration-repairing-shampoo-for-damaged-hair-300ml\/"]}]},{"@type":"ImageObject","inLanguage":"de","@id":"https:\/\/quicklearning.academy\/prodotto\/regeneration-repairing-shampoo-for-damaged-hair-300ml\/#primaryimage","url":"https:\/\/quicklearning.academy\/wp-content\/uploads\/2024\/08\/REPAIRING-SHAMPOO-FOR-DAMAGED-HAIR-300-ml.png","contentUrl":"https:\/\/quicklearning.academy\/wp-content\/uploads\/2024\/08\/REPAIRING-SHAMPOO-FOR-DAMAGED-HAIR-300-ml.png","width":710,"height":900},{"@type":"BreadcrumbList","@id":"https:\/\/quicklearning.academy\/prodotto\/regeneration-repairing-shampoo-for-damaged-hair-300ml\/#breadcrumb","itemListElement":[{"@type":"ListItem","position":1,"name":"Home","item":"https:\/\/quicklearning.academy\/home\/"},{"@type":"ListItem","position":2,"name":"Shop","item":"https:\/\/quicklearning.academy\/negozio\/"},{"@type":"ListItem","position":3,"name":"REGENERATION REPAIRING SHAMPOO FOR DAMAGED HAIR 300 ML"}]},{"@type":"WebSite","@id":"https:\/\/quicklearning.academy\/#website","url":"https:\/\/quicklearning.academy\/","name":"Akademie f\u00fcr schnelles Lernen","description":"Produkte und Schulungen f\u00fcr Friseure","publisher":{"@id":"https:\/\/quicklearning.academy\/#organization"},"potentialAction":[{"@type":"SearchAction","target":{"@type":"EntryPoint","urlTemplate":"https:\/\/quicklearning.academy\/?s={search_term_string}"},"query-input":{"@type":"PropertyValueSpecification","valueRequired":true,"valueName":"search_term_string"}}],"inLanguage":"de"},{"@type":"Organization","@id":"https:\/\/quicklearning.academy\/#organization","name":"Schnelles Lernen","url":"https:\/\/quicklearning.academy\/","logo":{"@type":"ImageObject","inLanguage":"de","@id":"https:\/\/quicklearning.academy\/#\/schema\/logo\/image\/","url":"https:\/\/quicklearning.academy\/wp-content\/uploads\/2021\/12\/LOGO-11.png","contentUrl":"https:\/\/quicklearning.academy\/wp-content\/uploads\/2021\/12\/LOGO-11.png","width":841,"height":595,"caption":"Quick Learning"},"image":{"@id":"https:\/\/quicklearning.academy\/#\/schema\/logo\/image\/"}}]}},"_links":{"self":[{"href":"https:\/\/quicklearning.academy\/de\/wp-json\/wp\/v2\/product\/8323","targetHints":{"allow":["GET"]}}],"collection":[{"href":"https:\/\/quicklearning.academy\/de\/wp-json\/wp\/v2\/product"}],"about":[{"href":"https:\/\/quicklearning.academy\/de\/wp-json\/wp\/v2\/types\/product"}],"replies":[{"embeddable":true,"href":"https:\/\/quicklearning.academy\/de\/wp-json\/wp\/v2\/comments?post=8323"}],"wp:featuredmedia":[{"embeddable":true,"href":"https:\/\/quicklearning.academy\/de\/wp-json\/wp\/v2\/media\/8302"}],"wp:attachment":[{"href":"https:\/\/quicklearning.academy\/de\/wp-json\/wp\/v2\/media?parent=8323"}],"wp:term":[{"taxonomy":"product_brand","embeddable":true,"href":"https:\/\/quicklearning.academy\/de\/wp-json\/wp\/v2\/product_brand?post=8323"},{"taxonomy":"product_cat","embeddable":true,"href":"https:\/\/quicklearning.academy\/de\/wp-json\/wp\/v2\/product_cat?post=8323"},{"taxonomy":"product_tag","embeddable":true,"href":"https:\/\/quicklearning.academy\/de\/wp-json\/wp\/v2\/product_tag?post=8323"}],"curies":[{"name":"wp","href":"https:\/\/api.w.org\/{rel}","templated":true}]}}