{"id":8083,"date":"1970-01-01T00:00:00","date_gmt":"1969-12-31T23:00:00","guid":{"rendered":"https:\/\/quicklearning.academy\/?post_type=product&#038;p=8083"},"modified":"2026-01-29T18:15:57","modified_gmt":"2026-01-29T17:15:57","slug":"densicolor","status":"publish","type":"product","link":"https:\/\/quicklearning.academy\/de\/produkt\/densicolor\/","title":{"rendered":"COTRIL DENSICOLOR 151ML"},"content":{"rendered":"<p>Densicolor \u00e8 un nuovo <strong>fluido addensante<\/strong> da utilizzare con le colorazioni Cotril per rendere pi\u00f9 densa e viscosa la consistenza della miscela colorante.<\/p>\n<p>Permette un <strong>approccio pi\u00f9 creativo e versatile alle tecniche di colorazione<\/strong> lasciando libert\u00e0 al professionista anche sulle tecniche a mano libera. Inoltre, rende possibile <strong>la personalizzazione del prodotto<\/strong>, in base al gusto e alla tecnica scelta.<\/p>\n<p>La sua texture consente di miscelarsi uniformemente alla colorazione e il comodo applicatore permette di dosarlo a seconda delle esigenze.<\/p>\n<h3>Caratteristiche<\/h3>\n<ul>\n<li>personalizza la viscosit\u00e0 della miscela colorante<\/li>\n<li>stimola la creativit\u00e0 del professionista<\/li>\n<li>permette un&#8217;applicazione pi\u00f9 precisa, versatile e uniforme sulle lunghezze<\/li>\n<li>ideale anche per le tecniche a mano libera<\/li>\n<li>non cambia l&#8217;intensit\u00e0 del colore ma solo la consistenza<\/li>\n<\/ul>\n<h3>Art der Nutzung<\/h3>\n<p>Densicolor pu\u00f2 essere utilizzato con tutto il Glow Color System <strong>ad eccezione di Glow One<\/strong>, poich\u00e9 la consistenza di questa famiglia presenta una viscosit\u00e0 pi\u00f9 densa rispetto alle altre. Si pu\u00f2 per\u00f2 utilizzare con i <strong>Superschiarenti<\/strong> per creare sfumature a mano libera ed ottenere effetti di schiaritura molto naturali. Non pu\u00f2 essere utilizzato con i decoloranti.<\/p>\n<p>Il prodotto pu\u00f2 essere aggiunto <strong>fino ad un massimo del 10% della quantit\u00e0 di crema colorante scelta, a seconda della consistenza desiderata e di quale colore si sta utilizzando, seguendo attentamente il protocollo di modo d&#8217;uso suggerito.<\/strong><\/p>\n<h3>GLOW ZERO<\/h3>\n<p><strong>Miscela<\/strong>: es. 50 gr di colore Glow Zero + 50 gr Ossigeno Glow Zero, miscelare il prodotto. Successivamente aggiungere <strong>1 gr di Densicolor<\/strong> e miscelare nuovamente.<\/p>\n<h3>GLOW ONE SUPERSCHIARENTE<\/h3>\n<p><strong>Miscela<\/strong>: es. 50 gr di colore Glow One Superschiarente + 100 gr Oxycream, miscelare il prodotto. Successivamente aggiungere <strong>1 gr di Densicolor<\/strong> e miscelare nuovamente.<\/p>\n<h3>GLOW CREME<\/h3>\n<p><strong>Miscela<\/strong>: es. 25 gr di colore Glow Cream + 50 gr di Oxycream, miscelare il prodotto. Successivamente aggiungere <strong>1 gr di Densicolor<\/strong> e miscelare nuovamente.<\/p>\n<h3>GLOW GEL<\/h3>\n<p><strong>Miscela<\/strong>: es. 30 gr di colore Glow Gel +<strong> 1\u00a0 gr di addensante<\/strong> + 30 gr di Oxycream 5 vol. e dopo miscelare il tutto.<strong> Il prodotto si prepara in ciotola e non nel biberon.<\/strong><\/p>\n<p>In questo caso, a seconda della consistenza desiderata e della tecnica che si vuole utilizzare, \u00e8 possibile aggiungere fino a<strong> 3 gr di Densicolor.<\/strong><\/p>\n<p><strong>Il prodotto nasce per differenziare ed ampliare i servizi offerti con Glow Gel: per questo motivo per tecniche quali sfumature, doppie tonalizzazioni e utilizzo di cartina, si miscela il colore con Oxycream 5 volumi + Densicolor, per permettere al prodotto di non colare e attaccare meglio sulla struttura del capello.\u00a0<\/strong><\/p>","protected":false},"excerpt":{"rendered":"<p>Dai laboratori Cotril nasce DENSICOLOR, il nuovo addensante per colorazioni.<\/p>","protected":false},"featured_media":8086,"comment_status":"closed","ping_status":"closed","template":"","meta":{"_joinchat":[]},"product_brand":[],"product_cat":[153],"product_tag":[],"class_list":{"0":"post-8083","1":"product","2":"type-product","3":"status-publish","4":"has-post-thumbnail","6":"product_cat-tecnici","8":"first","9":"instock","10":"sale","11":"taxable","12":"shipping-taxable","13":"purchasable","14":"product-type-simple"},"yoast_head":"<!-- This site is optimized with the Yoast SEO plugin v27.5 - https:\/\/yoast.com\/product\/yoast-seo-wordpress\/ -->\n<title>COTRIL DENSICOLOR 151ML - Quick Learning Academy<\/title>\n<meta name=\"robots\" content=\"index, follow, max-snippet:-1, max-image-preview:large, max-video-preview:-1\" \/>\n<link rel=\"canonical\" href=\"https:\/\/quicklearning.academy\/de\/produkt\/densicolor\/\" \/>\n<meta property=\"og:locale\" content=\"de_DE\" \/>\n<meta property=\"og:type\" content=\"article\" \/>\n<meta property=\"og:title\" content=\"COTRIL DENSICOLOR 151ML - Quick Learning Academy\" \/>\n<meta property=\"og:description\" content=\"Dai laboratori Cotril nasce DENSICOLOR, il nuovo addensante per colorazioni.\" \/>\n<meta property=\"og:url\" content=\"https:\/\/quicklearning.academy\/de\/produkt\/densicolor\/\" \/>\n<meta property=\"og:site_name\" content=\"Quick Learning Academy\" \/>\n<meta property=\"article:modified_time\" content=\"2026-01-29T17:15:57+00:00\" \/>\n<meta property=\"og:image\" content=\"https:\/\/quicklearning.academy\/wp-content\/uploads\/2024\/04\/cotrildensicolor.webp\" \/>\n\t<meta property=\"og:image:width\" content=\"870\" \/>\n\t<meta property=\"og:image:height\" content=\"1110\" \/>\n\t<meta property=\"og:image:type\" content=\"image\/webp\" \/>\n<meta name=\"twitter:card\" content=\"summary_large_image\" \/>\n<meta name=\"twitter:label1\" content=\"Gesch\u00e4tzte Lesezeit\" \/>\n\t<meta name=\"twitter:data1\" content=\"3\u00a0Minuten\" \/>\n<script type=\"application\/ld+json\" class=\"yoast-schema-graph\">{\"@context\":\"https:\\\/\\\/schema.org\",\"@graph\":[{\"@type\":\"WebPage\",\"@id\":\"https:\\\/\\\/quicklearning.academy\\\/prodotto\\\/densicolor\\\/\",\"url\":\"https:\\\/\\\/quicklearning.academy\\\/prodotto\\\/densicolor\\\/\",\"name\":\"COTRIL DENSICOLOR 151ML - Quick Learning Academy\",\"isPartOf\":{\"@id\":\"https:\\\/\\\/quicklearning.academy\\\/#website\"},\"primaryImageOfPage\":{\"@id\":\"https:\\\/\\\/quicklearning.academy\\\/prodotto\\\/densicolor\\\/#primaryimage\"},\"image\":{\"@id\":\"https:\\\/\\\/quicklearning.academy\\\/prodotto\\\/densicolor\\\/#primaryimage\"},\"thumbnailUrl\":\"https:\\\/\\\/quicklearning.academy\\\/wp-content\\\/uploads\\\/2024\\\/04\\\/cotrildensicolor.webp\",\"datePublished\":\"1969-12-31T23:00:00+00:00\",\"dateModified\":\"2026-01-29T17:15:57+00:00\",\"breadcrumb\":{\"@id\":\"https:\\\/\\\/quicklearning.academy\\\/prodotto\\\/densicolor\\\/#breadcrumb\"},\"inLanguage\":\"de\",\"potentialAction\":[{\"@type\":\"ReadAction\",\"target\":[\"https:\\\/\\\/quicklearning.academy\\\/prodotto\\\/densicolor\\\/\"]}]},{\"@type\":\"ImageObject\",\"inLanguage\":\"de\",\"@id\":\"https:\\\/\\\/quicklearning.academy\\\/prodotto\\\/densicolor\\\/#primaryimage\",\"url\":\"https:\\\/\\\/quicklearning.academy\\\/wp-content\\\/uploads\\\/2024\\\/04\\\/cotrildensicolor.webp\",\"contentUrl\":\"https:\\\/\\\/quicklearning.academy\\\/wp-content\\\/uploads\\\/2024\\\/04\\\/cotrildensicolor.webp\",\"width\":870,\"height\":1110},{\"@type\":\"BreadcrumbList\",\"@id\":\"https:\\\/\\\/quicklearning.academy\\\/prodotto\\\/densicolor\\\/#breadcrumb\",\"itemListElement\":[{\"@type\":\"ListItem\",\"position\":1,\"name\":\"Home\",\"item\":\"https:\\\/\\\/quicklearning.academy\\\/home\\\/\"},{\"@type\":\"ListItem\",\"position\":2,\"name\":\"Shop\",\"item\":\"https:\\\/\\\/quicklearning.academy\\\/negozio\\\/\"},{\"@type\":\"ListItem\",\"position\":3,\"name\":\"COTRIL DENSICOLOR 151ML\"}]},{\"@type\":\"WebSite\",\"@id\":\"https:\\\/\\\/quicklearning.academy\\\/#website\",\"url\":\"https:\\\/\\\/quicklearning.academy\\\/\",\"name\":\"Quick Learning Academy\",\"description\":\"Prodotti e Formazione per Parrucchieri\",\"publisher\":{\"@id\":\"https:\\\/\\\/quicklearning.academy\\\/#organization\"},\"potentialAction\":[{\"@type\":\"SearchAction\",\"target\":{\"@type\":\"EntryPoint\",\"urlTemplate\":\"https:\\\/\\\/quicklearning.academy\\\/?s={search_term_string}\"},\"query-input\":{\"@type\":\"PropertyValueSpecification\",\"valueRequired\":true,\"valueName\":\"search_term_string\"}}],\"inLanguage\":\"de\"},{\"@type\":\"Organization\",\"@id\":\"https:\\\/\\\/quicklearning.academy\\\/#organization\",\"name\":\"Quick Learning\",\"url\":\"https:\\\/\\\/quicklearning.academy\\\/\",\"logo\":{\"@type\":\"ImageObject\",\"inLanguage\":\"de\",\"@id\":\"https:\\\/\\\/quicklearning.academy\\\/#\\\/schema\\\/logo\\\/image\\\/\",\"url\":\"https:\\\/\\\/quicklearning.academy\\\/wp-content\\\/uploads\\\/2021\\\/12\\\/LOGO-11.png\",\"contentUrl\":\"https:\\\/\\\/quicklearning.academy\\\/wp-content\\\/uploads\\\/2021\\\/12\\\/LOGO-11.png\",\"width\":841,\"height\":595,\"caption\":\"Quick Learning\"},\"image\":{\"@id\":\"https:\\\/\\\/quicklearning.academy\\\/#\\\/schema\\\/logo\\\/image\\\/\"}}]}<\/script>\n<!-- \/ Yoast SEO plugin. -->","yoast_head_json":{"title":"COTRIL DENSICOLOR 151ML - Quick Learning Academy","robots":{"index":"index","follow":"follow","max-snippet":"max-snippet:-1","max-image-preview":"max-image-preview:large","max-video-preview":"max-video-preview:-1"},"canonical":"https:\/\/quicklearning.academy\/de\/produkt\/densicolor\/","og_locale":"de_DE","og_type":"article","og_title":"COTRIL DENSICOLOR 151ML - Quick Learning Academy","og_description":"Dai laboratori Cotril nasce DENSICOLOR, il nuovo addensante per colorazioni.","og_url":"https:\/\/quicklearning.academy\/de\/produkt\/densicolor\/","og_site_name":"Quick Learning Academy","article_modified_time":"2026-01-29T17:15:57+00:00","og_image":[{"width":870,"height":1110,"url":"https:\/\/quicklearning.academy\/wp-content\/uploads\/2024\/04\/cotrildensicolor.webp","type":"image\/webp"}],"twitter_card":"summary_large_image","twitter_misc":{"Gesch\u00e4tzte Lesezeit":"3\u00a0Minuten"},"schema":{"@context":"https:\/\/schema.org","@graph":[{"@type":"WebPage","@id":"https:\/\/quicklearning.academy\/prodotto\/densicolor\/","url":"https:\/\/quicklearning.academy\/prodotto\/densicolor\/","name":"COTRIL DENSICOLOR 151ML - Quick Learning Academy","isPartOf":{"@id":"https:\/\/quicklearning.academy\/#website"},"primaryImageOfPage":{"@id":"https:\/\/quicklearning.academy\/prodotto\/densicolor\/#primaryimage"},"image":{"@id":"https:\/\/quicklearning.academy\/prodotto\/densicolor\/#primaryimage"},"thumbnailUrl":"https:\/\/quicklearning.academy\/wp-content\/uploads\/2024\/04\/cotrildensicolor.webp","datePublished":"1969-12-31T23:00:00+00:00","dateModified":"2026-01-29T17:15:57+00:00","breadcrumb":{"@id":"https:\/\/quicklearning.academy\/prodotto\/densicolor\/#breadcrumb"},"inLanguage":"de","potentialAction":[{"@type":"ReadAction","target":["https:\/\/quicklearning.academy\/prodotto\/densicolor\/"]}]},{"@type":"ImageObject","inLanguage":"de","@id":"https:\/\/quicklearning.academy\/prodotto\/densicolor\/#primaryimage","url":"https:\/\/quicklearning.academy\/wp-content\/uploads\/2024\/04\/cotrildensicolor.webp","contentUrl":"https:\/\/quicklearning.academy\/wp-content\/uploads\/2024\/04\/cotrildensicolor.webp","width":870,"height":1110},{"@type":"BreadcrumbList","@id":"https:\/\/quicklearning.academy\/prodotto\/densicolor\/#breadcrumb","itemListElement":[{"@type":"ListItem","position":1,"name":"Home","item":"https:\/\/quicklearning.academy\/home\/"},{"@type":"ListItem","position":2,"name":"Shop","item":"https:\/\/quicklearning.academy\/negozio\/"},{"@type":"ListItem","position":3,"name":"COTRIL DENSICOLOR 151ML"}]},{"@type":"WebSite","@id":"https:\/\/quicklearning.academy\/#website","url":"https:\/\/quicklearning.academy\/","name":"Akademie f\u00fcr schnelles Lernen","description":"Produkte und Schulungen f\u00fcr Friseure","publisher":{"@id":"https:\/\/quicklearning.academy\/#organization"},"potentialAction":[{"@type":"SearchAction","target":{"@type":"EntryPoint","urlTemplate":"https:\/\/quicklearning.academy\/?s={search_term_string}"},"query-input":{"@type":"PropertyValueSpecification","valueRequired":true,"valueName":"search_term_string"}}],"inLanguage":"de"},{"@type":"Organization","@id":"https:\/\/quicklearning.academy\/#organization","name":"Schnelles Lernen","url":"https:\/\/quicklearning.academy\/","logo":{"@type":"ImageObject","inLanguage":"de","@id":"https:\/\/quicklearning.academy\/#\/schema\/logo\/image\/","url":"https:\/\/quicklearning.academy\/wp-content\/uploads\/2021\/12\/LOGO-11.png","contentUrl":"https:\/\/quicklearning.academy\/wp-content\/uploads\/2021\/12\/LOGO-11.png","width":841,"height":595,"caption":"Quick Learning"},"image":{"@id":"https:\/\/quicklearning.academy\/#\/schema\/logo\/image\/"}}]}},"_links":{"self":[{"href":"https:\/\/quicklearning.academy\/de\/wp-json\/wp\/v2\/product\/8083","targetHints":{"allow":["GET"]}}],"collection":[{"href":"https:\/\/quicklearning.academy\/de\/wp-json\/wp\/v2\/product"}],"about":[{"href":"https:\/\/quicklearning.academy\/de\/wp-json\/wp\/v2\/types\/product"}],"replies":[{"embeddable":true,"href":"https:\/\/quicklearning.academy\/de\/wp-json\/wp\/v2\/comments?post=8083"}],"wp:featuredmedia":[{"embeddable":true,"href":"https:\/\/quicklearning.academy\/de\/wp-json\/wp\/v2\/media\/8086"}],"wp:attachment":[{"href":"https:\/\/quicklearning.academy\/de\/wp-json\/wp\/v2\/media?parent=8083"}],"wp:term":[{"taxonomy":"product_brand","embeddable":true,"href":"https:\/\/quicklearning.academy\/de\/wp-json\/wp\/v2\/product_brand?post=8083"},{"taxonomy":"product_cat","embeddable":true,"href":"https:\/\/quicklearning.academy\/de\/wp-json\/wp\/v2\/product_cat?post=8083"},{"taxonomy":"product_tag","embeddable":true,"href":"https:\/\/quicklearning.academy\/de\/wp-json\/wp\/v2\/product_tag?post=8083"}],"curies":[{"name":"wp","href":"https:\/\/api.w.org\/{rel}","templated":true}]}}