{"id":7142,"date":"1970-01-01T00:00:00","date_gmt":"1969-12-31T23:00:00","guid":{"rendered":"https:\/\/quicklearning.academy\/?post_type=product&#038;p=7142"},"modified":"2026-01-29T18:15:51","modified_gmt":"2026-01-29T17:15:51","slug":"life-anti-hair-loss-intensive-scalp-lotion-12-fiale-x-6ml","status":"publish","type":"product","link":"https:\/\/quicklearning.academy\/de\/produkt\/life-anti-hair-loss-intensive-scalp-lotion-12-fiale-x-6ml\/","title":{"rendered":"LIFE ANTI-HAIR LOSS INTENSIVE SCALP LOTION 12 Fl\u00e4schchen x 6ml"},"content":{"rendered":"<p>Intensive Lotion zur Vorbeugung und Bek\u00e4mpfung von Haarausfall und Haarschw\u00e4che. Seine au\u00dfergew\u00f6hnliche Formel, die sowohl f\u00fcr M\u00e4nner als auch f\u00fcr Frauen entwickelt wurde, kombiniert den innovativen Wirkstoff von Alpha Alpha und Leinsamen-Sprossen mit\u00a0<strong>ein spezifischer Komplex aus 11 Heilkr\u00e4utern<\/strong>zur St\u00e4rkung des Follikels, zur Wiederherstellung des Gleichgewichts der Hautmikrobiota und zur Reaktivierung der richtigen Mikrozirkulation der Kopfhaut.<\/p>\n<p><strong>pH 4,5 - 5,0<\/strong><\/p>\n<p>&nbsp;<\/p>\n<p><strong><span class=\"font-bold\">FORMAT<\/span><\/strong><\/p>\n<p>Schachtel mit 12 Ampullen x 6ml<\/p>\n<p>An den Tagen, an denen das spezifische Shampoo verwendet wird, den gesamten Inhalt der Ampulle auf der gut getrockneten Haut verteilen, und zwar in kontinuierlichen Abschnitten im Abstand von 3 cm mit dem daf\u00fcr vorgesehenen Applikator. In kreisenden Bewegungen einmassieren, bis es vollst\u00e4ndig eingezogen ist, und abtrocknen, ohne es abzusp\u00fclen. An Tagen, an denen keine Haarw\u00e4sche erfolgt, das Haar mit Wasser anfeuchten und wie oben beschrieben vorgehen.<\/p>\n<p>&nbsp;<\/p>\n<p><strong>H\u00c4UFIGKEIT DER NUTZUNG<\/strong>F\u00fcr eine intensive Wirkung gegen physiologischen Haarausfall 8 Wochen lang t\u00e4glich 1 Ampulle anwenden; f\u00fcr die Erhaltung 6 Wochen lang 3 Ampullen pro Woche anwenden.<\/p>\n<p>&nbsp;<\/p>","protected":false},"excerpt":{"rendered":"<p>Intensive Anti-Haarausfall-Lotion<\/p>","protected":false},"featured_media":7104,"comment_status":"closed","ping_status":"closed","template":"","meta":{"_joinchat":[]},"product_brand":[],"product_cat":[234],"product_tag":[],"class_list":{"0":"post-7142","1":"product","2":"type-product","3":"status-publish","4":"has-post-thumbnail","6":"product_cat-scalp-care","8":"first","9":"instock","10":"sale","11":"taxable","12":"shipping-taxable","13":"purchasable","14":"product-type-simple"},"yoast_head":"<!-- This site is optimized with the Yoast SEO plugin v27.4 - https:\/\/yoast.com\/product\/yoast-seo-wordpress\/ -->\n<title>LIFE ANTI-HAIR LOSS INTENSIVE SCALP LOTION 12 fiale x 6ml - Quick Learning Academy<\/title>\n<meta name=\"robots\" content=\"index, follow, max-snippet:-1, max-image-preview:large, max-video-preview:-1\" \/>\n<link rel=\"canonical\" href=\"https:\/\/quicklearning.academy\/de\/produkt\/life-anti-hair-loss-intensive-scalp-lotion-12-fiale-x-6ml\/\" \/>\n<meta property=\"og:locale\" content=\"de_DE\" \/>\n<meta property=\"og:type\" content=\"article\" \/>\n<meta property=\"og:title\" content=\"LIFE ANTI-HAIR LOSS INTENSIVE SCALP LOTION 12 fiale x 6ml - Quick Learning Academy\" \/>\n<meta property=\"og:description\" content=\"Lozione intensiva anticaduta\" \/>\n<meta property=\"og:url\" content=\"https:\/\/quicklearning.academy\/de\/produkt\/life-anti-hair-loss-intensive-scalp-lotion-12-fiale-x-6ml\/\" \/>\n<meta property=\"og:site_name\" content=\"Quick Learning Academy\" \/>\n<meta property=\"article:modified_time\" content=\"2026-01-29T17:15:51+00:00\" \/>\n<meta property=\"og:image\" content=\"https:\/\/quicklearning.academy\/wp-content\/uploads\/2023\/10\/LIFE-LOZIONE-ANTI-HAIR-LOSS_710X900.webp\" \/>\n\t<meta property=\"og:image:width\" content=\"710\" \/>\n\t<meta property=\"og:image:height\" content=\"900\" \/>\n\t<meta property=\"og:image:type\" content=\"image\/webp\" \/>\n<meta name=\"twitter:card\" content=\"summary_large_image\" \/>\n<meta name=\"twitter:label1\" content=\"Gesch\u00e4tzte Lesezeit\" \/>\n\t<meta name=\"twitter:data1\" content=\"1\u00a0Minute\" \/>\n<script type=\"application\/ld+json\" class=\"yoast-schema-graph\">{\"@context\":\"https:\\\/\\\/schema.org\",\"@graph\":[{\"@type\":\"WebPage\",\"@id\":\"https:\\\/\\\/quicklearning.academy\\\/prodotto\\\/life-anti-hair-loss-intensive-scalp-lotion-12-fiale-x-6ml\\\/\",\"url\":\"https:\\\/\\\/quicklearning.academy\\\/prodotto\\\/life-anti-hair-loss-intensive-scalp-lotion-12-fiale-x-6ml\\\/\",\"name\":\"LIFE ANTI-HAIR LOSS INTENSIVE SCALP LOTION 12 fiale x 6ml - Quick Learning Academy\",\"isPartOf\":{\"@id\":\"https:\\\/\\\/quicklearning.academy\\\/#website\"},\"primaryImageOfPage\":{\"@id\":\"https:\\\/\\\/quicklearning.academy\\\/prodotto\\\/life-anti-hair-loss-intensive-scalp-lotion-12-fiale-x-6ml\\\/#primaryimage\"},\"image\":{\"@id\":\"https:\\\/\\\/quicklearning.academy\\\/prodotto\\\/life-anti-hair-loss-intensive-scalp-lotion-12-fiale-x-6ml\\\/#primaryimage\"},\"thumbnailUrl\":\"https:\\\/\\\/quicklearning.academy\\\/wp-content\\\/uploads\\\/2023\\\/10\\\/LIFE-LOZIONE-ANTI-HAIR-LOSS_710X900.webp\",\"datePublished\":\"1969-12-31T23:00:00+00:00\",\"dateModified\":\"2026-01-29T17:15:51+00:00\",\"breadcrumb\":{\"@id\":\"https:\\\/\\\/quicklearning.academy\\\/prodotto\\\/life-anti-hair-loss-intensive-scalp-lotion-12-fiale-x-6ml\\\/#breadcrumb\"},\"inLanguage\":\"de\",\"potentialAction\":[{\"@type\":\"ReadAction\",\"target\":[\"https:\\\/\\\/quicklearning.academy\\\/prodotto\\\/life-anti-hair-loss-intensive-scalp-lotion-12-fiale-x-6ml\\\/\"]}]},{\"@type\":\"ImageObject\",\"inLanguage\":\"de\",\"@id\":\"https:\\\/\\\/quicklearning.academy\\\/prodotto\\\/life-anti-hair-loss-intensive-scalp-lotion-12-fiale-x-6ml\\\/#primaryimage\",\"url\":\"https:\\\/\\\/quicklearning.academy\\\/wp-content\\\/uploads\\\/2023\\\/10\\\/LIFE-LOZIONE-ANTI-HAIR-LOSS_710X900.webp\",\"contentUrl\":\"https:\\\/\\\/quicklearning.academy\\\/wp-content\\\/uploads\\\/2023\\\/10\\\/LIFE-LOZIONE-ANTI-HAIR-LOSS_710X900.webp\",\"width\":710,\"height\":900},{\"@type\":\"BreadcrumbList\",\"@id\":\"https:\\\/\\\/quicklearning.academy\\\/prodotto\\\/life-anti-hair-loss-intensive-scalp-lotion-12-fiale-x-6ml\\\/#breadcrumb\",\"itemListElement\":[{\"@type\":\"ListItem\",\"position\":1,\"name\":\"Home\",\"item\":\"https:\\\/\\\/quicklearning.academy\\\/home\\\/\"},{\"@type\":\"ListItem\",\"position\":2,\"name\":\"Shop\",\"item\":\"https:\\\/\\\/quicklearning.academy\\\/negozio\\\/\"},{\"@type\":\"ListItem\",\"position\":3,\"name\":\"LIFE ANTI-HAIR LOSS INTENSIVE SCALP LOTION 12 fiale x 6ml\"}]},{\"@type\":\"WebSite\",\"@id\":\"https:\\\/\\\/quicklearning.academy\\\/#website\",\"url\":\"https:\\\/\\\/quicklearning.academy\\\/\",\"name\":\"Quick Learning Academy\",\"description\":\"Prodotti e Formazione per Parrucchieri\",\"publisher\":{\"@id\":\"https:\\\/\\\/quicklearning.academy\\\/#organization\"},\"potentialAction\":[{\"@type\":\"SearchAction\",\"target\":{\"@type\":\"EntryPoint\",\"urlTemplate\":\"https:\\\/\\\/quicklearning.academy\\\/?s={search_term_string}\"},\"query-input\":{\"@type\":\"PropertyValueSpecification\",\"valueRequired\":true,\"valueName\":\"search_term_string\"}}],\"inLanguage\":\"de\"},{\"@type\":\"Organization\",\"@id\":\"https:\\\/\\\/quicklearning.academy\\\/#organization\",\"name\":\"Quick Learning\",\"url\":\"https:\\\/\\\/quicklearning.academy\\\/\",\"logo\":{\"@type\":\"ImageObject\",\"inLanguage\":\"de\",\"@id\":\"https:\\\/\\\/quicklearning.academy\\\/#\\\/schema\\\/logo\\\/image\\\/\",\"url\":\"https:\\\/\\\/quicklearning.academy\\\/wp-content\\\/uploads\\\/2021\\\/12\\\/LOGO-11.png\",\"contentUrl\":\"https:\\\/\\\/quicklearning.academy\\\/wp-content\\\/uploads\\\/2021\\\/12\\\/LOGO-11.png\",\"width\":841,\"height\":595,\"caption\":\"Quick Learning\"},\"image\":{\"@id\":\"https:\\\/\\\/quicklearning.academy\\\/#\\\/schema\\\/logo\\\/image\\\/\"}}]}<\/script>\n<!-- \/ Yoast SEO plugin. -->","yoast_head_json":{"title":"LIFE ANTI-HAIR LOSS INTENSIVE SCALP LOTION 12 Fl\u00e4schchen x 6ml - Quick Learning Academy","robots":{"index":"index","follow":"follow","max-snippet":"max-snippet:-1","max-image-preview":"max-image-preview:large","max-video-preview":"max-video-preview:-1"},"canonical":"https:\/\/quicklearning.academy\/de\/produkt\/life-anti-hair-loss-intensive-scalp-lotion-12-fiale-x-6ml\/","og_locale":"de_DE","og_type":"article","og_title":"LIFE ANTI-HAIR LOSS INTENSIVE SCALP LOTION 12 fiale x 6ml - Quick Learning Academy","og_description":"Lozione intensiva anticaduta","og_url":"https:\/\/quicklearning.academy\/de\/produkt\/life-anti-hair-loss-intensive-scalp-lotion-12-fiale-x-6ml\/","og_site_name":"Quick Learning Academy","article_modified_time":"2026-01-29T17:15:51+00:00","og_image":[{"width":710,"height":900,"url":"https:\/\/quicklearning.academy\/wp-content\/uploads\/2023\/10\/LIFE-LOZIONE-ANTI-HAIR-LOSS_710X900.webp","type":"image\/webp"}],"twitter_card":"summary_large_image","twitter_misc":{"Gesch\u00e4tzte Lesezeit":"1\u00a0Minute"},"schema":{"@context":"https:\/\/schema.org","@graph":[{"@type":"WebPage","@id":"https:\/\/quicklearning.academy\/prodotto\/life-anti-hair-loss-intensive-scalp-lotion-12-fiale-x-6ml\/","url":"https:\/\/quicklearning.academy\/prodotto\/life-anti-hair-loss-intensive-scalp-lotion-12-fiale-x-6ml\/","name":"LIFE ANTI-HAIR LOSS INTENSIVE SCALP LOTION 12 Fl\u00e4schchen x 6ml - Quick Learning Academy","isPartOf":{"@id":"https:\/\/quicklearning.academy\/#website"},"primaryImageOfPage":{"@id":"https:\/\/quicklearning.academy\/prodotto\/life-anti-hair-loss-intensive-scalp-lotion-12-fiale-x-6ml\/#primaryimage"},"image":{"@id":"https:\/\/quicklearning.academy\/prodotto\/life-anti-hair-loss-intensive-scalp-lotion-12-fiale-x-6ml\/#primaryimage"},"thumbnailUrl":"https:\/\/quicklearning.academy\/wp-content\/uploads\/2023\/10\/LIFE-LOZIONE-ANTI-HAIR-LOSS_710X900.webp","datePublished":"1969-12-31T23:00:00+00:00","dateModified":"2026-01-29T17:15:51+00:00","breadcrumb":{"@id":"https:\/\/quicklearning.academy\/prodotto\/life-anti-hair-loss-intensive-scalp-lotion-12-fiale-x-6ml\/#breadcrumb"},"inLanguage":"de","potentialAction":[{"@type":"ReadAction","target":["https:\/\/quicklearning.academy\/prodotto\/life-anti-hair-loss-intensive-scalp-lotion-12-fiale-x-6ml\/"]}]},{"@type":"ImageObject","inLanguage":"de","@id":"https:\/\/quicklearning.academy\/prodotto\/life-anti-hair-loss-intensive-scalp-lotion-12-fiale-x-6ml\/#primaryimage","url":"https:\/\/quicklearning.academy\/wp-content\/uploads\/2023\/10\/LIFE-LOZIONE-ANTI-HAIR-LOSS_710X900.webp","contentUrl":"https:\/\/quicklearning.academy\/wp-content\/uploads\/2023\/10\/LIFE-LOZIONE-ANTI-HAIR-LOSS_710X900.webp","width":710,"height":900},{"@type":"BreadcrumbList","@id":"https:\/\/quicklearning.academy\/prodotto\/life-anti-hair-loss-intensive-scalp-lotion-12-fiale-x-6ml\/#breadcrumb","itemListElement":[{"@type":"ListItem","position":1,"name":"Home","item":"https:\/\/quicklearning.academy\/home\/"},{"@type":"ListItem","position":2,"name":"Shop","item":"https:\/\/quicklearning.academy\/negozio\/"},{"@type":"ListItem","position":3,"name":"LIFE ANTI-HAIR LOSS INTENSIVE SCALP LOTION 12 fiale x 6ml"}]},{"@type":"WebSite","@id":"https:\/\/quicklearning.academy\/#website","url":"https:\/\/quicklearning.academy\/","name":"Akademie f\u00fcr schnelles Lernen","description":"Produkte und Schulungen f\u00fcr Friseure","publisher":{"@id":"https:\/\/quicklearning.academy\/#organization"},"potentialAction":[{"@type":"SearchAction","target":{"@type":"EntryPoint","urlTemplate":"https:\/\/quicklearning.academy\/?s={search_term_string}"},"query-input":{"@type":"PropertyValueSpecification","valueRequired":true,"valueName":"search_term_string"}}],"inLanguage":"de"},{"@type":"Organization","@id":"https:\/\/quicklearning.academy\/#organization","name":"Schnelles Lernen","url":"https:\/\/quicklearning.academy\/","logo":{"@type":"ImageObject","inLanguage":"de","@id":"https:\/\/quicklearning.academy\/#\/schema\/logo\/image\/","url":"https:\/\/quicklearning.academy\/wp-content\/uploads\/2021\/12\/LOGO-11.png","contentUrl":"https:\/\/quicklearning.academy\/wp-content\/uploads\/2021\/12\/LOGO-11.png","width":841,"height":595,"caption":"Quick Learning"},"image":{"@id":"https:\/\/quicklearning.academy\/#\/schema\/logo\/image\/"}}]}},"_links":{"self":[{"href":"https:\/\/quicklearning.academy\/de\/wp-json\/wp\/v2\/product\/7142","targetHints":{"allow":["GET"]}}],"collection":[{"href":"https:\/\/quicklearning.academy\/de\/wp-json\/wp\/v2\/product"}],"about":[{"href":"https:\/\/quicklearning.academy\/de\/wp-json\/wp\/v2\/types\/product"}],"replies":[{"embeddable":true,"href":"https:\/\/quicklearning.academy\/de\/wp-json\/wp\/v2\/comments?post=7142"}],"wp:featuredmedia":[{"embeddable":true,"href":"https:\/\/quicklearning.academy\/de\/wp-json\/wp\/v2\/media\/7104"}],"wp:attachment":[{"href":"https:\/\/quicklearning.academy\/de\/wp-json\/wp\/v2\/media?parent=7142"}],"wp:term":[{"taxonomy":"product_brand","embeddable":true,"href":"https:\/\/quicklearning.academy\/de\/wp-json\/wp\/v2\/product_brand?post=7142"},{"taxonomy":"product_cat","embeddable":true,"href":"https:\/\/quicklearning.academy\/de\/wp-json\/wp\/v2\/product_cat?post=7142"},{"taxonomy":"product_tag","embeddable":true,"href":"https:\/\/quicklearning.academy\/de\/wp-json\/wp\/v2\/product_tag?post=7142"}],"curies":[{"name":"wp","href":"https:\/\/api.w.org\/{rel}","templated":true}]}}