{"id":6535,"date":"1970-01-01T00:00:00","date_gmt":"1969-12-31T23:00:00","guid":{"rendered":"https:\/\/quicklearning.academy\/?post_type=product&#038;p=6535"},"modified":"2026-03-16T21:26:57","modified_gmt":"2026-03-16T20:26:57","slug":"anti-age-complex-with-hyaluronic-acid-1sc-da-10fiale-x-15-ml","status":"publish","type":"product","link":"https:\/\/quicklearning.academy\/de\/produkt\/anti-age-complex-with-hyaluronic-acid-1sc-da-10fiale-x-15-ml\/","title":{"rendered":"ZEITLOSER ANTI-AGE-KOMPLEX MIT HYALURONS\u00c4URE 1SC mit 10 FL\u00c4SCHCHEN X 15 ML"},"content":{"rendered":"<p>Intensive Anti-Aging-, Feuchtigkeits- und Aufhellungsbehandlung. Verleiht dem Haar Vitalit\u00e4t und F\u00fclle und l\u00e4sst es jugendlich erstrahlen. Ultra-reichhaltige Formel mit Hyalurons\u00e4ure, Kollagen, Bakuchiol und einer Multi-Nutzen-Mischung f\u00fcr sichtbar gesund aussehendes Haar. Ohne Sles und Sls<\/p>\n<p>Frei von Sls und Sles.<\/p>\n<p><strong>Wirkprinzipien und Eigenschaften:<\/strong><\/p>\n<ul>\n<li>Hyalurons\u00e4ure: feuchtigkeitsspendend, restrukturierend, aufpolsternd<\/li>\n<li>Proteine aus Quinoa: feuchtigkeitsspendend, weichmachend und erweichend<\/li>\n<li>Ein \u00f6liger Nektar aus der Himbeere: n\u00e4hrend, feuchtigkeitsspendend und gl\u00e4ttend.<\/li>\n<li>Bakuchiol und fermentiertes Reiswasser: Antioxidativ, regenerierend, elastifizierend. N\u00e4hrend, antioxidativ, eliminiert Frizz.<\/li>\n<\/ul>\n<p><strong>Vorteile:<\/strong><\/p>\n<ul>\n<li>Intensive Behandlung f\u00fcr ein gesundes, jugendliches Aussehen<\/li>\n<li>Spendet Feuchtigkeit und hellt das Haar auf<\/li>\n<li>Verleiht dem Haar einen f\u00fclligen und belebenden Effekt<\/li>\n<\/ul>\n<p><strong>Art der Anwendung: <\/strong>Teilen Sie das Haar in sechs Abschnitte auf und tragen Sie Timeless Complex beginnend mit den d\u00fcnnsten Stellen auf. Massieren Sie das Produkt mit den Fingerspitzen ein, um es besser aufzunehmen. Mit einem breitzahnigen Kamm vom Ansatz bis in die L\u00e4ngen und Spitzen verteilen. Eine M\u00fctze oder ein mit warmem Wasser angefeuchtetes Handtuch aufsetzen und 10 Minuten lang unter einer W\u00e4rmequelle bei etwa 45\u00b0 einwirken lassen. Aussp\u00fclen.<\/p>","protected":false},"excerpt":{"rendered":"<p>Intensive Anti-Aging-, Feuchtigkeits- und Aufhellungsbehandlung<\/p>","protected":false},"featured_media":6092,"comment_status":"closed","ping_status":"closed","template":"","meta":{"_joinchat":[]},"product_brand":[],"product_cat":[88],"product_tag":[],"class_list":{"0":"post-6535","1":"product","2":"type-product","3":"status-publish","4":"has-post-thumbnail","6":"product_cat-timeless","8":"first","9":"instock","10":"sale","11":"taxable","12":"shipping-taxable","13":"purchasable","14":"product-type-simple"},"yoast_head":"<!-- This site is optimized with the Yoast SEO plugin v27.5 - https:\/\/yoast.com\/product\/yoast-seo-wordpress\/ -->\n<title>TIMELESS ANTI-AGE COMPLEX WITH HYALURONIC ACID 1SC da 10 FIALE X 15 ML - Quick Learning Academy<\/title>\n<meta name=\"robots\" content=\"index, follow, max-snippet:-1, max-image-preview:large, max-video-preview:-1\" \/>\n<link rel=\"canonical\" href=\"https:\/\/quicklearning.academy\/de\/produkt\/anti-age-complex-with-hyaluronic-acid-1sc-da-10fiale-x-15-ml\/\" \/>\n<meta property=\"og:locale\" content=\"de_DE\" \/>\n<meta property=\"og:type\" content=\"article\" \/>\n<meta property=\"og:title\" content=\"TIMELESS ANTI-AGE COMPLEX WITH HYALURONIC ACID 1SC da 10 FIALE X 15 ML - Quick Learning Academy\" \/>\n<meta property=\"og:description\" content=\"Trattamento intensivo anti-age, idratante e illuminante\" \/>\n<meta property=\"og:url\" content=\"https:\/\/quicklearning.academy\/de\/produkt\/anti-age-complex-with-hyaluronic-acid-1sc-da-10fiale-x-15-ml\/\" \/>\n<meta property=\"og:site_name\" content=\"Quick Learning Academy\" \/>\n<meta property=\"article:modified_time\" content=\"2026-03-16T20:26:57+00:00\" \/>\n<meta property=\"og:image\" content=\"https:\/\/quicklearning.academy\/wp-content\/uploads\/2023\/02\/timeless-anti-age-500x500-1.jpg\" \/>\n\t<meta property=\"og:image:width\" content=\"1000\" \/>\n\t<meta property=\"og:image:height\" content=\"1000\" \/>\n\t<meta property=\"og:image:type\" content=\"image\/jpeg\" \/>\n<meta name=\"twitter:card\" content=\"summary_large_image\" \/>\n<meta name=\"twitter:label1\" content=\"Gesch\u00e4tzte Lesezeit\" \/>\n\t<meta name=\"twitter:data1\" content=\"1\u00a0Minute\" \/>\n<script type=\"application\/ld+json\" class=\"yoast-schema-graph\">{\"@context\":\"https:\\\/\\\/schema.org\",\"@graph\":[{\"@type\":\"WebPage\",\"@id\":\"https:\\\/\\\/quicklearning.academy\\\/prodotto\\\/anti-age-complex-with-hyaluronic-acid-1sc-da-10fiale-x-15-ml\\\/\",\"url\":\"https:\\\/\\\/quicklearning.academy\\\/prodotto\\\/anti-age-complex-with-hyaluronic-acid-1sc-da-10fiale-x-15-ml\\\/\",\"name\":\"TIMELESS ANTI-AGE COMPLEX WITH HYALURONIC ACID 1SC da 10 FIALE X 15 ML - Quick Learning Academy\",\"isPartOf\":{\"@id\":\"https:\\\/\\\/quicklearning.academy\\\/#website\"},\"primaryImageOfPage\":{\"@id\":\"https:\\\/\\\/quicklearning.academy\\\/prodotto\\\/anti-age-complex-with-hyaluronic-acid-1sc-da-10fiale-x-15-ml\\\/#primaryimage\"},\"image\":{\"@id\":\"https:\\\/\\\/quicklearning.academy\\\/prodotto\\\/anti-age-complex-with-hyaluronic-acid-1sc-da-10fiale-x-15-ml\\\/#primaryimage\"},\"thumbnailUrl\":\"https:\\\/\\\/quicklearning.academy\\\/wp-content\\\/uploads\\\/2023\\\/02\\\/timeless-anti-age-500x500-1.jpg\",\"datePublished\":\"1969-12-31T23:00:00+00:00\",\"dateModified\":\"2026-03-16T20:26:57+00:00\",\"breadcrumb\":{\"@id\":\"https:\\\/\\\/quicklearning.academy\\\/prodotto\\\/anti-age-complex-with-hyaluronic-acid-1sc-da-10fiale-x-15-ml\\\/#breadcrumb\"},\"inLanguage\":\"de\",\"potentialAction\":[{\"@type\":\"ReadAction\",\"target\":[\"https:\\\/\\\/quicklearning.academy\\\/prodotto\\\/anti-age-complex-with-hyaluronic-acid-1sc-da-10fiale-x-15-ml\\\/\"]}]},{\"@type\":\"ImageObject\",\"inLanguage\":\"de\",\"@id\":\"https:\\\/\\\/quicklearning.academy\\\/prodotto\\\/anti-age-complex-with-hyaluronic-acid-1sc-da-10fiale-x-15-ml\\\/#primaryimage\",\"url\":\"https:\\\/\\\/quicklearning.academy\\\/wp-content\\\/uploads\\\/2023\\\/02\\\/timeless-anti-age-500x500-1.jpg\",\"contentUrl\":\"https:\\\/\\\/quicklearning.academy\\\/wp-content\\\/uploads\\\/2023\\\/02\\\/timeless-anti-age-500x500-1.jpg\",\"width\":1000,\"height\":1000},{\"@type\":\"BreadcrumbList\",\"@id\":\"https:\\\/\\\/quicklearning.academy\\\/prodotto\\\/anti-age-complex-with-hyaluronic-acid-1sc-da-10fiale-x-15-ml\\\/#breadcrumb\",\"itemListElement\":[{\"@type\":\"ListItem\",\"position\":1,\"name\":\"Home\",\"item\":\"https:\\\/\\\/quicklearning.academy\\\/home\\\/\"},{\"@type\":\"ListItem\",\"position\":2,\"name\":\"Shop\",\"item\":\"https:\\\/\\\/quicklearning.academy\\\/negozio\\\/\"},{\"@type\":\"ListItem\",\"position\":3,\"name\":\"TIMELESS ANTI-AGE COMPLEX WITH HYALURONIC ACID 1SC da 10 FIALE X 15 ML\"}]},{\"@type\":\"WebSite\",\"@id\":\"https:\\\/\\\/quicklearning.academy\\\/#website\",\"url\":\"https:\\\/\\\/quicklearning.academy\\\/\",\"name\":\"Quick Learning Academy\",\"description\":\"Prodotti e Formazione per Parrucchieri\",\"publisher\":{\"@id\":\"https:\\\/\\\/quicklearning.academy\\\/#organization\"},\"potentialAction\":[{\"@type\":\"SearchAction\",\"target\":{\"@type\":\"EntryPoint\",\"urlTemplate\":\"https:\\\/\\\/quicklearning.academy\\\/?s={search_term_string}\"},\"query-input\":{\"@type\":\"PropertyValueSpecification\",\"valueRequired\":true,\"valueName\":\"search_term_string\"}}],\"inLanguage\":\"de\"},{\"@type\":\"Organization\",\"@id\":\"https:\\\/\\\/quicklearning.academy\\\/#organization\",\"name\":\"Quick Learning\",\"url\":\"https:\\\/\\\/quicklearning.academy\\\/\",\"logo\":{\"@type\":\"ImageObject\",\"inLanguage\":\"de\",\"@id\":\"https:\\\/\\\/quicklearning.academy\\\/#\\\/schema\\\/logo\\\/image\\\/\",\"url\":\"https:\\\/\\\/quicklearning.academy\\\/wp-content\\\/uploads\\\/2021\\\/12\\\/LOGO-11.png\",\"contentUrl\":\"https:\\\/\\\/quicklearning.academy\\\/wp-content\\\/uploads\\\/2021\\\/12\\\/LOGO-11.png\",\"width\":841,\"height\":595,\"caption\":\"Quick Learning\"},\"image\":{\"@id\":\"https:\\\/\\\/quicklearning.academy\\\/#\\\/schema\\\/logo\\\/image\\\/\"}}]}<\/script>\n<!-- \/ Yoast SEO plugin. -->","yoast_head_json":{"title":"TIMELESS ANTI-AGE COMPLEX WITH HYALURONIC ACID 1SC da 10 FIALE X 15 ML - Quick Learning Academy","robots":{"index":"index","follow":"follow","max-snippet":"max-snippet:-1","max-image-preview":"max-image-preview:large","max-video-preview":"max-video-preview:-1"},"canonical":"https:\/\/quicklearning.academy\/de\/produkt\/anti-age-complex-with-hyaluronic-acid-1sc-da-10fiale-x-15-ml\/","og_locale":"de_DE","og_type":"article","og_title":"TIMELESS ANTI-AGE COMPLEX WITH HYALURONIC ACID 1SC da 10 FIALE X 15 ML - Quick Learning Academy","og_description":"Trattamento intensivo anti-age, idratante e illuminante","og_url":"https:\/\/quicklearning.academy\/de\/produkt\/anti-age-complex-with-hyaluronic-acid-1sc-da-10fiale-x-15-ml\/","og_site_name":"Quick Learning Academy","article_modified_time":"2026-03-16T20:26:57+00:00","og_image":[{"width":1000,"height":1000,"url":"https:\/\/quicklearning.academy\/wp-content\/uploads\/2023\/02\/timeless-anti-age-500x500-1.jpg","type":"image\/jpeg"}],"twitter_card":"summary_large_image","twitter_misc":{"Gesch\u00e4tzte Lesezeit":"1\u00a0Minute"},"schema":{"@context":"https:\/\/schema.org","@graph":[{"@type":"WebPage","@id":"https:\/\/quicklearning.academy\/prodotto\/anti-age-complex-with-hyaluronic-acid-1sc-da-10fiale-x-15-ml\/","url":"https:\/\/quicklearning.academy\/prodotto\/anti-age-complex-with-hyaluronic-acid-1sc-da-10fiale-x-15-ml\/","name":"TIMELESS ANTI-AGE COMPLEX WITH HYALURONIC ACID 1SC da 10 FIALE X 15 ML - Quick Learning Academy","isPartOf":{"@id":"https:\/\/quicklearning.academy\/#website"},"primaryImageOfPage":{"@id":"https:\/\/quicklearning.academy\/prodotto\/anti-age-complex-with-hyaluronic-acid-1sc-da-10fiale-x-15-ml\/#primaryimage"},"image":{"@id":"https:\/\/quicklearning.academy\/prodotto\/anti-age-complex-with-hyaluronic-acid-1sc-da-10fiale-x-15-ml\/#primaryimage"},"thumbnailUrl":"https:\/\/quicklearning.academy\/wp-content\/uploads\/2023\/02\/timeless-anti-age-500x500-1.jpg","datePublished":"1969-12-31T23:00:00+00:00","dateModified":"2026-03-16T20:26:57+00:00","breadcrumb":{"@id":"https:\/\/quicklearning.academy\/prodotto\/anti-age-complex-with-hyaluronic-acid-1sc-da-10fiale-x-15-ml\/#breadcrumb"},"inLanguage":"de","potentialAction":[{"@type":"ReadAction","target":["https:\/\/quicklearning.academy\/prodotto\/anti-age-complex-with-hyaluronic-acid-1sc-da-10fiale-x-15-ml\/"]}]},{"@type":"ImageObject","inLanguage":"de","@id":"https:\/\/quicklearning.academy\/prodotto\/anti-age-complex-with-hyaluronic-acid-1sc-da-10fiale-x-15-ml\/#primaryimage","url":"https:\/\/quicklearning.academy\/wp-content\/uploads\/2023\/02\/timeless-anti-age-500x500-1.jpg","contentUrl":"https:\/\/quicklearning.academy\/wp-content\/uploads\/2023\/02\/timeless-anti-age-500x500-1.jpg","width":1000,"height":1000},{"@type":"BreadcrumbList","@id":"https:\/\/quicklearning.academy\/prodotto\/anti-age-complex-with-hyaluronic-acid-1sc-da-10fiale-x-15-ml\/#breadcrumb","itemListElement":[{"@type":"ListItem","position":1,"name":"Home","item":"https:\/\/quicklearning.academy\/home\/"},{"@type":"ListItem","position":2,"name":"Shop","item":"https:\/\/quicklearning.academy\/negozio\/"},{"@type":"ListItem","position":3,"name":"TIMELESS ANTI-AGE COMPLEX WITH HYALURONIC ACID 1SC da 10 FIALE X 15 ML"}]},{"@type":"WebSite","@id":"https:\/\/quicklearning.academy\/#website","url":"https:\/\/quicklearning.academy\/","name":"Akademie f\u00fcr schnelles Lernen","description":"Produkte und Schulungen f\u00fcr Friseure","publisher":{"@id":"https:\/\/quicklearning.academy\/#organization"},"potentialAction":[{"@type":"SearchAction","target":{"@type":"EntryPoint","urlTemplate":"https:\/\/quicklearning.academy\/?s={search_term_string}"},"query-input":{"@type":"PropertyValueSpecification","valueRequired":true,"valueName":"search_term_string"}}],"inLanguage":"de"},{"@type":"Organization","@id":"https:\/\/quicklearning.academy\/#organization","name":"Schnelles Lernen","url":"https:\/\/quicklearning.academy\/","logo":{"@type":"ImageObject","inLanguage":"de","@id":"https:\/\/quicklearning.academy\/#\/schema\/logo\/image\/","url":"https:\/\/quicklearning.academy\/wp-content\/uploads\/2021\/12\/LOGO-11.png","contentUrl":"https:\/\/quicklearning.academy\/wp-content\/uploads\/2021\/12\/LOGO-11.png","width":841,"height":595,"caption":"Quick Learning"},"image":{"@id":"https:\/\/quicklearning.academy\/#\/schema\/logo\/image\/"}}]}},"_links":{"self":[{"href":"https:\/\/quicklearning.academy\/de\/wp-json\/wp\/v2\/product\/6535","targetHints":{"allow":["GET"]}}],"collection":[{"href":"https:\/\/quicklearning.academy\/de\/wp-json\/wp\/v2\/product"}],"about":[{"href":"https:\/\/quicklearning.academy\/de\/wp-json\/wp\/v2\/types\/product"}],"replies":[{"embeddable":true,"href":"https:\/\/quicklearning.academy\/de\/wp-json\/wp\/v2\/comments?post=6535"}],"wp:featuredmedia":[{"embeddable":true,"href":"https:\/\/quicklearning.academy\/de\/wp-json\/wp\/v2\/media\/6092"}],"wp:attachment":[{"href":"https:\/\/quicklearning.academy\/de\/wp-json\/wp\/v2\/media?parent=6535"}],"wp:term":[{"taxonomy":"product_brand","embeddable":true,"href":"https:\/\/quicklearning.academy\/de\/wp-json\/wp\/v2\/product_brand?post=6535"},{"taxonomy":"product_cat","embeddable":true,"href":"https:\/\/quicklearning.academy\/de\/wp-json\/wp\/v2\/product_cat?post=6535"},{"taxonomy":"product_tag","embeddable":true,"href":"https:\/\/quicklearning.academy\/de\/wp-json\/wp\/v2\/product_tag?post=6535"}],"curies":[{"name":"wp","href":"https:\/\/api.w.org\/{rel}","templated":true}]}}