{"id":2629,"date":"1970-01-01T00:00:00","date_gmt":"1969-12-31T23:00:00","guid":{"rendered":"https:\/\/quicklearning.academy\/?post_type=product&#038;p=2629"},"modified":"2026-01-29T18:15:44","modified_gmt":"2026-01-29T17:15:44","slug":"regeneration-mask-500-ml","status":"publish","type":"product","link":"https:\/\/quicklearning.academy\/de\/produkt\/regeneration-mask-500-ml\/","title":{"rendered":"REGENERIERENDE REPARATURBEHANDLUNG F\u00dcR BESCH\u00c4DIGTES HAAR 500 ML"},"content":{"rendered":"<p>Eine konzentrierte Behandlung, die gesch\u00e4digtes Haar repariert und sch\u00fctzt. Sie verl\u00e4ngert die Wirkung und Wirksamkeit des Regenerationsrituals, indem sie die Schuppenschicht schlie\u00dft und daf\u00fcr sorgt, dass die restrukturierenden Wirkstoffe im Haar verbleiben.<\/p>\n<p><span class=\"font-bold\">FORMAT<\/span><\/p>\n<p>500 ml<\/p>\n<p><span style=\"font-size: 28px; font-weight: 600;\">BENEFITS<\/span><\/p>\n<ul class=\"dce-acf-repeater-list\">\n<li class=\"dce-acf-repeater-item\">Abhilfema\u00dfnahmen<\/li>\n<li class=\"dce-acf-repeater-item\">Hilft, den Schaft zu entwirren, zu gl\u00e4tten und zu versiegeln<\/li>\n<li class=\"dce-acf-repeater-item\">Verleiht dem Haar ein kr\u00e4ftigeres und gl\u00e4nzenderes Aussehen<\/li>\n<\/ul>\n<p><span style=\"font-size: 28px; font-weight: 600;\">WIRKSTOFFE UND EIGENSCHAFTEN<\/span><\/p>\n<div class=\"dce-fix-background-loop elementor-element elementor-element-66e21f5 elementor-widget elementor-widget-dce-acf-repeater-v2\" data-id=\"66e21f5\" data-element_type=\"widget\" data-settings=\"{&quot;dce_acf_repeater_format&quot;:&quot;list&quot;}\" data-widget_type=\"dce-acf-repeater-v2.default\">\n<div class=\"elementor-widget-container\">\n<div class=\"dce-acf-repeater\">\n<h5><strong>MULTIFUNKTIONELLER PHYTOKOMPLEX<\/strong><\/h5>\n<p>Elastisierend, aufhellend und n\u00e4hrend.<\/p>\n<h5><strong>PHYTOKERATIN PFLANZLICHEN URSPRUNGS<\/strong><\/h5>\n<p>Restrukturierend, sch\u00fctzend und mit Anti-Aging-Effekt.<\/p>\n<h5><strong>GLANZKOMPLEX<\/strong><\/h5>\n<p>Wirkt aufhellend, pflegend und verbessert die K\u00e4mmbarkeit.<\/p>\n<h5><strong>PFIRSICH\u00d6L<\/strong><\/h5>\n<p>Antioxidans, feuchtigkeitsspendend und entz\u00fcndungshemmend.<\/p>\n<\/div>\n<\/div>\n<\/div>\n<h5>WIE MAN SIE BENUTZT<\/h5>\n<p>Nach dem Repairing Shampoo auf das feuchte Haar auftragen und gleichm\u00e4\u00dfig verteilen. 5 bis 7 Minuten einwirken lassen und aussp\u00fclen.<\/p>","protected":false},"excerpt":{"rendered":"<p>Reparierende Behandlung f\u00fcr gesch\u00e4digtes Haar<\/p>","protected":false},"featured_media":8318,"comment_status":"open","ping_status":"closed","template":"","meta":{"_joinchat":[]},"product_brand":[],"product_cat":[92],"product_tag":[],"class_list":{"0":"post-2629","1":"product","2":"type-product","3":"status-publish","4":"has-post-thumbnail","6":"product_cat-regeneration","8":"first","9":"instock","10":"sale","11":"taxable","12":"shipping-taxable","13":"purchasable","14":"product-type-simple"},"yoast_head":"<!-- This site is optimized with the Yoast SEO plugin v27.5 - https:\/\/yoast.com\/product\/yoast-seo-wordpress\/ -->\n<title>REGENERATION REPAIRING TREATMENT FOR DAMAGED HAIR 500 ML - Quick Learning Academy<\/title>\n<meta name=\"robots\" content=\"index, follow, max-snippet:-1, max-image-preview:large, max-video-preview:-1\" \/>\n<link rel=\"canonical\" href=\"https:\/\/quicklearning.academy\/de\/produkt\/regeneration-mask-500-ml\/\" \/>\n<meta property=\"og:locale\" content=\"de_DE\" \/>\n<meta property=\"og:type\" content=\"article\" \/>\n<meta property=\"og:title\" content=\"REGENERATION REPAIRING TREATMENT FOR DAMAGED HAIR 500 ML - Quick Learning Academy\" \/>\n<meta property=\"og:description\" content=\"Trattamento riparatore per capelli danneggiati\" \/>\n<meta property=\"og:url\" content=\"https:\/\/quicklearning.academy\/de\/produkt\/regeneration-mask-500-ml\/\" \/>\n<meta property=\"og:site_name\" content=\"Quick Learning Academy\" \/>\n<meta property=\"article:modified_time\" content=\"2026-01-29T17:15:44+00:00\" \/>\n<meta property=\"og:image\" content=\"https:\/\/quicklearning.academy\/wp-content\/uploads\/2024\/09\/REPAIRING-TREATMENT-FOR-DAMAGED-HAIR-500-ML.webp\" \/>\n\t<meta property=\"og:image:width\" content=\"710\" \/>\n\t<meta property=\"og:image:height\" content=\"900\" \/>\n\t<meta property=\"og:image:type\" content=\"image\/webp\" \/>\n<meta name=\"twitter:card\" content=\"summary_large_image\" \/>\n<meta name=\"twitter:label1\" content=\"Gesch\u00e4tzte Lesezeit\" \/>\n\t<meta name=\"twitter:data1\" content=\"1\u00a0Minute\" \/>\n<script type=\"application\/ld+json\" class=\"yoast-schema-graph\">{\"@context\":\"https:\\\/\\\/schema.org\",\"@graph\":[{\"@type\":\"WebPage\",\"@id\":\"https:\\\/\\\/quicklearning.academy\\\/prodotto\\\/regeneration-mask-500-ml\\\/\",\"url\":\"https:\\\/\\\/quicklearning.academy\\\/prodotto\\\/regeneration-mask-500-ml\\\/\",\"name\":\"REGENERATION REPAIRING TREATMENT FOR DAMAGED HAIR 500 ML - Quick Learning Academy\",\"isPartOf\":{\"@id\":\"https:\\\/\\\/quicklearning.academy\\\/#website\"},\"primaryImageOfPage\":{\"@id\":\"https:\\\/\\\/quicklearning.academy\\\/prodotto\\\/regeneration-mask-500-ml\\\/#primaryimage\"},\"image\":{\"@id\":\"https:\\\/\\\/quicklearning.academy\\\/prodotto\\\/regeneration-mask-500-ml\\\/#primaryimage\"},\"thumbnailUrl\":\"https:\\\/\\\/quicklearning.academy\\\/wp-content\\\/uploads\\\/2024\\\/09\\\/REPAIRING-TREATMENT-FOR-DAMAGED-HAIR-500-ML.webp\",\"datePublished\":\"1969-12-31T23:00:00+00:00\",\"dateModified\":\"2026-01-29T17:15:44+00:00\",\"breadcrumb\":{\"@id\":\"https:\\\/\\\/quicklearning.academy\\\/prodotto\\\/regeneration-mask-500-ml\\\/#breadcrumb\"},\"inLanguage\":\"de\",\"potentialAction\":[{\"@type\":\"ReadAction\",\"target\":[\"https:\\\/\\\/quicklearning.academy\\\/prodotto\\\/regeneration-mask-500-ml\\\/\"]}]},{\"@type\":\"ImageObject\",\"inLanguage\":\"de\",\"@id\":\"https:\\\/\\\/quicklearning.academy\\\/prodotto\\\/regeneration-mask-500-ml\\\/#primaryimage\",\"url\":\"https:\\\/\\\/quicklearning.academy\\\/wp-content\\\/uploads\\\/2024\\\/09\\\/REPAIRING-TREATMENT-FOR-DAMAGED-HAIR-500-ML.webp\",\"contentUrl\":\"https:\\\/\\\/quicklearning.academy\\\/wp-content\\\/uploads\\\/2024\\\/09\\\/REPAIRING-TREATMENT-FOR-DAMAGED-HAIR-500-ML.webp\",\"width\":710,\"height\":900},{\"@type\":\"BreadcrumbList\",\"@id\":\"https:\\\/\\\/quicklearning.academy\\\/prodotto\\\/regeneration-mask-500-ml\\\/#breadcrumb\",\"itemListElement\":[{\"@type\":\"ListItem\",\"position\":1,\"name\":\"Home\",\"item\":\"https:\\\/\\\/quicklearning.academy\\\/home\\\/\"},{\"@type\":\"ListItem\",\"position\":2,\"name\":\"Shop\",\"item\":\"https:\\\/\\\/quicklearning.academy\\\/negozio\\\/\"},{\"@type\":\"ListItem\",\"position\":3,\"name\":\"REGENERATION REPAIRING TREATMENT FOR DAMAGED HAIR 500 ML\"}]},{\"@type\":\"WebSite\",\"@id\":\"https:\\\/\\\/quicklearning.academy\\\/#website\",\"url\":\"https:\\\/\\\/quicklearning.academy\\\/\",\"name\":\"Quick Learning Academy\",\"description\":\"Prodotti e Formazione per Parrucchieri\",\"publisher\":{\"@id\":\"https:\\\/\\\/quicklearning.academy\\\/#organization\"},\"potentialAction\":[{\"@type\":\"SearchAction\",\"target\":{\"@type\":\"EntryPoint\",\"urlTemplate\":\"https:\\\/\\\/quicklearning.academy\\\/?s={search_term_string}\"},\"query-input\":{\"@type\":\"PropertyValueSpecification\",\"valueRequired\":true,\"valueName\":\"search_term_string\"}}],\"inLanguage\":\"de\"},{\"@type\":\"Organization\",\"@id\":\"https:\\\/\\\/quicklearning.academy\\\/#organization\",\"name\":\"Quick Learning\",\"url\":\"https:\\\/\\\/quicklearning.academy\\\/\",\"logo\":{\"@type\":\"ImageObject\",\"inLanguage\":\"de\",\"@id\":\"https:\\\/\\\/quicklearning.academy\\\/#\\\/schema\\\/logo\\\/image\\\/\",\"url\":\"https:\\\/\\\/quicklearning.academy\\\/wp-content\\\/uploads\\\/2021\\\/12\\\/LOGO-11.png\",\"contentUrl\":\"https:\\\/\\\/quicklearning.academy\\\/wp-content\\\/uploads\\\/2021\\\/12\\\/LOGO-11.png\",\"width\":841,\"height\":595,\"caption\":\"Quick Learning\"},\"image\":{\"@id\":\"https:\\\/\\\/quicklearning.academy\\\/#\\\/schema\\\/logo\\\/image\\\/\"}}]}<\/script>\n<!-- \/ Yoast SEO plugin. -->","yoast_head_json":{"title":"REGENERIERENDE REPARATURBEHANDLUNG F\u00dcR GESCH\u00c4DIGTES HAAR 500 ML - Quick Learning Academy","robots":{"index":"index","follow":"follow","max-snippet":"max-snippet:-1","max-image-preview":"max-image-preview:large","max-video-preview":"max-video-preview:-1"},"canonical":"https:\/\/quicklearning.academy\/de\/produkt\/regeneration-mask-500-ml\/","og_locale":"de_DE","og_type":"article","og_title":"REGENERATION REPAIRING TREATMENT FOR DAMAGED HAIR 500 ML - Quick Learning Academy","og_description":"Trattamento riparatore per capelli danneggiati","og_url":"https:\/\/quicklearning.academy\/de\/produkt\/regeneration-mask-500-ml\/","og_site_name":"Quick Learning Academy","article_modified_time":"2026-01-29T17:15:44+00:00","og_image":[{"width":710,"height":900,"url":"https:\/\/quicklearning.academy\/wp-content\/uploads\/2024\/09\/REPAIRING-TREATMENT-FOR-DAMAGED-HAIR-500-ML.webp","type":"image\/webp"}],"twitter_card":"summary_large_image","twitter_misc":{"Gesch\u00e4tzte Lesezeit":"1\u00a0Minute"},"schema":{"@context":"https:\/\/schema.org","@graph":[{"@type":"WebPage","@id":"https:\/\/quicklearning.academy\/prodotto\/regeneration-mask-500-ml\/","url":"https:\/\/quicklearning.academy\/prodotto\/regeneration-mask-500-ml\/","name":"REGENERIERENDE REPARATURBEHANDLUNG F\u00dcR GESCH\u00c4DIGTES HAAR 500 ML - Quick Learning Academy","isPartOf":{"@id":"https:\/\/quicklearning.academy\/#website"},"primaryImageOfPage":{"@id":"https:\/\/quicklearning.academy\/prodotto\/regeneration-mask-500-ml\/#primaryimage"},"image":{"@id":"https:\/\/quicklearning.academy\/prodotto\/regeneration-mask-500-ml\/#primaryimage"},"thumbnailUrl":"https:\/\/quicklearning.academy\/wp-content\/uploads\/2024\/09\/REPAIRING-TREATMENT-FOR-DAMAGED-HAIR-500-ML.webp","datePublished":"1969-12-31T23:00:00+00:00","dateModified":"2026-01-29T17:15:44+00:00","breadcrumb":{"@id":"https:\/\/quicklearning.academy\/prodotto\/regeneration-mask-500-ml\/#breadcrumb"},"inLanguage":"de","potentialAction":[{"@type":"ReadAction","target":["https:\/\/quicklearning.academy\/prodotto\/regeneration-mask-500-ml\/"]}]},{"@type":"ImageObject","inLanguage":"de","@id":"https:\/\/quicklearning.academy\/prodotto\/regeneration-mask-500-ml\/#primaryimage","url":"https:\/\/quicklearning.academy\/wp-content\/uploads\/2024\/09\/REPAIRING-TREATMENT-FOR-DAMAGED-HAIR-500-ML.webp","contentUrl":"https:\/\/quicklearning.academy\/wp-content\/uploads\/2024\/09\/REPAIRING-TREATMENT-FOR-DAMAGED-HAIR-500-ML.webp","width":710,"height":900},{"@type":"BreadcrumbList","@id":"https:\/\/quicklearning.academy\/prodotto\/regeneration-mask-500-ml\/#breadcrumb","itemListElement":[{"@type":"ListItem","position":1,"name":"Home","item":"https:\/\/quicklearning.academy\/home\/"},{"@type":"ListItem","position":2,"name":"Shop","item":"https:\/\/quicklearning.academy\/negozio\/"},{"@type":"ListItem","position":3,"name":"REGENERATION REPAIRING TREATMENT FOR DAMAGED HAIR 500 ML"}]},{"@type":"WebSite","@id":"https:\/\/quicklearning.academy\/#website","url":"https:\/\/quicklearning.academy\/","name":"Akademie f\u00fcr schnelles Lernen","description":"Produkte und Schulungen f\u00fcr Friseure","publisher":{"@id":"https:\/\/quicklearning.academy\/#organization"},"potentialAction":[{"@type":"SearchAction","target":{"@type":"EntryPoint","urlTemplate":"https:\/\/quicklearning.academy\/?s={search_term_string}"},"query-input":{"@type":"PropertyValueSpecification","valueRequired":true,"valueName":"search_term_string"}}],"inLanguage":"de"},{"@type":"Organization","@id":"https:\/\/quicklearning.academy\/#organization","name":"Schnelles Lernen","url":"https:\/\/quicklearning.academy\/","logo":{"@type":"ImageObject","inLanguage":"de","@id":"https:\/\/quicklearning.academy\/#\/schema\/logo\/image\/","url":"https:\/\/quicklearning.academy\/wp-content\/uploads\/2021\/12\/LOGO-11.png","contentUrl":"https:\/\/quicklearning.academy\/wp-content\/uploads\/2021\/12\/LOGO-11.png","width":841,"height":595,"caption":"Quick Learning"},"image":{"@id":"https:\/\/quicklearning.academy\/#\/schema\/logo\/image\/"}}]}},"_links":{"self":[{"href":"https:\/\/quicklearning.academy\/de\/wp-json\/wp\/v2\/product\/2629","targetHints":{"allow":["GET"]}}],"collection":[{"href":"https:\/\/quicklearning.academy\/de\/wp-json\/wp\/v2\/product"}],"about":[{"href":"https:\/\/quicklearning.academy\/de\/wp-json\/wp\/v2\/types\/product"}],"replies":[{"embeddable":true,"href":"https:\/\/quicklearning.academy\/de\/wp-json\/wp\/v2\/comments?post=2629"}],"wp:featuredmedia":[{"embeddable":true,"href":"https:\/\/quicklearning.academy\/de\/wp-json\/wp\/v2\/media\/8318"}],"wp:attachment":[{"href":"https:\/\/quicklearning.academy\/de\/wp-json\/wp\/v2\/media?parent=2629"}],"wp:term":[{"taxonomy":"product_brand","embeddable":true,"href":"https:\/\/quicklearning.academy\/de\/wp-json\/wp\/v2\/product_brand?post=2629"},{"taxonomy":"product_cat","embeddable":true,"href":"https:\/\/quicklearning.academy\/de\/wp-json\/wp\/v2\/product_cat?post=2629"},{"taxonomy":"product_tag","embeddable":true,"href":"https:\/\/quicklearning.academy\/de\/wp-json\/wp\/v2\/product_tag?post=2629"}],"curies":[{"name":"wp","href":"https:\/\/api.w.org\/{rel}","templated":true}]}}