{"id":2607,"date":"1970-01-01T00:00:00","date_gmt":"1969-12-31T23:00:00","guid":{"rendered":"https:\/\/quicklearning.academy\/?post_type=product&#038;p=2607"},"modified":"2026-01-29T18:15:37","modified_gmt":"2026-01-29T17:15:37","slug":"n-4-castano-150-ml","status":"publish","type":"product","link":"https:\/\/quicklearning.academy\/de\/produkt\/n-4-castano-150-ml\/","title":{"rendered":"Nr. 4 CASTANE 150 ML (3er-Pack Preis)"},"content":{"rendered":"<h2>FARBE TECH<\/h2>\n<h3>NULL-FEHLER-F\u00c4RBUNG<\/h3>\n<p>- exklusive Palette von 115 Farbt\u00f6nen - F\u00e4rbung mit geringem Ammoniakgehalt: greift das Haar nicht an und sch\u00e4digt es nicht - reichhaltige, weiche Creme, leicht zu mischen, aufzutragen und wieder auszuwaschen - l\u00e4uft nicht aus, hinterl\u00e4sst keine Flecken auf der Kopfhaut, reizt nicht - perfekte Abdeckung von wei\u00dfem Haar - angenehmer exotischer Duft - Verd\u00fcnnungsverh\u00e4ltnis 1:1,5<\/p>\n<h3>INHALTSSTOFFE UND VORTEILE<\/h3>\n<p>Kreatin: repariert, sch\u00fctzt und st\u00e4rkt die Haarfaser<\/p>\n<p>Sorbitol: feuchtigkeitsspendend und pflegend<\/p>\n<p>Guarkernmehl: Konditionierungskraft<\/p>\n<p>Pro-Vitamin B5: beruhigend und lindernd<\/p>\n<h3>KUNDENVORTEILE<\/h3>\n<p>- perfekte Abdeckung von wei\u00dfem Haar - lang anhaltende Farbe<\/p>\n<hr \/>\n<p><strong>Art der Nutzung<\/strong><\/p>\n<p>Z.B. 150 ml Color Tech 225 ml Sauerstoff 5\/10\/20\/25\/30\/40 Vol. Verlegezeit: 30 bis 45 Minuten.<\/p>\n<p><strong>Format<\/strong><\/p>\n<p>150 ml<\/p>","protected":false},"excerpt":{"rendered":"<p>COLOR TECH LA COLORAZIONE ZERO DIFETTI \u2013 palette esclusiva di 115 nuances \u2013 colorazione a basso contenuto di Ammoniaca: non aggredisce n\u00e9 danneggia il capello \u2013 ricca e morbida crema, facile da miscelare, applicare e riscacquare \u2013 non cola, non macchia la cute, non irrita \u2013 perfetta copertura dei capelli bianchi \u2013 gradevole profumazione esotica [&hellip;]<\/p>\n","protected":false},"featured_media":3264,"comment_status":"open","ping_status":"closed","template":"","meta":{"_joinchat":[]},"product_brand":[],"product_cat":[130],"product_tag":[],"class_list":{"0":"post-2607","1":"product","2":"type-product","3":"status-publish","4":"has-post-thumbnail","6":"product_cat-color-tech","8":"first","9":"outofstock","10":"sale","11":"taxable","12":"shipping-taxable","13":"purchasable","14":"product-type-simple"},"yoast_head":"<!-- This site is optimized with the Yoast SEO plugin v27.5 - https:\/\/yoast.com\/product\/yoast-seo-wordpress\/ -->\n<title>N. 4 CASTANO 150 ML (prezzo confezione da 3 pezzi) - Quick Learning Academy<\/title>\n<meta name=\"robots\" content=\"index, follow, max-snippet:-1, max-image-preview:large, max-video-preview:-1\" \/>\n<link rel=\"canonical\" href=\"https:\/\/quicklearning.academy\/de\/produkt\/n-4-castano-150-ml\/\" \/>\n<meta property=\"og:locale\" content=\"de_DE\" \/>\n<meta property=\"og:type\" content=\"article\" \/>\n<meta property=\"og:title\" content=\"N. 4 CASTANO 150 ML (prezzo confezione da 3 pezzi) - Quick Learning Academy\" \/>\n<meta property=\"og:description\" content=\"COLOR TECH LA COLORAZIONE ZERO DIFETTI \u2013 palette esclusiva di 115 nuances \u2013 colorazione a basso contenuto di Ammoniaca: non aggredisce n\u00e9 danneggia il capello \u2013 ricca e morbida crema, facile da miscelare, applicare e riscacquare \u2013 non cola, non macchia la cute, non irrita \u2013 perfetta copertura dei capelli bianchi \u2013 gradevole profumazione esotica [&hellip;]\" \/>\n<meta property=\"og:url\" content=\"https:\/\/quicklearning.academy\/de\/produkt\/n-4-castano-150-ml\/\" \/>\n<meta property=\"og:site_name\" content=\"Quick Learning Academy\" \/>\n<meta property=\"article:modified_time\" content=\"2026-01-29T17:15:37+00:00\" \/>\n<meta property=\"og:image\" content=\"https:\/\/quicklearning.academy\/wp-content\/uploads\/2022\/03\/Ciocche-Web-High-Quality-2560x2560-Clean.003.jpeg\" \/>\n\t<meta property=\"og:image:width\" content=\"2560\" \/>\n\t<meta property=\"og:image:height\" content=\"2560\" \/>\n\t<meta property=\"og:image:type\" content=\"image\/jpeg\" \/>\n<meta name=\"twitter:card\" content=\"summary_large_image\" \/>\n<meta name=\"twitter:label1\" content=\"Gesch\u00e4tzte Lesezeit\" \/>\n\t<meta name=\"twitter:data1\" content=\"1\u00a0Minute\" \/>\n<script type=\"application\/ld+json\" class=\"yoast-schema-graph\">{\"@context\":\"https:\\\/\\\/schema.org\",\"@graph\":[{\"@type\":\"WebPage\",\"@id\":\"https:\\\/\\\/quicklearning.academy\\\/prodotto\\\/n-4-castano-150-ml\\\/\",\"url\":\"https:\\\/\\\/quicklearning.academy\\\/prodotto\\\/n-4-castano-150-ml\\\/\",\"name\":\"N. 4 CASTANO 150 ML (prezzo confezione da 3 pezzi) - Quick Learning Academy\",\"isPartOf\":{\"@id\":\"https:\\\/\\\/quicklearning.academy\\\/#website\"},\"primaryImageOfPage\":{\"@id\":\"https:\\\/\\\/quicklearning.academy\\\/prodotto\\\/n-4-castano-150-ml\\\/#primaryimage\"},\"image\":{\"@id\":\"https:\\\/\\\/quicklearning.academy\\\/prodotto\\\/n-4-castano-150-ml\\\/#primaryimage\"},\"thumbnailUrl\":\"https:\\\/\\\/quicklearning.academy\\\/wp-content\\\/uploads\\\/2022\\\/03\\\/Ciocche-Web-High-Quality-2560x2560-Clean.003.jpeg\",\"datePublished\":\"1969-12-31T23:00:00+00:00\",\"dateModified\":\"2026-01-29T17:15:37+00:00\",\"breadcrumb\":{\"@id\":\"https:\\\/\\\/quicklearning.academy\\\/prodotto\\\/n-4-castano-150-ml\\\/#breadcrumb\"},\"inLanguage\":\"de\",\"potentialAction\":[{\"@type\":\"ReadAction\",\"target\":[\"https:\\\/\\\/quicklearning.academy\\\/prodotto\\\/n-4-castano-150-ml\\\/\"]}]},{\"@type\":\"ImageObject\",\"inLanguage\":\"de\",\"@id\":\"https:\\\/\\\/quicklearning.academy\\\/prodotto\\\/n-4-castano-150-ml\\\/#primaryimage\",\"url\":\"https:\\\/\\\/quicklearning.academy\\\/wp-content\\\/uploads\\\/2022\\\/03\\\/Ciocche-Web-High-Quality-2560x2560-Clean.003.jpeg\",\"contentUrl\":\"https:\\\/\\\/quicklearning.academy\\\/wp-content\\\/uploads\\\/2022\\\/03\\\/Ciocche-Web-High-Quality-2560x2560-Clean.003.jpeg\",\"width\":2560,\"height\":2560},{\"@type\":\"BreadcrumbList\",\"@id\":\"https:\\\/\\\/quicklearning.academy\\\/prodotto\\\/n-4-castano-150-ml\\\/#breadcrumb\",\"itemListElement\":[{\"@type\":\"ListItem\",\"position\":1,\"name\":\"Home\",\"item\":\"https:\\\/\\\/quicklearning.academy\\\/home\\\/\"},{\"@type\":\"ListItem\",\"position\":2,\"name\":\"Shop\",\"item\":\"https:\\\/\\\/quicklearning.academy\\\/negozio\\\/\"},{\"@type\":\"ListItem\",\"position\":3,\"name\":\"N. 4 CASTANO 150 ML (prezzo confezione da 3 pezzi)\"}]},{\"@type\":\"WebSite\",\"@id\":\"https:\\\/\\\/quicklearning.academy\\\/#website\",\"url\":\"https:\\\/\\\/quicklearning.academy\\\/\",\"name\":\"Quick Learning Academy\",\"description\":\"Prodotti e Formazione per Parrucchieri\",\"publisher\":{\"@id\":\"https:\\\/\\\/quicklearning.academy\\\/#organization\"},\"potentialAction\":[{\"@type\":\"SearchAction\",\"target\":{\"@type\":\"EntryPoint\",\"urlTemplate\":\"https:\\\/\\\/quicklearning.academy\\\/?s={search_term_string}\"},\"query-input\":{\"@type\":\"PropertyValueSpecification\",\"valueRequired\":true,\"valueName\":\"search_term_string\"}}],\"inLanguage\":\"de\"},{\"@type\":\"Organization\",\"@id\":\"https:\\\/\\\/quicklearning.academy\\\/#organization\",\"name\":\"Quick Learning\",\"url\":\"https:\\\/\\\/quicklearning.academy\\\/\",\"logo\":{\"@type\":\"ImageObject\",\"inLanguage\":\"de\",\"@id\":\"https:\\\/\\\/quicklearning.academy\\\/#\\\/schema\\\/logo\\\/image\\\/\",\"url\":\"https:\\\/\\\/quicklearning.academy\\\/wp-content\\\/uploads\\\/2021\\\/12\\\/LOGO-11.png\",\"contentUrl\":\"https:\\\/\\\/quicklearning.academy\\\/wp-content\\\/uploads\\\/2021\\\/12\\\/LOGO-11.png\",\"width\":841,\"height\":595,\"caption\":\"Quick Learning\"},\"image\":{\"@id\":\"https:\\\/\\\/quicklearning.academy\\\/#\\\/schema\\\/logo\\\/image\\\/\"}}]}<\/script>\n<!-- \/ Yoast SEO plugin. -->","yoast_head_json":{"title":"Nr. 4 CASTANO 150 ML (3er-Pack Preis) - Quick Learning Academy","robots":{"index":"index","follow":"follow","max-snippet":"max-snippet:-1","max-image-preview":"max-image-preview:large","max-video-preview":"max-video-preview:-1"},"canonical":"https:\/\/quicklearning.academy\/de\/produkt\/n-4-castano-150-ml\/","og_locale":"de_DE","og_type":"article","og_title":"N. 4 CASTANO 150 ML (prezzo confezione da 3 pezzi) - Quick Learning Academy","og_description":"COLOR TECH LA COLORAZIONE ZERO DIFETTI \u2013 palette esclusiva di 115 nuances \u2013 colorazione a basso contenuto di Ammoniaca: non aggredisce n\u00e9 danneggia il capello \u2013 ricca e morbida crema, facile da miscelare, applicare e riscacquare \u2013 non cola, non macchia la cute, non irrita \u2013 perfetta copertura dei capelli bianchi \u2013 gradevole profumazione esotica [&hellip;]","og_url":"https:\/\/quicklearning.academy\/de\/produkt\/n-4-castano-150-ml\/","og_site_name":"Quick Learning Academy","article_modified_time":"2026-01-29T17:15:37+00:00","og_image":[{"width":2560,"height":2560,"url":"https:\/\/quicklearning.academy\/wp-content\/uploads\/2022\/03\/Ciocche-Web-High-Quality-2560x2560-Clean.003.jpeg","type":"image\/jpeg"}],"twitter_card":"summary_large_image","twitter_misc":{"Gesch\u00e4tzte Lesezeit":"1\u00a0Minute"},"schema":{"@context":"https:\/\/schema.org","@graph":[{"@type":"WebPage","@id":"https:\/\/quicklearning.academy\/prodotto\/n-4-castano-150-ml\/","url":"https:\/\/quicklearning.academy\/prodotto\/n-4-castano-150-ml\/","name":"Nr. 4 CASTANO 150 ML (3er-Pack Preis) - Quick Learning Academy","isPartOf":{"@id":"https:\/\/quicklearning.academy\/#website"},"primaryImageOfPage":{"@id":"https:\/\/quicklearning.academy\/prodotto\/n-4-castano-150-ml\/#primaryimage"},"image":{"@id":"https:\/\/quicklearning.academy\/prodotto\/n-4-castano-150-ml\/#primaryimage"},"thumbnailUrl":"https:\/\/quicklearning.academy\/wp-content\/uploads\/2022\/03\/Ciocche-Web-High-Quality-2560x2560-Clean.003.jpeg","datePublished":"1969-12-31T23:00:00+00:00","dateModified":"2026-01-29T17:15:37+00:00","breadcrumb":{"@id":"https:\/\/quicklearning.academy\/prodotto\/n-4-castano-150-ml\/#breadcrumb"},"inLanguage":"de","potentialAction":[{"@type":"ReadAction","target":["https:\/\/quicklearning.academy\/prodotto\/n-4-castano-150-ml\/"]}]},{"@type":"ImageObject","inLanguage":"de","@id":"https:\/\/quicklearning.academy\/prodotto\/n-4-castano-150-ml\/#primaryimage","url":"https:\/\/quicklearning.academy\/wp-content\/uploads\/2022\/03\/Ciocche-Web-High-Quality-2560x2560-Clean.003.jpeg","contentUrl":"https:\/\/quicklearning.academy\/wp-content\/uploads\/2022\/03\/Ciocche-Web-High-Quality-2560x2560-Clean.003.jpeg","width":2560,"height":2560},{"@type":"BreadcrumbList","@id":"https:\/\/quicklearning.academy\/prodotto\/n-4-castano-150-ml\/#breadcrumb","itemListElement":[{"@type":"ListItem","position":1,"name":"Home","item":"https:\/\/quicklearning.academy\/home\/"},{"@type":"ListItem","position":2,"name":"Shop","item":"https:\/\/quicklearning.academy\/negozio\/"},{"@type":"ListItem","position":3,"name":"N. 4 CASTANO 150 ML (prezzo confezione da 3 pezzi)"}]},{"@type":"WebSite","@id":"https:\/\/quicklearning.academy\/#website","url":"https:\/\/quicklearning.academy\/","name":"Akademie f\u00fcr schnelles Lernen","description":"Produkte und Schulungen f\u00fcr Friseure","publisher":{"@id":"https:\/\/quicklearning.academy\/#organization"},"potentialAction":[{"@type":"SearchAction","target":{"@type":"EntryPoint","urlTemplate":"https:\/\/quicklearning.academy\/?s={search_term_string}"},"query-input":{"@type":"PropertyValueSpecification","valueRequired":true,"valueName":"search_term_string"}}],"inLanguage":"de"},{"@type":"Organization","@id":"https:\/\/quicklearning.academy\/#organization","name":"Schnelles Lernen","url":"https:\/\/quicklearning.academy\/","logo":{"@type":"ImageObject","inLanguage":"de","@id":"https:\/\/quicklearning.academy\/#\/schema\/logo\/image\/","url":"https:\/\/quicklearning.academy\/wp-content\/uploads\/2021\/12\/LOGO-11.png","contentUrl":"https:\/\/quicklearning.academy\/wp-content\/uploads\/2021\/12\/LOGO-11.png","width":841,"height":595,"caption":"Quick Learning"},"image":{"@id":"https:\/\/quicklearning.academy\/#\/schema\/logo\/image\/"}}]}},"_links":{"self":[{"href":"https:\/\/quicklearning.academy\/de\/wp-json\/wp\/v2\/product\/2607","targetHints":{"allow":["GET"]}}],"collection":[{"href":"https:\/\/quicklearning.academy\/de\/wp-json\/wp\/v2\/product"}],"about":[{"href":"https:\/\/quicklearning.academy\/de\/wp-json\/wp\/v2\/types\/product"}],"replies":[{"embeddable":true,"href":"https:\/\/quicklearning.academy\/de\/wp-json\/wp\/v2\/comments?post=2607"}],"wp:featuredmedia":[{"embeddable":true,"href":"https:\/\/quicklearning.academy\/de\/wp-json\/wp\/v2\/media\/3264"}],"wp:attachment":[{"href":"https:\/\/quicklearning.academy\/de\/wp-json\/wp\/v2\/media?parent=2607"}],"wp:term":[{"taxonomy":"product_brand","embeddable":true,"href":"https:\/\/quicklearning.academy\/de\/wp-json\/wp\/v2\/product_brand?post=2607"},{"taxonomy":"product_cat","embeddable":true,"href":"https:\/\/quicklearning.academy\/de\/wp-json\/wp\/v2\/product_cat?post=2607"},{"taxonomy":"product_tag","embeddable":true,"href":"https:\/\/quicklearning.academy\/de\/wp-json\/wp\/v2\/product_tag?post=2607"}],"curies":[{"name":"wp","href":"https:\/\/api.w.org\/{rel}","templated":true}]}}