{"id":2562,"date":"1970-01-01T00:00:00","date_gmt":"1969-12-31T23:00:00","guid":{"rendered":"https:\/\/quicklearning.academy\/?post_type=product&#038;p=2562"},"modified":"2026-01-29T18:15:28","modified_gmt":"2026-01-29T17:15:28","slug":"9ahl-biondo-chiariss-supersch-cenere-100-ml","status":"publish","type":"product","link":"https:\/\/quicklearning.academy\/de\/produkt\/9ahl-biondo-chiariss-supersch-cenere-100-ml\/","title":{"rendered":"9AHL HELLBLOND SUPERSCH. CENERE 100 ML (3er Pack Preis)"},"content":{"rendered":"<h2>GLOW ONE<\/h2>\n<h3>PERMANENTE F\u00c4RBUNG MIT GERINGEM AMMONIAKGEHALT<\/h3>\n<ul>\n<li>Dauerhafte Oxidationsf\u00e4rbung<\/li>\n<li>Hochgradig kosmetische Formel<\/li>\n<li>Molare Formulierung zur Verbesserung der Farbbrillanz<\/li>\n<li>Ausgleich zwischen nat\u00fcrlichen Ergebnissen und intensiven Reflexen<\/li>\n<li>Erh\u00e4ltlich in 94 Farbt\u00f6nen, die gemischt werden k\u00f6nnen<\/li>\n<li>Angenehmer fruchtiger Duft<\/li>\n<li>Verd\u00fcnnung 1:1,5 ; 1:2 f\u00fcr Superblondes<\/li>\n<\/ul>\n<p>Der unbestrittene Star der Formulierung ist das revolution\u00e4re Oil Transport System, ein innovativer Molek\u00fclkomplex, der aus zwei Molek\u00fclen besteht, die in Synergie miteinander wirken:<\/p>\n<p>- die erste, die f\u00fcr eine gleichm\u00e4\u00dfige Verteilung der Farbe auf L\u00e4ngen und Spitzen sorgt;<\/p>\n<p>- zum anderen, um die maximale Oxidation der Pigmente entscheidend zu f\u00f6rdern und so eine lang anhaltende Farbf\u00fclle zu erreichen.<\/p>\n<h3>INHALTSSTOFFE UND VORTEILE<\/h3>\n<p>Mohn\u00f6l: feuchtigkeitsspendend, lindernd und beruhigend<\/p>\n<p>Haselnussbutter aus dem Piemont und Bio-Haseln\u00fcsse: feuchtigkeitsspendend und pflegend<\/p>\n<p>Aminos\u00e4uremischung: feuchtigkeitsspendend, st\u00e4rkend, farbsch\u00fctzend<\/p>\n<h3>KUNDENVORTEILE<\/h3>\n<p>- 100% wei\u00dfes Haar Abdeckung<\/p>\n<p>- Leicht k\u00e4mmbares Haar<\/p>\n<p>- Gleichm\u00e4\u00dfigkeit der Farbe auf nat\u00fcrlichem Grund<\/p>\n<p>- Gl\u00e4nzendes, volles und dennoch leichtes Haar<\/p>\n<p>- Lange Haltbarkeit der Farben<\/p>\n<hr \/>\n<p><strong>Art der Nutzung<\/strong><\/p>\n<p>Es. 50 ml di Glow One 75 ml di Oxycream\u00a0 20\/25 volumi. Tempo di posa totale: 25-35 minuti. Per i superschiarenti: 50 ml di Glow One High Lift 100 ml di Oxycream 30\/40 volumi.<\/p>\n<p>Verlegezeit 45-50 Minuten.<\/p>\n<p><strong>Format<\/strong><\/p>\n<p>100 ml<\/p>","protected":false},"excerpt":{"rendered":"<p>GLOW ONE COLORAZIONE PERMANENTE CON UN BILANCIO CONTENUTO DI AMMONIACA Colorazione permanente ad ossidazione Formula altamente cosmetica Formulazione molare che permette di esaltare la lucentezza del colore Equilibrio tra risultati naturali sino ad ottenere riflessi intensi Disponibile in 94 nuances miscelabili tra loro Gradevole profumazione fruttata diluizione 1:1,5 ; 1:2 per i Superblonde Protagonista indiscussa [&hellip;]<\/p>\n","protected":false},"featured_media":3504,"comment_status":"open","ping_status":"closed","template":"","meta":{"_joinchat":[]},"product_brand":[],"product_cat":[96],"product_tag":[],"class_list":{"0":"post-2562","1":"product","2":"type-product","3":"status-publish","4":"has-post-thumbnail","6":"product_cat-glow-one","8":"first","9":"outofstock","10":"sale","11":"taxable","12":"shipping-taxable","13":"purchasable","14":"product-type-simple"},"yoast_head":"<!-- This site is optimized with the Yoast SEO plugin v27.4 - https:\/\/yoast.com\/product\/yoast-seo-wordpress\/ -->\n<title>9AHL BIONDO CHIARISS. SUPERSCH. CENERE 100 ML (prezzo confezione da 3 pezzi) - Quick Learning Academy<\/title>\n<meta name=\"robots\" content=\"index, follow, max-snippet:-1, max-image-preview:large, max-video-preview:-1\" \/>\n<link rel=\"canonical\" href=\"https:\/\/quicklearning.academy\/de\/produkt\/9ahl-biondo-chiariss-supersch-cenere-100-ml\/\" \/>\n<meta property=\"og:locale\" content=\"de_DE\" \/>\n<meta property=\"og:type\" content=\"article\" \/>\n<meta property=\"og:title\" content=\"9AHL BIONDO CHIARISS. SUPERSCH. CENERE 100 ML (prezzo confezione da 3 pezzi) - Quick Learning Academy\" \/>\n<meta property=\"og:description\" content=\"GLOW ONE COLORAZIONE PERMANENTE CON UN BILANCIO CONTENUTO DI AMMONIACA Colorazione permanente ad ossidazione Formula altamente cosmetica Formulazione molare che permette di esaltare la lucentezza del colore Equilibrio tra risultati naturali sino ad ottenere riflessi intensi Disponibile in 94 nuances miscelabili tra loro Gradevole profumazione fruttata diluizione 1:1,5 ; 1:2 per i Superblonde Protagonista indiscussa [&hellip;]\" \/>\n<meta property=\"og:url\" content=\"https:\/\/quicklearning.academy\/de\/produkt\/9ahl-biondo-chiariss-supersch-cenere-100-ml\/\" \/>\n<meta property=\"og:site_name\" content=\"Quick Learning Academy\" \/>\n<meta property=\"article:modified_time\" content=\"2026-01-29T17:15:28+00:00\" \/>\n<meta property=\"og:image\" content=\"https:\/\/quicklearning.academy\/wp-content\/uploads\/2022\/03\/Ciocche-Web-High-Quality-2560x2560-Clean.243.jpeg\" \/>\n\t<meta property=\"og:image:width\" content=\"2560\" \/>\n\t<meta property=\"og:image:height\" content=\"2560\" \/>\n\t<meta property=\"og:image:type\" content=\"image\/jpeg\" \/>\n<meta name=\"twitter:card\" content=\"summary_large_image\" \/>\n<meta name=\"twitter:label1\" content=\"Gesch\u00e4tzte Lesezeit\" \/>\n\t<meta name=\"twitter:data1\" content=\"2\u00a0Minuten\" \/>\n<script type=\"application\/ld+json\" class=\"yoast-schema-graph\">{\"@context\":\"https:\\\/\\\/schema.org\",\"@graph\":[{\"@type\":\"WebPage\",\"@id\":\"https:\\\/\\\/quicklearning.academy\\\/prodotto\\\/9ahl-biondo-chiariss-supersch-cenere-100-ml\\\/\",\"url\":\"https:\\\/\\\/quicklearning.academy\\\/prodotto\\\/9ahl-biondo-chiariss-supersch-cenere-100-ml\\\/\",\"name\":\"9AHL BIONDO CHIARISS. SUPERSCH. CENERE 100 ML (prezzo confezione da 3 pezzi) - Quick Learning Academy\",\"isPartOf\":{\"@id\":\"https:\\\/\\\/quicklearning.academy\\\/#website\"},\"primaryImageOfPage\":{\"@id\":\"https:\\\/\\\/quicklearning.academy\\\/prodotto\\\/9ahl-biondo-chiariss-supersch-cenere-100-ml\\\/#primaryimage\"},\"image\":{\"@id\":\"https:\\\/\\\/quicklearning.academy\\\/prodotto\\\/9ahl-biondo-chiariss-supersch-cenere-100-ml\\\/#primaryimage\"},\"thumbnailUrl\":\"https:\\\/\\\/quicklearning.academy\\\/wp-content\\\/uploads\\\/2022\\\/03\\\/Ciocche-Web-High-Quality-2560x2560-Clean.243.jpeg\",\"datePublished\":\"1969-12-31T23:00:00+00:00\",\"dateModified\":\"2026-01-29T17:15:28+00:00\",\"breadcrumb\":{\"@id\":\"https:\\\/\\\/quicklearning.academy\\\/prodotto\\\/9ahl-biondo-chiariss-supersch-cenere-100-ml\\\/#breadcrumb\"},\"inLanguage\":\"de\",\"potentialAction\":[{\"@type\":\"ReadAction\",\"target\":[\"https:\\\/\\\/quicklearning.academy\\\/prodotto\\\/9ahl-biondo-chiariss-supersch-cenere-100-ml\\\/\"]}]},{\"@type\":\"ImageObject\",\"inLanguage\":\"de\",\"@id\":\"https:\\\/\\\/quicklearning.academy\\\/prodotto\\\/9ahl-biondo-chiariss-supersch-cenere-100-ml\\\/#primaryimage\",\"url\":\"https:\\\/\\\/quicklearning.academy\\\/wp-content\\\/uploads\\\/2022\\\/03\\\/Ciocche-Web-High-Quality-2560x2560-Clean.243.jpeg\",\"contentUrl\":\"https:\\\/\\\/quicklearning.academy\\\/wp-content\\\/uploads\\\/2022\\\/03\\\/Ciocche-Web-High-Quality-2560x2560-Clean.243.jpeg\",\"width\":2560,\"height\":2560},{\"@type\":\"BreadcrumbList\",\"@id\":\"https:\\\/\\\/quicklearning.academy\\\/prodotto\\\/9ahl-biondo-chiariss-supersch-cenere-100-ml\\\/#breadcrumb\",\"itemListElement\":[{\"@type\":\"ListItem\",\"position\":1,\"name\":\"Home\",\"item\":\"https:\\\/\\\/quicklearning.academy\\\/home\\\/\"},{\"@type\":\"ListItem\",\"position\":2,\"name\":\"Shop\",\"item\":\"https:\\\/\\\/quicklearning.academy\\\/negozio\\\/\"},{\"@type\":\"ListItem\",\"position\":3,\"name\":\"9AHL BIONDO CHIARISS. SUPERSCH. CENERE 100 ML (prezzo confezione da 3 pezzi)\"}]},{\"@type\":\"WebSite\",\"@id\":\"https:\\\/\\\/quicklearning.academy\\\/#website\",\"url\":\"https:\\\/\\\/quicklearning.academy\\\/\",\"name\":\"Quick Learning Academy\",\"description\":\"Prodotti e Formazione per Parrucchieri\",\"publisher\":{\"@id\":\"https:\\\/\\\/quicklearning.academy\\\/#organization\"},\"potentialAction\":[{\"@type\":\"SearchAction\",\"target\":{\"@type\":\"EntryPoint\",\"urlTemplate\":\"https:\\\/\\\/quicklearning.academy\\\/?s={search_term_string}\"},\"query-input\":{\"@type\":\"PropertyValueSpecification\",\"valueRequired\":true,\"valueName\":\"search_term_string\"}}],\"inLanguage\":\"de\"},{\"@type\":\"Organization\",\"@id\":\"https:\\\/\\\/quicklearning.academy\\\/#organization\",\"name\":\"Quick Learning\",\"url\":\"https:\\\/\\\/quicklearning.academy\\\/\",\"logo\":{\"@type\":\"ImageObject\",\"inLanguage\":\"de\",\"@id\":\"https:\\\/\\\/quicklearning.academy\\\/#\\\/schema\\\/logo\\\/image\\\/\",\"url\":\"https:\\\/\\\/quicklearning.academy\\\/wp-content\\\/uploads\\\/2021\\\/12\\\/LOGO-11.png\",\"contentUrl\":\"https:\\\/\\\/quicklearning.academy\\\/wp-content\\\/uploads\\\/2021\\\/12\\\/LOGO-11.png\",\"width\":841,\"height\":595,\"caption\":\"Quick Learning\"},\"image\":{\"@id\":\"https:\\\/\\\/quicklearning.academy\\\/#\\\/schema\\\/logo\\\/image\\\/\"}}]}<\/script>\n<!-- \/ Yoast SEO plugin. -->","yoast_head_json":{"title":"9AHL HELLBLOND SUPERSCH. CENERE 100 ML (3er Pack Preis) - Quick Learning Academy","robots":{"index":"index","follow":"follow","max-snippet":"max-snippet:-1","max-image-preview":"max-image-preview:large","max-video-preview":"max-video-preview:-1"},"canonical":"https:\/\/quicklearning.academy\/de\/produkt\/9ahl-biondo-chiariss-supersch-cenere-100-ml\/","og_locale":"de_DE","og_type":"article","og_title":"9AHL BIONDO CHIARISS. SUPERSCH. CENERE 100 ML (prezzo confezione da 3 pezzi) - Quick Learning Academy","og_description":"GLOW ONE COLORAZIONE PERMANENTE CON UN BILANCIO CONTENUTO DI AMMONIACA Colorazione permanente ad ossidazione Formula altamente cosmetica Formulazione molare che permette di esaltare la lucentezza del colore Equilibrio tra risultati naturali sino ad ottenere riflessi intensi Disponibile in 94 nuances miscelabili tra loro Gradevole profumazione fruttata diluizione 1:1,5 ; 1:2 per i Superblonde Protagonista indiscussa [&hellip;]","og_url":"https:\/\/quicklearning.academy\/de\/produkt\/9ahl-biondo-chiariss-supersch-cenere-100-ml\/","og_site_name":"Quick Learning Academy","article_modified_time":"2026-01-29T17:15:28+00:00","og_image":[{"width":2560,"height":2560,"url":"https:\/\/quicklearning.academy\/wp-content\/uploads\/2022\/03\/Ciocche-Web-High-Quality-2560x2560-Clean.243.jpeg","type":"image\/jpeg"}],"twitter_card":"summary_large_image","twitter_misc":{"Gesch\u00e4tzte Lesezeit":"2\u00a0Minuten"},"schema":{"@context":"https:\/\/schema.org","@graph":[{"@type":"WebPage","@id":"https:\/\/quicklearning.academy\/prodotto\/9ahl-biondo-chiariss-supersch-cenere-100-ml\/","url":"https:\/\/quicklearning.academy\/prodotto\/9ahl-biondo-chiariss-supersch-cenere-100-ml\/","name":"9AHL HELLBLOND SUPERSCH. CENERE 100 ML (3er Pack Preis) - Quick Learning Academy","isPartOf":{"@id":"https:\/\/quicklearning.academy\/#website"},"primaryImageOfPage":{"@id":"https:\/\/quicklearning.academy\/prodotto\/9ahl-biondo-chiariss-supersch-cenere-100-ml\/#primaryimage"},"image":{"@id":"https:\/\/quicklearning.academy\/prodotto\/9ahl-biondo-chiariss-supersch-cenere-100-ml\/#primaryimage"},"thumbnailUrl":"https:\/\/quicklearning.academy\/wp-content\/uploads\/2022\/03\/Ciocche-Web-High-Quality-2560x2560-Clean.243.jpeg","datePublished":"1969-12-31T23:00:00+00:00","dateModified":"2026-01-29T17:15:28+00:00","breadcrumb":{"@id":"https:\/\/quicklearning.academy\/prodotto\/9ahl-biondo-chiariss-supersch-cenere-100-ml\/#breadcrumb"},"inLanguage":"de","potentialAction":[{"@type":"ReadAction","target":["https:\/\/quicklearning.academy\/prodotto\/9ahl-biondo-chiariss-supersch-cenere-100-ml\/"]}]},{"@type":"ImageObject","inLanguage":"de","@id":"https:\/\/quicklearning.academy\/prodotto\/9ahl-biondo-chiariss-supersch-cenere-100-ml\/#primaryimage","url":"https:\/\/quicklearning.academy\/wp-content\/uploads\/2022\/03\/Ciocche-Web-High-Quality-2560x2560-Clean.243.jpeg","contentUrl":"https:\/\/quicklearning.academy\/wp-content\/uploads\/2022\/03\/Ciocche-Web-High-Quality-2560x2560-Clean.243.jpeg","width":2560,"height":2560},{"@type":"BreadcrumbList","@id":"https:\/\/quicklearning.academy\/prodotto\/9ahl-biondo-chiariss-supersch-cenere-100-ml\/#breadcrumb","itemListElement":[{"@type":"ListItem","position":1,"name":"Home","item":"https:\/\/quicklearning.academy\/home\/"},{"@type":"ListItem","position":2,"name":"Shop","item":"https:\/\/quicklearning.academy\/negozio\/"},{"@type":"ListItem","position":3,"name":"9AHL BIONDO CHIARISS. SUPERSCH. CENERE 100 ML (prezzo confezione da 3 pezzi)"}]},{"@type":"WebSite","@id":"https:\/\/quicklearning.academy\/#website","url":"https:\/\/quicklearning.academy\/","name":"Akademie f\u00fcr schnelles Lernen","description":"Produkte und Schulungen f\u00fcr Friseure","publisher":{"@id":"https:\/\/quicklearning.academy\/#organization"},"potentialAction":[{"@type":"SearchAction","target":{"@type":"EntryPoint","urlTemplate":"https:\/\/quicklearning.academy\/?s={search_term_string}"},"query-input":{"@type":"PropertyValueSpecification","valueRequired":true,"valueName":"search_term_string"}}],"inLanguage":"de"},{"@type":"Organization","@id":"https:\/\/quicklearning.academy\/#organization","name":"Schnelles Lernen","url":"https:\/\/quicklearning.academy\/","logo":{"@type":"ImageObject","inLanguage":"de","@id":"https:\/\/quicklearning.academy\/#\/schema\/logo\/image\/","url":"https:\/\/quicklearning.academy\/wp-content\/uploads\/2021\/12\/LOGO-11.png","contentUrl":"https:\/\/quicklearning.academy\/wp-content\/uploads\/2021\/12\/LOGO-11.png","width":841,"height":595,"caption":"Quick Learning"},"image":{"@id":"https:\/\/quicklearning.academy\/#\/schema\/logo\/image\/"}}]}},"_links":{"self":[{"href":"https:\/\/quicklearning.academy\/de\/wp-json\/wp\/v2\/product\/2562","targetHints":{"allow":["GET"]}}],"collection":[{"href":"https:\/\/quicklearning.academy\/de\/wp-json\/wp\/v2\/product"}],"about":[{"href":"https:\/\/quicklearning.academy\/de\/wp-json\/wp\/v2\/types\/product"}],"replies":[{"embeddable":true,"href":"https:\/\/quicklearning.academy\/de\/wp-json\/wp\/v2\/comments?post=2562"}],"wp:featuredmedia":[{"embeddable":true,"href":"https:\/\/quicklearning.academy\/de\/wp-json\/wp\/v2\/media\/3504"}],"wp:attachment":[{"href":"https:\/\/quicklearning.academy\/de\/wp-json\/wp\/v2\/media?parent=2562"}],"wp:term":[{"taxonomy":"product_brand","embeddable":true,"href":"https:\/\/quicklearning.academy\/de\/wp-json\/wp\/v2\/product_brand?post=2562"},{"taxonomy":"product_cat","embeddable":true,"href":"https:\/\/quicklearning.academy\/de\/wp-json\/wp\/v2\/product_cat?post=2562"},{"taxonomy":"product_tag","embeddable":true,"href":"https:\/\/quicklearning.academy\/de\/wp-json\/wp\/v2\/product_tag?post=2562"}],"curies":[{"name":"wp","href":"https:\/\/api.w.org\/{rel}","templated":true}]}}