{"id":1963,"date":"1970-01-01T00:00:00","date_gmt":"1969-12-31T23:00:00","guid":{"rendered":"https:\/\/quicklearning.academy\/?post_type=product&#038;p=1963"},"modified":"2026-01-29T18:14:37","modified_gmt":"2026-01-29T17:14:37","slug":"extra-volume","status":"publish","type":"product","link":"https:\/\/quicklearning.academy\/de\/produkt\/extra-volume\/","title":{"rendered":"EXTRA VOLUMEN 250 ML"},"content":{"rendered":"<p>Das EXTRA VOLUME Mousse ist f\u00fcr Liebhaber des Stylings<strong> nat\u00fcrlich, einfach und schnell<\/strong>. Es fixiert und gibt eine <strong>extreme Lautst\u00e4rke<\/strong> lang anhaltendes Haar. Von der Formel <strong>Licht<\/strong> e <strong>nahrhaft<\/strong>passt sich an alle Haartypen an und gibt <strong>K\u00f6rper<\/strong> e <strong>Fl\u00fcssigkeitszufuhr<\/strong>.<\/p>\n<p><strong>Vorteile:<\/strong> beseitigt Frizz, verdichtet das Haar und erm\u00f6glicht gewellte Frisuren mit extremem Volumen. <strong>Festigkeit der Befestigung 4\/6.<\/strong><\/p>\n<p><strong>Ideal f\u00fcr:<\/strong> alle Haartypen.<\/p>\n<p><strong>Art der Nutzung<\/strong>Vor Gebrauch sch\u00fctteln. Auf das feuchte oder trockene Haar auftragen, gleichm\u00e4\u00dfig verteilen und mit dem Styling fortfahren.<\/p>\n<p><u><strong>Entdecken Sie die gesamte Styling-Linie von Cotril f\u00fcr einen definierten und originellen Look.<\/strong><\/u><\/p>","protected":false},"excerpt":{"rendered":"<p>Volumengebendes und texturgebendes Mousse<\/p>","protected":false},"featured_media":1806,"comment_status":"open","ping_status":"closed","template":"","meta":{"_joinchat":[]},"product_brand":[],"product_cat":[76],"product_tag":[],"class_list":{"0":"post-1963","1":"product","2":"type-product","3":"status-publish","4":"has-post-thumbnail","6":"product_cat-styling-styling","8":"first","9":"instock","10":"sale","11":"taxable","12":"shipping-taxable","13":"purchasable","14":"product-type-simple"},"yoast_head":"<!-- This site is optimized with the Yoast SEO plugin v27.4 - https:\/\/yoast.com\/product\/yoast-seo-wordpress\/ -->\n<title>EXTRA VOLUME 250 ML - Quick Learning Academy<\/title>\n<meta name=\"robots\" content=\"index, follow, max-snippet:-1, max-image-preview:large, max-video-preview:-1\" \/>\n<link rel=\"canonical\" href=\"https:\/\/quicklearning.academy\/de\/produkt\/extra-volume\/\" \/>\n<meta property=\"og:locale\" content=\"de_DE\" \/>\n<meta property=\"og:type\" content=\"article\" \/>\n<meta property=\"og:title\" content=\"EXTRA VOLUME 250 ML - Quick Learning Academy\" \/>\n<meta property=\"og:description\" content=\"Mousse volumizzante e texturizzante\" \/>\n<meta property=\"og:url\" content=\"https:\/\/quicklearning.academy\/de\/produkt\/extra-volume\/\" \/>\n<meta property=\"og:site_name\" content=\"Quick Learning Academy\" \/>\n<meta property=\"article:modified_time\" content=\"2026-01-29T17:14:37+00:00\" \/>\n<meta property=\"og:image\" content=\"https:\/\/quicklearning.academy\/wp-content\/uploads\/2022\/01\/705.jpg\" \/>\n\t<meta property=\"og:image:width\" content=\"800\" \/>\n\t<meta property=\"og:image:height\" content=\"900\" \/>\n\t<meta property=\"og:image:type\" content=\"image\/jpeg\" \/>\n<meta name=\"twitter:card\" content=\"summary_large_image\" \/>\n<script type=\"application\/ld+json\" class=\"yoast-schema-graph\">{\"@context\":\"https:\\\/\\\/schema.org\",\"@graph\":[{\"@type\":\"WebPage\",\"@id\":\"https:\\\/\\\/quicklearning.academy\\\/prodotto\\\/extra-volume\\\/\",\"url\":\"https:\\\/\\\/quicklearning.academy\\\/prodotto\\\/extra-volume\\\/\",\"name\":\"EXTRA VOLUME 250 ML - Quick Learning Academy\",\"isPartOf\":{\"@id\":\"https:\\\/\\\/quicklearning.academy\\\/#website\"},\"primaryImageOfPage\":{\"@id\":\"https:\\\/\\\/quicklearning.academy\\\/prodotto\\\/extra-volume\\\/#primaryimage\"},\"image\":{\"@id\":\"https:\\\/\\\/quicklearning.academy\\\/prodotto\\\/extra-volume\\\/#primaryimage\"},\"thumbnailUrl\":\"https:\\\/\\\/quicklearning.academy\\\/wp-content\\\/uploads\\\/2022\\\/01\\\/705.jpg\",\"datePublished\":\"1969-12-31T23:00:00+00:00\",\"dateModified\":\"2026-01-29T17:14:37+00:00\",\"breadcrumb\":{\"@id\":\"https:\\\/\\\/quicklearning.academy\\\/prodotto\\\/extra-volume\\\/#breadcrumb\"},\"inLanguage\":\"de\",\"potentialAction\":[{\"@type\":\"ReadAction\",\"target\":[\"https:\\\/\\\/quicklearning.academy\\\/prodotto\\\/extra-volume\\\/\"]}]},{\"@type\":\"ImageObject\",\"inLanguage\":\"de\",\"@id\":\"https:\\\/\\\/quicklearning.academy\\\/prodotto\\\/extra-volume\\\/#primaryimage\",\"url\":\"https:\\\/\\\/quicklearning.academy\\\/wp-content\\\/uploads\\\/2022\\\/01\\\/705.jpg\",\"contentUrl\":\"https:\\\/\\\/quicklearning.academy\\\/wp-content\\\/uploads\\\/2022\\\/01\\\/705.jpg\",\"width\":800,\"height\":900},{\"@type\":\"BreadcrumbList\",\"@id\":\"https:\\\/\\\/quicklearning.academy\\\/prodotto\\\/extra-volume\\\/#breadcrumb\",\"itemListElement\":[{\"@type\":\"ListItem\",\"position\":1,\"name\":\"Home\",\"item\":\"https:\\\/\\\/quicklearning.academy\\\/home\\\/\"},{\"@type\":\"ListItem\",\"position\":2,\"name\":\"Shop\",\"item\":\"https:\\\/\\\/quicklearning.academy\\\/negozio\\\/\"},{\"@type\":\"ListItem\",\"position\":3,\"name\":\"EXTRA VOLUME 250 ML\"}]},{\"@type\":\"WebSite\",\"@id\":\"https:\\\/\\\/quicklearning.academy\\\/#website\",\"url\":\"https:\\\/\\\/quicklearning.academy\\\/\",\"name\":\"Quick Learning Academy\",\"description\":\"Prodotti e Formazione per Parrucchieri\",\"publisher\":{\"@id\":\"https:\\\/\\\/quicklearning.academy\\\/#organization\"},\"potentialAction\":[{\"@type\":\"SearchAction\",\"target\":{\"@type\":\"EntryPoint\",\"urlTemplate\":\"https:\\\/\\\/quicklearning.academy\\\/?s={search_term_string}\"},\"query-input\":{\"@type\":\"PropertyValueSpecification\",\"valueRequired\":true,\"valueName\":\"search_term_string\"}}],\"inLanguage\":\"de\"},{\"@type\":\"Organization\",\"@id\":\"https:\\\/\\\/quicklearning.academy\\\/#organization\",\"name\":\"Quick Learning\",\"url\":\"https:\\\/\\\/quicklearning.academy\\\/\",\"logo\":{\"@type\":\"ImageObject\",\"inLanguage\":\"de\",\"@id\":\"https:\\\/\\\/quicklearning.academy\\\/#\\\/schema\\\/logo\\\/image\\\/\",\"url\":\"https:\\\/\\\/quicklearning.academy\\\/wp-content\\\/uploads\\\/2021\\\/12\\\/LOGO-11.png\",\"contentUrl\":\"https:\\\/\\\/quicklearning.academy\\\/wp-content\\\/uploads\\\/2021\\\/12\\\/LOGO-11.png\",\"width\":841,\"height\":595,\"caption\":\"Quick Learning\"},\"image\":{\"@id\":\"https:\\\/\\\/quicklearning.academy\\\/#\\\/schema\\\/logo\\\/image\\\/\"}}]}<\/script>\n<!-- \/ Yoast SEO plugin. -->","yoast_head_json":{"title":"EXTRA VOLUME 250 ML - Schnell-Lern-Akademie","robots":{"index":"index","follow":"follow","max-snippet":"max-snippet:-1","max-image-preview":"max-image-preview:large","max-video-preview":"max-video-preview:-1"},"canonical":"https:\/\/quicklearning.academy\/de\/produkt\/extra-volume\/","og_locale":"de_DE","og_type":"article","og_title":"EXTRA VOLUME 250 ML - Quick Learning Academy","og_description":"Mousse volumizzante e texturizzante","og_url":"https:\/\/quicklearning.academy\/de\/produkt\/extra-volume\/","og_site_name":"Quick Learning Academy","article_modified_time":"2026-01-29T17:14:37+00:00","og_image":[{"width":800,"height":900,"url":"https:\/\/quicklearning.academy\/wp-content\/uploads\/2022\/01\/705.jpg","type":"image\/jpeg"}],"twitter_card":"summary_large_image","schema":{"@context":"https:\/\/schema.org","@graph":[{"@type":"WebPage","@id":"https:\/\/quicklearning.academy\/prodotto\/extra-volume\/","url":"https:\/\/quicklearning.academy\/prodotto\/extra-volume\/","name":"EXTRA VOLUME 250 ML - Schnell-Lern-Akademie","isPartOf":{"@id":"https:\/\/quicklearning.academy\/#website"},"primaryImageOfPage":{"@id":"https:\/\/quicklearning.academy\/prodotto\/extra-volume\/#primaryimage"},"image":{"@id":"https:\/\/quicklearning.academy\/prodotto\/extra-volume\/#primaryimage"},"thumbnailUrl":"https:\/\/quicklearning.academy\/wp-content\/uploads\/2022\/01\/705.jpg","datePublished":"1969-12-31T23:00:00+00:00","dateModified":"2026-01-29T17:14:37+00:00","breadcrumb":{"@id":"https:\/\/quicklearning.academy\/prodotto\/extra-volume\/#breadcrumb"},"inLanguage":"de","potentialAction":[{"@type":"ReadAction","target":["https:\/\/quicklearning.academy\/prodotto\/extra-volume\/"]}]},{"@type":"ImageObject","inLanguage":"de","@id":"https:\/\/quicklearning.academy\/prodotto\/extra-volume\/#primaryimage","url":"https:\/\/quicklearning.academy\/wp-content\/uploads\/2022\/01\/705.jpg","contentUrl":"https:\/\/quicklearning.academy\/wp-content\/uploads\/2022\/01\/705.jpg","width":800,"height":900},{"@type":"BreadcrumbList","@id":"https:\/\/quicklearning.academy\/prodotto\/extra-volume\/#breadcrumb","itemListElement":[{"@type":"ListItem","position":1,"name":"Home","item":"https:\/\/quicklearning.academy\/home\/"},{"@type":"ListItem","position":2,"name":"Shop","item":"https:\/\/quicklearning.academy\/negozio\/"},{"@type":"ListItem","position":3,"name":"EXTRA VOLUME 250 ML"}]},{"@type":"WebSite","@id":"https:\/\/quicklearning.academy\/#website","url":"https:\/\/quicklearning.academy\/","name":"Akademie f\u00fcr schnelles Lernen","description":"Produkte und Schulungen f\u00fcr Friseure","publisher":{"@id":"https:\/\/quicklearning.academy\/#organization"},"potentialAction":[{"@type":"SearchAction","target":{"@type":"EntryPoint","urlTemplate":"https:\/\/quicklearning.academy\/?s={search_term_string}"},"query-input":{"@type":"PropertyValueSpecification","valueRequired":true,"valueName":"search_term_string"}}],"inLanguage":"de"},{"@type":"Organization","@id":"https:\/\/quicklearning.academy\/#organization","name":"Schnelles Lernen","url":"https:\/\/quicklearning.academy\/","logo":{"@type":"ImageObject","inLanguage":"de","@id":"https:\/\/quicklearning.academy\/#\/schema\/logo\/image\/","url":"https:\/\/quicklearning.academy\/wp-content\/uploads\/2021\/12\/LOGO-11.png","contentUrl":"https:\/\/quicklearning.academy\/wp-content\/uploads\/2021\/12\/LOGO-11.png","width":841,"height":595,"caption":"Quick Learning"},"image":{"@id":"https:\/\/quicklearning.academy\/#\/schema\/logo\/image\/"}}]}},"_links":{"self":[{"href":"https:\/\/quicklearning.academy\/de\/wp-json\/wp\/v2\/product\/1963","targetHints":{"allow":["GET"]}}],"collection":[{"href":"https:\/\/quicklearning.academy\/de\/wp-json\/wp\/v2\/product"}],"about":[{"href":"https:\/\/quicklearning.academy\/de\/wp-json\/wp\/v2\/types\/product"}],"replies":[{"embeddable":true,"href":"https:\/\/quicklearning.academy\/de\/wp-json\/wp\/v2\/comments?post=1963"}],"wp:featuredmedia":[{"embeddable":true,"href":"https:\/\/quicklearning.academy\/de\/wp-json\/wp\/v2\/media\/1806"}],"wp:attachment":[{"href":"https:\/\/quicklearning.academy\/de\/wp-json\/wp\/v2\/media?parent=1963"}],"wp:term":[{"taxonomy":"product_brand","embeddable":true,"href":"https:\/\/quicklearning.academy\/de\/wp-json\/wp\/v2\/product_brand?post=1963"},{"taxonomy":"product_cat","embeddable":true,"href":"https:\/\/quicklearning.academy\/de\/wp-json\/wp\/v2\/product_cat?post=1963"},{"taxonomy":"product_tag","embeddable":true,"href":"https:\/\/quicklearning.academy\/de\/wp-json\/wp\/v2\/product_tag?post=1963"}],"curies":[{"name":"wp","href":"https:\/\/api.w.org\/{rel}","templated":true}]}}