{"id":961,"date":"2021-12-15T11:44:35","date_gmt":"2021-12-15T10:44:35","guid":{"rendered":"https:\/\/quicklearning.academy\/carrello\/"},"modified":"2022-03-19T16:56:10","modified_gmt":"2022-03-19T15:56:10","slug":"carrello","status":"publish","type":"page","link":"https:\/\/quicklearning.academy\/de\/carrello\/","title":{"rendered":"Trolley"},"content":{"rendered":"<section  class='av_textblock_section av-l0pcvoc0-8fb37705929228a9dd91ad3649172858'   itemscope=\"itemscope\" itemtype=\"https:\/\/schema.org\/CreativeWork\" ><div class='avia_textblock'  itemprop=\"text\" ><h1>Trolley<\/h1>\n<h3>Schnelles Kaufformular<\/h3>\n<p><strong>Warenkorb - Registrierung - Bestell\u00fcbersicht - Bezahlung<\/strong><\/p>\n<div class=\"textwidget\">\u00a0<\/div>\n<\/div><\/section>\r\n<div  class='flex_column av-767ht-76c717926bb252bb822db312499fe3f2 av_three_fourth  avia-builder-el-1  el_after_av_textblock  el_before_av_one_fourth  first flex_column_div  column-top-margin'     ><section  class='av_textblock_section av-l0pahnq2-31f287e70b01363d6f853cab967786c4'   itemscope=\"itemscope\" itemtype=\"https:\/\/schema.org\/CreativeWork\" ><div class='avia_textblock'  itemprop=\"text\" ><div id=\"onepagecheckoutps_header\" class=\"col-xs-12 col-12\">\n<div class=\"row\">\n<div id=\"div_onepagecheckoutps_info\" class=\"col-sm-12 col-xs-12 col-12\">\n<h3>Trolley<\/h3>\n<\/div>\n<\/div>\n<\/div>\n\n\n<style type=\"text\/css\" data-created_by=\"avia_inline_auto\" id=\"style-css-av-a5sy9-4ba8392c2f4b2f70e72f23819abbbc05\">\n#top .hr.hr-invisible.av-a5sy9-4ba8392c2f4b2f70e72f23819abbbc05{\nheight:50px;\n}\n<\/style>\n<div  class='hr av-a5sy9-4ba8392c2f4b2f70e72f23819abbbc05 hr-invisible  avia-builder-el-3  el_before_av_hr  avia-builder-el-first'><span class='hr-inner'><span class=\"hr-inner-style\"><\/span><\/span><\/div>\n<h3 style=\"text-align: center;\"><strong>F\u00fcr Unterst\u00fctzung: <a style=\"font-size: 16px;\" href=\"tel:+393313906347\">+39 331 390 6347<\/a><\/strong><\/h3>\n\n<style type=\"text\/css\" data-created_by=\"avia_inline_auto\" id=\"style-css-av-a5sy9-4ba8392c2f4b2f70e72f23819abbbc05\">\n#top .hr.hr-invisible.av-a5sy9-4ba8392c2f4b2f70e72f23819abbbc05{\nheight:50px;\n}\n<\/style>\n<div  class='hr av-a5sy9-4ba8392c2f4b2f70e72f23819abbbc05 hr-invisible  avia-builder-el-4  el_after_av_hr  avia-builder-el-last'><span class='hr-inner'><span class=\"hr-inner-style\"><\/span><\/span><\/div>\n<h3>Anmeldung und Bezahlung<\/h3>\n<p><div class=\"woocommerce\"><\/div>\n<\/div><\/section><\/div>\n<div  class='flex_column av-14juh-a412584d3125c8456b7defd651cf2b48 av_one_fourth  avia-builder-el-5  el_after_av_three_fourth  avia-builder-el-last  flex_column_div  column-top-margin'     ><section  class='av_textblock_section av-l0pchflq-fa04cf12ee828bbc430eea8881dc41ce'   itemscope=\"itemscope\" itemtype=\"https:\/\/schema.org\/CreativeWork\" ><div class='avia_textblock'  itemprop=\"text\" ><p><strong>F\u00fcr Unterst\u00fctzung: <a style=\"font-size: 16px;\" href=\"tel:+393313906347\">+39 331 390 6347<\/a><\/strong><\/p>\n<h2>Anweisungen<\/h2>\n<hr \/>\n<h3>1 - Trolley<\/h3>\n<ul>\n<li>Im Einkaufswagen oben sehen Sie alle Artikel, die Sie eingegeben haben.<\/li>\n<li>Wenn Sie auf den Produktnamen klicken, k\u00f6nnen Sie alle Informationen \u00fcber das Produkt einsehen.<\/li>\n<li>Um die Menge der einzelnen Produkte zu \u00e4ndern, klicken Sie auf die entsprechende Dropdown-Liste oder l\u00f6schen Sie ein oder mehrere Produkte aus dem Warenkorb<\/li>\n<li><strong>Wenn Sie einen Aktionscode haben, geben Sie ihn in das vorgesehene Feld ein und klicken Sie auf die Schaltfl\u00e4che PROMOTIONALCODE ANWENDEN, um den Rabatt auf Ihre Gesamtsumme anzuwenden.<\/strong><\/li>\n<li>Klicken Sie nach jeder \u00c4nderung auf die Schaltfl\u00e4che WARENKORB AKTUALISIEREN, um das Ergebnis der vorgenommenen \u00c4nderungen anzuzeigen.<\/li>\n<li>Um den Einkauf auf der Website fortzusetzen, bevor Sie zur Zahlung \u00fcbergehen, klicken Sie auf\u00a0<strong><a href=\"\/de\/negozio\/\">HIER<\/a><\/strong>.<\/li>\n<\/ul>\n<h3>2 - Anmeldung<\/h3>\n<ul>\n<li><strong>Um mit Ihrer Bestellung fortzufahren, f\u00fcllen Sie bitte das untenstehende Anmeldeformular aus.<\/strong><\/li>\n<li>Wenn Sie sich zum ersten Mal anmelden, erhalten Sie eine Anleitung, wie Sie vorgehen m\u00fcssen.<\/li>\n<li>Die Preise enthalten bereits die Mehrwertsteuer.<\/li>\n<li>Um die Rechnung zu erhalten, geben Sie im Feld <strong>Bestellhinweise<\/strong> die PEC-Adresse oder den SDI-Code f\u00fcr die digitale Rechnungsstellung und, falls erforderlich, das Steuerkennzeichen.<\/li>\n<\/ul>\n<h3>3 - Bezahlung<\/h3>\n<ul>\n<li>Die Versandkosten werden detailliert ausgewiesen.<\/li>\n<li><strong>W\u00e4hlen Sie dann die Zahlungsmethode.<\/strong><\/li>\n<li>Die <strong>\u00dcbertragung<\/strong> Bank oder Postamt ist <strong>kostenlos.<\/strong><\/li>\n<li>Die <strong>Mark<\/strong> unterliegt einer <strong>Aufpreis<\/strong> f\u00fcr die Dienstleistung in H\u00f6he von 1% des Auftragspreises, mindestens jedoch 1,00 Euro.<\/li>\n<li><strong>Paypal<\/strong> unterliegt auch einer <strong>Aufpreis<\/strong>0,35 Euro + 3,4% des Bestellpreises.<\/li>\n<li>Nachdem Sie die Zahlungsart ausgew\u00e4hlt haben, klicken Sie auf die Schaltfl\u00e4che BESTELLUNG AUFGEBEN.<\/li>\n<li>Wenn Sie Paypal w\u00e4hlen, geben Sie stattdessen die bevorzugte Zahlungsart an (Paypal, Kreditkarte usw.), indem Sie darauf klicken und den Anweisungen auf dem Bildschirm folgen.<\/li>\n<\/ul>\n<hr \/>\n<p><strong>F\u00fcr Unterst\u00fctzung: <a style=\"font-size: 16px;\" href=\"tel:+393313906347\">+39 331 390 6347<\/a><\/strong><\/p>\n<p><\/p>\n<\/div><\/section><\/div>","protected":false},"excerpt":{"rendered":"","protected":false},"author":1,"featured_media":0,"parent":0,"menu_order":0,"comment_status":"closed","ping_status":"closed","template":"","meta":{"_joinchat":[],"footnotes":""},"class_list":["post-961","page","type-page","status-publish","hentry"],"yoast_head":"<!-- This site is optimized with the Yoast SEO plugin v27.4 - https:\/\/yoast.com\/product\/yoast-seo-wordpress\/ -->\n<title>Carrello - Quick Learning Academy<\/title>\n<meta name=\"robots\" content=\"index, follow, max-snippet:-1, max-image-preview:large, max-video-preview:-1\" \/>\n<link rel=\"canonical\" href=\"https:\/\/quicklearning.academy\/de\/carrello\/\" \/>\n<meta property=\"og:locale\" content=\"de_DE\" \/>\n<meta property=\"og:type\" content=\"article\" \/>\n<meta property=\"og:title\" content=\"Carrello - Quick Learning Academy\" \/>\n<meta property=\"og:url\" content=\"https:\/\/quicklearning.academy\/de\/carrello\/\" \/>\n<meta property=\"og:site_name\" content=\"Quick Learning Academy\" \/>\n<meta property=\"article:modified_time\" content=\"2022-03-19T15:56:10+00:00\" \/>\n<meta name=\"twitter:card\" content=\"summary_large_image\" \/>\n<meta name=\"twitter:label1\" content=\"Gesch\u00e4tzte Lesezeit\" \/>\n\t<meta name=\"twitter:data1\" content=\"5\u00a0Minuten\" \/>\n<script type=\"application\/ld+json\" class=\"yoast-schema-graph\">{\"@context\":\"https:\\\/\\\/schema.org\",\"@graph\":[{\"@type\":\"WebPage\",\"@id\":\"https:\\\/\\\/quicklearning.academy\\\/carrello\\\/\",\"url\":\"https:\\\/\\\/quicklearning.academy\\\/carrello\\\/\",\"name\":\"Carrello - Quick Learning Academy\",\"isPartOf\":{\"@id\":\"https:\\\/\\\/quicklearning.academy\\\/#website\"},\"datePublished\":\"2021-12-15T10:44:35+00:00\",\"dateModified\":\"2022-03-19T15:56:10+00:00\",\"breadcrumb\":{\"@id\":\"https:\\\/\\\/quicklearning.academy\\\/carrello\\\/#breadcrumb\"},\"inLanguage\":\"de\",\"potentialAction\":[{\"@type\":\"ReadAction\",\"target\":[\"https:\\\/\\\/quicklearning.academy\\\/carrello\\\/\"]}]},{\"@type\":\"BreadcrumbList\",\"@id\":\"https:\\\/\\\/quicklearning.academy\\\/carrello\\\/#breadcrumb\",\"itemListElement\":[{\"@type\":\"ListItem\",\"position\":1,\"name\":\"Home\",\"item\":\"https:\\\/\\\/quicklearning.academy\\\/home\\\/\"},{\"@type\":\"ListItem\",\"position\":2,\"name\":\"Carrello\"}]},{\"@type\":\"WebSite\",\"@id\":\"https:\\\/\\\/quicklearning.academy\\\/#website\",\"url\":\"https:\\\/\\\/quicklearning.academy\\\/\",\"name\":\"Quick Learning Academy\",\"description\":\"Prodotti e Formazione per Parrucchieri\",\"publisher\":{\"@id\":\"https:\\\/\\\/quicklearning.academy\\\/#organization\"},\"potentialAction\":[{\"@type\":\"SearchAction\",\"target\":{\"@type\":\"EntryPoint\",\"urlTemplate\":\"https:\\\/\\\/quicklearning.academy\\\/?s={search_term_string}\"},\"query-input\":{\"@type\":\"PropertyValueSpecification\",\"valueRequired\":true,\"valueName\":\"search_term_string\"}}],\"inLanguage\":\"de\"},{\"@type\":\"Organization\",\"@id\":\"https:\\\/\\\/quicklearning.academy\\\/#organization\",\"name\":\"Quick Learning\",\"url\":\"https:\\\/\\\/quicklearning.academy\\\/\",\"logo\":{\"@type\":\"ImageObject\",\"inLanguage\":\"de\",\"@id\":\"https:\\\/\\\/quicklearning.academy\\\/#\\\/schema\\\/logo\\\/image\\\/\",\"url\":\"https:\\\/\\\/quicklearning.academy\\\/wp-content\\\/uploads\\\/2021\\\/12\\\/LOGO-11.png\",\"contentUrl\":\"https:\\\/\\\/quicklearning.academy\\\/wp-content\\\/uploads\\\/2021\\\/12\\\/LOGO-11.png\",\"width\":841,\"height\":595,\"caption\":\"Quick Learning\"},\"image\":{\"@id\":\"https:\\\/\\\/quicklearning.academy\\\/#\\\/schema\\\/logo\\\/image\\\/\"}}]}<\/script>\n<!-- \/ Yoast SEO plugin. -->","yoast_head_json":{"title":"Einkaufswagen - Quick Learning Academy","robots":{"index":"index","follow":"follow","max-snippet":"max-snippet:-1","max-image-preview":"max-image-preview:large","max-video-preview":"max-video-preview:-1"},"canonical":"https:\/\/quicklearning.academy\/de\/carrello\/","og_locale":"de_DE","og_type":"article","og_title":"Carrello - Quick Learning Academy","og_url":"https:\/\/quicklearning.academy\/de\/carrello\/","og_site_name":"Quick Learning Academy","article_modified_time":"2022-03-19T15:56:10+00:00","twitter_card":"summary_large_image","twitter_misc":{"Gesch\u00e4tzte Lesezeit":"5\u00a0Minuten"},"schema":{"@context":"https:\/\/schema.org","@graph":[{"@type":"WebPage","@id":"https:\/\/quicklearning.academy\/carrello\/","url":"https:\/\/quicklearning.academy\/carrello\/","name":"Einkaufswagen - Quick Learning Academy","isPartOf":{"@id":"https:\/\/quicklearning.academy\/#website"},"datePublished":"2021-12-15T10:44:35+00:00","dateModified":"2022-03-19T15:56:10+00:00","breadcrumb":{"@id":"https:\/\/quicklearning.academy\/carrello\/#breadcrumb"},"inLanguage":"de","potentialAction":[{"@type":"ReadAction","target":["https:\/\/quicklearning.academy\/carrello\/"]}]},{"@type":"BreadcrumbList","@id":"https:\/\/quicklearning.academy\/carrello\/#breadcrumb","itemListElement":[{"@type":"ListItem","position":1,"name":"Home","item":"https:\/\/quicklearning.academy\/home\/"},{"@type":"ListItem","position":2,"name":"Carrello"}]},{"@type":"WebSite","@id":"https:\/\/quicklearning.academy\/#website","url":"https:\/\/quicklearning.academy\/","name":"Akademie f\u00fcr schnelles Lernen","description":"Produkte und Schulungen f\u00fcr Friseure","publisher":{"@id":"https:\/\/quicklearning.academy\/#organization"},"potentialAction":[{"@type":"SearchAction","target":{"@type":"EntryPoint","urlTemplate":"https:\/\/quicklearning.academy\/?s={search_term_string}"},"query-input":{"@type":"PropertyValueSpecification","valueRequired":true,"valueName":"search_term_string"}}],"inLanguage":"de"},{"@type":"Organization","@id":"https:\/\/quicklearning.academy\/#organization","name":"Schnelles Lernen","url":"https:\/\/quicklearning.academy\/","logo":{"@type":"ImageObject","inLanguage":"de","@id":"https:\/\/quicklearning.academy\/#\/schema\/logo\/image\/","url":"https:\/\/quicklearning.academy\/wp-content\/uploads\/2021\/12\/LOGO-11.png","contentUrl":"https:\/\/quicklearning.academy\/wp-content\/uploads\/2021\/12\/LOGO-11.png","width":841,"height":595,"caption":"Quick Learning"},"image":{"@id":"https:\/\/quicklearning.academy\/#\/schema\/logo\/image\/"}}]}},"_links":{"self":[{"href":"https:\/\/quicklearning.academy\/de\/wp-json\/wp\/v2\/pages\/961","targetHints":{"allow":["GET"]}}],"collection":[{"href":"https:\/\/quicklearning.academy\/de\/wp-json\/wp\/v2\/pages"}],"about":[{"href":"https:\/\/quicklearning.academy\/de\/wp-json\/wp\/v2\/types\/page"}],"author":[{"embeddable":true,"href":"https:\/\/quicklearning.academy\/de\/wp-json\/wp\/v2\/users\/1"}],"replies":[{"embeddable":true,"href":"https:\/\/quicklearning.academy\/de\/wp-json\/wp\/v2\/comments?post=961"}],"version-history":[{"count":1,"href":"https:\/\/quicklearning.academy\/de\/wp-json\/wp\/v2\/pages\/961\/revisions"}],"predecessor-version":[{"id":8592,"href":"https:\/\/quicklearning.academy\/de\/wp-json\/wp\/v2\/pages\/961\/revisions\/8592"}],"wp:attachment":[{"href":"https:\/\/quicklearning.academy\/de\/wp-json\/wp\/v2\/media?parent=961"}],"curies":[{"name":"wp","href":"https:\/\/api.w.org\/{rel}","templated":true}]}}